{"id":26,"date":"2014-09-18T12:24:32","date_gmt":"2014-09-18T11:24:32","guid":{"rendered":"http:\/\/agora.xtec.cat\/ceelesaigues\/?page_id=26"},"modified":"2025-03-04T13:19:38","modified_gmt":"2025-03-04T12:19:38","slug":"historia","status":"publish","type":"page","link":"https:\/\/agora.xtec.cat\/ceelesaigues\/lescola\/historia\/","title":{"rendered":"QUI SOM"},"content":{"rendered":"<p>Actualment, i des de l&#8217;1 de setembre de 1990, Les Aig\u00fces \u00e9s escola p\u00fablica d&#8217;Educaci\u00f3 Especial, depenent del Departament d&#8217;Educaci\u00f3 i de Formaci\u00f3 Professional de la Generalitat de Catalunya.<\/p>\n<p>Als seus inicis, l&#8217;any 1968,\u00a0 havia estat una escola privada (escola Sta. Bernardeta) depenent del Patronat Pro-Persones amb Disminuci\u00f3 Ps\u00edquica del Maresme. L&#8217;escola Sta. Bernardeta va passar a la xarxa p\u00fablica durant el curs 1990\/91 amb el nom de CPEE Les Aig\u00fces.<\/p>\n<p>L&#8217;escola acull alumnes de 3 a 20 anys amb discapacitat intel\u00b7lectual i trastorns sensorials, motors, de personalitat\u00a0 o de conducta associats. L&#8217;alumnat del centre pot estar escolaritzat a jornada completa o en modalitat de compartida (part en el CEE i part en el centre ordinari). La derivaci\u00f3 a l&#8217;escola es fa mitjan\u00e7ant informe NESE de l&#8217;EAP.<\/p>\n<p>Per a un millor abordatge pedag\u00f2gic, aquest alumnat es distribueix en quatre etapes en funci\u00f3 de l\u2019edat:<\/p>\n<ul>\n<li>Etapa d&#8217;Infantil (3 a 8 anys)<\/li>\n<li>Etapa de Prim\u00e0ria (8 a 12 anys)<\/li>\n<li>Etapa de Secund\u00e0ria (12 a 16 anys)<\/li>\n<li>Etapa de Postobligat\u00f2ria de (16 a 20 anys).<\/li>\n<\/ul>\n<p>Tot l\u2019alumnat necessita suports, en major o menor grau per al desenvolupament de les habilitats b\u00e0siques\u00a0 per al seu dia a dia (comunicaci\u00f3, cura personal, habilitats socials, habilitats per donar significaci\u00f3 a l\u2019oci i al temps lliure, habilitats que els permetin tenir cura de la seva salut i seguretat, habilitats acad\u00e8miques i funcionals, habilitats de preparaci\u00f3 per a la seva vida laboral i habilitats que els permetin una participaci\u00f3 activa a vida de la llar i a la seva comunitat.)<\/p>\n<p>El curs 21-22 el CEE Les Aig\u00fces es reconeguda com a centre CEEPSIR Centre d&#8217;Educaci\u00f3 Especial Prove\u00efdor de Serveis i Recursos per als docents d&#8217;escoles i centres d&#8217;educaci\u00f3 secund\u00e0ria, amb la finalitat d&#8217;orientar i concretar les actuacions m\u00e9s ajustades a les necessitats educatives de l&#8217;alumnat i desenvolupar programes espec\u00edfics de suport a l&#8217;escolaritzaci\u00f3 dels alumnes, sempre en coordinaci\u00f3 amb els equips directius dels centres i els serveis educatius.<\/p>\n<p><strong>EQUIP DE PROFESSIONALS:<\/strong><\/p>\n<p>La plantilla de l&#8217;escola est\u00e0 formada per:<\/p>\n<ul>\n<li>Mestres especialistes en educaci\u00f3 especial.<\/li>\n<li>Mestra especialista d&#8217;educaci\u00f3 art\u00edstica:\u00a0 m\u00fasica.<\/li>\n<li>Mestra especialista d&#8217;educaci\u00f3 art\u00edstica:\u00a0 pl\u00e0stica<\/li>\n<li>Mestra especialista de psicomotricitat.<\/li>\n<li>Mestra especialista d&#8217;educaci\u00f3 f\u00edsica.<\/li>\n<li>Logopedes<\/li>\n<li>Personal d&#8217;atenci\u00f3 educativa PAE (educadores)<\/li>\n<\/ul>\n<p>Personal d&#8217;administraci\u00f3 i serveis:<\/p>\n<ul>\n<li>Una administrativa a jornada sencera, un conserge, personal de cuina i personal de neteja.<\/li>\n<li>Equip de monitors que ofereixen activitats al migdia.<\/li>\n<\/ul>\n<p>El Centre t\u00e9 una <a href=\"https:\/\/agora.xtec.cat\/ceelesaigues\/categoria\/afa\/\">Associaci\u00f3 de fam\u00edlies (AFA)\u00a0<\/a> que vetllen pel bon funcionament del Centre.<\/p>\n<p>Professionals externs al Centre:<\/p>\n<ul>\n<li>Equip d&#8217;Assessorament Psicopedag\u00f2gic (EAP): 1 psicopedagoga , 1 treballadora social, 2 fisioterapeutes.<\/li>\n<li>Infermera del Programa PASCE-C (2 dies a la setmana)<\/li>\n<li>Centre de Recursos Educatius per a Discapacitats Visuals (CREDV)<\/li>\n<li>Centre de Recursos Pedag\u00f2gics (CRP)<\/li>\n<\/ul>\n<p>Si en voleu saber m\u00e9s, podeu veure la seg\u00fcent <strong>presentaci\u00f3<\/strong><\/p>\n<p style=\"text-align: center;\"><strong>\u00a0<\/strong><iframe loading=\"lazy\" src=\"https:\/\/drive.google.com\/file\/d\/1KWcJ4c5TnMQx6Vm1pMnWYMmknQQ-Kt-V\/preview\" width=\"640\" height=\"480\"><\/iframe><\/p>\n","protected":false},"excerpt":{"rendered":"<p>Actualment, i des de l&#8217;1 de setembre de 1990, Les Aig\u00fces \u00e9s escola p\u00fablica d&#8217;Educaci\u00f3 Especial, depenent del Departament d&#8217;Educaci\u00f3 i de Formaci\u00f3 Professional de la Generalitat de Catalunya. Als seus inicis, l&#8217;any 1968,\u00a0 havia estat una escola privada (escola Sta. Bernardeta) depenent del Patronat Pro-Persones amb Disminuci\u00f3 Ps\u00edquica del Maresme. L&#8217;escola Sta. Bernardeta va [&hellip;]<\/p>\n","protected":false},"author":1,"featured_media":0,"parent":22,"menu_order":2,"comment_status":"closed","ping_status":"closed","template":"page-templates\/side-menu.php","meta":{"_bbp_topic_count":0,"_bbp_reply_count":0,"_bbp_total_topic_count":0,"_bbp_total_reply_count":0,"_bbp_voice_count":0,"_bbp_anonymous_reply_count":0,"_bbp_topic_count_hidden":0,"_bbp_reply_count_hidden":0,"_bbp_forum_subforum_count":0,"site-sidebar-layout":"default","site-content-layout":"","ast-site-content-layout":"","site-content-style":"default","site-sidebar-style":"default","ast-global-header-display":"","ast-banner-title-visibility":"","ast-main-header-display":"","ast-hfb-above-header-display":"","ast-hfb-below-header-display":"","ast-hfb-mobile-header-display":"","site-post-title":"","ast-breadcrumbs-content":"","ast-featured-img":"","footer-sml-layout":"","theme-transparent-header-meta":"","adv-header-id-meta":"","stick-header-meta":"","header-above-stick-meta":"","header-main-stick-meta":"","header-below-stick-meta":"","astra-migrate-meta-layouts":"default","ast-page-background-enabled":"default","ast-page-background-meta":{"desktop":{"background-color":"var(--ast-global-color-4)","background-image":"","background-repeat":"repeat","background-position":"center center","background-size":"auto","background-attachment":"scroll","background-type":"","background-media":"","overlay-type":"","overlay-color":"","overlay-opacity":"","overlay-gradient":""},"tablet":{"background-color":"","background-image":"","background-repeat":"repeat","background-position":"center center","background-size":"auto","background-attachment":"scroll","background-type":"","background-media":"","overlay-type":"","overlay-color":"","overlay-opacity":"","overlay-gradient":""},"mobile":{"background-color":"","background-image":"","background-repeat":"repeat","background-position":"center center","background-size":"auto","background-attachment":"scroll","background-type":"","background-media":"","overlay-type":"","overlay-color":"","overlay-opacity":"","overlay-gradient":""}},"ast-content-background-meta":{"desktop":{"background-color":"var(--ast-global-color-5)","background-image":"","background-repeat":"repeat","background-position":"center center","background-size":"auto","background-attachment":"scroll","background-type":"","background-media":"","overlay-type":"","overlay-color":"","overlay-opacity":"","overlay-gradient":""},"tablet":{"background-color":"var(--ast-global-color-5)","background-image":"","background-repeat":"repeat","background-position":"center center","background-size":"auto","background-attachment":"scroll","background-type":"","background-media":"","overlay-type":"","overlay-color":"","overlay-opacity":"","overlay-gradient":""},"mobile":{"background-color":"var(--ast-global-color-5)","background-image":"","background-repeat":"repeat","background-position":"center center","background-size":"auto","background-attachment":"scroll","background-type":"","background-media":"","overlay-type":"","overlay-color":"","overlay-opacity":"","overlay-gradient":""}},"footnotes":""},"class_list":["post-26","page","type-page","status-publish","hentry"],"post_mailing_queue_ids":[],"_links":{"self":[{"href":"https:\/\/agora.xtec.cat\/ceelesaigues\/wp-json\/wp\/v2\/pages\/26","targetHints":{"allow":["GET"]}}],"collection":[{"href":"https:\/\/agora.xtec.cat\/ceelesaigues\/wp-json\/wp\/v2\/pages"}],"about":[{"href":"https:\/\/agora.xtec.cat\/ceelesaigues\/wp-json\/wp\/v2\/types\/page"}],"author":[{"embeddable":true,"href":"https:\/\/agora.xtec.cat\/ceelesaigues\/wp-json\/wp\/v2\/users\/1"}],"replies":[{"embeddable":true,"href":"https:\/\/agora.xtec.cat\/ceelesaigues\/wp-json\/wp\/v2\/comments?post=26"}],"version-history":[{"count":7,"href":"https:\/\/agora.xtec.cat\/ceelesaigues\/wp-json\/wp\/v2\/pages\/26\/revisions"}],"predecessor-version":[{"id":8827,"href":"https:\/\/agora.xtec.cat\/ceelesaigues\/wp-json\/wp\/v2\/pages\/26\/revisions\/8827"}],"up":[{"embeddable":true,"href":"https:\/\/agora.xtec.cat\/ceelesaigues\/wp-json\/wp\/v2\/pages\/22"}],"wp:attachment":[{"href":"https:\/\/agora.xtec.cat\/ceelesaigues\/wp-json\/wp\/v2\/media?parent=26"}],"curies":[{"name":"wp","href":"https:\/\/api.w.org\/{rel}","templated":true}]}}