{"id":1791,"date":"2020-02-28T16:43:24","date_gmt":"2020-02-28T15:43:24","guid":{"rendered":"https:\/\/agora.xtec.cat\/ceelesaigues\/?page_id=1791"},"modified":"2023-10-11T08:00:53","modified_gmt":"2023-10-11T06:00:53","slug":"musica","status":"publish","type":"page","link":"https:\/\/agora.xtec.cat\/ceelesaigues\/musica\/","title":{"rendered":"m\u00fasica"},"content":{"rendered":"<h3 class=\"entry-title\">L\u2019EQUIP DE M\u00daSICA<\/h3>\n<p><img loading=\"lazy\" decoding=\"async\" class=\"aligncenter size-full wp-image-7282\" src=\"https:\/\/agora.xtec.cat\/ceelesaigues\/wp-content\/uploads\/usu1225\/2023\/10\/musica.jpg\" alt=\"\" width=\"640\" height=\"480\" srcset=\"https:\/\/agora.xtec.cat\/ceelesaigues\/wp-content\/uploads\/usu1225\/2023\/10\/musica.jpg 640w, https:\/\/agora.xtec.cat\/ceelesaigues\/wp-content\/uploads\/usu1225\/2023\/10\/musica-300x225.jpg 300w, https:\/\/agora.xtec.cat\/ceelesaigues\/wp-content\/uploads\/usu1225\/2023\/10\/musica-200x150.jpg 200w\" sizes=\"auto, (max-width: 640px) 100vw, 640px\" \/><\/p>\n<p style=\"text-align: center;\"><em>D&#8217;esquerra a dreta: Eva Pecharroman i Maria Anguera<\/em><\/p>\n<p>&nbsp;<\/p>\n<p>La m\u00fasica\u00a0<strong>contribueix al desenvolupament emocional, intel\u00b7lectual, social i f\u00edsic de l\u2019individu<\/strong>, i per tant, al seu desenvolupament integral. El llenguatge musical inclou la resta de llenguatges: oral, matem\u00e0tic, signes\u2026\u00e9s per aix\u00f2 que l\u2019\u00e0rea en s\u00ed esdev\u00e9 un bon mitj\u00e0 per a treballar de manera global. La m\u00fasica els fa ser m\u00e9s sensibles, afectius i creatius, donant pas aix\u00ed a una desperta dels interessos i inquietuds. Crea emocions i un desig d\u2019acostament i comprensi\u00f3 cap als altres i refor\u00e7a la seva autoconfian\u00e7a. \u00c9s un magn\u00edfic mitj\u00e0 per integrar a la diversitat de l\u2019alumnat.<\/p>\n<p>&nbsp;<\/p>\n<p><strong>La m\u00fasica \u00e9s emoci\u00f3,<\/strong>\u00a0el moviment i impuls de l\u2019\u00e9sser hum\u00e0. Les emocions ens posicionen en el nostre entorn i s\u00f3n els pilars b\u00e0sics sobre els quals forgem la nostra personalitat.\u00a0<a href=\"http:\/\/faroshsjd.net\/item.php?idpare=&amp;id=2660&amp;lang=2#.UaimUtLFFzo\">Les emocions\u00a0<\/a>i la m\u00fasica comparteixen la mateixa regi\u00f3 del cervell.\u00a0<strong>La m\u00fasica indueix tot tipus d\u2019estats emocionals i sempre s\u2019ha utilitzat, juntament amb altres est\u00edmuls per crear un estat an\u00edmic que ajudi a aconseguir un fi.<\/strong><\/p>\n<p>A l\u2019aula de m\u00fasica cantem, dansem, toquem,\u2026per\u00f2 sobretot\u00a0<strong>GAUDIM!!<\/strong><\/p>\n<p>Preparem les festes de l\u2019escola on la m\u00fasica pren un paper molt important:<\/p>\n<ul>\n<li>La Castanyada<\/li>\n<li>Santa Cec\u00edlia<\/li>\n<li>Nadal<\/li>\n<li>Festa de pares<\/li>\n<\/ul>\n<p>Participem a projectes com la \u201cCant\u00e0nia\u201d i \u201cTot un art\u201d, afavorint la integraci\u00f3 i l\u2019<a href=\"http:\/\/blocs.xtec.cat\/ceelesaiguesespecialistes\/files\/2011\/11\/mujeres-masonas-017221.jpg\"><img loading=\"lazy\" decoding=\"async\" class=\"wp-image-284 alignright\" src=\"http:\/\/blocs.xtec.cat\/ceelesaiguesespecialistes\/files\/2011\/11\/mujeres-masonas-017221-600x217.jpg\" sizes=\"auto, (max-width: 209px) 100vw, 209px\" srcset=\"https:\/\/blocs.xtec.cat\/ceelesaiguesespecialistes\/files\/2011\/11\/mujeres-masonas-017221-600x217.jpg 600w, https:\/\/blocs.xtec.cat\/ceelesaiguesespecialistes\/files\/2011\/11\/mujeres-masonas-017221.jpg 720w\" alt=\"mujeres-masonas-01722\" width=\"209\" height=\"76\" \/><\/a>aprenentatge interdisciplinar de diverses \u00e0rees.<\/p>\n<p>La m\u00fasica ens ajuda a comunicar-nos, expressar-nos, ens fa sentir i ser!!<\/p>\n<p><strong>Com diria Nietzche \u201c sense m\u00fasica, la vida seria un error\u201d.<\/strong><\/p>\n","protected":false},"excerpt":{"rendered":"<p>L\u2019EQUIP DE M\u00daSICA D&#8217;esquerra a dreta: Eva Pecharroman i Maria Anguera &nbsp; La m\u00fasica\u00a0contribueix al desenvolupament emocional, intel\u00b7lectual, social i f\u00edsic de l\u2019individu, i per tant, al seu desenvolupament integral. El llenguatge musical inclou la resta de llenguatges: oral, matem\u00e0tic, signes\u2026\u00e9s per aix\u00f2 que l\u2019\u00e0rea en s\u00ed esdev\u00e9 un bon mitj\u00e0 per a treballar de [&hellip;]<\/p>\n","protected":false},"author":1,"featured_media":0,"parent":0,"menu_order":0,"comment_status":"closed","ping_status":"closed","template":"","meta":{"_bbp_topic_count":0,"_bbp_reply_count":0,"_bbp_total_topic_count":0,"_bbp_total_reply_count":0,"_bbp_voice_count":0,"_bbp_anonymous_reply_count":0,"_bbp_topic_count_hidden":0,"_bbp_reply_count_hidden":0,"_bbp_forum_subforum_count":0,"site-sidebar-layout":"default","site-content-layout":"","ast-site-content-layout":"","site-content-style":"default","site-sidebar-style":"default","ast-global-header-display":"","ast-banner-title-visibility":"","ast-main-header-display":"","ast-hfb-above-header-display":"","ast-hfb-below-header-display":"","ast-hfb-mobile-header-display":"","site-post-title":"","ast-breadcrumbs-content":"","ast-featured-img":"","footer-sml-layout":"","theme-transparent-header-meta":"","adv-header-id-meta":"","stick-header-meta":"","header-above-stick-meta":"","header-main-stick-meta":"","header-below-stick-meta":"","astra-migrate-meta-layouts":"default","ast-page-background-enabled":"default","ast-page-background-meta":{"desktop":{"background-color":"var(--ast-global-color-4)","background-image":"","background-repeat":"repeat","background-position":"center center","background-size":"auto","background-attachment":"scroll","background-type":"","background-media":"","overlay-type":"","overlay-color":"","overlay-opacity":"","overlay-gradient":""},"tablet":{"background-color":"","background-image":"","background-repeat":"repeat","background-position":"center center","background-size":"auto","background-attachment":"scroll","background-type":"","background-media":"","overlay-type":"","overlay-color":"","overlay-opacity":"","overlay-gradient":""},"mobile":{"background-color":"","background-image":"","background-repeat":"repeat","background-position":"center center","background-size":"auto","background-attachment":"scroll","background-type":"","background-media":"","overlay-type":"","overlay-color":"","overlay-opacity":"","overlay-gradient":""}},"ast-content-background-meta":{"desktop":{"background-color":"var(--ast-global-color-5)","background-image":"","background-repeat":"repeat","background-position":"center center","background-size":"auto","background-attachment":"scroll","background-type":"","background-media":"","overlay-type":"","overlay-color":"","overlay-opacity":"","overlay-gradient":""},"tablet":{"background-color":"var(--ast-global-color-5)","background-image":"","background-repeat":"repeat","background-position":"center center","background-size":"auto","background-attachment":"scroll","background-type":"","background-media":"","overlay-type":"","overlay-color":"","overlay-opacity":"","overlay-gradient":""},"mobile":{"background-color":"var(--ast-global-color-5)","background-image":"","background-repeat":"repeat","background-position":"center center","background-size":"auto","background-attachment":"scroll","background-type":"","background-media":"","overlay-type":"","overlay-color":"","overlay-opacity":"","overlay-gradient":""}},"footnotes":""},"class_list":["post-1791","page","type-page","status-publish","hentry"],"post_mailing_queue_ids":[],"_links":{"self":[{"href":"https:\/\/agora.xtec.cat\/ceelesaigues\/wp-json\/wp\/v2\/pages\/1791","targetHints":{"allow":["GET"]}}],"collection":[{"href":"https:\/\/agora.xtec.cat\/ceelesaigues\/wp-json\/wp\/v2\/pages"}],"about":[{"href":"https:\/\/agora.xtec.cat\/ceelesaigues\/wp-json\/wp\/v2\/types\/page"}],"author":[{"embeddable":true,"href":"https:\/\/agora.xtec.cat\/ceelesaigues\/wp-json\/wp\/v2\/users\/1"}],"replies":[{"embeddable":true,"href":"https:\/\/agora.xtec.cat\/ceelesaigues\/wp-json\/wp\/v2\/comments?post=1791"}],"version-history":[{"count":2,"href":"https:\/\/agora.xtec.cat\/ceelesaigues\/wp-json\/wp\/v2\/pages\/1791\/revisions"}],"predecessor-version":[{"id":7283,"href":"https:\/\/agora.xtec.cat\/ceelesaigues\/wp-json\/wp\/v2\/pages\/1791\/revisions\/7283"}],"wp:attachment":[{"href":"https:\/\/agora.xtec.cat\/ceelesaigues\/wp-json\/wp\/v2\/media?parent=1791"}],"curies":[{"name":"wp","href":"https:\/\/api.w.org\/{rel}","templated":true}]}}