{"id":1012,"date":"2019-11-15T15:28:50","date_gmt":"2019-11-15T14:28:50","guid":{"rendered":"https:\/\/agora.xtec.cat\/ceelesaigues\/?page_id=1012"},"modified":"2025-07-15T14:45:46","modified_gmt":"2025-07-15T12:45:46","slug":"documentacio-del-centre","status":"publish","type":"page","link":"https:\/\/agora.xtec.cat\/ceelesaigues\/lescola\/documentacio-del-centre\/","title":{"rendered":"DOCUMENTACI\u00d3 GENERAL DE CENTRE"},"content":{"rendered":"<table style=\"width: 829px; height: 541px;\">\n<tbody>\n<tr style=\"height: 58px;\">\n<td style=\"width: 823px; height: 58px; background-color: #c4c0c0; text-align: center;\" colspan=\"2\">\n<h4><span style=\"color: #000000;\"><strong>DOCUMENTS DE GESTI\u00d3 DEL CENTRE<\/strong><\/span><\/h4>\n<\/td>\n<\/tr>\n<tr style=\"height: 55px;\">\n<td style=\"width: 330px; height: 55px; text-align: left;\">\n<ul>\n<li><a href=\"https:\/\/drive.google.com\/file\/d\/10SfFrraskrvvKN6y85Vugb_WtOpyErqU\/view\"><span style=\"color: #3366ff;\">Projecte Educatiu de Centre (PEC)<\/span><\/a><span style=\"color: #000000;\"><br \/>\n<\/span><\/li>\n<\/ul>\n<\/td>\n<td style=\"width: 491px; height: 55px; text-align: justify;\">El projecte educatiu de centre (PEC) \u00e9s un document que inclou els trets d\u2019identitat del centre, els principis pedag\u00f2gics, els principis organitzatius i el projecte ling\u00fc\u00edstic.En aquest document s\u2019especifiquen els valors, els objectius i les prioritats d\u2019actuaci\u00f3 del centre, la concreci\u00f3 dels curr\u00edculums que s\u2019imparteixen i el tractament transversal en les \u00e0rees, mat\u00e8ries o m\u00f2duls de l\u2019educaci\u00f3 en valors i altres ensenyaments.<\/td>\n<\/tr>\n<tr style=\"height: 55px;\">\n<td style=\"width: 330px; height: 55px;\">\n<ul>\n<li><span style=\"color: #3366ff;\"><a style=\"color: #3366ff;\" href=\"https:\/\/drive.google.com\/file\/d\/1zWA4honPZC48uQPeRu1JQPGrzhgqixml\/view?usp=sharing\">Pla Estrat\u00e8gia Digital<\/a><\/span><\/li>\n<\/ul>\n<\/td>\n<td style=\"width: 491px; height: 55px; text-align: justify;\">El Pla TAC \u00e9s un instrument que t\u00e9 per objectiu formalitzar la governan\u00e7a de la tecnologia en el marc de l\u2019autonomia de centre i del Projecte Educatiu. En el Pla TAC es recullen les caracter\u00edstiques actuals del centre amb relaci\u00f3 a les TAC, es defineixen els objectius i es planifiquen les actuacions que es duran a terme pel que fa als aspectes organitzatius, didacticopedag\u00f2gics i curriculars.<\/td>\n<\/tr>\n<tr style=\"height: 55px;\">\n<td style=\"width: 330px; height: 55px;\">\n<ul>\n<li><span style=\"color: #000000;\"><a href=\"https:\/\/drive.google.com\/file\/d\/1MzNodCVLiQopKckAFhw8DdEjz2-Cbyvb\/view\"><span style=\"color: #3366ff;\">Normes d\u2019Organitzaci\u00f3 i Funcionament de Centre (NOFC)<\/span><\/a><\/span><\/li>\n<\/ul>\n<\/td>\n<td style=\"width: 491px; height: 55px; text-align: justify;\">Les Normes d\u2019Organitzaci\u00f3 i Funcionament de Centre (NOFC) s\u00f3n un conjunt d\u2019acords i decisions d\u2019organitzaci\u00f3 i funcionament que s\u2019hi adoptin per fer possible, en el dia a dia, el treball educatiu i de gesti\u00f3 que permeti assolir els objectius proposats en el PEC i en\u00a0 la Programaci\u00f3 General Anual (document que concreta, a partir del Projecte Educatiu de Centre, les actuacions concretes per a cada curs).Les NOFC \u00e9s un document viu. En aquest web s\u2019hi publica l\u2019\u00faltima versi\u00f3.\u00a0Una vegada descarregada, el document pot quedar obsolet si s\u2019hi produeixen actualitzacions.<\/td>\n<\/tr>\n<tr style=\"height: 77px;\">\n<td style=\"width: 330px; height: 77px;\">\n<ul>\n<li><a href=\"https:\/\/drive.google.com\/file\/d\/1EmhbiUbvhTRUWOzMOrK1HYj6Nza5wltP\/view\"><span style=\"color: #000000;\"><span style=\"color: #3366ff;\">P<\/span><\/span><span style=\"color: #3366ff;\">rojecte Ling\u00fc\u00edstic de Centre (PLC) <\/span><\/a><\/li>\n<\/ul>\n<\/td>\n<td style=\"width: 491px; text-align: justify; height: 77px;\">El projecte ling\u00fc\u00edstic \u00e9s un document que tots els centres eductius han d&#8217;elaobrar com a part del seu projecte educatius. Ha de recollir les decisions preses en el centre en relaci\u00f3 a l\u2019ensenyament i l\u2019aprenentatge de les lleng\u00fces amb l&#8217;objectiu donar coher\u00e8ncia a la manera d\u2019adquirir-les.<\/td>\n<\/tr>\n<tr>\n<td style=\"width: 330px;\">\n<ul>\n<li><span style=\"color: #000000;\"><span style=\"color: #3366ff;\"><a href=\"https:\/\/drive.google.com\/file\/d\/1PbtRApPVMx-K-9UQHf3kaeHXiE_9u-Yf\/view\">Pla lector<\/a><\/span><\/span><\/li>\n<\/ul>\n<\/td>\n<td style=\"width: 491px; text-align: justify;\">Aquest pla pret\u00e9n marcar les l\u00ednies d\u2019actuaci\u00f3 entorn de la compet\u00e8ncia lectora. S\u2019ha agafat com a base el Projecte ling\u00fc\u00edstic del centre i les<br \/>\ndiferents indicacions del Departament per a l\u2019elaboraci\u00f3 d\u2019aquest document.<\/td>\n<\/tr>\n<tr style=\"height: 241px;\">\n<td style=\"width: 330px; height: 241px;\">\n<ul>\n<li><span style=\"color: #000000;\"><a href=\"https:\/\/drive.google.com\/file\/d\/1LdUiNThwaI2E_va6kPCbcCn7GW3DetTU\/view\">Proje<strong>c<\/strong>te de conviv\u00e8ncia<\/a><br \/>\n<\/span><\/li>\n<\/ul>\n<\/td>\n<td style=\"width: 491px; text-align: justify; height: 241px;\">El Projecte de conviv\u00e8ncia reflecteix les accions que el centre educatiu desenvolupi per capacitar tots els alumnes i la resta de la comunitat escolar per a la conviv\u00e8ncia i la gesti\u00f3 positiva dels conflictes.<\/p>\n<p>Tot seguit es presenten dos documents que formen part del Projecte de Conviv\u00e8ncia:<\/p>\n<p>&#8211;<span style=\"color: #3366ff;\"><a style=\"color: #3366ff;\" href=\"https:\/\/drive.google.com\/file\/d\/1p2lRYLAyAdas9M8_725t6BkXJxzLc3Yr\/view?usp=sharing\"> Clima social<\/a><\/span><\/p>\n<p><span style=\"color: #3366ff;\">&#8211; <a style=\"color: #3366ff;\" href=\"https:\/\/drive.google.com\/file\/d\/1ZYvY33S5PJedmc1imrlLWvOWIA5hG9r7\/view?usp=sharing\">Pla d&#8217;acollida de Centre<\/a><\/span><\/td>\n<\/tr>\n<tr>\n<td style=\"width: 330px;\"><span style=\"color: #000000;\">. <a href=\"https:\/\/drive.google.com\/file\/d\/1Ik4406lQ8ZyTb3Ve0z4iUUtIMttaGMsI\/view\">Pla de comunicaci\u00f3 digital<\/a><\/span><\/td>\n<td style=\"width: 491px; text-align: justify;\">Pla de comunicaci\u00f3 de l&#8217;escola on es recull l&#8217;organitzaci\u00f3 i les comunicacions entre els membres de la comunitat amb l&#8217;objectiu de generar una comunicaci\u00f3 el m\u00e9s eficient i efica\u00e7 possible.<\/td>\n<\/tr>\n<\/tbody>\n<\/table>\n<table style=\"width: 831px; height: 134px;\">\n<tbody>\n<tr style=\"height: 46px;\">\n<td style=\"background-color: #c4c0c0; width: 825.333px; height: 46px;\" colspan=\"2\">\n<h4 style=\"text-align: center;\"><strong><span style=\"color: #000000;\">ALTRES DOCUMENTS\u00a0<\/span><\/strong><\/h4>\n<\/td>\n<\/tr>\n<tr style=\"height: 56px;\">\n<td style=\"width: 332px; height: 56px;\">\n<ul>\n<li><a href=\"https:\/\/drive.google.com\/file\/d\/1D1ZeGSrhHJ73-j1z2Ywvj3laY79j5vnl\/view\"><span style=\"color: #3366ff;\">Carta de comprom\u00eds general<\/span><\/a><\/li>\n<\/ul>\n<\/td>\n<td style=\"width: 491.333px; text-align: justify; height: 88px;\" rowspan=\"2\">La\u00a0<b>Carta de comprom\u00eds educatiu<\/b> \u00e9s un document educatiu que expressa els objectius necessaris per assolir un entorn de conviv\u00e8ncia i respecte pel desenvolupament de les activitats educatives i els compromisos que cada fam\u00edlia i el centre educatiu s&#8217;avenen a adquirir en relaci\u00f3 amb els principis que la inspiren -segons queda definida en l&#8217;article 20 de la Llei d&#8217;educaci\u00f3 de Catalunya- en el marc del projecte educatiu del centre.<sup id=\"cite_ref-2\" class=\"reference\"><a href=\"https:\/\/ca.wikipedia.org\/wiki\/Carta_de_comprom%C3%ADs_educatiu#cite_note-2\">[2<\/a><\/sup><\/td>\n<\/tr>\n<tr style=\"height: 32px;\">\n<td style=\"width: 332px; height: 32px;\">\n<ul>\n<li><a href=\"https:\/\/drive.google.com\/file\/d\/1cqulP4z4DrLaVOd2Samtz5aILrZitzau\/view\"><span style=\"color: #3366ff;\">Carta de comprom\u00eds postobligat\u00f2ria<\/span><\/a><\/li>\n<\/ul>\n<\/td>\n<\/tr>\n<\/tbody>\n<\/table>\n","protected":false},"excerpt":{"rendered":"<p>DOCUMENTS DE GESTI\u00d3 DEL CENTRE Projecte Educatiu de Centre (PEC) El projecte educatiu de centre (PEC) \u00e9s un document que inclou els trets d\u2019identitat del centre, els principis pedag\u00f2gics, els principis organitzatius i el projecte ling\u00fc\u00edstic.En aquest document s\u2019especifiquen els valors, els objectius i les prioritats d\u2019actuaci\u00f3 del centre, la concreci\u00f3 dels curr\u00edculums que s\u2019imparteixen [&hellip;]<\/p>\n","protected":false},"author":1,"featured_media":0,"parent":22,"menu_order":5,"comment_status":"closed","ping_status":"closed","template":"page-templates\/side-menu.php","meta":{"_bbp_topic_count":0,"_bbp_reply_count":0,"_bbp_total_topic_count":0,"_bbp_total_reply_count":0,"_bbp_voice_count":0,"_bbp_anonymous_reply_count":0,"_bbp_topic_count_hidden":0,"_bbp_reply_count_hidden":0,"_bbp_forum_subforum_count":0,"site-sidebar-layout":"default","site-content-layout":"","ast-site-content-layout":"","site-content-style":"default","site-sidebar-style":"default","ast-global-header-display":"","ast-banner-title-visibility":"","ast-main-header-display":"","ast-hfb-above-header-display":"","ast-hfb-below-header-display":"","ast-hfb-mobile-header-display":"","site-post-title":"","ast-breadcrumbs-content":"","ast-featured-img":"","footer-sml-layout":"","theme-transparent-header-meta":"","adv-header-id-meta":"","stick-header-meta":"","header-above-stick-meta":"","header-main-stick-meta":"","header-below-stick-meta":"","astra-migrate-meta-layouts":"default","ast-page-background-enabled":"default","ast-page-background-meta":{"desktop":{"background-color":"var(--ast-global-color-4)","background-image":"","background-repeat":"repeat","background-position":"center center","background-size":"auto","background-attachment":"scroll","background-type":"","background-media":"","overlay-type":"","overlay-color":"","overlay-opacity":"","overlay-gradient":""},"tablet":{"background-color":"","background-image":"","background-repeat":"repeat","background-position":"center center","background-size":"auto","background-attachment":"scroll","background-type":"","background-media":"","overlay-type":"","overlay-color":"","overlay-opacity":"","overlay-gradient":""},"mobile":{"background-color":"","background-image":"","background-repeat":"repeat","background-position":"center center","background-size":"auto","background-attachment":"scroll","background-type":"","background-media":"","overlay-type":"","overlay-color":"","overlay-opacity":"","overlay-gradient":""}},"ast-content-background-meta":{"desktop":{"background-color":"var(--ast-global-color-5)","background-image":"","background-repeat":"repeat","background-position":"center center","background-size":"auto","background-attachment":"scroll","background-type":"","background-media":"","overlay-type":"","overlay-color":"","overlay-opacity":"","overlay-gradient":""},"tablet":{"background-color":"var(--ast-global-color-5)","background-image":"","background-repeat":"repeat","background-position":"center center","background-size":"auto","background-attachment":"scroll","background-type":"","background-media":"","overlay-type":"","overlay-color":"","overlay-opacity":"","overlay-gradient":""},"mobile":{"background-color":"var(--ast-global-color-5)","background-image":"","background-repeat":"repeat","background-position":"center center","background-size":"auto","background-attachment":"scroll","background-type":"","background-media":"","overlay-type":"","overlay-color":"","overlay-opacity":"","overlay-gradient":""}},"footnotes":""},"class_list":["post-1012","page","type-page","status-publish","hentry"],"post_mailing_queue_ids":[],"_links":{"self":[{"href":"https:\/\/agora.xtec.cat\/ceelesaigues\/wp-json\/wp\/v2\/pages\/1012","targetHints":{"allow":["GET"]}}],"collection":[{"href":"https:\/\/agora.xtec.cat\/ceelesaigues\/wp-json\/wp\/v2\/pages"}],"about":[{"href":"https:\/\/agora.xtec.cat\/ceelesaigues\/wp-json\/wp\/v2\/types\/page"}],"author":[{"embeddable":true,"href":"https:\/\/agora.xtec.cat\/ceelesaigues\/wp-json\/wp\/v2\/users\/1"}],"replies":[{"embeddable":true,"href":"https:\/\/agora.xtec.cat\/ceelesaigues\/wp-json\/wp\/v2\/comments?post=1012"}],"version-history":[{"count":6,"href":"https:\/\/agora.xtec.cat\/ceelesaigues\/wp-json\/wp\/v2\/pages\/1012\/revisions"}],"predecessor-version":[{"id":9264,"href":"https:\/\/agora.xtec.cat\/ceelesaigues\/wp-json\/wp\/v2\/pages\/1012\/revisions\/9264"}],"up":[{"embeddable":true,"href":"https:\/\/agora.xtec.cat\/ceelesaigues\/wp-json\/wp\/v2\/pages\/22"}],"wp:attachment":[{"href":"https:\/\/agora.xtec.cat\/ceelesaigues\/wp-json\/wp\/v2\/media?parent=1012"}],"curies":[{"name":"wp","href":"https:\/\/api.w.org\/{rel}","templated":true}]}}