{"id":2188,"date":"2020-01-08T15:34:30","date_gmt":"2020-01-08T14:34:30","guid":{"rendered":"http:\/\/agora.xtec.cat\/ceehoritzo\/?page_id=2188"},"modified":"2020-04-30T12:29:48","modified_gmt":"2020-04-30T10:29:48","slug":"nivells","status":"publish","type":"page","link":"https:\/\/agora.xtec.cat\/ceehoritzo\/nivells\/","title":{"rendered":"NIVELLS"},"content":{"rendered":"<p><span style=\"font-family: Arial, serif;\"><span style=\"font-size: medium;\"><span lang=\"ca-ES\">L\u2019escola est\u00e0 formada per tres comunitats d\u2019aprenentatge, un projecte educatiu (Creixem) orientat al m\u00f3n adult i un Itinerari Formatiu Espec\u00edfic (IFE). Per tant l\u2019escola es divideix en 5 nivells.<\/span><\/span><\/span><\/p>\n<p><span style=\"font-family: Arial, serif;\"><span style=\"font-size: medium;\"><span lang=\"ca-ES\">Les agrupacions d\u2019alumnes a les <\/span><\/span><\/span><span style=\"font-family: Arial, serif;\"><span style=\"font-size: medium;\"><span lang=\"ca-ES\"><u>comunitats<\/u><\/span><\/span><\/span><span style=\"font-family: Arial, serif;\"><span style=\"font-size: medium;\"><span lang=\"ca-ES\"> queden establertes tenint en compte l\u2019edat cronol\u00f2gica. Els grups de refer\u00e8ncia s\u00f3n heterogenis atenent aix\u00ed la diversitat d\u2019infants i joves que en formen part. Hi ha 3 comunitats:<\/span><\/span><\/span><\/p>\n<ul>\n<li><span style=\"font-family: Arial, serif;\"><span style=\"font-size: medium;\"><span lang=\"ca-ES\">PETITS: infants de 3 a 7 anys.<\/span><\/span><\/span><\/li>\n<li><span style=\"font-family: Arial, serif;\"><span style=\"font-size: medium;\"><span lang=\"ca-ES\">MITJANS: infants de 8 a 11 anys.<\/span><\/span><\/span><\/li>\n<li><span style=\"font-family: Arial, serif;\"><span style=\"font-size: medium;\"><span lang=\"ca-ES\">GRANS\/JOVES: joves de 12 a 21 anys.<\/span><\/span><\/span><\/li>\n<\/ul>\n<p><span style=\"font-family: Arial, serif;\"><span style=\"font-size: medium;\"><span lang=\"ca-ES\">Les agrupacions dels alumnes del <\/span><\/span><\/span><span style=\"font-family: Arial, serif;\"><span style=\"font-size: medium;\"><span lang=\"ca-ES\"><u>Projecte Creixem<\/u><\/span><\/span><\/span><span style=\"font-family: Arial, serif;\"><span style=\"font-size: medium;\"><span lang=\"ca-ES\">\u00a0queden establerts tenint en compte:<\/span><\/span><\/span><\/p>\n<ul>\n<li><span style=\"font-family: Arial, serif;\"><span style=\"font-size: medium;\"><span lang=\"ca-ES\">L\u2019edat cronol\u00f2gica (de 16 a 20 anys) i els interessos socials.<\/span><\/span><\/span><\/li>\n<li><span style=\"font-family: Arial, serif;\"><span style=\"font-size: medium;\"><span lang=\"ca-ES\">El nivell d\u2019autonomia.<\/span><\/span><\/span><\/li>\n<li><span style=\"font-family: Arial, serif;\"><span style=\"font-size: medium;\"><span lang=\"ca-ES\">El nivell d\u2019aprenentatges escolars.<\/span><\/span><\/span><\/li>\n<li><span style=\"font-family: Arial, serif;\"><span style=\"font-size: medium;\"><span lang=\"ca-ES\">Les valoracions de les agrupacions del curs anterior.<\/span><\/span><\/span><\/li>\n<\/ul>\n<p><span style=\"font-family: Arial, serif;\"><span style=\"font-size: medium;\"><span lang=\"ca-ES\">Les agrupacions dels alumnes de <\/span><\/span><\/span><span style=\"font-family: Arial, serif;\"><span style=\"font-size: medium;\"><span lang=\"ca-ES\"><u>l\u2019IFE<\/u><\/span><\/span><\/span><span style=\"font-family: Arial, serif;\"><span style=\"font-size: medium;\"><span lang=\"ca-ES\"> es realitzen en funci\u00f3 del curs de matr\u00edcula al centre.<\/span><\/span><\/span><\/p>\n","protected":false},"excerpt":{"rendered":"<p>L\u2019escola est\u00e0 formada per tres comunitats d\u2019aprenentatge, un projecte educatiu (Creixem) orientat al m\u00f3n adult i un Itinerari Formatiu Espec\u00edfic [&hellip;]<\/p>\n","protected":false},"author":3,"featured_media":0,"parent":0,"menu_order":0,"comment_status":"closed","ping_status":"closed","template":"","meta":{"_bbp_topic_count":0,"_bbp_reply_count":0,"_bbp_total_topic_count":0,"_bbp_total_reply_count":0,"_bbp_voice_count":0,"_bbp_anonymous_reply_count":0,"_bbp_topic_count_hidden":0,"_bbp_reply_count_hidden":0,"_bbp_forum_subforum_count":0,"site-sidebar-layout":"default","site-content-layout":"","ast-site-content-layout":"","site-content-style":"default","site-sidebar-style":"default","ast-global-header-display":"","ast-banner-title-visibility":"","ast-main-header-display":"","ast-hfb-above-header-display":"","ast-hfb-below-header-display":"","ast-hfb-mobile-header-display":"","site-post-title":"","ast-breadcrumbs-content":"","ast-featured-img":"","footer-sml-layout":"","theme-transparent-header-meta":"","adv-header-id-meta":"","stick-header-meta":"","header-above-stick-meta":"","header-main-stick-meta":"","header-below-stick-meta":"","astra-migrate-meta-layouts":"default","ast-page-background-enabled":"default","ast-page-background-meta":{"desktop":{"background-color":"var(--ast-global-color-4)","background-image":"","background-repeat":"repeat","background-position":"center center","background-size":"auto","background-attachment":"scroll","background-type":"","background-media":"","overlay-type":"","overlay-color":"","overlay-opacity":"","overlay-gradient":""},"tablet":{"background-color":"","background-image":"","background-repeat":"repeat","background-position":"center center","background-size":"auto","background-attachment":"scroll","background-type":"","background-media":"","overlay-type":"","overlay-color":"","overlay-opacity":"","overlay-gradient":""},"mobile":{"background-color":"","background-image":"","background-repeat":"repeat","background-position":"center center","background-size":"auto","background-attachment":"scroll","background-type":"","background-media":"","overlay-type":"","overlay-color":"","overlay-opacity":"","overlay-gradient":""}},"ast-content-background-meta":{"desktop":{"background-color":"var(--ast-global-color-5)","background-image":"","background-repeat":"repeat","background-position":"center center","background-size":"auto","background-attachment":"scroll","background-type":"","background-media":"","overlay-type":"","overlay-color":"","overlay-opacity":"","overlay-gradient":""},"tablet":{"background-color":"var(--ast-global-color-5)","background-image":"","background-repeat":"repeat","background-position":"center center","background-size":"auto","background-attachment":"scroll","background-type":"","background-media":"","overlay-type":"","overlay-color":"","overlay-opacity":"","overlay-gradient":""},"mobile":{"background-color":"var(--ast-global-color-5)","background-image":"","background-repeat":"repeat","background-position":"center center","background-size":"auto","background-attachment":"scroll","background-type":"","background-media":"","overlay-type":"","overlay-color":"","overlay-opacity":"","overlay-gradient":""}},"footnotes":""},"class_list":["post-2188","page","type-page","status-publish","hentry"],"post_mailing_queue_ids":[],"_links":{"self":[{"href":"https:\/\/agora.xtec.cat\/ceehoritzo\/wp-json\/wp\/v2\/pages\/2188","targetHints":{"allow":["GET"]}}],"collection":[{"href":"https:\/\/agora.xtec.cat\/ceehoritzo\/wp-json\/wp\/v2\/pages"}],"about":[{"href":"https:\/\/agora.xtec.cat\/ceehoritzo\/wp-json\/wp\/v2\/types\/page"}],"author":[{"embeddable":true,"href":"https:\/\/agora.xtec.cat\/ceehoritzo\/wp-json\/wp\/v2\/users\/3"}],"replies":[{"embeddable":true,"href":"https:\/\/agora.xtec.cat\/ceehoritzo\/wp-json\/wp\/v2\/comments?post=2188"}],"version-history":[{"count":4,"href":"https:\/\/agora.xtec.cat\/ceehoritzo\/wp-json\/wp\/v2\/pages\/2188\/revisions"}],"predecessor-version":[{"id":2543,"href":"https:\/\/agora.xtec.cat\/ceehoritzo\/wp-json\/wp\/v2\/pages\/2188\/revisions\/2543"}],"wp:attachment":[{"href":"https:\/\/agora.xtec.cat\/ceehoritzo\/wp-json\/wp\/v2\/media?parent=2188"}],"curies":[{"name":"wp","href":"https:\/\/api.w.org\/{rel}","templated":true}]}}