{"id":2149,"date":"2020-01-08T13:53:52","date_gmt":"2020-01-08T12:53:52","guid":{"rendered":"http:\/\/agora.xtec.cat\/ceehoritzo\/?page_id=2149"},"modified":"2025-09-02T11:37:27","modified_gmt":"2025-09-02T09:37:27","slug":"servei-de-leap","status":"publish","type":"page","link":"https:\/\/agora.xtec.cat\/ceehoritzo\/serveis\/servei-de-leap\/","title":{"rendered":"SERVEI DE L&#8217;EAP"},"content":{"rendered":"\n<figure class=\"wp-block-image aligncenter size-full is-resized\"><a href=\"https:\/\/agora.xtec.cat\/ceehoritzo\/wp-content\/uploads\/usu1191\/2025\/09\/logos-escola-6.png\"><img loading=\"lazy\" decoding=\"async\" width=\"500\" height=\"500\" src=\"https:\/\/agora.xtec.cat\/ceehoritzo\/wp-content\/uploads\/usu1191\/2025\/09\/logos-escola-6.png\" alt=\"\" class=\"wp-image-3567\" style=\"width:302px;height:auto\" srcset=\"https:\/\/agora.xtec.cat\/ceehoritzo\/wp-content\/uploads\/usu1191\/2025\/09\/logos-escola-6.png 500w, https:\/\/agora.xtec.cat\/ceehoritzo\/wp-content\/uploads\/usu1191\/2025\/09\/logos-escola-6-300x300.png 300w, https:\/\/agora.xtec.cat\/ceehoritzo\/wp-content\/uploads\/usu1191\/2025\/09\/logos-escola-6-150x150.png 150w\" sizes=\"auto, (max-width: 500px) 100vw, 500px\" \/><\/a><\/figure>\n\n\n\n<p>La referent de l&#8217;EAP \u00e9s una figura clau en el suport i acompanyament als centres. La seva funci\u00f3 principal \u00e9s assessorar l\u2019equip docent i col\u00b7laborar en la detecci\u00f3, valoraci\u00f3 i orientaci\u00f3 dels alumnes amb necessitats educatives especials, vetllant perqu\u00e8 les seves intervencions estiguin alineades amb el projecte educatiu del centre (PEC) i amb les necessitats individuals de cada alumne. Aix\u00ed mateix, d\u00f3na suport en l\u2019elaboraci\u00f3 de documents t\u00e8cnics i participa en les reunions de coordinaci\u00f3 amb les fam\u00edlies i altres serveis externs que ho requereixin.&nbsp;<\/p>\n\n\n\n<p>A m\u00e9s, la referent de l\u2019EAP actua com a enlla\u00e7 entre el centre i l\u2019administraci\u00f3 educativa, aix\u00ed com amb altres professionals de la xarxa socioeducativa i sanit\u00e0ria. Aix\u00f2 facilita una atenci\u00f3 integral a l\u2019alumnat i una millor coordinaci\u00f3 entre els diferents agents implicats en el seu desenvolupament. El seu coneixement t\u00e8cnic i la seva visi\u00f3 externa contribueixen a enriquir la presa de decisions pedag\u00f2giques i a garantir l\u2019equitat i la qualitat educativa del centre.&nbsp;<\/p>\n\n\n\n<p><\/p>\n","protected":false},"excerpt":{"rendered":"<p>La referent de l&#8217;EAP \u00e9s una figura clau en el suport i acompanyament als centres. La seva funci\u00f3 principal \u00e9s [&hellip;]<\/p>\n","protected":false},"author":3,"featured_media":0,"parent":2393,"menu_order":0,"comment_status":"closed","ping_status":"closed","template":"","meta":{"_bbp_topic_count":0,"_bbp_reply_count":0,"_bbp_total_topic_count":0,"_bbp_total_reply_count":0,"_bbp_voice_count":0,"_bbp_anonymous_reply_count":0,"_bbp_topic_count_hidden":0,"_bbp_reply_count_hidden":0,"_bbp_forum_subforum_count":0,"site-sidebar-layout":"default","site-content-layout":"","ast-site-content-layout":"default","site-content-style":"default","site-sidebar-style":"default","ast-global-header-display":"","ast-banner-title-visibility":"","ast-main-header-display":"","ast-hfb-above-header-display":"","ast-hfb-below-header-display":"","ast-hfb-mobile-header-display":"","site-post-title":"disabled","ast-breadcrumbs-content":"","ast-featured-img":"","footer-sml-layout":"","theme-transparent-header-meta":"","adv-header-id-meta":"","stick-header-meta":"","header-above-stick-meta":"","header-main-stick-meta":"","header-below-stick-meta":"","astra-migrate-meta-layouts":"set","ast-page-background-enabled":"default","ast-page-background-meta":{"desktop":{"background-color":"var(--ast-global-color-4)","background-image":"","background-repeat":"repeat","background-position":"center center","background-size":"auto","background-attachment":"scroll","background-type":"","background-media":"","overlay-type":"","overlay-color":"","overlay-opacity":"","overlay-gradient":""},"tablet":{"background-color":"","background-image":"","background-repeat":"repeat","background-position":"center center","background-size":"auto","background-attachment":"scroll","background-type":"","background-media":"","overlay-type":"","overlay-color":"","overlay-opacity":"","overlay-gradient":""},"mobile":{"background-color":"","background-image":"","background-repeat":"repeat","background-position":"center center","background-size":"auto","background-attachment":"scroll","background-type":"","background-media":"","overlay-type":"","overlay-color":"","overlay-opacity":"","overlay-gradient":""}},"ast-content-background-meta":{"desktop":{"background-color":"var(--ast-global-color-5)","background-image":"","background-repeat":"repeat","background-position":"center center","background-size":"auto","background-attachment":"scroll","background-type":"","background-media":"","overlay-type":"","overlay-color":"","overlay-opacity":"","overlay-gradient":""},"tablet":{"background-color":"var(--ast-global-color-5)","background-image":"","background-repeat":"repeat","background-position":"center center","background-size":"auto","background-attachment":"scroll","background-type":"","background-media":"","overlay-type":"","overlay-color":"","overlay-opacity":"","overlay-gradient":""},"mobile":{"background-color":"var(--ast-global-color-5)","background-image":"","background-repeat":"repeat","background-position":"center center","background-size":"auto","background-attachment":"scroll","background-type":"","background-media":"","overlay-type":"","overlay-color":"","overlay-opacity":"","overlay-gradient":""}},"footnotes":""},"class_list":["post-2149","page","type-page","status-publish","hentry"],"post_mailing_queue_ids":[],"_links":{"self":[{"href":"https:\/\/agora.xtec.cat\/ceehoritzo\/wp-json\/wp\/v2\/pages\/2149","targetHints":{"allow":["GET"]}}],"collection":[{"href":"https:\/\/agora.xtec.cat\/ceehoritzo\/wp-json\/wp\/v2\/pages"}],"about":[{"href":"https:\/\/agora.xtec.cat\/ceehoritzo\/wp-json\/wp\/v2\/types\/page"}],"author":[{"embeddable":true,"href":"https:\/\/agora.xtec.cat\/ceehoritzo\/wp-json\/wp\/v2\/users\/3"}],"replies":[{"embeddable":true,"href":"https:\/\/agora.xtec.cat\/ceehoritzo\/wp-json\/wp\/v2\/comments?post=2149"}],"version-history":[{"count":3,"href":"https:\/\/agora.xtec.cat\/ceehoritzo\/wp-json\/wp\/v2\/pages\/2149\/revisions"}],"predecessor-version":[{"id":3569,"href":"https:\/\/agora.xtec.cat\/ceehoritzo\/wp-json\/wp\/v2\/pages\/2149\/revisions\/3569"}],"up":[{"embeddable":true,"href":"https:\/\/agora.xtec.cat\/ceehoritzo\/wp-json\/wp\/v2\/pages\/2393"}],"wp:attachment":[{"href":"https:\/\/agora.xtec.cat\/ceehoritzo\/wp-json\/wp\/v2\/media?parent=2149"}],"curies":[{"name":"wp","href":"https:\/\/api.w.org\/{rel}","templated":true}]}}