{"id":82,"date":"2014-09-18T14:10:51","date_gmt":"2014-09-18T12:10:51","guid":{"rendered":"http:\/\/agora.xtec.cat\/ceegarbi\/?page_id=82"},"modified":"2020-05-17T09:13:39","modified_gmt":"2020-05-17T07:13:39","slug":"revistes-vent-de-garbi","status":"publish","type":"page","link":"https:\/\/agora.xtec.cat\/ceegarbi\/revistes-vent-de-garbi\/","title":{"rendered":"Revistes Vent de Garb\u00ed"},"content":{"rendered":"<p>En els seg\u00fcents enlla\u00e7os podreu veure diverses publicacions de la nostra revista <em><strong>VENT DE GARB\u00cd:<\/strong><\/em><\/p>\n<p><a href=\"https:\/\/drive.google.com\/file\/d\/1ztGNxZo_tDuGl2Qc4ZpIzbXlPCBOogyU\/view?usp=sharing\" target=\"_blank\" rel=\"noopener noreferrer\">Vent de Garb\u00ed 08-09<\/a><\/p>\n<p><a href=\"https:\/\/drive.google.com\/file\/d\/19tovybDRetWaBBt93klxNDoeeg4b0xJy\/view?usp=sharing\" target=\"_blank\" rel=\"noopener noreferrer\">Vent de Garb\u00ed 09-10<\/a><\/p>\n<p><a href=\"https:\/\/drive.google.com\/file\/d\/10JQ42g9klxuOH99LDDhHjzlyHk6Bc45r\/view?usp=sharing\" target=\"_blank\" rel=\"noopener noreferrer\">Vent de Garb\u00ed 10-11<\/a><\/p>\n<p><a href=\"https:\/\/drive.google.com\/file\/d\/1Ab7PgCZ0j85uVQQ9Z4E_07t769D-Vs3V\/view?usp=sharing\" target=\"_blank\" rel=\"noopener noreferrer\">Vent de Garb\u00ed 11-12<\/a><\/p>\n<p><a href=\"https:\/\/drive.google.com\/file\/d\/1lxjMwjFr5aR33vXsHcuGGtzC2C4B7YpS\/view?usp=sharing\" target=\"_blank\" rel=\"noopener noreferrer\">Vent de Garb\u00ed 12-13<\/a><\/p>\n<p><a href=\"https:\/\/drive.google.com\/file\/d\/1wkk5CGy2hpRN_eHGlTk2ALD5eiciNsBc\/view?usp=sharing\" target=\"_blank\" rel=\"noopener noreferrer\">Vent de Garb\u00ed 13-14<\/a><\/p>\n<p><a href=\"https:\/\/drive.google.com\/file\/d\/1PeRR0cYIp0INt5iDy52Duh9ux5V_Ir18\/view?usp=sharing\" target=\"_blank\" rel=\"noopener noreferrer\">Vent de Garb\u00ed 14-15<\/a><\/p>\n<p><a href=\"https:\/\/drive.google.com\/open?id=1RFNPS7vLOU_ccbTb1WeINbsqCA_4e4CZ\" target=\"_blank\" rel=\"noopener noreferrer\">Vent de Garb\u00ed 15-16<\/a><\/p>\n<p><span style=\"color: #ff6600;\"><a style=\"color: #ff6600;\" href=\"https:\/\/drive.google.com\/open?id=1NDWH3zKswyacwyaBv2ZSFAq6WaXg87km\" target=\"_blank\" rel=\"noopener noreferrer\">Vent de Garb\u00ed 16-17<\/a>\u00a0<\/span><\/p>\n<p><span style=\"color: #99cc00;\"><a style=\"color: #99cc00;\" href=\"https:\/\/drive.google.com\/open?id=1UuACPEGMBAHnfnxsDWN0AsxgQbBcw1tu\" target=\"_blank\" rel=\"noopener noreferrer\">Vent de Garb\u00ed 17-18<\/a><\/span><\/p>\n","protected":false},"excerpt":{"rendered":"<p>En els seg\u00fcents enlla\u00e7os podreu veure diverses publicacions de la nostra revista VENT DE GARB\u00cd:<br \/>\n<a href=\"https:\/\/drive.google.com\/file\/d\/1ztGNxZo_tDuGl2Qc4ZpIzbXlPCBOogyU\/view?usp=sharing\" target=\"_blank\" rel=\"noopener noreferrer\">Vent de Garb\u00ed 08-09<\/a><br \/>\n<a href=\"https:\/\/drive.google.com\/file\/d\/19tovybDRetWaBBt93klxNDoeeg4b0xJy\/view?usp=sharing\" target=\"_blank\" rel=\"noopener noreferrer\">Vent de Garb\u00ed 09-10<\/a><br \/>\n<a href=\"https:\/\/drive.google.com\/file\/d\/10JQ42g9klxuOH99LDDhHjzlyHk6Bc45r\/view?usp=sharing\" target=\"_blank\" rel=\"noopener noreferrer\">Vent de Garb\u00ed 10-11<\/a><br \/>\n<a href=\"https:\/\/drive.google.com\/file\/d\/1Ab7PgCZ0j85uVQQ9Z4E_07t769D-Vs3V\/view?usp=sharing\" target=\"_blank\" rel=\"noopener noreferrer\">Vent de Garb\u00ed 11-12<\/a><br \/>\n<a href=\"https:\/\/drive.google.com\/file\/d\/1lxjMwjFr5aR33vXsHcuGGtzC2C4B7YpS\/view?usp=sharing\" target=\"_blank\"&hellip;  <a href=\"https:\/\/agora.xtec.cat\/ceegarbi\/revistes-vent-de-garbi\/\" title=\"Read Revistes Vent de Garb\u00ed\">Llegeix m\u00e9s\u00bb<\/a><\/p>\n","protected":false},"author":1,"featured_media":0,"parent":0,"menu_order":40,"comment_status":"closed","ping_status":"closed","template":"page-templates\/side-menu.php","meta":{"_bbp_topic_count":0,"_bbp_reply_count":0,"_bbp_total_topic_count":0,"_bbp_total_reply_count":0,"_bbp_voice_count":0,"_bbp_anonymous_reply_count":0,"_bbp_topic_count_hidden":0,"_bbp_reply_count_hidden":0,"_bbp_forum_subforum_count":0,"footnotes":""},"class_list":["post-82","page","type-page","status-publish","hentry"],"post_mailing_queue_ids":[],"_links":{"self":[{"href":"https:\/\/agora.xtec.cat\/ceegarbi\/wp-json\/wp\/v2\/pages\/82","targetHints":{"allow":["GET"]}}],"collection":[{"href":"https:\/\/agora.xtec.cat\/ceegarbi\/wp-json\/wp\/v2\/pages"}],"about":[{"href":"https:\/\/agora.xtec.cat\/ceegarbi\/wp-json\/wp\/v2\/types\/page"}],"author":[{"embeddable":true,"href":"https:\/\/agora.xtec.cat\/ceegarbi\/wp-json\/wp\/v2\/users\/1"}],"replies":[{"embeddable":true,"href":"https:\/\/agora.xtec.cat\/ceegarbi\/wp-json\/wp\/v2\/comments?post=82"}],"version-history":[{"count":4,"href":"https:\/\/agora.xtec.cat\/ceegarbi\/wp-json\/wp\/v2\/pages\/82\/revisions"}],"predecessor-version":[{"id":1217,"href":"https:\/\/agora.xtec.cat\/ceegarbi\/wp-json\/wp\/v2\/pages\/82\/revisions\/1217"}],"wp:attachment":[{"href":"https:\/\/agora.xtec.cat\/ceegarbi\/wp-json\/wp\/v2\/media?parent=82"}],"curies":[{"name":"wp","href":"https:\/\/api.w.org\/{rel}","templated":true}]}}