{"id":77,"date":"2014-09-18T14:05:08","date_gmt":"2014-09-18T12:05:08","guid":{"rendered":"http:\/\/agora.xtec.cat\/ceegarbi\/?page_id=77"},"modified":"2023-10-18T10:10:32","modified_gmt":"2023-10-18T08:10:32","slug":"familia-i-escola","status":"publish","type":"page","link":"https:\/\/agora.xtec.cat\/ceegarbi\/lescola\/normes-de-funcionament\/familia-i-escola\/","title":{"rendered":"Fam\u00edlia i escola"},"content":{"rendered":"<ul>\n<li>El dia a dia del\/de la vostre\/a fill\/a a l\u2019escola s\u2019explicar\u00e0 a trav\u00e9s de l\u2019agenda escolar, \u00e9s molt important que des de la fam\u00edlia en feu el seguiment correcte ja que \u00e9s la comunicaci\u00f3 m\u00e9s directa amb el centre.<\/li>\n<\/ul>\n<ul>\n<li>Cal concretar cita pr\u00e8viament quan la fam\u00edlia vulgui tenir una reuni\u00f3 amb tutoria, equip directiu, especialistes, EAP&#8230;.<\/li>\n<\/ul>\n<ul>\n<li>Cal tornar les autoritzacions degudament signades i dins el termini establert.<\/li>\n<\/ul>\n<ul>\n<li>L\u2019escola us anir\u00e0 informant de les diferents activitats, festes, sortides, informacions complement\u00e0ries de caire general per l&#8217;agenda escolar. <strong>Nom\u00e9s es far\u00e0 arribar en format paper aquelles activitats que requereixin autoritzaci\u00f3 signada<\/strong> de la fam\u00edlia i s&#8217;hagi de retornar a l&#8217;escola.<\/li>\n<\/ul>\n<ul>\n<li>Cal marcar la roba i material amb el nom. <strong>L\u2019escola no es fa responsable del material no marcat<\/strong>.<\/li>\n<\/ul>\n<ul>\n<li>\u00c9s imprescindible portar el material que es demana des de l&#8217;escola (necesser, necesser d&#8217;educaci\u00f3 f\u00edsica, recanvis de roba&#8230;)<\/li>\n<\/ul>\n<ul>\n<li>Us recordem que el nostre centre \u00e9s escola verda, per tant us demanem l\u2019\u00fas de carmanyoles a l\u2019hora de dur els esmorzars i evitar el paper d\u2019alumini.<\/li>\n<\/ul>\n<ul>\n<li>Sempre que un\/a alumne\/a vulgui celebrar l\u2019aniversari a l\u2019escola, us recordem que per normativa ha de ser amb menjar NO elaborat a casa. Evitar les llaminadures. En cas de portar begudes no fer-ho en brics individuals.<\/li>\n<\/ul>\n","protected":false},"excerpt":{"rendered":"<ul>\n<li>El dia a dia del\/de la vostre\/a fill\/a a l\u2019escola s\u2019explicar\u00e0 a trav\u00e9s de l\u2019agenda escolar, \u00e9s molt important que des de la fam\u00edlia en feu el seguiment correcte ja que \u00e9s la comunicaci\u00f3 m\u00e9s directa amb el centre.<\/li>\n<\/ul>\n<ul>\n<li>Cal concretar cita pr\u00e8viament quan la fam\u00edlia&hellip;  <a href=\"https:\/\/agora.xtec.cat\/ceegarbi\/lescola\/normes-de-funcionament\/familia-i-escola\/\" title=\"Read Fam\u00edlia i escola\">Llegeix m\u00e9s\u00bb<\/a><br \/>\n","protected":false},"author":1,"featured_media":0,"parent":36,"menu_order":73,"comment_status":"closed","ping_status":"closed","template":"page-templates\/side-menu.php","meta":{"_bbp_topic_count":0,"_bbp_reply_count":0,"_bbp_total_topic_count":0,"_bbp_total_reply_count":0,"_bbp_voice_count":0,"_bbp_anonymous_reply_count":0,"_bbp_topic_count_hidden":0,"_bbp_reply_count_hidden":0,"_bbp_forum_subforum_count":0,"footnotes":""},"class_list":["post-77","page","type-page","status-publish","hentry"],"post_mailing_queue_ids":[],"_links":{"self":[{"href":"https:\/\/agora.xtec.cat\/ceegarbi\/wp-json\/wp\/v2\/pages\/77","targetHints":{"allow":["GET"]}}],"collection":[{"href":"https:\/\/agora.xtec.cat\/ceegarbi\/wp-json\/wp\/v2\/pages"}],"about":[{"href":"https:\/\/agora.xtec.cat\/ceegarbi\/wp-json\/wp\/v2\/types\/page"}],"author":[{"embeddable":true,"href":"https:\/\/agora.xtec.cat\/ceegarbi\/wp-json\/wp\/v2\/users\/1"}],"replies":[{"embeddable":true,"href":"https:\/\/agora.xtec.cat\/ceegarbi\/wp-json\/wp\/v2\/comments?post=77"}],"version-history":[{"count":4,"href":"https:\/\/agora.xtec.cat\/ceegarbi\/wp-json\/wp\/v2\/pages\/77\/revisions"}],"predecessor-version":[{"id":3495,"href":"https:\/\/agora.xtec.cat\/ceegarbi\/wp-json\/wp\/v2\/pages\/77\/revisions\/3495"}],"up":[{"embeddable":true,"href":"https:\/\/agora.xtec.cat\/ceegarbi\/wp-json\/wp\/v2\/pages\/36"}],"wp:attachment":[{"href":"https:\/\/agora.xtec.cat\/ceegarbi\/wp-json\/wp\/v2\/media?parent=77"}],"curies":[{"name":"wp","href":"https:\/\/api.w.org\/{rel}","templated":true}]}}