{"id":71,"date":"2014-09-18T12:44:56","date_gmt":"2014-09-18T10:44:56","guid":{"rendered":"http:\/\/agora.xtec.cat\/ceegarbi\/?page_id=71"},"modified":"2023-10-18T10:06:37","modified_gmt":"2023-10-18T08:06:37","slug":"entrades-i-sortides","status":"publish","type":"page","link":"https:\/\/agora.xtec.cat\/ceegarbi\/lescola\/normes-de-funcionament\/entrades-i-sortides\/","title":{"rendered":"Entrades i sortides"},"content":{"rendered":"<ul>\n<li>Es demana m\u00e0xima puntualitat, tant a l\u2019hora d\u2019entrada com de la sortida.<\/li>\n<\/ul>\n<ul>\n<li>Les faltes d\u2019assist\u00e8ncia han de ser justificades (model del centre).<\/li>\n<\/ul>\n<ul>\n<li>En cas d\u2019arribar m\u00e9s tard de les 9 h cal avisar per poder fer \u00fas del servei de menjador.<\/li>\n<\/ul>\n<ul>\n<li>Quan l&#8217;alumnat vingui acompanyat d\u2019una persona adulta, aquesta ha d\u2019esperar-se a l\u2019entrada fora de l\u2019escola .<\/li>\n<\/ul>\n<ul>\n<li>Si un\/a alumne\/a marxa sol\/a a casa, cal signar l\u2019autoritzaci\u00f3 corresponent.<\/li>\n<\/ul>\n<ul>\n<li>En cas de venir a buscar o a portar el\/la vostre\/a fill\/a fora de l\u2019horari habitual, haureu de signar el llibre de registre (mostrador consergeria) .<\/li>\n<\/ul>\n<ul>\n<li>Cal que la fam\u00edlia informi al centre <strong>per escrit<\/strong> a l\u2019agenda o a trav\u00e9s del correu electr\u00f2nic quan la persona que vingui a buscar un\/a alumne\/a no sigui l&#8217;autoritzada pr\u00e8viament per la fam\u00edlia a inici de curs.<\/li>\n<\/ul>\n<ul>\n<li>Per tal de fer el seguiment de l\u2019alumne\/a, el\/la tutor\/a convocar\u00e0 a reuni\u00f3 a les fam\u00edlies per fer el seguiment oport\u00fa. L\u2019entrevista tamb\u00e9 pot ser a petici\u00f3 de la fam\u00edlia.<\/li>\n<\/ul>\n","protected":false},"excerpt":{"rendered":"<ul>\n<li>Es demana m\u00e0xima puntualitat, tant a l\u2019hora d\u2019entrada com de la sortida.<\/li>\n<\/ul>\n<ul>\n<li>Les faltes d\u2019assist\u00e8ncia han de ser justificades (model del centre).<\/li>\n<\/ul>\n<ul>\n<li>En cas d\u2019arribar m\u00e9s tard de les 9 h cal avisar per poder fer \u00fas del servei de menjador.<\/li>\n<\/ul>\n<ul>\n<li>Quan l&#8217;alumnat vingui acompanyat d\u2019una persona adulta,&hellip;  <a href=\"https:\/\/agora.xtec.cat\/ceegarbi\/lescola\/normes-de-funcionament\/entrades-i-sortides\/\" title=\"Read Entrades i sortides\">Llegeix m\u00e9s\u00bb<\/a><br \/>\n","protected":false},"author":1,"featured_media":0,"parent":36,"menu_order":71,"comment_status":"closed","ping_status":"closed","template":"page-templates\/side-menu.php","meta":{"_bbp_topic_count":0,"_bbp_reply_count":0,"_bbp_total_topic_count":0,"_bbp_total_reply_count":0,"_bbp_voice_count":0,"_bbp_anonymous_reply_count":0,"_bbp_topic_count_hidden":0,"_bbp_reply_count_hidden":0,"_bbp_forum_subforum_count":0,"footnotes":""},"class_list":["post-71","page","type-page","status-publish","hentry"],"post_mailing_queue_ids":[],"_links":{"self":[{"href":"https:\/\/agora.xtec.cat\/ceegarbi\/wp-json\/wp\/v2\/pages\/71","targetHints":{"allow":["GET"]}}],"collection":[{"href":"https:\/\/agora.xtec.cat\/ceegarbi\/wp-json\/wp\/v2\/pages"}],"about":[{"href":"https:\/\/agora.xtec.cat\/ceegarbi\/wp-json\/wp\/v2\/types\/page"}],"author":[{"embeddable":true,"href":"https:\/\/agora.xtec.cat\/ceegarbi\/wp-json\/wp\/v2\/users\/1"}],"replies":[{"embeddable":true,"href":"https:\/\/agora.xtec.cat\/ceegarbi\/wp-json\/wp\/v2\/comments?post=71"}],"version-history":[{"count":4,"href":"https:\/\/agora.xtec.cat\/ceegarbi\/wp-json\/wp\/v2\/pages\/71\/revisions"}],"predecessor-version":[{"id":3494,"href":"https:\/\/agora.xtec.cat\/ceegarbi\/wp-json\/wp\/v2\/pages\/71\/revisions\/3494"}],"up":[{"embeddable":true,"href":"https:\/\/agora.xtec.cat\/ceegarbi\/wp-json\/wp\/v2\/pages\/36"}],"wp:attachment":[{"href":"https:\/\/agora.xtec.cat\/ceegarbi\/wp-json\/wp\/v2\/media?parent=71"}],"curies":[{"name":"wp","href":"https:\/\/api.w.org\/{rel}","templated":true}]}}