{"id":659,"date":"2020-01-21T15:46:26","date_gmt":"2020-01-21T14:46:26","guid":{"rendered":"http:\/\/agora.xtec.cat\/ceegarbi\/?page_id=659"},"modified":"2021-11-10T22:40:00","modified_gmt":"2021-11-10T21:40:00","slug":"projecte-linguistic","status":"publish","type":"page","link":"https:\/\/agora.xtec.cat\/ceegarbi\/projecte-educatiu\/projecte-linguistic\/","title":{"rendered":"PROJECTE LING\u00dc\u00cdSTIC"},"content":{"rendered":"<p>En el seg\u00fcent enlla\u00e7 trobareu el Projecte Ling\u00fc\u00edstic del nostre centre:<\/p>\n<p><a href=\"https:\/\/agora.xtec.cat\/ceegarbi\/wp-content\/uploads\/usu730\/2020\/01\/PROJECTE-LING\u00dc\u00cdSTIC-EN-REVISI\u00d3.pdf\">PROJECTE LING\u00dc\u00cdSTIC-EN REVISI\u00d3<\/a><\/p>\n","protected":false},"excerpt":{"rendered":"<p>En el seg\u00fcent enlla\u00e7 trobareu el Projecte Ling\u00fc\u00edstic del nostre centre:<br \/>\n<a href=\"https:\/\/agora.xtec.cat\/ceegarbi\/wp-content\/uploads\/usu730\/2020\/01\/PROJECTE-LING\u00dc\u00cdSTIC-EN-REVISI\u00d3.pdf\">PROJECTE LING\u00dc\u00cdSTIC-EN REVISI\u00d3<\/a><\/p>\n","protected":false},"author":1,"featured_media":0,"parent":64,"menu_order":4,"comment_status":"closed","ping_status":"closed","template":"page-templates\/side-menu.php","meta":{"_bbp_topic_count":0,"_bbp_reply_count":0,"_bbp_total_topic_count":0,"_bbp_total_reply_count":0,"_bbp_voice_count":0,"_bbp_anonymous_reply_count":0,"_bbp_topic_count_hidden":0,"_bbp_reply_count_hidden":0,"_bbp_forum_subforum_count":0,"footnotes":""},"class_list":["post-659","page","type-page","status-publish","hentry"],"post_mailing_queue_ids":[],"_links":{"self":[{"href":"https:\/\/agora.xtec.cat\/ceegarbi\/wp-json\/wp\/v2\/pages\/659","targetHints":{"allow":["GET"]}}],"collection":[{"href":"https:\/\/agora.xtec.cat\/ceegarbi\/wp-json\/wp\/v2\/pages"}],"about":[{"href":"https:\/\/agora.xtec.cat\/ceegarbi\/wp-json\/wp\/v2\/types\/page"}],"author":[{"embeddable":true,"href":"https:\/\/agora.xtec.cat\/ceegarbi\/wp-json\/wp\/v2\/users\/1"}],"replies":[{"embeddable":true,"href":"https:\/\/agora.xtec.cat\/ceegarbi\/wp-json\/wp\/v2\/comments?post=659"}],"version-history":[{"count":3,"href":"https:\/\/agora.xtec.cat\/ceegarbi\/wp-json\/wp\/v2\/pages\/659\/revisions"}],"predecessor-version":[{"id":878,"href":"https:\/\/agora.xtec.cat\/ceegarbi\/wp-json\/wp\/v2\/pages\/659\/revisions\/878"}],"up":[{"embeddable":true,"href":"https:\/\/agora.xtec.cat\/ceegarbi\/wp-json\/wp\/v2\/pages\/64"}],"wp:attachment":[{"href":"https:\/\/agora.xtec.cat\/ceegarbi\/wp-json\/wp\/v2\/media?parent=659"}],"curies":[{"name":"wp","href":"https:\/\/api.w.org\/{rel}","templated":true}]}}