{"id":38,"date":"2014-09-18T12:34:08","date_gmt":"2014-09-18T10:34:08","guid":{"rendered":"http:\/\/agora.xtec.cat\/ceegarbi\/?page_id=38"},"modified":"2023-10-18T10:03:17","modified_gmt":"2023-10-18T08:03:17","slug":"salut","status":"publish","type":"page","link":"https:\/\/agora.xtec.cat\/ceegarbi\/lescola\/normes-de-funcionament\/salut\/","title":{"rendered":"Salut"},"content":{"rendered":"<ul>\n<li>\u00c9s recomanable no assistir a l\u2019escola en cas de malaltia infecciosa o contagiosa (polls, virus intestinals, grip&#8230;). En cas d\u2019una malaltia greu l\u2019escola pot demanar un informe m\u00e8dic amb l\u2019orientaci\u00f3 diagn\u00f2stica i la garantia de no contagiositat.<\/li>\n<\/ul>\n<ul>\n<li>Si l\u2019alumne\/a es posa malalt a l\u2019escola, us avisarem immediatament.<\/li>\n<\/ul>\n<ul>\n<li>En cas de la necessitat d\u2019un despla\u00e7ament d\u2019urg\u00e8ncia a un centre m\u00e8dic, es procurar\u00e0 acompanyar a l\u2019alumne\/a, i s\u2019avisar\u00e0 immediatament a la fam\u00edlia, que haur\u00e0 de despla\u00e7ar-se al lloc indicat.<\/li>\n<\/ul>\n<ul>\n<li>Per seguretat els medicaments han d\u2019estar custodiats per l\u2019adult en tot moment (transport, escola i menjador)<\/li>\n<\/ul>\n<ul>\n<li>Si un\/a alumne\/a pateix alguna lesi\u00f3 cal comunicar-ho al centre. Fitxa de salut per educaci\u00f3 f\u00edsica.<\/li>\n<\/ul>\n<p>&nbsp;<\/p>\n<p>&nbsp;<\/p>\n<p>&nbsp;<\/p>\n<p>&nbsp;<\/p>\n","protected":false},"excerpt":{"rendered":"<ul>\n<li>\u00c9s recomanable no assistir a l\u2019escola en cas de malaltia infecciosa o contagiosa (polls, virus intestinals, grip&#8230;). En cas d\u2019una malaltia greu l\u2019escola pot demanar un informe m\u00e8dic amb l\u2019orientaci\u00f3 diagn\u00f2stica i la garantia de no contagiositat.<\/li>\n<\/ul>\n<ul>\n<li>Si l\u2019alumne\/a es posa malalt a l\u2019escola, us avisarem&hellip;  <a href=\"https:\/\/agora.xtec.cat\/ceegarbi\/lescola\/normes-de-funcionament\/salut\/\" title=\"Read Salut\">Llegeix m\u00e9s\u00bb<\/a><br \/>\n","protected":false},"author":1,"featured_media":0,"parent":36,"menu_order":75,"comment_status":"closed","ping_status":"closed","template":"page-templates\/side-menu.php","meta":{"_bbp_topic_count":0,"_bbp_reply_count":0,"_bbp_total_topic_count":0,"_bbp_total_reply_count":0,"_bbp_voice_count":0,"_bbp_anonymous_reply_count":0,"_bbp_topic_count_hidden":0,"_bbp_reply_count_hidden":0,"_bbp_forum_subforum_count":0,"footnotes":""},"class_list":["post-38","page","type-page","status-publish","hentry"],"post_mailing_queue_ids":[],"_links":{"self":[{"href":"https:\/\/agora.xtec.cat\/ceegarbi\/wp-json\/wp\/v2\/pages\/38","targetHints":{"allow":["GET"]}}],"collection":[{"href":"https:\/\/agora.xtec.cat\/ceegarbi\/wp-json\/wp\/v2\/pages"}],"about":[{"href":"https:\/\/agora.xtec.cat\/ceegarbi\/wp-json\/wp\/v2\/types\/page"}],"author":[{"embeddable":true,"href":"https:\/\/agora.xtec.cat\/ceegarbi\/wp-json\/wp\/v2\/users\/1"}],"replies":[{"embeddable":true,"href":"https:\/\/agora.xtec.cat\/ceegarbi\/wp-json\/wp\/v2\/comments?post=38"}],"version-history":[{"count":4,"href":"https:\/\/agora.xtec.cat\/ceegarbi\/wp-json\/wp\/v2\/pages\/38\/revisions"}],"predecessor-version":[{"id":3493,"href":"https:\/\/agora.xtec.cat\/ceegarbi\/wp-json\/wp\/v2\/pages\/38\/revisions\/3493"}],"up":[{"embeddable":true,"href":"https:\/\/agora.xtec.cat\/ceegarbi\/wp-json\/wp\/v2\/pages\/36"}],"wp:attachment":[{"href":"https:\/\/agora.xtec.cat\/ceegarbi\/wp-json\/wp\/v2\/media?parent=38"}],"curies":[{"name":"wp","href":"https:\/\/api.w.org\/{rel}","templated":true}]}}