{"id":3179,"date":"2023-05-08T10:15:26","date_gmt":"2023-05-08T08:15:26","guid":{"rendered":"https:\/\/agora.xtec.cat\/ceegarbi\/?page_id=3179"},"modified":"2023-05-08T11:14:58","modified_gmt":"2023-05-08T09:14:58","slug":"avaluacio","status":"publish","type":"page","link":"https:\/\/agora.xtec.cat\/ceegarbi\/estrategia-digital-de-centre\/estrategia\/avaluacio\/","title":{"rendered":"Avaluaci\u00f3"},"content":{"rendered":"<p style=\"text-align: left;\"><span style=\"font-weight: 400;\">La Comissi\u00f3 d&#8217;EDC realitzar\u00e0 peri\u00f2dicament l&#8217;avaluaci\u00f3 de l&#8217;Estrat\u00e8gia Digital del Centre, utilitzant indicadors d&#8217;assoliment per les diferents activitats i objectius establerts. A final de curs, s&#8217;analitzaran els objectius treballats per l&#8217;EDC per decidir\u00a0<\/span><span style=\"font-weight: 400;\">com continuar\u00e0 el treball digital al centre, afegint noves necessitats detectades a l&#8217;escola i treballant en els objectius que ho requereixin. La comissi\u00f3 d&#8217;estrat\u00e8gia digital del centre elaborar\u00e0 una mem\u00f2ria de final de curs que inclour\u00e0 els objectius aconseguits, pendents i en proc\u00e9s, aix\u00ed com les propostes i estrat\u00e8gies de millora. Aquesta mem\u00f2ria formar\u00e0 part de la mem\u00f2ria anual del centre.<\/span><\/p>\n<p><iframe loading=\"lazy\" src=\"https:\/\/docs.google.com\/spreadsheets\/d\/1dOlkISGnGmUXqBh47kP-t0V8o1WDBzIHTj8Dog29fog\/edit#gid=0\" width=\"500%\" height=\"500\"><span data-mce-type=\"bookmark\" style=\"display: inline-block; width: 0px; overflow: hidden; line-height: 0;\" class=\"mce_SELRES_start\">\ufeff<\/span><\/iframe><\/p>\n","protected":false},"excerpt":{"rendered":"<p>La Comissi\u00f3 d&#8217;EDC realitzar\u00e0 peri\u00f2dicament l&#8217;avaluaci\u00f3 de l&#8217;Estrat\u00e8gia Digital del Centre, utilitzant indicadors d&#8217;assoliment per les diferents activitats i objectius establerts. A final de curs, s&#8217;analitzaran els objectius treballats per l&#8217;EDC per decidir\u00a0com continuar\u00e0 el treball digital al centre, afegint noves necessitats detectades a l&#8217;escola&hellip;  <a href=\"https:\/\/agora.xtec.cat\/ceegarbi\/estrategia-digital-de-centre\/estrategia\/avaluacio\/\" title=\"Read Avaluaci\u00f3\">Llegeix m\u00e9s\u00bb<\/a><\/p>\n","protected":false},"author":1,"featured_media":0,"parent":3181,"menu_order":4,"comment_status":"closed","ping_status":"closed","template":"","meta":{"_bbp_topic_count":0,"_bbp_reply_count":0,"_bbp_total_topic_count":0,"_bbp_total_reply_count":0,"_bbp_voice_count":0,"_bbp_anonymous_reply_count":0,"_bbp_topic_count_hidden":0,"_bbp_reply_count_hidden":0,"_bbp_forum_subforum_count":0,"footnotes":""},"class_list":["post-3179","page","type-page","status-publish","hentry"],"post_mailing_queue_ids":[],"_links":{"self":[{"href":"https:\/\/agora.xtec.cat\/ceegarbi\/wp-json\/wp\/v2\/pages\/3179","targetHints":{"allow":["GET"]}}],"collection":[{"href":"https:\/\/agora.xtec.cat\/ceegarbi\/wp-json\/wp\/v2\/pages"}],"about":[{"href":"https:\/\/agora.xtec.cat\/ceegarbi\/wp-json\/wp\/v2\/types\/page"}],"author":[{"embeddable":true,"href":"https:\/\/agora.xtec.cat\/ceegarbi\/wp-json\/wp\/v2\/users\/1"}],"replies":[{"embeddable":true,"href":"https:\/\/agora.xtec.cat\/ceegarbi\/wp-json\/wp\/v2\/comments?post=3179"}],"version-history":[{"count":3,"href":"https:\/\/agora.xtec.cat\/ceegarbi\/wp-json\/wp\/v2\/pages\/3179\/revisions"}],"predecessor-version":[{"id":3200,"href":"https:\/\/agora.xtec.cat\/ceegarbi\/wp-json\/wp\/v2\/pages\/3179\/revisions\/3200"}],"up":[{"embeddable":true,"href":"https:\/\/agora.xtec.cat\/ceegarbi\/wp-json\/wp\/v2\/pages\/3181"}],"wp:attachment":[{"href":"https:\/\/agora.xtec.cat\/ceegarbi\/wp-json\/wp\/v2\/media?parent=3179"}],"curies":[{"name":"wp","href":"https:\/\/api.w.org\/{rel}","templated":true}]}}