{"id":3173,"date":"2023-05-08T10:13:29","date_gmt":"2023-05-08T08:13:29","guid":{"rendered":"https:\/\/agora.xtec.cat\/ceegarbi\/?page_id=3173"},"modified":"2023-05-08T10:48:45","modified_gmt":"2023-05-08T08:48:45","slug":"diagnosi","status":"publish","type":"page","link":"https:\/\/agora.xtec.cat\/ceegarbi\/estrategia-digital-de-centre\/estrategia\/diagnosi\/","title":{"rendered":"Diagnosi"},"content":{"rendered":"<p>Per tal de portar a terme la diagnosi de la EDC el centre va utilitzar els seg\u00fcents recursos:<\/p>\n<ul>\n<li>EINA SELFIE:\u00a0<span style=\"font-weight: 400;\">Instrument dissenyat per la Comissi\u00f3 Europea per avaluar la compet\u00e8ncia digital dels estudiants i dels docents en l&#8217;\u00e0mbit de l&#8217;educaci\u00f3. Es tracta d&#8217;una eina en l\u00ednia que ofereix un q\u00fcestionari amb preguntes sobre les habilitats digitals, i que permet als usuaris avaluar-se a si mateixos i obtenir una puntuaci\u00f3 que indica el seu nivell de compet\u00e8ncia digital. Aquesta eina est\u00e0 basada en el marc europeu DigComp 2.1, que defineix les habilitats digitals necess\u00e0ries per a una ciutadania activa i efica\u00e7 en la societat actual.<\/span><\/li>\n<li>PLA TAC: vam tenir en compte el aquest recurs com punt de partida.<\/li>\n<\/ul>\n<p>A partir d&#8217;aquesta an\u00e0lisi vam obtenir aquestes fortaleses i debilitats:<\/p>\n<table>\n<tbody>\n<tr>\n<td><span style=\"font-weight: 400; color: #ff6600;\">DEBILITATS<\/span><\/td>\n<\/tr>\n<tr>\n<td><span style=\"font-weight: 400;\">&#8211;<\/span><span style=\"font-weight: 400;\">\u00a0 \u00a0 \u00a0 \u00a0 \u00a0 <\/span><span style=\"font-weight: 400;\">Part del claustre amb baixa compet\u00e8ncia digital.<\/span><\/p>\n<p><span style=\"font-weight: 400;\">&#8211;<\/span><span style=\"font-weight: 400;\">\u00a0 \u00a0 \u00a0 \u00a0 \u00a0 <\/span><span style=\"font-weight: 400;\">Poc domini de les compet\u00e8ncies digitals per part de les fam\u00edlies.<\/span><\/p>\n<p><span style=\"font-weight: 400;\">&#8211;<\/span><span style=\"font-weight: 400;\">\u00a0 \u00a0 \u00a0 \u00a0 \u00a0 <\/span><span style=\"font-weight: 400;\">Resist\u00e8ncia i desconeixement de l\u2019\u00fas de les eines digitals, tan per part del professorat com de les fam\u00edlies.<\/span><\/p>\n<p><span style=\"font-weight: 400;\">&#8211;<\/span><span style=\"font-weight: 400;\">\u00a0 \u00a0 \u00a0 \u00a0 \u00a0 <\/span><span style=\"font-weight: 400;\">Xarxa wifi en ocasions insuficient.<\/span><\/p>\n<p><span style=\"font-weight: 400;\">&#8211;<\/span><span style=\"font-weight: 400;\">\u00a0 \u00a0 \u00a0 \u00a0 \u00a0 <\/span><span style=\"font-weight: 400;\">Demanda de programari espec\u00edfic del que no disposem des del departament.<\/span><\/p>\n<p><span style=\"font-weight: 400;\">&#8211;<\/span><span style=\"font-weight: 400;\">\u00a0 \u00a0 \u00a0 \u00a0 \u00a0 <\/span><span style=\"font-weight: 400;\">Programari espec\u00edfic obsolet (notebook)<\/span><\/p>\n<p><span style=\"font-weight: 400;\">&#8211;<\/span><span style=\"font-weight: 400;\">\u00a0 \u00a0 \u00a0 \u00a0 \u00a0 <\/span><span style=\"font-weight: 400;\">No ha arribat els equipaments pels alumnes.<\/span><\/p>\n<p><span style=\"font-weight: 400;\">&#8211;<\/span><span style=\"font-weight: 400;\">\u00a0 \u00a0 \u00a0 \u00a0 \u00a0 <\/span><span style=\"font-weight: 400;\">Poc rendiment del programari espec\u00edfic dels panells.<\/span><\/p>\n<p><span style=\"font-weight: 400;\">&#8211;<\/span><span style=\"font-weight: 400;\">\u00a0 \u00a0 \u00a0 \u00a0 \u00a0 <\/span><span style=\"font-weight: 400;\">Sobrecarrega de feina del coordinador TIC.<\/span><\/td>\n<\/tr>\n<tr>\n<td><span style=\"font-weight: 400; color: #99cc00;\">FORTALESES<\/span><\/td>\n<\/tr>\n<tr>\n<td><span style=\"font-weight: 400;\">&#8211;<\/span><span style=\"font-weight: 400;\">\u00a0 \u00a0 \u00a0 \u00a0 \u00a0 <\/span><span style=\"font-weight: 400;\">Bona consolidaci\u00f3 de l\u2019\u00fas del drive i del correu corporatiu com a eina de treball docent.<\/span><\/p>\n<p><span style=\"font-weight: 400;\">&#8211;<\/span><span style=\"font-weight: 400;\">\u00a0 \u00a0 \u00a0 \u00a0 \u00a0 <\/span><span style=\"font-weight: 400;\">Eines digitals (maquinari), pr\u00f2pies, suficients per arribar a tot l\u2019alumnat.<\/span><\/p>\n<p><span style=\"font-weight: 400;\">&#8211;<\/span><span style=\"font-weight: 400;\">\u00a0 \u00a0 \u00a0 \u00a0 \u00a0 <\/span><span style=\"font-weight: 400;\">Motivaci\u00f3 de l\u2019alumnat per les eines digitals.<\/span><\/p>\n<p><span style=\"font-weight: 400;\">&#8211;<\/span><span style=\"font-weight: 400;\">\u00a0 \u00a0 \u00a0 \u00a0 \u00a0 <\/span><span style=\"font-weight: 400;\">Port\u00e0tils del departament pels docents i PAEC.<\/span><\/p>\n<p><span style=\"font-weight: 400;\">&#8211;<\/span><span style=\"font-weight: 400;\">\u00a0 \u00a0 \u00a0 \u00a0 \u00a0 <\/span><span style=\"font-weight: 400;\">Bona predisposici\u00f3 del claustre en formar-se en l\u2019estrat\u00e8gia digital de centre.<\/span><\/td>\n<\/tr>\n<\/tbody>\n<\/table>\n","protected":false},"excerpt":{"rendered":"<p>Per tal de portar a terme la diagnosi de la EDC el centre va utilitzar els seg\u00fcents recursos:<\/p>\n<ul>\n<li>EINA SELFIE:\u00a0Instrument dissenyat per la Comissi\u00f3 Europea per avaluar la compet\u00e8ncia digital dels estudiants i dels docents en l&#8217;\u00e0mbit de l&#8217;educaci\u00f3. Es tracta d&#8217;una eina en l\u00ednia que&hellip;  <a href=\"https:\/\/agora.xtec.cat\/ceegarbi\/estrategia-digital-de-centre\/estrategia\/diagnosi\/\" title=\"Read Diagnosi\">Llegeix m\u00e9s\u00bb<\/a><br \/>\n","protected":false},"author":1,"featured_media":0,"parent":3181,"menu_order":0,"comment_status":"closed","ping_status":"closed","template":"","meta":{"_bbp_topic_count":0,"_bbp_reply_count":0,"_bbp_total_topic_count":0,"_bbp_total_reply_count":0,"_bbp_voice_count":0,"_bbp_anonymous_reply_count":0,"_bbp_topic_count_hidden":0,"_bbp_reply_count_hidden":0,"_bbp_forum_subforum_count":0,"footnotes":""},"class_list":["post-3173","page","type-page","status-publish","hentry"],"post_mailing_queue_ids":[],"_links":{"self":[{"href":"https:\/\/agora.xtec.cat\/ceegarbi\/wp-json\/wp\/v2\/pages\/3173","targetHints":{"allow":["GET"]}}],"collection":[{"href":"https:\/\/agora.xtec.cat\/ceegarbi\/wp-json\/wp\/v2\/pages"}],"about":[{"href":"https:\/\/agora.xtec.cat\/ceegarbi\/wp-json\/wp\/v2\/types\/page"}],"author":[{"embeddable":true,"href":"https:\/\/agora.xtec.cat\/ceegarbi\/wp-json\/wp\/v2\/users\/1"}],"replies":[{"embeddable":true,"href":"https:\/\/agora.xtec.cat\/ceegarbi\/wp-json\/wp\/v2\/comments?post=3173"}],"version-history":[{"count":2,"href":"https:\/\/agora.xtec.cat\/ceegarbi\/wp-json\/wp\/v2\/pages\/3173\/revisions"}],"predecessor-version":[{"id":3193,"href":"https:\/\/agora.xtec.cat\/ceegarbi\/wp-json\/wp\/v2\/pages\/3173\/revisions\/3193"}],"up":[{"embeddable":true,"href":"https:\/\/agora.xtec.cat\/ceegarbi\/wp-json\/wp\/v2\/pages\/3181"}],"wp:attachment":[{"href":"https:\/\/agora.xtec.cat\/ceegarbi\/wp-json\/wp\/v2\/media?parent=3173"}],"curies":[{"name":"wp","href":"https:\/\/api.w.org\/{rel}","templated":true}]}}