{"id":290,"date":"2017-03-22T11:43:07","date_gmt":"2017-03-22T10:43:07","guid":{"rendered":"http:\/\/agora.xtec.cat\/ceegarbi\/?page_id=290"},"modified":"2023-10-18T10:12:57","modified_gmt":"2023-10-18T08:12:57","slug":"transport","status":"publish","type":"page","link":"https:\/\/agora.xtec.cat\/ceegarbi\/serveis\/transport\/","title":{"rendered":"Transport"},"content":{"rendered":"<p><strong><a href=\"https:\/\/agora.xtec.cat\/ceegarbi\/wp-content\/uploads\/usu730\/2020\/04\/TRANSPORT.jpg\"><img loading=\"lazy\" decoding=\"async\" class=\"alignnone wp-image-834\" src=\"https:\/\/agora.xtec.cat\/ceegarbi\/wp-content\/uploads\/usu730\/2020\/04\/TRANSPORT.jpg\" alt=\"\" width=\"61\" height=\"61\" srcset=\"https:\/\/agora.xtec.cat\/ceegarbi\/wp-content\/uploads\/usu730\/2020\/04\/TRANSPORT.jpg 300w, https:\/\/agora.xtec.cat\/ceegarbi\/wp-content\/uploads\/usu730\/2020\/04\/TRANSPORT-150x150.jpg 150w\" sizes=\"auto, (max-width: 61px) 100vw, 61px\" \/> \u00a0 \u00a0<\/a>TRANSPORT\u00a0\u00a0\u00a0\u00a0 <\/strong><\/p>\n<p>El transport escolar de l&#8217;alumnat obligat a despla\u00e7ar-se del seu municipi est\u00e0 gestionat pel Consell Comarcal del Baix Pened\u00e8s. El tel\u00e8fon de contacte \u00e9s 977668999.<\/p>\n<p>Per l&#8217;alumnat del municipi que necessiti sol\u00b7licitar el transport, cal que es posin en contacte amb la Regidoria d&#8217;Educaci\u00f3 de l&#8217;Ajuntament del Vendrell. El tel\u00e8fon de contacte \u00e9s 977668962.<\/p>\n","protected":false},"excerpt":{"rendered":"<p><a href=\"https:\/\/agora.xtec.cat\/ceegarbi\/wp-content\/uploads\/usu730\/2020\/04\/TRANSPORT.jpg\"> \u00a0 \u00a0<\/a>TRANSPORT\u00a0\u00a0\u00a0\u00a0<br \/>\nEl transport escolar de l&#8217;alumnat obligat a despla\u00e7ar-se del seu municipi est\u00e0 gestionat pel Consell Comarcal del Baix Pened\u00e8s. El tel\u00e8fon de contacte \u00e9s 977668999.<br \/>\nPer l&#8217;alumnat del municipi que necessiti sol\u00b7licitar el transport, cal que es posin en contacte amb la&hellip;  <a href=\"https:\/\/agora.xtec.cat\/ceegarbi\/serveis\/transport\/\" title=\"Read Transport\">Llegeix m\u00e9s\u00bb<\/a><\/p>\n","protected":false},"author":1,"featured_media":0,"parent":34,"menu_order":20,"comment_status":"closed","ping_status":"closed","template":"page-templates\/side-menu.php","meta":{"_bbp_topic_count":0,"_bbp_reply_count":0,"_bbp_total_topic_count":0,"_bbp_total_reply_count":0,"_bbp_voice_count":0,"_bbp_anonymous_reply_count":0,"_bbp_topic_count_hidden":0,"_bbp_reply_count_hidden":0,"_bbp_forum_subforum_count":0,"footnotes":""},"class_list":["post-290","page","type-page","status-publish","hentry"],"post_mailing_queue_ids":[],"_links":{"self":[{"href":"https:\/\/agora.xtec.cat\/ceegarbi\/wp-json\/wp\/v2\/pages\/290","targetHints":{"allow":["GET"]}}],"collection":[{"href":"https:\/\/agora.xtec.cat\/ceegarbi\/wp-json\/wp\/v2\/pages"}],"about":[{"href":"https:\/\/agora.xtec.cat\/ceegarbi\/wp-json\/wp\/v2\/types\/page"}],"author":[{"embeddable":true,"href":"https:\/\/agora.xtec.cat\/ceegarbi\/wp-json\/wp\/v2\/users\/1"}],"replies":[{"embeddable":true,"href":"https:\/\/agora.xtec.cat\/ceegarbi\/wp-json\/wp\/v2\/comments?post=290"}],"version-history":[{"count":6,"href":"https:\/\/agora.xtec.cat\/ceegarbi\/wp-json\/wp\/v2\/pages\/290\/revisions"}],"predecessor-version":[{"id":3498,"href":"https:\/\/agora.xtec.cat\/ceegarbi\/wp-json\/wp\/v2\/pages\/290\/revisions\/3498"}],"up":[{"embeddable":true,"href":"https:\/\/agora.xtec.cat\/ceegarbi\/wp-json\/wp\/v2\/pages\/34"}],"wp:attachment":[{"href":"https:\/\/agora.xtec.cat\/ceegarbi\/wp-json\/wp\/v2\/media?parent=290"}],"curies":[{"name":"wp","href":"https:\/\/api.w.org\/{rel}","templated":true}]}}