{"id":288,"date":"2017-03-22T11:42:41","date_gmt":"2017-03-22T10:42:41","guid":{"rendered":"http:\/\/agora.xtec.cat\/ceegarbi\/?page_id=288"},"modified":"2025-09-25T15:30:35","modified_gmt":"2025-09-25T13:30:35","slug":"menjador","status":"publish","type":"page","link":"https:\/\/agora.xtec.cat\/ceegarbi\/serveis\/menjador\/","title":{"rendered":"Menjador"},"content":{"rendered":"<p><strong><a href=\"https:\/\/agora.xtec.cat\/ceegarbi\/wp-content\/uploads\/usu730\/2020\/04\/MENJADOR.jpg\"><img loading=\"lazy\" decoding=\"async\" class=\"alignnone wp-image-833 \" src=\"https:\/\/agora.xtec.cat\/ceegarbi\/wp-content\/uploads\/usu730\/2020\/04\/MENJADOR-150x150.jpg\" alt=\"\" width=\"61\" height=\"61\" srcset=\"https:\/\/agora.xtec.cat\/ceegarbi\/wp-content\/uploads\/usu730\/2020\/04\/MENJADOR-150x150.jpg 150w, https:\/\/agora.xtec.cat\/ceegarbi\/wp-content\/uploads\/usu730\/2020\/04\/MENJADOR.jpg 300w\" sizes=\"auto, (max-width: 61px) 100vw, 61px\" \/> \u00a0 \u00a0<\/a>MENJADOR ESCOLAR<\/strong><\/p>\n<p>L&#8217;empresa SET I TRIA\/FUNDESPLAI \u00e9s l&#8217;empresa que gestiona el menjador escolar i el monitoratge en aquest tram.<\/p>\n<p>Us enllacem la carta de benvinguda on trobareu tamb\u00e9 l&#8217;enlla\u00e7 per descarregar-vos l&#8217;APP i registrar-vos.<\/p>\n<p>\u00c9s important que feu aquest registre per tal de tenir acc\u00e9s als men\u00fas, autoritzacions, comunicacions generals del servei&#8230;<\/p>\n<p><a href=\"https:\/\/agora.xtec.cat\/ceegarbi\/wp-content\/uploads\/usu730\/2025\/09\/CARTA_Benvinguda-families-Menjador_7ITRIA_633.pdf\" target=\"_blank\" rel=\"noopener\">CARTA BENVINGUDA SET I TRIA\/FUNDESPLAI<\/a><\/p>\n","protected":false},"excerpt":{"rendered":"<p><a href=\"https:\/\/agora.xtec.cat\/ceegarbi\/wp-content\/uploads\/usu730\/2020\/04\/MENJADOR.jpg\"> \u00a0 \u00a0<\/a>MENJADOR ESCOLAR<br \/>\nL&#8217;empresa SET I TRIA\/FUNDESPLAI \u00e9s l&#8217;empresa que gestiona el menjador escolar i el monitoratge en aquest tram.<br \/>\nUs enllacem la carta de benvinguda on trobareu tamb\u00e9 l&#8217;enlla\u00e7 per descarregar-vos l&#8217;APP i registrar-vos.<br \/>\n\u00c9s important que feu aquest registre per tal de tenir acc\u00e9s&hellip;  <a href=\"https:\/\/agora.xtec.cat\/ceegarbi\/serveis\/menjador\/\" title=\"Read Menjador\">Llegeix m\u00e9s\u00bb<\/a><\/p>\n","protected":false},"author":1,"featured_media":0,"parent":34,"menu_order":10,"comment_status":"closed","ping_status":"closed","template":"page-templates\/side-menu.php","meta":{"_bbp_topic_count":0,"_bbp_reply_count":0,"_bbp_total_topic_count":0,"_bbp_total_reply_count":0,"_bbp_voice_count":0,"_bbp_anonymous_reply_count":0,"_bbp_topic_count_hidden":0,"_bbp_reply_count_hidden":0,"_bbp_forum_subforum_count":0,"footnotes":""},"class_list":["post-288","page","type-page","status-publish","hentry"],"post_mailing_queue_ids":[],"_links":{"self":[{"href":"https:\/\/agora.xtec.cat\/ceegarbi\/wp-json\/wp\/v2\/pages\/288","targetHints":{"allow":["GET"]}}],"collection":[{"href":"https:\/\/agora.xtec.cat\/ceegarbi\/wp-json\/wp\/v2\/pages"}],"about":[{"href":"https:\/\/agora.xtec.cat\/ceegarbi\/wp-json\/wp\/v2\/types\/page"}],"author":[{"embeddable":true,"href":"https:\/\/agora.xtec.cat\/ceegarbi\/wp-json\/wp\/v2\/users\/1"}],"replies":[{"embeddable":true,"href":"https:\/\/agora.xtec.cat\/ceegarbi\/wp-json\/wp\/v2\/comments?post=288"}],"version-history":[{"count":6,"href":"https:\/\/agora.xtec.cat\/ceegarbi\/wp-json\/wp\/v2\/pages\/288\/revisions"}],"predecessor-version":[{"id":4734,"href":"https:\/\/agora.xtec.cat\/ceegarbi\/wp-json\/wp\/v2\/pages\/288\/revisions\/4734"}],"up":[{"embeddable":true,"href":"https:\/\/agora.xtec.cat\/ceegarbi\/wp-json\/wp\/v2\/pages\/34"}],"wp:attachment":[{"href":"https:\/\/agora.xtec.cat\/ceegarbi\/wp-json\/wp\/v2\/media?parent=288"}],"curies":[{"name":"wp","href":"https:\/\/api.w.org\/{rel}","templated":true}]}}