{"id":2752,"date":"2022-10-24T14:01:01","date_gmt":"2022-10-24T12:01:01","guid":{"rendered":"https:\/\/agora.xtec.cat\/ceegarbi\/?page_id=2752"},"modified":"2025-10-29T10:16:30","modified_gmt":"2025-10-29T09:16:30","slug":"documents-de-centre","status":"publish","type":"page","link":"https:\/\/agora.xtec.cat\/ceegarbi\/projecte-educatiu\/documents-de-centre\/","title":{"rendered":"Documents de centre"},"content":{"rendered":"<h5><span style=\"color: #ff9900;\">PEC (Projecte Educatiu de Centre)<\/span><\/h5>\n<p><a href=\"https:\/\/agora.xtec.cat\/ceegarbi\/wp-content\/uploads\/usu730\/bp-attachments\/238\/PEC-CEE-Garbi-versi\u00f3-mar\u00e7-2016.pdf\" target=\"_blank\" rel=\"noopener\" data-wp-editing=\"1\"><img loading=\"lazy\" decoding=\"async\" class=\"alignnone wp-image-2753 size-thumbnail\" src=\"https:\/\/agora.xtec.cat\/ceegarbi\/wp-content\/uploads\/usu730\/2022\/10\/pdf-icona-150x150.jpg\" alt=\"\" width=\"150\" height=\"150\" srcset=\"https:\/\/agora.xtec.cat\/ceegarbi\/wp-content\/uploads\/usu730\/2022\/10\/pdf-icona-150x150.jpg 150w, https:\/\/agora.xtec.cat\/ceegarbi\/wp-content\/uploads\/usu730\/2022\/10\/pdf-icona.jpg 225w\" sizes=\"auto, (max-width: 150px) 100vw, 150px\" \/>PEC<\/a><\/p>\n<h5><span style=\"color: #ff9900;\">NOFC (Normes d&#8217;Organitzaci\u00f3 i Funcionament de Centre)<\/span><\/h5>\n<p data-wp-editing=\"1\"><a href=\"https:\/\/agora.xtec.cat\/ceegarbi\/wp-content\/uploads\/usu730\/2022\/03\/NOFC-gener-2022-i-index.pdf\" target=\"_blank\" rel=\"noopener\"><img loading=\"lazy\" decoding=\"async\" class=\"alignnone wp-image-2753 size-thumbnail\" src=\"https:\/\/agora.xtec.cat\/ceegarbi\/wp-content\/uploads\/usu730\/2022\/10\/pdf-icona-150x150.jpg\" alt=\"\" width=\"150\" height=\"150\" srcset=\"https:\/\/agora.xtec.cat\/ceegarbi\/wp-content\/uploads\/usu730\/2022\/10\/pdf-icona-150x150.jpg 150w, https:\/\/agora.xtec.cat\/ceegarbi\/wp-content\/uploads\/usu730\/2022\/10\/pdf-icona.jpg 225w\" sizes=\"auto, (max-width: 150px) 100vw, 150px\" \/> \u00a0<\/a><a href=\"https:\/\/agora.xtec.cat\/ceegarbi\/wp-content\/uploads\/usu730\/2024\/12\/NOFC-desembre-2024.pdf\" target=\"_blank\" rel=\"noopener\">NOFC<\/a><\/p>\n<h5><span style=\"color: #ff9900;\">PGA (Programaci\u00f3 General Anual)<\/span><\/h5>\n<p><a href=\"https:\/\/agora.xtec.cat\/ceegarbi\/wp-content\/uploads\/usu730\/2024\/12\/PGA-24-25_nodes.pdf\" target=\"_blank\" rel=\"noopener\"><img loading=\"lazy\" decoding=\"async\" class=\"alignnone wp-image-2753\" src=\"https:\/\/agora.xtec.cat\/ceegarbi\/wp-content\/uploads\/usu730\/2022\/10\/pdf-icona-150x150.jpg\" alt=\"\" width=\"150\" height=\"150\" srcset=\"https:\/\/agora.xtec.cat\/ceegarbi\/wp-content\/uploads\/usu730\/2022\/10\/pdf-icona-150x150.jpg 150w, https:\/\/agora.xtec.cat\/ceegarbi\/wp-content\/uploads\/usu730\/2022\/10\/pdf-icona.jpg 225w\" sizes=\"auto, (max-width: 150px) 100vw, 150px\" \/><\/a><a href=\"https:\/\/agora.xtec.cat\/ceegarbi\/wp-content\/uploads\/usu730\/2025\/10\/PGA-25-26_nodes.pdf\" target=\"_blank\" rel=\"noopener\">PGA 25-26<\/a><\/p>\n<h5><span style=\"color: #ff9900;\">MEM\u00d2RIA ANUAL<\/span><\/h5>\n<p><a href=\"https:\/\/agora.xtec.cat\/ceegarbi\/wp-content\/uploads\/usu730\/2022\/12\/PGA-22-23_Inicials.pdf\" target=\"_blank\" rel=\"noopener\">\u00a0 <\/a><a href=\"https:\/\/agora.xtec.cat\/ceegarbi\/wp-content\/uploads\/usu730\/2024\/12\/MA-2023-2024_nodes.pdf\" target=\"_blank\" rel=\"noopener\"><img loading=\"lazy\" decoding=\"async\" class=\"alignnone wp-image-2753\" src=\"https:\/\/agora.xtec.cat\/ceegarbi\/wp-content\/uploads\/usu730\/2022\/10\/pdf-icona-150x150.jpg\" alt=\"\" width=\"150\" height=\"150\" srcset=\"https:\/\/agora.xtec.cat\/ceegarbi\/wp-content\/uploads\/usu730\/2022\/10\/pdf-icona-150x150.jpg 150w, https:\/\/agora.xtec.cat\/ceegarbi\/wp-content\/uploads\/usu730\/2022\/10\/pdf-icona.jpg 225w\" sizes=\"auto, (max-width: 150px) 100vw, 150px\" \/><\/a><a href=\"https:\/\/agora.xtec.cat\/ceegarbi\/wp-content\/uploads\/usu730\/2025\/10\/MA-2024-2025_nodes.pdf\" target=\"_blank\" rel=\"noopener\">MEM\u00d2RIA ANUAL 2024-25<\/a><\/p>\n<h5><span style=\"color: #ff9900;\">PROJECTE LING\u00dc\u00cdSTIC<\/span><\/h5>\n<p><a href=\"https:\/\/agora.xtec.cat\/ceegarbi\/wp-content\/uploads\/usu730\/2020\/01\/PROJECTE-LING\u00dc\u00cdSTIC-EN-REVISI\u00d3.pdf\"><img loading=\"lazy\" decoding=\"async\" class=\"alignnone wp-image-2753 size-thumbnail\" src=\"https:\/\/agora.xtec.cat\/ceegarbi\/wp-content\/uploads\/usu730\/2022\/10\/pdf-icona-150x150.jpg\" alt=\"\" width=\"150\" height=\"150\" srcset=\"https:\/\/agora.xtec.cat\/ceegarbi\/wp-content\/uploads\/usu730\/2022\/10\/pdf-icona-150x150.jpg 150w, https:\/\/agora.xtec.cat\/ceegarbi\/wp-content\/uploads\/usu730\/2022\/10\/pdf-icona.jpg 225w\" sizes=\"auto, (max-width: 150px) 100vw, 150px\" \/> PROJECTE LING\u00dc\u00cdSTIC (EN REVISI\u00d3)<\/a><\/p>\n<h5><span style=\"color: #ff9900;\">CARTA DE COMPROM\u00cdS<\/span><\/h5>\n<p><a href=\"https:\/\/agora.xtec.cat\/ceegarbi\/wp-content\/uploads\/usu730\/2023\/03\/CARTA-DE-COMPROMIS-GARBI.pdf\" target=\"_blank\" rel=\"noopener\"><img loading=\"lazy\" decoding=\"async\" class=\"alignnone wp-image-2753 size-thumbnail\" src=\"https:\/\/agora.xtec.cat\/ceegarbi\/wp-content\/uploads\/usu730\/2022\/10\/pdf-icona-150x150.jpg\" alt=\"\" width=\"150\" height=\"150\" srcset=\"https:\/\/agora.xtec.cat\/ceegarbi\/wp-content\/uploads\/usu730\/2022\/10\/pdf-icona-150x150.jpg 150w, https:\/\/agora.xtec.cat\/ceegarbi\/wp-content\/uploads\/usu730\/2022\/10\/pdf-icona.jpg 225w\" sizes=\"auto, (max-width: 150px) 100vw, 150px\" \/> <\/a><a href=\"https:\/\/agora.xtec.cat\/ceegarbi\/wp-content\/uploads\/usu730\/2023\/03\/CARTA-DE-COMPROMIS-GARBI.pdf\" target=\"_blank\" rel=\"noopener\">CARTA DE COMPROM\u00cdS<\/a><\/p>\n<h5><span style=\"color: #ff9900;\">ACORDS DEL CEC (Consell Escolar de Centre)<\/span><\/h5>\n<p>Podeu mirar els acords del CEC en el seg\u00fcent <a href=\"https:\/\/agora.xtec.cat\/ceegarbi\/projecte-educatiu\/acords-cec\/\">enlla\u00e7<\/a>.<\/p>\n<p>&nbsp;<\/p>\n","protected":false},"excerpt":{"rendered":"<p>PEC (Projecte Educatiu de Centre)<br \/>\n<a href=\"https:\/\/agora.xtec.cat\/ceegarbi\/wp-content\/uploads\/usu730\/bp-attachments\/238\/PEC-CEE-Garbi-versi\u00f3-mar\u00e7-2016.pdf\" target=\"_blank\" rel=\"noopener\" data-wp-editing=\"1\">PEC<\/a><br \/>\nNOFC (Normes d&#8217;Organitzaci\u00f3 i Funcionament de Centre)<br \/>\n<a href=\"https:\/\/agora.xtec.cat\/ceegarbi\/wp-content\/uploads\/usu730\/2022\/03\/NOFC-gener-2022-i-index.pdf\" target=\"_blank\" rel=\"noopener\"> \u00a0<\/a><a href=\"https:\/\/agora.xtec.cat\/ceegarbi\/wp-content\/uploads\/usu730\/2024\/12\/NOFC-desembre-2024.pdf\" target=\"_blank\" rel=\"noopener\">NOFC<\/a><br \/>\nPGA (Programaci\u00f3 General Anual)<br \/>\n<a href=\"https:\/\/agora.xtec.cat\/ceegarbi\/wp-content\/uploads\/usu730\/2024\/12\/PGA-24-25_nodes.pdf\" target=\"_blank\" rel=\"noopener\"><\/a><a href=\"https:\/\/agora.xtec.cat\/ceegarbi\/wp-content\/uploads\/usu730\/2025\/10\/PGA-25-26_nodes.pdf\" target=\"_blank\" rel=\"noopener\">PGA 25-26<\/a><br \/>\nMEM\u00d2RIA ANUAL<br \/>\n<a href=\"https:\/\/agora.xtec.cat\/ceegarbi\/wp-content\/uploads\/usu730\/2022\/12\/PGA-22-23_Inicials.pdf\" target=\"_blank\" rel=\"noopener\">\u00a0 <\/a><a href=\"https:\/\/agora.xtec.cat\/ceegarbi\/wp-content\/uploads\/usu730\/2024\/12\/MA-2023-2024_nodes.pdf\" target=\"_blank\" rel=\"noopener\"><\/a><a href=\"https:\/\/agora.xtec.cat\/ceegarbi\/wp-content\/uploads\/usu730\/2025\/10\/MA-2024-2025_nodes.pdf\" target=\"_blank\" rel=\"noopener\">MEM\u00d2RIA ANUAL 2024-25<\/a><br \/>\nPROJECTE&hellip;  <a href=\"https:\/\/agora.xtec.cat\/ceegarbi\/projecte-educatiu\/documents-de-centre\/\" title=\"Read Documents de centre\">Llegeix m\u00e9s\u00bb<\/a><\/p>\n","protected":false},"author":1,"featured_media":0,"parent":64,"menu_order":0,"comment_status":"closed","ping_status":"closed","template":"","meta":{"_bbp_topic_count":0,"_bbp_reply_count":0,"_bbp_total_topic_count":0,"_bbp_total_reply_count":0,"_bbp_voice_count":0,"_bbp_anonymous_reply_count":0,"_bbp_topic_count_hidden":0,"_bbp_reply_count_hidden":0,"_bbp_forum_subforum_count":0,"footnotes":""},"class_list":["post-2752","page","type-page","status-publish","hentry"],"post_mailing_queue_ids":[],"_links":{"self":[{"href":"https:\/\/agora.xtec.cat\/ceegarbi\/wp-json\/wp\/v2\/pages\/2752","targetHints":{"allow":["GET"]}}],"collection":[{"href":"https:\/\/agora.xtec.cat\/ceegarbi\/wp-json\/wp\/v2\/pages"}],"about":[{"href":"https:\/\/agora.xtec.cat\/ceegarbi\/wp-json\/wp\/v2\/types\/page"}],"author":[{"embeddable":true,"href":"https:\/\/agora.xtec.cat\/ceegarbi\/wp-json\/wp\/v2\/users\/1"}],"replies":[{"embeddable":true,"href":"https:\/\/agora.xtec.cat\/ceegarbi\/wp-json\/wp\/v2\/comments?post=2752"}],"version-history":[{"count":6,"href":"https:\/\/agora.xtec.cat\/ceegarbi\/wp-json\/wp\/v2\/pages\/2752\/revisions"}],"predecessor-version":[{"id":4797,"href":"https:\/\/agora.xtec.cat\/ceegarbi\/wp-json\/wp\/v2\/pages\/2752\/revisions\/4797"}],"up":[{"embeddable":true,"href":"https:\/\/agora.xtec.cat\/ceegarbi\/wp-json\/wp\/v2\/pages\/64"}],"wp:attachment":[{"href":"https:\/\/agora.xtec.cat\/ceegarbi\/wp-json\/wp\/v2\/media?parent=2752"}],"curies":[{"name":"wp","href":"https:\/\/api.w.org\/{rel}","templated":true}]}}