{"id":1481,"date":"2020-12-18T07:37:30","date_gmt":"2020-12-18T06:37:30","guid":{"rendered":"http:\/\/agora.xtec.cat\/ceegarbi\/?page_id=1481"},"modified":"2021-11-10T22:37:25","modified_gmt":"2021-11-10T21:37:25","slug":"escoles-verdes","status":"publish","type":"page","link":"https:\/\/agora.xtec.cat\/ceegarbi\/projecte-educatiu\/projectes-de-centre\/escoles-verdes\/","title":{"rendered":"Escoles Verdes"},"content":{"rendered":"<p>Des de fa anys l&#8217;Escola Garb\u00ed est\u00e0 dins la Xarxa d&#8217;Escoles Verdes de la Generalitat de Catalunya.<br \/>\nA continuaci\u00f3 us mostrem el diploma que ens correspon per ser membre del XESC (Xarxa d&#8217;escoles per la sostenibilitat de Catalunya):<\/p>\n<p><a href=\"https:\/\/agora.xtec.cat\/ceegarbi\/wp-content\/uploads\/usu730\/2020\/12\/Diploma-Escoles-Verdes-2020-2025.jpg\"><img loading=\"lazy\" decoding=\"async\" class=\"wp-image-1486 aligncenter\" src=\"https:\/\/agora.xtec.cat\/ceegarbi\/wp-content\/uploads\/usu730\/2020\/12\/Diploma-Escoles-Verdes-2020-2025.jpg\" alt=\"\" width=\"551\" height=\"390\" srcset=\"https:\/\/agora.xtec.cat\/ceegarbi\/wp-content\/uploads\/usu730\/2020\/12\/Diploma-Escoles-Verdes-2020-2025.jpg 3508w, https:\/\/agora.xtec.cat\/ceegarbi\/wp-content\/uploads\/usu730\/2020\/12\/Diploma-Escoles-Verdes-2020-2025-300x212.jpg 300w, https:\/\/agora.xtec.cat\/ceegarbi\/wp-content\/uploads\/usu730\/2020\/12\/Diploma-Escoles-Verdes-2020-2025-768x543.jpg 768w, https:\/\/agora.xtec.cat\/ceegarbi\/wp-content\/uploads\/usu730\/2020\/12\/Diploma-Escoles-Verdes-2020-2025-1024x724.jpg 1024w\" sizes=\"auto, (max-width: 551px) 100vw, 551px\" \/><\/a><\/p>\n<p>I tamb\u00e9 us adjutem el PES (Pla d&#8217;Educaci\u00f3 per la Sostenibilitat) que t\u00e9 vig\u00e8ncia fins l&#8217;any 2025:<\/p>\n<p><a href=\"https:\/\/agora.xtec.cat\/ceegarbi\/wp-content\/uploads\/usu730\/2020\/12\/2020_juny_PES_-CEE_Garbi.pdf\" target=\"_blank\" rel=\"noopener noreferrer\">PES 2020-2025<\/a><\/p>\n","protected":false},"excerpt":{"rendered":"<p>Des de fa anys l&#8217;Escola Garb\u00ed est\u00e0 dins la Xarxa d&#8217;Escoles Verdes de la Generalitat de Catalunya.<br \/>\nA continuaci\u00f3 us mostrem el diploma que ens correspon per ser membre del XESC (Xarxa d&#8217;escoles per la sostenibilitat de Catalunya):<br \/>\n<a href=\"https:\/\/agora.xtec.cat\/ceegarbi\/wp-content\/uploads\/usu730\/2020\/12\/Diploma-Escoles-Verdes-2020-2025.jpg\"><\/a><br \/>\nI tamb\u00e9 us adjutem el PES (Pla d&#8217;Educaci\u00f3&hellip;  <a href=\"https:\/\/agora.xtec.cat\/ceegarbi\/projecte-educatiu\/projectes-de-centre\/escoles-verdes\/\" title=\"Read Escoles Verdes\">Llegeix m\u00e9s\u00bb<\/a><\/p>\n","protected":false},"author":1,"featured_media":0,"parent":84,"menu_order":0,"comment_status":"closed","ping_status":"closed","template":"page-templates\/side-menu.php","meta":{"_bbp_topic_count":0,"_bbp_reply_count":0,"_bbp_total_topic_count":0,"_bbp_total_reply_count":0,"_bbp_voice_count":0,"_bbp_anonymous_reply_count":0,"_bbp_topic_count_hidden":0,"_bbp_reply_count_hidden":0,"_bbp_forum_subforum_count":0,"footnotes":""},"class_list":["post-1481","page","type-page","status-publish","hentry"],"post_mailing_queue_ids":[],"_links":{"self":[{"href":"https:\/\/agora.xtec.cat\/ceegarbi\/wp-json\/wp\/v2\/pages\/1481","targetHints":{"allow":["GET"]}}],"collection":[{"href":"https:\/\/agora.xtec.cat\/ceegarbi\/wp-json\/wp\/v2\/pages"}],"about":[{"href":"https:\/\/agora.xtec.cat\/ceegarbi\/wp-json\/wp\/v2\/types\/page"}],"author":[{"embeddable":true,"href":"https:\/\/agora.xtec.cat\/ceegarbi\/wp-json\/wp\/v2\/users\/1"}],"replies":[{"embeddable":true,"href":"https:\/\/agora.xtec.cat\/ceegarbi\/wp-json\/wp\/v2\/comments?post=1481"}],"version-history":[{"count":3,"href":"https:\/\/agora.xtec.cat\/ceegarbi\/wp-json\/wp\/v2\/pages\/1481\/revisions"}],"predecessor-version":[{"id":1490,"href":"https:\/\/agora.xtec.cat\/ceegarbi\/wp-json\/wp\/v2\/pages\/1481\/revisions\/1490"}],"up":[{"embeddable":true,"href":"https:\/\/agora.xtec.cat\/ceegarbi\/wp-json\/wp\/v2\/pages\/84"}],"wp:attachment":[{"href":"https:\/\/agora.xtec.cat\/ceegarbi\/wp-json\/wp\/v2\/media?parent=1481"}],"curies":[{"name":"wp","href":"https:\/\/api.w.org\/{rel}","templated":true}]}}