{"id":1351,"date":"2020-10-07T11:23:15","date_gmt":"2020-10-07T09:23:15","guid":{"rendered":"http:\/\/agora.xtec.cat\/ceegarbi\/?page_id=1351"},"modified":"2025-09-25T11:32:56","modified_gmt":"2025-09-25T09:32:56","slug":"secretaria","status":"publish","type":"page","link":"https:\/\/agora.xtec.cat\/ceegarbi\/secretaria\/","title":{"rendered":"Secretaria"},"content":{"rendered":"<h3><strong><span style=\"color: #ff6600;\">MATR\u00cdCULA\u00a0<\/span><\/strong><\/h3>\n<p>La documentaci\u00f3 que cal presentar per tal de formalitzar la inscripci\u00f3 \u00e9s la seg\u00fcent:<\/p>\n<ul>\n<li>DNI o NIE del pare, mare o tutor\/a legal.<\/li>\n<li>DNI o NIE de l&#8217;alumne\/a.<\/li>\n<li>Llibre de fam\u00edlia (p\u00e0g. matrimoni i naixement de l&#8217;alumne) o certificat electr\u00f2nic de naixement o resoluci\u00f3 d&#8217;acolliment.<\/li>\n<li>Targeta sanit\u00e0ria.<\/li>\n<li>Carnet de vacunes o certificat m\u00e8dic oficial.<\/li>\n<li>Carnet de fam\u00edlia nombrosa o monoparental.<\/li>\n<li>Certificat de discapacitat.<\/li>\n<\/ul>\n<p>ALTRA DOCUMENTACI\u00d3 D&#8217;INTER\u00c8S<\/p>\n<ul>\n<li>Informes m\u00e8dics i\/o informes pedag\u00f2gics.<\/li>\n<li>Resoluci\u00f3 de la llei de la depend\u00e8ncia.<\/li>\n<li>Resolucions judicials de tutela o cust\u00f2dia.<\/li>\n<\/ul>\n<p>&nbsp;<\/p>\n<h3><span style=\"color: #ff6600;\"><strong>AUTORITZACIONS<\/strong><\/span><\/h3>\n<table style=\"width: 60.5744%; height: 310px;\">\n<tbody>\n<tr style=\"height: 31px;\">\n<td style=\"width: 48px; height: 31px;\"><a href=\"https:\/\/agora.xtec.cat\/ceegarbi\/wp-content\/uploads\/usu730\/2023\/10\/Atencio-en-cas-daccident-alumnes.pdf\" target=\"_blank\" rel=\"noopener\">PDF<\/a><\/td>\n<td style=\"width: 632px; height: 31px;\">ATENCI\u00d3 EN CAS D&#8217;ACCIDENT ALUMNES<\/td>\n<\/tr>\n<tr style=\"height: 31px;\">\n<td style=\"width: 48px; height: 31px;\"><a href=\"https:\/\/agora.xtec.cat\/ceegarbi\/wp-content\/uploads\/usu730\/2020\/10\/Autoritzaci\u00f3-aliment\u00e0ria.pdf\" target=\"_blank\" rel=\"noopener noreferrer\">PDF<\/a><\/td>\n<td style=\"width: 632px; height: 31px;\">AUTORITZACI\u00d3 ALIMENT\u00c0RIA<\/td>\n<\/tr>\n<tr style=\"height: 31px;\">\n<td style=\"width: 48px; height: 31px;\"><a href=\"https:\/\/agora.xtec.cat\/ceegarbi\/wp-content\/uploads\/usu730\/2020\/10\/Autoritzaci\u00f3-presa-medicaci\u00f3-horari-escolar.pdf\" target=\"_blank\" rel=\"noopener\">PDF<\/a><\/td>\n<td style=\"width: 632px; height: 31px;\">AUTORITZACI\u00d3 PRESA DE MEDICACI\u00d3 EN HORARI ESCOLAR<\/td>\n<\/tr>\n<tr style=\"height: 31px;\">\n<td style=\"width: 48px; height: 31px;\"><a href=\"https:\/\/agora.xtec.cat\/ceegarbi\/wp-content\/uploads\/usu730\/2020\/10\/Autoritzaci\u00f3-recollida-.pdf\" target=\"_blank\" rel=\"noopener noreferrer\">PDF<\/a><\/td>\n<td style=\"width: 632px; height: 31px;\">AUTORITZACI\u00d3 RECOLLIDA<\/td>\n<\/tr>\n<tr style=\"height: 31px;\">\n<td style=\"width: 48px; height: 31px;\"><a href=\"https:\/\/agora.xtec.cat\/ceegarbi\/wp-content\/uploads\/usu730\/2020\/10\/Autoritzaci\u00f3-sortides-escolars.pdf\" target=\"_blank\" rel=\"noopener noreferrer\">PDF<\/a><\/td>\n<td style=\"width: 632px; height: 31px;\">AUTORITZACI\u00d3 SORTIDES ESCOLARS<\/td>\n<\/tr>\n<tr style=\"height: 31px;\">\n<td style=\"width: 48px; height: 31px;\"><a href=\"https:\/\/agora.xtec.cat\/ceegarbi\/wp-content\/uploads\/usu730\/2023\/06\/Drets-imatge.pdf\" target=\"_blank\" rel=\"noopener noreferrer\">PDF<\/a><\/td>\n<td style=\"width: 632px; height: 31px;\">DRETS D&#8217;IMATGE<\/td>\n<\/tr>\n<\/tbody>\n<\/table>\n<p>&nbsp;<\/p>\n<p>&nbsp;<\/p>\n","protected":false},"excerpt":{"rendered":"<p>MATR\u00cdCULA\u00a0<br \/>\nLa documentaci\u00f3 que cal presentar per tal de formalitzar la inscripci\u00f3 \u00e9s la seg\u00fcent:<\/p>\n<ul>\n<li>DNI o NIE del pare, mare o tutor\/a legal.<\/li>\n<li>DNI o NIE de l&#8217;alumne\/a.<\/li>\n<li>Llibre de fam\u00edlia (p\u00e0g. matrimoni i naixement de l&#8217;alumne) o certificat electr\u00f2nic de naixement o resoluci\u00f3 d&#8217;acolliment.<\/li>\n<li>Targeta sanit\u00e0ria.<\/li>\n<li>Carnet de vacunes&hellip;  <a href=\"https:\/\/agora.xtec.cat\/ceegarbi\/secretaria\/\" title=\"Read Secretaria\">Llegeix m\u00e9s\u00bb<\/a><br \/>\n","protected":false},"author":1,"featured_media":0,"parent":0,"menu_order":0,"comment_status":"closed","ping_status":"closed","template":"","meta":{"_bbp_topic_count":0,"_bbp_reply_count":0,"_bbp_total_topic_count":0,"_bbp_total_reply_count":0,"_bbp_voice_count":0,"_bbp_anonymous_reply_count":0,"_bbp_topic_count_hidden":0,"_bbp_reply_count_hidden":0,"_bbp_forum_subforum_count":0,"footnotes":""},"class_list":["post-1351","page","type-page","status-publish","hentry"],"post_mailing_queue_ids":[],"_links":{"self":[{"href":"https:\/\/agora.xtec.cat\/ceegarbi\/wp-json\/wp\/v2\/pages\/1351","targetHints":{"allow":["GET"]}}],"collection":[{"href":"https:\/\/agora.xtec.cat\/ceegarbi\/wp-json\/wp\/v2\/pages"}],"about":[{"href":"https:\/\/agora.xtec.cat\/ceegarbi\/wp-json\/wp\/v2\/types\/page"}],"author":[{"embeddable":true,"href":"https:\/\/agora.xtec.cat\/ceegarbi\/wp-json\/wp\/v2\/users\/1"}],"replies":[{"embeddable":true,"href":"https:\/\/agora.xtec.cat\/ceegarbi\/wp-json\/wp\/v2\/comments?post=1351"}],"version-history":[{"count":6,"href":"https:\/\/agora.xtec.cat\/ceegarbi\/wp-json\/wp\/v2\/pages\/1351\/revisions"}],"predecessor-version":[{"id":4731,"href":"https:\/\/agora.xtec.cat\/ceegarbi\/wp-json\/wp\/v2\/pages\/1351\/revisions\/4731"}],"wp:attachment":[{"href":"https:\/\/agora.xtec.cat\/ceegarbi\/wp-json\/wp\/v2\/media?parent=1351"}],"curies":[{"name":"wp","href":"https:\/\/api.w.org\/{rel}","templated":true}]}}