{"id":1039,"date":"2020-04-30T09:52:39","date_gmt":"2020-04-30T07:52:39","guid":{"rendered":"http:\/\/agora.xtec.cat\/ceegarbi\/?page_id=1039"},"modified":"2021-04-07T11:30:49","modified_gmt":"2021-04-07T09:30:49","slug":"recursos-externs","status":"publish","type":"page","link":"https:\/\/agora.xtec.cat\/ceegarbi\/enllacos-web-recomanats\/recursos-externs\/","title":{"rendered":"Recursos Externs"},"content":{"rendered":"<p>Us deixem una s\u00e8rie d&#8217;enlla\u00e7os a p\u00e0gines web que poden ser del vostre inter\u00e8s:<\/p>\n<p><a href=\"https:\/\/www.symbaloo.com\/mix\/cee-garbi\" target=\"_blank\" rel=\"noopener noreferrer\">SYMBALOO<\/a><\/p>\n<p>\u200b<\/p>\n<table class=\" aligncenter\" style=\"height: 440px; border-style: solid; width: 707px;\" width=\"649\">\n<tbody>\n<tr>\n<td style=\"width: 200px;\">\n<p><figure class=\"figure wp-caption aligncenter\"><a href=\"https:\/\/www.ccma.cat\/tv3\/super3\/una-ma-de-contes\/\" target=\"_blank\" rel=\"noopener noreferrer\"><img loading=\"lazy\" decoding=\"async\" class=\"wp-image-715\" src=\"https:\/\/agora.xtec.cat\/ceegarbi\/wp-content\/uploads\/usu730\/2020\/03\/Una-m\u00e0-de-contes-e1588232690661-300x291.jpg\" alt=\"\" width=\"163\" height=\"158\" srcset=\"https:\/\/agora.xtec.cat\/ceegarbi\/wp-content\/uploads\/usu730\/2020\/03\/Una-m\u00e0-de-contes-e1588232690661-300x291.jpg 300w, https:\/\/agora.xtec.cat\/ceegarbi\/wp-content\/uploads\/usu730\/2020\/03\/Una-m\u00e0-de-contes-e1588232690661-768x746.jpg 768w, https:\/\/agora.xtec.cat\/ceegarbi\/wp-content\/uploads\/usu730\/2020\/03\/Una-m\u00e0-de-contes-e1588232690661.jpg 913w\" sizes=\"auto, (max-width: 163px) 100vw, 163px\" \/><\/a><figcaption class=\"wp-caption-text\">UN M\u00c0 DE CONTES<\/figcaption><\/figure><\/td>\n<td style=\"width: 207.2px;\">\n<p><figure class=\"figure wp-caption aligncenter\"><a href=\"https:\/\/www.ccma.cat\/tv3\/super3\/\" target=\"_blank\" rel=\"noopener noreferrer\"><img loading=\"lazy\" decoding=\"async\" class=\"wp-image-714\" src=\"https:\/\/agora.xtec.cat\/ceegarbi\/wp-content\/uploads\/usu730\/2020\/03\/super3-e1588232281556-300x235.jpg\" alt=\"\" width=\"187\" height=\"147\" srcset=\"https:\/\/agora.xtec.cat\/ceegarbi\/wp-content\/uploads\/usu730\/2020\/03\/super3-e1588232281556-300x235.jpg 300w, https:\/\/agora.xtec.cat\/ceegarbi\/wp-content\/uploads\/usu730\/2020\/03\/super3-e1588232281556.jpg 762w\" sizes=\"auto, (max-width: 187px) 100vw, 187px\" \/><\/a><figcaption class=\"wp-caption-text\">SUPER3<\/figcaption><\/figure><\/td>\n<td style=\"width: 295.2px;\">\n<p><figure class=\"figure wp-caption aligncenter\"><a href=\"https:\/\/www.ccma.cat\/tv3\/super3\/infok\/\" target=\"_blank\" rel=\"noopener noreferrer\"><img loading=\"lazy\" decoding=\"async\" class=\"wp-image-713\" src=\"https:\/\/agora.xtec.cat\/ceegarbi\/wp-content\/uploads\/usu730\/2020\/03\/INFOK-e1588232303205-300x282.jpg\" alt=\"\" width=\"150\" height=\"141\" srcset=\"https:\/\/agora.xtec.cat\/ceegarbi\/wp-content\/uploads\/usu730\/2020\/03\/INFOK-e1588232303205-300x282.jpg 300w, https:\/\/agora.xtec.cat\/ceegarbi\/wp-content\/uploads\/usu730\/2020\/03\/INFOK-e1588232303205.jpg 366w\" sizes=\"auto, (max-width: 150px) 100vw, 150px\" \/><\/a><figcaption class=\"wp-caption-text\">INFOK<\/figcaption><\/figure><\/td>\n<\/tr>\n<tr>\n<td style=\"width: 200px;\">\n<p><figure class=\"figure wp-caption aligncenter\"><a href=\"https:\/\/www.juegosinfantilespum.com\/\" target=\"_blank\" rel=\"noopener noreferrer\"><img loading=\"lazy\" decoding=\"async\" class=\"wp-image-695\" src=\"https:\/\/agora.xtec.cat\/ceegarbi\/wp-content\/uploads\/usu730\/2020\/03\/juegospum.jpg\" alt=\"\" width=\"180\" height=\"181\" srcset=\"https:\/\/agora.xtec.cat\/ceegarbi\/wp-content\/uploads\/usu730\/2020\/03\/juegospum.jpg 225w, https:\/\/agora.xtec.cat\/ceegarbi\/wp-content\/uploads\/usu730\/2020\/03\/juegospum-150x150.jpg 150w\" sizes=\"auto, (max-width: 180px) 100vw, 180px\" \/><\/a><figcaption class=\"wp-caption-text\">JUEGOS INFANTILES PUM<\/figcaption><\/figure><\/td>\n<td style=\"width: 207.2px;\">\n<p><figure class=\"figure wp-caption aligncenter\"><a href=\"http:\/\/www.ceip-diputacio.com\/la%20motxilla.htm\" target=\"_blank\" rel=\"noopener noreferrer\"><img loading=\"lazy\" decoding=\"async\" class=\"wp-image-694\" src=\"https:\/\/agora.xtec.cat\/ceegarbi\/wp-content\/uploads\/usu730\/2020\/03\/motxilla.jpg\" alt=\"\" width=\"157\" height=\"181\" \/><\/a><figcaption class=\"wp-caption-text\">LA MOTXILLA<\/figcaption><\/figure><\/td>\n<td style=\"width: 295.2px;\">\n<p><figure class=\"figure wp-caption aligncenter\"><a href=\"http:\/\/www.edu365.cat\/\" target=\"_blank\" rel=\"noopener noreferrer\"><img loading=\"lazy\" decoding=\"async\" class=\"wp-image-686 size-full\" src=\"https:\/\/agora.xtec.cat\/ceegarbi\/wp-content\/uploads\/usu730\/2020\/03\/edu365-e1585239329366.png\" alt=\"\" width=\"275\" height=\"183\" \/><\/a><figcaption class=\"wp-caption-text\">EDU365<\/figcaption><\/figure><\/td>\n<\/tr>\n<\/tbody>\n<\/table>\n","protected":false},"excerpt":{"rendered":"<p>Us deixem una s\u00e8rie d&#8217;enlla\u00e7os a p\u00e0gines web que poden ser del vostre inter\u00e8s:<br \/>\n<a href=\"https:\/\/www.symbaloo.com\/mix\/cee-garbi\" target=\"_blank\" rel=\"noopener noreferrer\">SYMBALOO<\/a><br \/>\n\u200b<\/p>\n<p><a href=\"https:\/\/www.ccma.cat\/tv3\/super3\/una-ma-de-contes\/\" target=\"_blank\" rel=\"noopener noreferrer\"><\/a>UN M\u00c0 DE CONTES<\/p>\n<p><a href=\"https:\/\/www.ccma.cat\/tv3\/super3\/\" target=\"_blank\" rel=\"noopener noreferrer\"><\/a>SUPER3<\/p>\n<p><a href=\"https:\/\/www.ccma.cat\/tv3\/super3\/infok\/\" target=\"_blank\" rel=\"noopener noreferrer\"><\/a>INFOK<\/p>\n<p><a href=\"https:\/\/www.juegosinfantilespum.com\/\" target=\"_blank\" rel=\"noopener noreferrer\"><\/a>JUEGOS INFANTILES PUM<\/p>\n<p><a href=\"http:\/\/www.ceip-diputacio.com\/la%20motxilla.htm\" target=\"_blank\" rel=\"noopener noreferrer\"><\/a>LA MOTXILLA<\/p>\n<p><a href=\"http:\/\/www.edu365.cat\/\"&hellip;  <a href=\"https:\/\/agora.xtec.cat\/ceegarbi\/enllacos-web-recomanats\/recursos-externs\/\" title=\"Read Recursos Externs\">Llegeix m\u00e9s\u00bb<\/a><\/p>\n","protected":false},"author":1,"featured_media":0,"parent":1029,"menu_order":0,"comment_status":"closed","ping_status":"closed","template":"page-templates\/side-menu.php","meta":{"_bbp_topic_count":0,"_bbp_reply_count":0,"_bbp_total_topic_count":0,"_bbp_total_reply_count":0,"_bbp_voice_count":0,"_bbp_anonymous_reply_count":0,"_bbp_topic_count_hidden":0,"_bbp_reply_count_hidden":0,"_bbp_forum_subforum_count":0,"footnotes":""},"class_list":["post-1039","page","type-page","status-publish","hentry"],"post_mailing_queue_ids":[],"_links":{"self":[{"href":"https:\/\/agora.xtec.cat\/ceegarbi\/wp-json\/wp\/v2\/pages\/1039","targetHints":{"allow":["GET"]}}],"collection":[{"href":"https:\/\/agora.xtec.cat\/ceegarbi\/wp-json\/wp\/v2\/pages"}],"about":[{"href":"https:\/\/agora.xtec.cat\/ceegarbi\/wp-json\/wp\/v2\/types\/page"}],"author":[{"embeddable":true,"href":"https:\/\/agora.xtec.cat\/ceegarbi\/wp-json\/wp\/v2\/users\/1"}],"replies":[{"embeddable":true,"href":"https:\/\/agora.xtec.cat\/ceegarbi\/wp-json\/wp\/v2\/comments?post=1039"}],"version-history":[{"count":3,"href":"https:\/\/agora.xtec.cat\/ceegarbi\/wp-json\/wp\/v2\/pages\/1039\/revisions"}],"predecessor-version":[{"id":1619,"href":"https:\/\/agora.xtec.cat\/ceegarbi\/wp-json\/wp\/v2\/pages\/1039\/revisions\/1619"}],"up":[{"embeddable":true,"href":"https:\/\/agora.xtec.cat\/ceegarbi\/wp-json\/wp\/v2\/pages\/1029"}],"wp:attachment":[{"href":"https:\/\/agora.xtec.cat\/ceegarbi\/wp-json\/wp\/v2\/media?parent=1039"}],"curies":[{"name":"wp","href":"https:\/\/api.w.org\/{rel}","templated":true}]}}