{"id":1033,"date":"2020-04-30T09:52:56","date_gmt":"2020-04-30T07:52:56","guid":{"rendered":"http:\/\/agora.xtec.cat\/ceegarbi\/?page_id=1033"},"modified":"2020-04-30T09:54:20","modified_gmt":"2020-04-30T07:54:20","slug":"recursos-garbi","status":"publish","type":"page","link":"https:\/\/agora.xtec.cat\/ceegarbi\/enllacos-web-recomanats\/recursos-garbi\/","title":{"rendered":"Recursos Garb\u00ed"},"content":{"rendered":"<p>Aqu\u00ed hi podreu trobar enlla\u00e7os web a diversos recursos que s&#8217;han creat a l&#8217;escola pensant en els nostres alumnes<\/p>\n<p>Si cliqueu a la seg\u00fcent imatge podreu veure la p\u00e0gina web de la nostra mestra de musicoter\u00e0pia, la Paula, on trobareu les can\u00e7ons i recursos que fa servir en les seves sessions. Als nens i nenes els hi encantar\u00e0!<\/p>\n<p><a href=\"https:\/\/paulaguijarros.wixsite.com\/recursosmusicoterapi\" target=\"_blank\" rel=\"noopener noreferrer\"><img loading=\"lazy\" decoding=\"async\" class=\"alignnone wp-image-1026\" src=\"https:\/\/agora.xtec.cat\/ceegarbi\/wp-content\/uploads\/usu730\/2020\/04\/musicoterapia-300x269.jpg\" alt=\"\" width=\"150\" height=\"135\" srcset=\"https:\/\/agora.xtec.cat\/ceegarbi\/wp-content\/uploads\/usu730\/2020\/04\/musicoterapia-300x269.jpg 300w, https:\/\/agora.xtec.cat\/ceegarbi\/wp-content\/uploads\/usu730\/2020\/04\/musicoterapia.jpg 351w\" sizes=\"auto, (max-width: 150px) 100vw, 150px\" \/><\/a><\/p>\n<p>Tamb\u00e9 us deixem un enlla\u00e7 al nostre canal de Youtube on trobareu v\u00eddeos i algunes seleccions de m\u00fasica i contes que sabem que poden agradar als nostres alumnes:<\/p>\n<p><a href=\"https:\/\/www.youtube.com\/channel\/UCSg1sZsh5yK6vbX1IX3yg4A?view_as=subscriber\" target=\"_blank\" rel=\"noopener noreferrer\"><img loading=\"lazy\" decoding=\"async\" class=\"alignnone wp-image-716\" src=\"https:\/\/agora.xtec.cat\/ceegarbi\/wp-content\/uploads\/usu730\/2020\/03\/YOUTUBE.png\" alt=\"\" width=\"150\" height=\"150\" srcset=\"https:\/\/agora.xtec.cat\/ceegarbi\/wp-content\/uploads\/usu730\/2020\/03\/YOUTUBE.png 225w, https:\/\/agora.xtec.cat\/ceegarbi\/wp-content\/uploads\/usu730\/2020\/03\/YOUTUBE-150x150.png 150w\" sizes=\"auto, (max-width: 150px) 100vw, 150px\" \/><\/a><\/p>\n","protected":false},"excerpt":{"rendered":"<p>Aqu\u00ed hi podreu trobar enlla\u00e7os web a diversos recursos que s&#8217;han creat a l&#8217;escola pensant en els nostres alumnes<br \/>\nSi cliqueu a la seg\u00fcent imatge podreu veure la p\u00e0gina web de la nostra mestra de musicoter\u00e0pia, la Paula, on trobareu les can\u00e7ons i recursos que fa&hellip;  <a href=\"https:\/\/agora.xtec.cat\/ceegarbi\/enllacos-web-recomanats\/recursos-garbi\/\" title=\"Read Recursos Garb\u00ed\">Llegeix m\u00e9s\u00bb<\/a><\/p>\n","protected":false},"author":1,"featured_media":0,"parent":1029,"menu_order":0,"comment_status":"closed","ping_status":"closed","template":"page-templates\/side-menu.php","meta":{"_bbp_topic_count":0,"_bbp_reply_count":0,"_bbp_total_topic_count":0,"_bbp_total_reply_count":0,"_bbp_voice_count":0,"_bbp_anonymous_reply_count":0,"_bbp_topic_count_hidden":0,"_bbp_reply_count_hidden":0,"_bbp_forum_subforum_count":0,"footnotes":""},"class_list":["post-1033","page","type-page","status-publish","hentry"],"post_mailing_queue_ids":[],"_links":{"self":[{"href":"https:\/\/agora.xtec.cat\/ceegarbi\/wp-json\/wp\/v2\/pages\/1033","targetHints":{"allow":["GET"]}}],"collection":[{"href":"https:\/\/agora.xtec.cat\/ceegarbi\/wp-json\/wp\/v2\/pages"}],"about":[{"href":"https:\/\/agora.xtec.cat\/ceegarbi\/wp-json\/wp\/v2\/types\/page"}],"author":[{"embeddable":true,"href":"https:\/\/agora.xtec.cat\/ceegarbi\/wp-json\/wp\/v2\/users\/1"}],"replies":[{"embeddable":true,"href":"https:\/\/agora.xtec.cat\/ceegarbi\/wp-json\/wp\/v2\/comments?post=1033"}],"version-history":[{"count":3,"href":"https:\/\/agora.xtec.cat\/ceegarbi\/wp-json\/wp\/v2\/pages\/1033\/revisions"}],"predecessor-version":[{"id":1038,"href":"https:\/\/agora.xtec.cat\/ceegarbi\/wp-json\/wp\/v2\/pages\/1033\/revisions\/1038"}],"up":[{"embeddable":true,"href":"https:\/\/agora.xtec.cat\/ceegarbi\/wp-json\/wp\/v2\/pages\/1029"}],"wp:attachment":[{"href":"https:\/\/agora.xtec.cat\/ceegarbi\/wp-json\/wp\/v2\/media?parent=1033"}],"curies":[{"name":"wp","href":"https:\/\/api.w.org\/{rel}","templated":true}]}}