{"id":73,"date":"2014-09-18T14:01:51","date_gmt":"2014-09-18T13:01:51","guid":{"rendered":"http:\/\/agora.xtec.cat\/ceefontdellleo\/?page_id=73"},"modified":"2024-02-16T14:57:33","modified_gmt":"2024-02-16T13:57:33","slug":"menjador-escolar","status":"publish","type":"page","link":"https:\/\/agora.xtec.cat\/ceefontdellleo\/serveis\/menjador-escolar\/","title":{"rendered":"Menjador escolar"},"content":{"rendered":"<p>L&#8217;escola compta amb servei de menjador. El tram horari en que es d\u00f3na aquest servei\u00a0 \u00e9s de les 13:00 a les 14.30 hores. El tram inclou l\u2019hora de dinar i temps per jugar i descansar, si s\u2019escau.<\/p>\n<p>Actualment, el servei de menjador est\u00e0 gestionat pel Consell Comarcal a trav\u00e9s del c\u00e0tering Ausolan.<\/p>\n<p>Els men\u00fas a que es pot optar s\u00f3n: men\u00fa normal, dieta hipercal\u00f2rica, men\u00fa sense carn i sense porc,\u00a0 dieta astringent\u00a0 i\u00a0 triturats de diferents textures, a m\u00e9s dels personalitzats (per aquests es necessita un informe m\u00e8dic).<\/p>\n<p><img loading=\"lazy\" decoding=\"async\" class=\"aligncenter wp-image-1207\" src=\"https:\/\/agora.xtec.cat\/ceefontdellleo\/wp-content\/uploads\/usu1793\/2021\/11\/telefon_menjador_web-300x169.jpg\" alt=\"\" width=\"434\" height=\"244\" srcset=\"https:\/\/agora.xtec.cat\/ceefontdellleo\/wp-content\/uploads\/usu1793\/2021\/11\/telefon_menjador_web-300x169.jpg 300w, https:\/\/agora.xtec.cat\/ceefontdellleo\/wp-content\/uploads\/usu1793\/2021\/11\/telefon_menjador_web.jpg 720w\" sizes=\"auto, (max-width: 434px) 100vw, 434px\" \/><\/p>\n<h6><\/h6>\n<h6><strong>Horari d&#8217;atenci\u00f3 a les fam\u00edlies:<\/strong><\/h6>\n<p>De 9h a 9,30h<\/p>\n<p>Per entrades i sortides dels alumnes durant el tram horari de menjador, cal trucar a la coordinadora de menjador.<\/p>\n<h6><\/h6>\n<h6><strong>Com posar-se en contacte amb la coordinadora de menjador:<\/strong><\/h6>\n<ul>\n<li>Trucar a la coordinadora dins l&#8217;horari d&#8217;atenci\u00f3 a les fam\u00edlies.<\/li>\n<li>Concertar reuni\u00f3 amb cita pr\u00e8via.<\/li>\n<li>Enviar un missatge a la coordinadora.<\/li>\n<\/ul>\n<h6><\/h6>\n<h6><strong>Com informar que no es far\u00e0 \u00fas del servei del menjador:<\/strong><\/h6>\n<p>Si el vostre fill o filla no far\u00e0 \u00fas del servei de menjador caldr\u00e0 informar a trav\u00e9s de l&#8217;aplicatiu del c\u00e0tering.<\/p>\n<h6><\/h6>\n<h6><strong>Qu\u00e8 puc consultar a l&#8217;aplicaci\u00f3 del c\u00e0tering:<\/strong><\/h6>\n<ul>\n<li>El men\u00fa mensual del vostre fill o filla.<\/li>\n<li>La valoraci\u00f3 di\u00e0ria de la monitora del vostre fill o filla sobre com ha menjat i altres observacions, si s&#8217;escau.<\/li>\n<\/ul>\n<p>Aplicaci\u00f3 utilitzada: <a href=\"https:\/\/comocomen.com\/familias\/index.php\">https:\/\/comocomen.com\/familias\/index.php<\/a><\/p>\n","protected":false},"excerpt":{"rendered":"<p>L&#8217;escola compta amb servei de menjador. El tram horari en que es d\u00f3na aquest servei\u00a0 \u00e9s de les 13:00 a les 14.30 hores. El tram inclou l\u2019hora de dinar i temps per jugar i descansar, si s\u2019escau.<br \/>\nActualment, el servei de menjador est\u00e0 gestionat pel Consell&hellip;  <a href=\"https:\/\/agora.xtec.cat\/ceefontdellleo\/serveis\/menjador-escolar\/\" title=\"Read Menjador escolar\">Llegeix m\u00e9s\u00bb<\/a><\/p>\n","protected":false},"author":1,"featured_media":0,"parent":66,"menu_order":30,"comment_status":"closed","ping_status":"closed","template":"page-templates\/side-menu.php","meta":{"_bbp_topic_count":0,"_bbp_reply_count":0,"_bbp_total_topic_count":0,"_bbp_total_reply_count":0,"_bbp_voice_count":0,"_bbp_anonymous_reply_count":0,"_bbp_topic_count_hidden":0,"_bbp_reply_count_hidden":0,"_bbp_forum_subforum_count":0,"footnotes":""},"class_list":["post-73","page","type-page","status-publish","hentry"],"post_mailing_queue_ids":[],"_links":{"self":[{"href":"https:\/\/agora.xtec.cat\/ceefontdellleo\/wp-json\/wp\/v2\/pages\/73","targetHints":{"allow":["GET"]}}],"collection":[{"href":"https:\/\/agora.xtec.cat\/ceefontdellleo\/wp-json\/wp\/v2\/pages"}],"about":[{"href":"https:\/\/agora.xtec.cat\/ceefontdellleo\/wp-json\/wp\/v2\/types\/page"}],"author":[{"embeddable":true,"href":"https:\/\/agora.xtec.cat\/ceefontdellleo\/wp-json\/wp\/v2\/users\/1"}],"replies":[{"embeddable":true,"href":"https:\/\/agora.xtec.cat\/ceefontdellleo\/wp-json\/wp\/v2\/comments?post=73"}],"version-history":[{"count":7,"href":"https:\/\/agora.xtec.cat\/ceefontdellleo\/wp-json\/wp\/v2\/pages\/73\/revisions"}],"predecessor-version":[{"id":2042,"href":"https:\/\/agora.xtec.cat\/ceefontdellleo\/wp-json\/wp\/v2\/pages\/73\/revisions\/2042"}],"up":[{"embeddable":true,"href":"https:\/\/agora.xtec.cat\/ceefontdellleo\/wp-json\/wp\/v2\/pages\/66"}],"wp:attachment":[{"href":"https:\/\/agora.xtec.cat\/ceefontdellleo\/wp-json\/wp\/v2\/media?parent=73"}],"curies":[{"name":"wp","href":"https:\/\/api.w.org\/{rel}","templated":true}]}}