{"id":640,"date":"2020-03-27T12:33:41","date_gmt":"2020-03-27T11:33:41","guid":{"rendered":"http:\/\/agora.xtec.cat\/ceefontdellleo\/?page_id=640"},"modified":"2024-03-01T09:59:43","modified_gmt":"2024-03-01T08:59:43","slug":"activitats-de-lentorn","status":"publish","type":"page","link":"https:\/\/agora.xtec.cat\/ceefontdellleo\/projecte-educatiu\/activitats-de-lentorn\/","title":{"rendered":"Activitats de l\u2019entorn"},"content":{"rendered":"<p>L\u2019escola, com a escola oberta i inclusiva, participa en les activitats que oferta l\u2019Ajuntament de Reus, el Consell Esportiu del Baix Camp, el Centre de Recursos Pedag\u00f2gics del Baix Camp i altres entitats, i on participen altres centres educatius del municipi o de la comarca.<\/p>\n<p>Tamb\u00e9 es duen a terme activitats amb altres escoles del municipi, que venen a la nostra escola o anem nosaltres a la seva amb l\u2019objectiu de compartir experi\u00e8ncies i emocions.<\/p>\n<h5>Joves atletes<\/h5>\n<p><span style=\"font-weight: 400;\">\u00c9s un programa per alumnes de 3 a 8 anys que puguin participar en aquesta categoria dels SPECIAL OLYMPICS. \u00c9s una activitat que es fa conjuntament amb els alumnes \u00a0del CEE Alba. \u00a0Les trobades es realitzen un cop per trimestre, alternant les dues escoles i es preveu una cloenda, a on poden assistir les fam\u00edlies.<\/span><\/p>\n<h5>Dia de la discapacitat<\/h5>\n<p>El dia 3 desembre convidem alguna escola per a qu\u00e8 comparteixi una jornada amb nosaltres i on,a partir del joc, treballem conceptes d&#8217;igualtat, integraci\u00f3 o equitat.<\/p>\n<h5>Programa &#8220;Cap nen sense saber nedar&#8221;<\/h5>\n<p><span style=\"font-weight: 400;\">Com a activitat lectiva i esportiva, els alumnes del centre poden realitzar cursos de nataci\u00f3 espec\u00edfics, organitzats per Reus Esport i Lleure \u00a0de l&#8217;Ajuntament de Reus. L&#8217;objectiu d&#8217;aquesta activitat \u00e9s \u00a0afavorir la motricitat\u00a0 global, l&#8217;autonomia personal i la relaxaci\u00f3. Plantegem una piscina terap\u00e8utica i d\u2019iniciaci\u00f3.<\/span><\/p>\n<h5>Jornades esportives<\/h5>\n<p>Des de Reus Esport i Lleure de l&#8217;Ajuntament de Reus, s&#8217;organitzen unes trobades esportives per als tres centres d&#8217;educaci\u00f3 especial del municipi amb l&#8217;objectiu de fomentar la pr\u00e0ctica de l&#8217;esport, compartir experi\u00e8ncies i fomentar la relaci\u00f3 entre els alumnes dels diferents centres.<\/p>\n<h5>Mostra de lectura en veu alta<\/h5>\n<p>\u00c9s una activitat educativa sobre compet\u00e8ncia lectora organitzada pel CRP Baix Camp i que compta amb la col\u00b7laboraci\u00f3 de la Comissi\u00f3 Organitzadora MLV, formada per mestres del cicle inicial i d\u2019educaci\u00f3 especial dels centres educatius de la nostra comarca, amb l&#8217;objectiu de donar a con\u00e8ixer la feina que es duu a terme en les diferents escoles al voltant del proc\u00e9s d\u2019aprenentatge lector dels alumnes. Nosaltres participem en la modalitat de centres d&#8217;educaci\u00f3 especial on ens trobem amb companys i companyes d&#8217;altres centres d&#8217;educaci\u00f3 especial o d&#8217;escoles ordin\u00e0ries que tenen SIEI.<\/p>\n<h5>Mostra de teatre<\/h5>\n<p>\u00c9s una activitat organitzada pel CRP Baix Camp i gestionada per la Comissi\u00f3 Organitzadora, formada per professionals del CRP i docents de la comarca, que t\u00e9 l&#8217;objectiu d&#8217;afavorir l&#8217;intercanvi d&#8217;experi\u00e8ncies entre diferents escoles, dinamitzar la projecci\u00f3 del curr\u00edculum escolar i aprofundir en el treball de les compet\u00e8ncies comunicatives, socials i expressives.<\/p>\n<h5><span style=\"font-size: 20.25px;\">Col\u00b7laboraci\u00f3 amb el Banc d&#8217;Aliments<\/span><\/h5>\n<p>\u00c9s una activitat mensual organitzada per l&#8217;escola juntament amb el Banc d&#8217;Aliments de Reus, que t\u00e9 l&#8217;objectiu de col\u00b7laborar presencialment en les tasques de distribuci\u00f3 i organitzaci\u00f3 dels diferents aliments, establir contacte amb el m\u00f3n laboral i voluntariat, i fomentar la relaci\u00f3 amb l&#8217;entorn.<\/p>\n","protected":false},"excerpt":{"rendered":"<p>L\u2019escola, com a escola oberta i inclusiva, participa en les activitats que oferta l\u2019Ajuntament de Reus, el Consell Esportiu del Baix Camp, el Centre de Recursos Pedag\u00f2gics del Baix Camp i altres entitats, i on participen altres centres educatius del municipi o de la comarca.<br \/>\nTamb\u00e9&hellip;  <a href=\"https:\/\/agora.xtec.cat\/ceefontdellleo\/projecte-educatiu\/activitats-de-lentorn\/\" title=\"Read Activitats de l\u2019entorn\">Llegeix m\u00e9s\u00bb<\/a><\/p>\n","protected":false},"author":1,"featured_media":0,"parent":64,"menu_order":0,"comment_status":"closed","ping_status":"closed","template":"page-templates\/side-menu.php","meta":{"_bbp_topic_count":0,"_bbp_reply_count":0,"_bbp_total_topic_count":0,"_bbp_total_reply_count":0,"_bbp_voice_count":0,"_bbp_anonymous_reply_count":0,"_bbp_topic_count_hidden":0,"_bbp_reply_count_hidden":0,"_bbp_forum_subforum_count":0,"footnotes":""},"class_list":["post-640","page","type-page","status-publish","hentry"],"post_mailing_queue_ids":[],"_links":{"self":[{"href":"https:\/\/agora.xtec.cat\/ceefontdellleo\/wp-json\/wp\/v2\/pages\/640","targetHints":{"allow":["GET"]}}],"collection":[{"href":"https:\/\/agora.xtec.cat\/ceefontdellleo\/wp-json\/wp\/v2\/pages"}],"about":[{"href":"https:\/\/agora.xtec.cat\/ceefontdellleo\/wp-json\/wp\/v2\/types\/page"}],"author":[{"embeddable":true,"href":"https:\/\/agora.xtec.cat\/ceefontdellleo\/wp-json\/wp\/v2\/users\/1"}],"replies":[{"embeddable":true,"href":"https:\/\/agora.xtec.cat\/ceefontdellleo\/wp-json\/wp\/v2\/comments?post=640"}],"version-history":[{"count":5,"href":"https:\/\/agora.xtec.cat\/ceefontdellleo\/wp-json\/wp\/v2\/pages\/640\/revisions"}],"predecessor-version":[{"id":2057,"href":"https:\/\/agora.xtec.cat\/ceefontdellleo\/wp-json\/wp\/v2\/pages\/640\/revisions\/2057"}],"up":[{"embeddable":true,"href":"https:\/\/agora.xtec.cat\/ceefontdellleo\/wp-json\/wp\/v2\/pages\/64"}],"wp:attachment":[{"href":"https:\/\/agora.xtec.cat\/ceefontdellleo\/wp-json\/wp\/v2\/media?parent=640"}],"curies":[{"name":"wp","href":"https:\/\/api.w.org\/{rel}","templated":true}]}}