{"id":64,"date":"2014-09-18T12:39:08","date_gmt":"2014-09-18T11:39:08","guid":{"rendered":"http:\/\/agora.xtec.cat\/ceefontdellleo\/?page_id=64"},"modified":"2020-04-26T09:37:37","modified_gmt":"2020-04-26T07:37:37","slug":"projecte-educatiu","status":"publish","type":"page","link":"https:\/\/agora.xtec.cat\/ceefontdellleo\/projecte-educatiu\/","title":{"rendered":"Projecte educatiu"},"content":{"rendered":"<h5>Qu\u00e8 oferim als nostres alumnes?<\/h5>\n<ul>\n<li style=\"font-weight: 400;\"><span style=\"font-weight: 400;\">Potenciar un ensenyament funcional i vivencial per afavorir la m\u00e0xima autonomia personal i social.\u00a0<\/span><\/li>\n<li style=\"font-weight: 400;\"><span style=\"font-weight: 400;\">Con\u00e8ixer i utilitzar, si \u00e9s necessari, sistemes alternatius i augmentatius que afavoreixin la comunicaci\u00f3 en tots els contextos.<\/span><\/li>\n<li style=\"font-weight: 400;\"><span style=\"font-weight: 400;\">Seleccionar i utilitzar materials did\u00e0ctics adequats als principis de coeducaci\u00f3 i que afavoreixin l&#8217;activitat i la motivaci\u00f3 de l&#8217;alumne.<\/span><\/li>\n<li style=\"font-weight: 400;\"><span style=\"font-weight: 400;\">Potenciar un ensenyament actiu en el qual es desenvolupi la iniciativa del nen afavorint el treball en equip en front de la compet\u00e8ncia, la responsabilitat i la const\u00e0ncia en l&#8217;esfor\u00e7.<\/span><\/li>\n<li style=\"font-weight: 400;\"><span style=\"font-weight: 400;\">Millorar el nivell competencial dels alumnes d\u2019educaci\u00f3 obligat\u00f2ria i postobligat\u00f2ria.<\/span><\/li>\n<li><span style=\"font-weight: 400;\">Desenvolupar la integraci\u00f3 en l&#8217;entorn social a partir de la normalitzaci\u00f3 de l&#8217;alumne en el seu medi m\u00e9s proper.<\/span><\/li>\n<li style=\"font-weight: 400;\"><span style=\"font-weight: 400;\">Treballar l&#8217;educaci\u00f3 del nen en el marc de la conviv\u00e8ncia democr\u00e0tica, basada, sobretot, en la llibertat, la solidaritat, el respecte als drets dels altres i la toler\u00e0ncia, per aconseguir, d&#8217;aquesta manera, ciutadans responsables.<\/span><\/li>\n<li style=\"font-weight: 400;\"><span style=\"font-weight: 400;\">Ajudar als alumnes a establir relacions positives i a esdevenir capa\u00e7os de participar en la vida dels grups.<\/span><\/li>\n<li style=\"font-weight: 400;\"><span style=\"font-weight: 400;\">Evitar qualsevol tipus de discriminaci\u00f3 per raons s\u00f2cio-culturals, per defici\u00e8ncies f\u00edsiques i ps\u00edquiques, treballant per equilibrar les desigualtats que es puguin produir per la integraci\u00f3 social.<\/span><\/li>\n<li><span style=\"font-weight: 400;\">Ajudar al nen a manifestar els valors positius de la seva pr\u00f2pia identitat.<\/span><\/li>\n<\/ul>\n<h5>Qu\u00e8 oferim als nostres professionals?<\/h5>\n<ul>\n<li><span style=\"font-weight: 400;\">El treball en equip, bon clima i consolidada l\u00ednia d\u2019escola.<\/span><\/li>\n<li><span style=\"font-weight: 400;\">Formaci\u00f3 Permanent dels nostres professionals i\u00a0autoavaluaci\u00f3, <\/span><\/li>\n<li><span style=\"font-weight: 400;\">Un pla d\u2019acollida pels mestres nouvinguts.<\/span><\/li>\n<li style=\"font-weight: 400;\"><span style=\"font-weight: 400;\">Respectar el pluralisme ideol\u00f2gic i la llibertat de c\u00e0tedra dels mestres, prenent sempre com a referent el Projecte Educatiu del Centre, per afirmar la l\u00ednia d\u2019escola.<\/span><\/li>\n<li style=\"font-weight: 400;\"><span style=\"font-weight: 400;\">Potenciar i afavorir els canals d&#8217; informaci\u00f3 entre el professorat per tal de generar actituds de confian\u00e7a i de col\u00b7laboraci\u00f3.<\/span><\/li>\n<li><span style=\"font-weight: 400;\">Aconseguir unes relacions interpersonals satisfact\u00f2ries entre els professors que facin possible la satisfacci\u00f3 en el treball i la implicaci\u00f3 de tots en el desenvolupament del PEC.<\/span><\/li>\n<\/ul>\n<h5>Qu\u00e8 oferim a la comunitat educativa?<\/h5>\n<ul>\n<li style=\"font-weight: 400;\"><span style=\"font-weight: 400;\">Fomentar que els professors, pares i treballadors no docents participin en les propostes del Centre.<\/span><\/li>\n<li style=\"font-weight: 400;\"><span style=\"font-weight: 400;\">Acompanyar a l\u2019AMPA en les seves actuacions i propostes.<\/span><\/li>\n<li style=\"font-weight: 400;\"><span style=\"font-weight: 400;\">Establir i mantenir relacions de coordinaci\u00f3 i col\u00b7laboraci\u00f3 amb d&#8217;altres escoles de la zona i amb centres d&#8217;educaci\u00f3 especial de la ciutat, de la demarcaci\u00f3 i de Catalunya.<\/span><\/li>\n<li style=\"font-weight: 400;\"><span style=\"font-weight: 400;\">Participar en activitats culturals i educatives proposades per institucions (C.R.P., Ajuntament de la ciutat i les seves Entitats culturals), sempre que siguin coherents amb la Programaci\u00f3 General Anual de Centre.<\/span><\/li>\n<li style=\"font-weight: 400;\"><span style=\"font-weight: 400;\">Orientar l&#8217;organitzaci\u00f3 i el funcionament del menjador com un servei que, a m\u00e9s a m\u00e9s d&#8217;una adequada alimentaci\u00f3, possibiliti l&#8217;adquisici\u00f3 d&#8217;h\u00e0bits personals i socials, amb la col\u00b7laboraci\u00f3 de personal assignat al centre per tal que sigui un menjador educatiu.<\/span><\/li>\n<\/ul>\n","protected":false},"excerpt":{"rendered":"<p>Qu\u00e8 oferim als nostres alumnes?<\/p>\n<ul>\n<li style=\"font-weight: 400;\">Potenciar un ensenyament funcional i vivencial per afavorir la m\u00e0xima autonomia personal i social.\u00a0<\/li>\n<li style=\"font-weight: 400;\">Con\u00e8ixer i utilitzar, si \u00e9s necessari, sistemes alternatius i augmentatius que afavoreixin la comunicaci\u00f3 en tots els contextos.<\/li>\n<li style=\"font-weight: 400;\">Seleccionar i utilitzar materials did\u00e0ctics&hellip;  <a href=\"https:\/\/agora.xtec.cat\/ceefontdellleo\/projecte-educatiu\/\" title=\"Read Projecte educatiu\">Llegeix m\u00e9s\u00bb<\/a><br \/>\n","protected":false},"author":1,"featured_media":0,"parent":0,"menu_order":0,"comment_status":"closed","ping_status":"closed","template":"page-templates\/side-menu.php","meta":{"_bbp_topic_count":0,"_bbp_reply_count":0,"_bbp_total_topic_count":0,"_bbp_total_reply_count":0,"_bbp_voice_count":0,"_bbp_anonymous_reply_count":0,"_bbp_topic_count_hidden":0,"_bbp_reply_count_hidden":0,"_bbp_forum_subforum_count":0,"footnotes":""},"class_list":["post-64","page","type-page","status-publish","hentry"],"post_mailing_queue_ids":[],"_links":{"self":[{"href":"https:\/\/agora.xtec.cat\/ceefontdellleo\/wp-json\/wp\/v2\/pages\/64","targetHints":{"allow":["GET"]}}],"collection":[{"href":"https:\/\/agora.xtec.cat\/ceefontdellleo\/wp-json\/wp\/v2\/pages"}],"about":[{"href":"https:\/\/agora.xtec.cat\/ceefontdellleo\/wp-json\/wp\/v2\/types\/page"}],"author":[{"embeddable":true,"href":"https:\/\/agora.xtec.cat\/ceefontdellleo\/wp-json\/wp\/v2\/users\/1"}],"replies":[{"embeddable":true,"href":"https:\/\/agora.xtec.cat\/ceefontdellleo\/wp-json\/wp\/v2\/comments?post=64"}],"version-history":[{"count":3,"href":"https:\/\/agora.xtec.cat\/ceefontdellleo\/wp-json\/wp\/v2\/pages\/64\/revisions"}],"predecessor-version":[{"id":758,"href":"https:\/\/agora.xtec.cat\/ceefontdellleo\/wp-json\/wp\/v2\/pages\/64\/revisions\/758"}],"wp:attachment":[{"href":"https:\/\/agora.xtec.cat\/ceefontdellleo\/wp-json\/wp\/v2\/media?parent=64"}],"curies":[{"name":"wp","href":"https:\/\/api.w.org\/{rel}","templated":true}]}}