{"id":636,"date":"2020-03-27T12:30:21","date_gmt":"2020-03-27T11:30:21","guid":{"rendered":"http:\/\/agora.xtec.cat\/ceefontdellleo\/?page_id=636"},"modified":"2020-04-26T09:38:20","modified_gmt":"2020-04-26T07:38:20","slug":"documents-de-centre","status":"publish","type":"page","link":"https:\/\/agora.xtec.cat\/ceefontdellleo\/projecte-educatiu\/documents-de-centre\/","title":{"rendered":"Documents de centre"},"content":{"rendered":"<ul>\n<li>\n<h5>Projecte Educatiu de Centre<\/h5>\n<\/li>\n<\/ul>\n<p>El Projecte Educatiu de Centre (PEC) \u00e9s el document que inclou els trets d&#8217;identitat de l\u2019escola, els principis pedag\u00f2gics, els principis organitzatius i el projecte ling\u00fc\u00edstic; aix\u00ed com es concreten els valors, objectius i les prioritats d\u2019actuaci\u00f3 de l\u2019escola la concreci\u00f3 dels curr\u00edculums que s&#8217;imparteixen i el tractament transversal de diferents \u00e0rees o mat\u00e8ries.<\/p>\n<p><a href=\"https:\/\/agora.xtec.cat\/ceefontdellleo\/wp-content\/uploads\/usu1793\/bp-attachments\/545\/PROJECTE_EDUCATIU-_DE_CENTRE.pdf\" target=\"_blank\" rel=\"noopener noreferrer\"><img loading=\"lazy\" decoding=\"async\" class=\"alignnone wp-image-679\" src=\"https:\/\/agora.xtec.cat\/ceefontdellleo\/wp-content\/uploads\/usu1793\/2020\/04\/icono-pdf.png\" alt=\"\" width=\"49\" height=\"60\" \/>\u00a0PEC<\/a><\/p>\n<ul>\n<li>\n<h5>Normes d\u2019Organitzaci\u00f3 i Funcionament de Centre<\/h5>\n<\/li>\n<\/ul>\n<p>Les Normes d\u2019Organitzaci\u00f3 i Funcionament de Centre (NOFC) recullen el conjunt d\u2019acords i decisions d\u2019organitzaci\u00f3 i de funcionament que s\u2019adopten per fer possible el treball educatiu i de gesti\u00f3 i permetin assolir els objectius proposats en el Projecte Educatiu del Centre (PEC) i en la seva Programaci\u00f3 General Anual (PGA)<\/p>\n<p><a href=\"https:\/\/agora.xtec.cat\/ceefontdellleo\/wp-content\/uploads\/usu1793\/bp-attachments\/555\/NOFC_FONTDEL_LLEO.pdf\" target=\"_blank\" rel=\"noopener noreferrer\"><img loading=\"lazy\" decoding=\"async\" class=\"alignnone wp-image-679\" src=\"https:\/\/agora.xtec.cat\/ceefontdellleo\/wp-content\/uploads\/usu1793\/2020\/04\/icono-pdf.png\" alt=\"\" width=\"49\" height=\"60\" \/>\u00a0NOFC<\/a><\/p>\n<ul>\n<li>\n<h5>Projecte Ling\u00fc\u00edstic<\/h5>\n<\/li>\n<\/ul>\n<p>El projecte ling\u00fc\u00edstic \u00e9s el document que recull els aspectes relatius a l&#8217;ensenyament i a l&#8217;\u00fas de les lleng\u00fces, i sobre l\u2019\u00fas del Sistemes Augmentatius i Alternatius de comunicaci\u00f3 a la nostra escola<\/p>\n<p><a href=\"https:\/\/agora.xtec.cat\/ceefontdellleo\/wp-content\/uploads\/usu1793\/bp-attachments\/549\/PROJECTE_LINGUISTIC.pdf\" target=\"_blank\" rel=\"noopener noreferrer\"><img loading=\"lazy\" decoding=\"async\" class=\"alignnone wp-image-679\" src=\"https:\/\/agora.xtec.cat\/ceefontdellleo\/wp-content\/uploads\/usu1793\/2020\/04\/icono-pdf.png\" alt=\"\" width=\"49\" height=\"60\" \/>\u00a0Projecte_Linguistic<\/a><\/p>\n<ul>\n<li>\n<h5>Projecte de Conviv\u00e8ncia<\/h5>\n<\/li>\n<\/ul>\n<p>El Projecte de conviv\u00e8ncia \u00e9s el document on es reflecteixen les accions que l\u2019escola desenvolupa per capacitar els alumnes i la resta de la comunitat educativa per a la conviv\u00e8ncia i la gesti\u00f3 positiva dels conflictes.<\/p>\n","protected":false},"excerpt":{"rendered":"<ul>\n<li>\nProjecte Educatiu de Centre\n<\/li>\n<\/ul>\n<p>El Projecte Educatiu de Centre (PEC) \u00e9s el document que inclou els trets d&#8217;identitat de l\u2019escola, els principis pedag\u00f2gics, els principis organitzatius i el projecte ling\u00fc\u00edstic; aix\u00ed com es concreten els valors, objectius i les prioritats d\u2019actuaci\u00f3 de l\u2019escola la concreci\u00f3 dels&hellip;  <a href=\"https:\/\/agora.xtec.cat\/ceefontdellleo\/projecte-educatiu\/documents-de-centre\/\" title=\"Read Documents de centre\">Llegeix m\u00e9s\u00bb<\/a><\/p>\n","protected":false},"author":1,"featured_media":0,"parent":64,"menu_order":0,"comment_status":"closed","ping_status":"closed","template":"page-templates\/side-menu.php","meta":{"_bbp_topic_count":0,"_bbp_reply_count":0,"_bbp_total_topic_count":0,"_bbp_total_reply_count":0,"_bbp_voice_count":0,"_bbp_anonymous_reply_count":0,"_bbp_topic_count_hidden":0,"_bbp_reply_count_hidden":0,"_bbp_forum_subforum_count":0,"footnotes":""},"class_list":["post-636","page","type-page","status-publish","hentry"],"post_mailing_queue_ids":[],"_links":{"self":[{"href":"https:\/\/agora.xtec.cat\/ceefontdellleo\/wp-json\/wp\/v2\/pages\/636","targetHints":{"allow":["GET"]}}],"collection":[{"href":"https:\/\/agora.xtec.cat\/ceefontdellleo\/wp-json\/wp\/v2\/pages"}],"about":[{"href":"https:\/\/agora.xtec.cat\/ceefontdellleo\/wp-json\/wp\/v2\/types\/page"}],"author":[{"embeddable":true,"href":"https:\/\/agora.xtec.cat\/ceefontdellleo\/wp-json\/wp\/v2\/users\/1"}],"replies":[{"embeddable":true,"href":"https:\/\/agora.xtec.cat\/ceefontdellleo\/wp-json\/wp\/v2\/comments?post=636"}],"version-history":[{"count":3,"href":"https:\/\/agora.xtec.cat\/ceefontdellleo\/wp-json\/wp\/v2\/pages\/636\/revisions"}],"predecessor-version":[{"id":759,"href":"https:\/\/agora.xtec.cat\/ceefontdellleo\/wp-json\/wp\/v2\/pages\/636\/revisions\/759"}],"up":[{"embeddable":true,"href":"https:\/\/agora.xtec.cat\/ceefontdellleo\/wp-json\/wp\/v2\/pages\/64"}],"wp:attachment":[{"href":"https:\/\/agora.xtec.cat\/ceefontdellleo\/wp-json\/wp\/v2\/media?parent=636"}],"curies":[{"name":"wp","href":"https:\/\/api.w.org\/{rel}","templated":true}]}}