{"id":38,"date":"2014-09-18T12:34:08","date_gmt":"2014-09-18T11:34:08","guid":{"rendered":"http:\/\/agora.xtec.cat\/ceefontdellleo\/?page_id=38"},"modified":"2022-09-30T12:37:39","modified_gmt":"2022-09-30T10:37:39","slug":"salut","status":"publish","type":"page","link":"https:\/\/agora.xtec.cat\/ceefontdellleo\/lescola\/salut\/","title":{"rendered":"Salut"},"content":{"rendered":"<ul>\n<li>\n<h5>Administraci\u00f3 de medicaments:<\/h5>\n<\/li>\n<\/ul>\n<p>D\u2019acord amb \u00a0la normativa referida a l\u2019administraci\u00f3 de medicaments als alumnes aprovada en la Resoluci\u00f3 de 22 de juny de 2019 per la qual s\u2019aproven els documents per a l\u2019organitzaci\u00f3 i gesti\u00f3 dels centres:<\/p>\n<blockquote><p>&#8220;Per poder administrar medicaments als alumnes, sempre que sigui imprescindible fer-ho en horari lectiu, cal que els pares, mares o tutors legals aportin un informe m\u00e8dic on consti el nom de l&#8217;alumne, el nom del medicament que ha de prendre i la pauta d&#8217;administraci\u00f3. Aix\u00ed mateix, els pares, mares o tutors legals han d&#8217;aportar una autoritzaci\u00f3 on es demani, al director o directora del centre educatiu, l&#8217;administraci\u00f3 al fill o filla del medicament prescrit d&#8217;acord amb les pautes que constin en l&#8217;informe esmentat i se&#8217;n&#8217;autoritzi l&#8217;administraci\u00f3 als professionals del centre&#8221;<\/p><\/blockquote>\n<p>Per tal d&#8217;administrar medicaments a l&#8217;escola caldr\u00e0:<\/p>\n<p>&#8211; Tenir l\u2019autoritzaci\u00f3 signada de la fam\u00edlia indicant clarament la dosi i l&#8217;horari.<br \/>\n&#8211; C\u00f2pia de la recepta m\u00e8dica fam\u00edlia indicant clarament les dosis i els horaris.<br \/>\n&#8211; Disposar del medicament etiquetat amb el nom de l&#8217;alumne\/a, l&#8217;hora i la dosi. Cal indicar clarament si s&#8217;ha de conservar a la nevera.<br \/>\n&#8211; No poseu mai els medicaments dins la motxilla dels vostres fills\/es. Doneu-los en m\u00e0 a les\/els tutors\/es o consergeria o a la monitora del transport.<\/p>\n<p>L\u2019escola disposa d\u2019un model d\u2019autoritzaci\u00f3 que podeu sol\u00b7licitar.<\/p>\n<p>&nbsp;<\/p>\n<ul>\n<li>\n<h5>Si el vostre fill es troba en aquestes situacions no ha de venir a l&#8217;escola:<\/h5>\n<\/li>\n<\/ul>\n<p>&#8211; T\u00e9 febre superior a 37,5\u00baC.<\/p>\n<p>&#8211; T\u00e9 descomposici\u00f3 l\u00edquida.<\/p>\n<p>&#8211; Infeccions a la boca. Podr\u00e0 tornar quan hagin desaparegut les llagues.<\/p>\n<p>&#8211; Erupcions a la pell. Podr\u00e0 tornar amb l\u2019informe del pediatre conforme no \u00e9s contagi\u00f3s.<\/p>\n<p>&#8211; Conjuntivitis. Podr\u00e0 tornar quan desapareguin les lleganyes i si fa el tractament adequat.<\/p>\n<p>&#8211; Par\u00e0sits. \u00c9s important que faci el tractament immediadament i ho comuniqui a l&#8217;escola per avisar a la resta de fam\u00edlies. Si l&#8217;escola \u00e9s qui ho\u00a0 \u00a0 \u00a0 \u00a0 \u00a0detecta, seguir\u00e0 el protocol establert. Amb la realitzaci\u00f3 del tractament ja pot tornar a l&#8217;escola.<\/p>\n<p>&nbsp;<\/p>\n<ul>\n<li>\n<h5>Si el vostre fill es troba l&#8217;escola en aquestes situacions:<\/h5>\n<\/li>\n<\/ul>\n<p>&#8211; No es troba b\u00e9, es trucar\u00e0 a la fam\u00edlia per comunicar-li el seu estat de salut i perqu\u00e8 el passin a buscar el m\u00e9s aviat possible. Mentrestant \u00e9s vetllar\u00e0 per la seva salut.<\/p>\n<p>&#8211; En cas de petit accident, caiguda o cop el personal del centre no pot administrar cap medicament (excepte si hi ha prescripci\u00f3 m\u00e8dica). Les petites ferides es netegen amb aigua i sab\u00f3.<\/p>\n<p>&#8211; En cas d&#8217;accidents que necessitin assist\u00e8ncia m\u00e8dica, el\/la tutor\/a haur\u00e0 d\u2019avisar a la Direcci\u00f3 del Centre per prendre les accions corresponent, s\u2019avisar\u00e0 a la fam\u00edlia perqu\u00e8 portin el nen\/a al servei d\u2019urg\u00e8ncies, i davant de qualsevol dubte, trucar al 112. Si no podem contactar ambcap familiar l\u2019acompanyar\u00e0 un mestre\/a del centre.<\/p>\n<p>&#8211; En cas d&#8217;emerg\u00e8ncia m\u00e8dica, sempre es trucar\u00e0 a la fam\u00edlia per comunicar-li el fet succe\u00eft, per tal que es personi el m\u00e9s r\u00e0pidament possible al lloc on es troba el seu fill\/a i es responsabilitzi de les actuacions medicoquir\u00fargiques a emprendre.<\/p>\n<p>&#8211; \u00c9s molt important que comuniqueu els tel\u00e8fons actualitzats on podeu estar localitzables en horari escolar, aix\u00ed com els canvis en les adreces a la secretaria de l\u2019escola i al\/la tutor\/a del vostre fill\/a.<\/p>\n<p>El centre disposa d\u2019un full d\u2019autoritzaci\u00f3 d\u2019urg\u00e8ncies m\u00e8diques.<\/p>\n<p>&nbsp;<\/p>\n<ul>\n<li>\n<h5>Al.l\u00e8rgies i intoler\u00e0ncies:<\/h5>\n<\/li>\n<\/ul>\n<p>\u00c9s molt important que si el vostre fill o filla t\u00e9 algun tipus d&#8217;al\u00b7l\u00e8rgia o intoler\u00e0ncia ho comuniqueu a l&#8217;escola i aporteu el corresponent informe m\u00e8dic, si \u00e9s possible, per tal d&#8217;avisar al menjador i tenir-ho present a l&#8217;hora de planificar activitats.<\/p>\n<p>Des del servei de menjador, tamb\u00e9 es demana informaci\u00f3 a les fam\u00edlies referent a al\u00b7l\u00e8rgies i intoler\u00e0ncies aliment\u00e0ries per tal d&#8217;adaptar els men\u00fas.<\/p>\n<p>&nbsp;<\/p>\n<ul>\n<li>\n<h5>Programa fruita i hortalisses a l&#8217;escola:<\/h5>\n<\/li>\n<\/ul>\n<p>Aquest programa \u00e9s una iniciativa de la Uni\u00f3 Europea amb l&#8217;acci\u00f3 conjunta dels departaments d\u2019Agricultura, Salut i Ensenyament.<\/p>\n<p>Els objectius s\u00f3n:<\/p>\n<ul>\n<li>Oferir fruita gratu\u00efta en els esmorzars i berenars dins del centre escolar.<\/li>\n<li>Informar sobre els beneficis de pujar el consum de fruites i verdures, i sobre la seva diversitat, trets, producci\u00f3, estacionalitat, etc.<\/li>\n<li>Proposar el consum de fruites com una alternativa excel\u00b7lent al consum d\u2019altres aliments amb menys qualitat nutricional.<\/li>\n<\/ul>\n<p>Es pret\u00e9n amb aix\u00f2 afavorir la salut dels infants i promoure el consum de fruites, verdures, fruita seca, llegums, aigua i joc actiu.<\/p>\n<p>Durant el curs escolar, una vegada de cada mes, es distribueix la fruita i verdura seleccionada en funci\u00f3 de l\u2019estaci\u00f3 de l\u2019any, la proximitat de producci\u00f3 i la qualitat. Despr\u00e9s la repartim a l&#8217;escola entre els nens i les nenes per a esmorzar o per a fer el taller de cuina.<\/p>\n<p>&nbsp;<\/p>\n<ul>\n<li>\n<h5>Aniversaris:<\/h5>\n<\/li>\n<\/ul>\n<p>A l&#8217;escola, si alguna fam\u00edlia vol celebrar l&#8217;aniversari del seu fill\/a a l&#8217;aula recomanem que els productes que portin siguin saludables. Es poden portar dol\u00e7os o salats per\u00f2 \u00e9s important tenir en compte que si \u00e9s envasat ha de garantir el bon estat dels ingredients amb la data de caducitat visible.<\/p>\n<p>No es poden portar aliments casolans i elaborats a casa.<\/p>\n","protected":false},"excerpt":{"rendered":"<ul>\n<li>\nAdministraci\u00f3 de medicaments:\n<\/li>\n<\/ul>\n<p>D\u2019acord amb \u00a0la normativa referida a l\u2019administraci\u00f3 de medicaments als alumnes aprovada en la Resoluci\u00f3 de 22 de juny de 2019 per la qual s\u2019aproven els documents per a l\u2019organitzaci\u00f3 i gesti\u00f3 dels centres:<br \/>\n&#8220;Per poder administrar medicaments als alumnes, sempre que sigui imprescindible&hellip;  <a href=\"https:\/\/agora.xtec.cat\/ceefontdellleo\/lescola\/salut\/\" title=\"Read Salut\">Llegeix m\u00e9s\u00bb<\/a><\/p>\n","protected":false},"author":1,"featured_media":0,"parent":22,"menu_order":80,"comment_status":"closed","ping_status":"closed","template":"page-templates\/side-menu.php","meta":{"_bbp_topic_count":0,"_bbp_reply_count":0,"_bbp_total_topic_count":0,"_bbp_total_reply_count":0,"_bbp_voice_count":0,"_bbp_anonymous_reply_count":0,"_bbp_topic_count_hidden":0,"_bbp_reply_count_hidden":0,"_bbp_forum_subforum_count":0,"footnotes":""},"class_list":["post-38","page","type-page","status-publish","hentry"],"post_mailing_queue_ids":[],"_links":{"self":[{"href":"https:\/\/agora.xtec.cat\/ceefontdellleo\/wp-json\/wp\/v2\/pages\/38","targetHints":{"allow":["GET"]}}],"collection":[{"href":"https:\/\/agora.xtec.cat\/ceefontdellleo\/wp-json\/wp\/v2\/pages"}],"about":[{"href":"https:\/\/agora.xtec.cat\/ceefontdellleo\/wp-json\/wp\/v2\/types\/page"}],"author":[{"embeddable":true,"href":"https:\/\/agora.xtec.cat\/ceefontdellleo\/wp-json\/wp\/v2\/users\/1"}],"replies":[{"embeddable":true,"href":"https:\/\/agora.xtec.cat\/ceefontdellleo\/wp-json\/wp\/v2\/comments?post=38"}],"version-history":[{"count":5,"href":"https:\/\/agora.xtec.cat\/ceefontdellleo\/wp-json\/wp\/v2\/pages\/38\/revisions"}],"predecessor-version":[{"id":1306,"href":"https:\/\/agora.xtec.cat\/ceefontdellleo\/wp-json\/wp\/v2\/pages\/38\/revisions\/1306"}],"up":[{"embeddable":true,"href":"https:\/\/agora.xtec.cat\/ceefontdellleo\/wp-json\/wp\/v2\/pages\/22"}],"wp:attachment":[{"href":"https:\/\/agora.xtec.cat\/ceefontdellleo\/wp-json\/wp\/v2\/media?parent=38"}],"curies":[{"name":"wp","href":"https:\/\/api.w.org\/{rel}","templated":true}]}}