{"id":34,"date":"2014-09-18T12:32:18","date_gmt":"2014-09-18T11:32:18","guid":{"rendered":"http:\/\/agora.xtec.cat\/ceefontdellleo\/?page_id=34"},"modified":"2024-02-09T10:22:23","modified_gmt":"2024-02-09T09:22:23","slug":"oferta-educativa","status":"publish","type":"page","link":"https:\/\/agora.xtec.cat\/ceefontdellleo\/lescola\/oferta-educativa\/","title":{"rendered":"Oferta educativa"},"content":{"rendered":"<h5>Destinataris:<\/h5>\n<ul>\n<li>Alumnes amb necessitats educatives especials<\/li>\n<li>Edats compreses entre els 3 i els 21 anys<\/li>\n<li>Alumnes que visquin a Reus, a la comarca del Baix Camp o Priorat<\/li>\n<li>Amb informe de l&#8217;EAP<\/li>\n<\/ul>\n<h5>Nivells educatius curs 2023-24:<\/h5>\n<ul>\n<li>Educaci\u00f3 Infantil<\/li>\n<li>Educaci\u00f3 Prim\u00e0ria<\/li>\n<li>Educaci\u00f3 Secund\u00e0ria Obligat\u00f2ria<\/li>\n<\/ul>\n<h5>Modalitats d&#8217;escolaritzaci\u00f3:<\/h5>\n<ul>\n<li>A tot estar al centre d&#8217;educaci\u00f3 especial<\/li>\n<li>Modalitat compartida amb un centre ordinari<\/li>\n<\/ul>\n<p>Si un alumne realitza la modalitat compartida, es duen a terme coordinacions peri\u00f2diques entre ambd\u00f3s centres educatius per tal d&#8217;organitzar i planificar les actuacions i donar una millor resposta a les necessitats de l&#8217;alumne de manera unificada.<\/p>\n","protected":false},"excerpt":{"rendered":"<p>Destinataris:<\/p>\n<ul>\n<li>Alumnes amb necessitats educatives especials<\/li>\n<li>Edats compreses entre els 3 i els 21 anys<\/li>\n<li>Alumnes que visquin a Reus, a la comarca del Baix Camp o Priorat<\/li>\n<li>Amb informe de l&#8217;EAP<\/li>\n<\/ul>\n<p>Nivells educatius curs 2023-24:<\/p>\n<ul>\n<li>Educaci\u00f3 Infantil<\/li>\n<li>Educaci\u00f3 Prim\u00e0ria<\/li>\n<li>Educaci\u00f3 Secund\u00e0ria Obligat\u00f2ria<\/li>\n<\/ul>\n<p>Modalitats d&#8217;escolaritzaci\u00f3:<\/p>\n<ul>\n<li>A tot estar al centre d&#8217;educaci\u00f3 especial<\/li>\n<li>Modalitat compartida amb un&hellip;  <a href=\"https:\/\/agora.xtec.cat\/ceefontdellleo\/lescola\/oferta-educativa\/\" title=\"Read Oferta educativa\">Llegeix m\u00e9s\u00bb<\/a><br \/>\n","protected":false},"author":1,"featured_media":0,"parent":22,"menu_order":21,"comment_status":"closed","ping_status":"closed","template":"page-templates\/side-menu.php","meta":{"_bbp_topic_count":0,"_bbp_reply_count":0,"_bbp_total_topic_count":0,"_bbp_total_reply_count":0,"_bbp_voice_count":0,"_bbp_anonymous_reply_count":0,"_bbp_topic_count_hidden":0,"_bbp_reply_count_hidden":0,"_bbp_forum_subforum_count":0,"footnotes":""},"class_list":["post-34","page","type-page","status-publish","hentry"],"post_mailing_queue_ids":[],"_links":{"self":[{"href":"https:\/\/agora.xtec.cat\/ceefontdellleo\/wp-json\/wp\/v2\/pages\/34","targetHints":{"allow":["GET"]}}],"collection":[{"href":"https:\/\/agora.xtec.cat\/ceefontdellleo\/wp-json\/wp\/v2\/pages"}],"about":[{"href":"https:\/\/agora.xtec.cat\/ceefontdellleo\/wp-json\/wp\/v2\/types\/page"}],"author":[{"embeddable":true,"href":"https:\/\/agora.xtec.cat\/ceefontdellleo\/wp-json\/wp\/v2\/users\/1"}],"replies":[{"embeddable":true,"href":"https:\/\/agora.xtec.cat\/ceefontdellleo\/wp-json\/wp\/v2\/comments?post=34"}],"version-history":[{"count":5,"href":"https:\/\/agora.xtec.cat\/ceefontdellleo\/wp-json\/wp\/v2\/pages\/34\/revisions"}],"predecessor-version":[{"id":1992,"href":"https:\/\/agora.xtec.cat\/ceefontdellleo\/wp-json\/wp\/v2\/pages\/34\/revisions\/1992"}],"up":[{"embeddable":true,"href":"https:\/\/agora.xtec.cat\/ceefontdellleo\/wp-json\/wp\/v2\/pages\/22"}],"wp:attachment":[{"href":"https:\/\/agora.xtec.cat\/ceefontdellleo\/wp-json\/wp\/v2\/media?parent=34"}],"curies":[{"name":"wp","href":"https:\/\/api.w.org\/{rel}","templated":true}]}}