{"id":28,"date":"2014-09-18T12:29:35","date_gmt":"2014-09-18T11:29:35","guid":{"rendered":"http:\/\/agora.xtec.cat\/ceefontdellleo\/?page_id=28"},"modified":"2024-02-09T10:25:35","modified_gmt":"2024-02-09T09:25:35","slug":"consell-escolar","status":"publish","type":"page","link":"https:\/\/agora.xtec.cat\/ceefontdellleo\/lescola\/consell-escolar\/","title":{"rendered":"Consell escolar"},"content":{"rendered":"<p>El consell escolar del centre \u00e9s l&#8217;\u00f2rgan col\u00b7legiat de participaci\u00f3 de la comunitat escolar en el govern del centre. La funci\u00f3 principal del consell escolar \u00e9s participar en la presa de decisions en relaci\u00f3 amb aquells temes importants per al funcionament i l&#8217;organitzaci\u00f3 del centre: el projecte educatiu, la programaci\u00f3 general, la gesti\u00f3 econ\u00f2mica, etc.<\/p>\n<p><a href=\"https:\/\/agora.xtec.cat\/ceefontdellleo\/wp-content\/uploads\/usu1793\/2024\/02\/consell-escolar-CEE-2.png\"><img loading=\"lazy\" decoding=\"async\" class=\" wp-image-1993 aligncenter\" src=\"https:\/\/agora.xtec.cat\/ceefontdellleo\/wp-content\/uploads\/usu1793\/2024\/02\/consell-escolar-CEE-2.png\" alt=\"\" width=\"746\" height=\"560\" srcset=\"https:\/\/agora.xtec.cat\/ceefontdellleo\/wp-content\/uploads\/usu1793\/2024\/02\/consell-escolar-CEE-2.png 1024w, https:\/\/agora.xtec.cat\/ceefontdellleo\/wp-content\/uploads\/usu1793\/2024\/02\/consell-escolar-CEE-2-300x225.png 300w, https:\/\/agora.xtec.cat\/ceefontdellleo\/wp-content\/uploads\/usu1793\/2024\/02\/consell-escolar-CEE-2-768x576.png 768w, https:\/\/agora.xtec.cat\/ceefontdellleo\/wp-content\/uploads\/usu1793\/2024\/02\/consell-escolar-CEE-2-200x150.png 200w\" sizes=\"auto, (max-width: 746px) 100vw, 746px\" \/><\/a><\/p>\n<p>&nbsp;<\/p>\n<h4>Acords presos en el Consell Escolar:<\/h4>\n<table class=\" alignleft\" style=\"height: 207px; width: 235px;\" width=\"235\">\n<tbody>\n<tr>\n<td style=\"width: 116.453125px;\">\n<p style=\"text-align: center;\">Data<br \/>\nConsell Escolar<\/p>\n<\/td>\n<td style=\"width: 110px;\">Acords presos<\/td>\n<\/tr>\n<tr>\n<td style=\"width: 116.453125px;\"><\/td>\n<td style=\"width: 110px;\"><\/td>\n<\/tr>\n<tr>\n<td style=\"width: 116.453125px;\"><\/td>\n<td style=\"width: 110px;\"><\/td>\n<\/tr>\n<tr>\n<td style=\"width: 116.453125px;\"><\/td>\n<td style=\"width: 110px;\"><\/td>\n<\/tr>\n<\/tbody>\n<\/table>\n","protected":false},"excerpt":{"rendered":"<p>El consell escolar del centre \u00e9s l&#8217;\u00f2rgan col\u00b7legiat de participaci\u00f3 de la comunitat escolar en el govern del centre. La funci\u00f3 principal del consell escolar \u00e9s participar en la presa de decisions en relaci\u00f3 amb aquells temes importants per al funcionament i l&#8217;organitzaci\u00f3 del centre:&hellip;  <a href=\"https:\/\/agora.xtec.cat\/ceefontdellleo\/lescola\/consell-escolar\/\" title=\"Read Consell escolar\">Llegeix m\u00e9s\u00bb<\/a><\/p>\n","protected":false},"author":1,"featured_media":0,"parent":22,"menu_order":30,"comment_status":"closed","ping_status":"closed","template":"page-templates\/side-menu.php","meta":{"_bbp_topic_count":0,"_bbp_reply_count":0,"_bbp_total_topic_count":0,"_bbp_total_reply_count":0,"_bbp_voice_count":0,"_bbp_anonymous_reply_count":0,"_bbp_topic_count_hidden":0,"_bbp_reply_count_hidden":0,"_bbp_forum_subforum_count":0,"footnotes":""},"class_list":["post-28","page","type-page","status-publish","hentry"],"post_mailing_queue_ids":[],"_links":{"self":[{"href":"https:\/\/agora.xtec.cat\/ceefontdellleo\/wp-json\/wp\/v2\/pages\/28","targetHints":{"allow":["GET"]}}],"collection":[{"href":"https:\/\/agora.xtec.cat\/ceefontdellleo\/wp-json\/wp\/v2\/pages"}],"about":[{"href":"https:\/\/agora.xtec.cat\/ceefontdellleo\/wp-json\/wp\/v2\/types\/page"}],"author":[{"embeddable":true,"href":"https:\/\/agora.xtec.cat\/ceefontdellleo\/wp-json\/wp\/v2\/users\/1"}],"replies":[{"embeddable":true,"href":"https:\/\/agora.xtec.cat\/ceefontdellleo\/wp-json\/wp\/v2\/comments?post=28"}],"version-history":[{"count":4,"href":"https:\/\/agora.xtec.cat\/ceefontdellleo\/wp-json\/wp\/v2\/pages\/28\/revisions"}],"predecessor-version":[{"id":1994,"href":"https:\/\/agora.xtec.cat\/ceefontdellleo\/wp-json\/wp\/v2\/pages\/28\/revisions\/1994"}],"up":[{"embeddable":true,"href":"https:\/\/agora.xtec.cat\/ceefontdellleo\/wp-json\/wp\/v2\/pages\/22"}],"wp:attachment":[{"href":"https:\/\/agora.xtec.cat\/ceefontdellleo\/wp-json\/wp\/v2\/media?parent=28"}],"curies":[{"name":"wp","href":"https:\/\/api.w.org\/{rel}","templated":true}]}}