{"id":22,"date":"2014-09-18T12:19:57","date_gmt":"2014-09-18T11:19:57","guid":{"rendered":"http:\/\/agora.xtec.cat\/ceefontdellleo\/?page_id=22"},"modified":"2020-04-26T09:34:27","modified_gmt":"2020-04-26T07:34:27","slug":"lescola","status":"publish","type":"page","link":"https:\/\/agora.xtec.cat\/ceefontdellleo\/lescola\/","title":{"rendered":"L&#8217;escola"},"content":{"rendered":"<p>El Centre d&#8217;Educaci\u00f3 Especial Font del Lle\u00f3 \u00e9s una escola p\u00fablica del Departament d&#8217;Educaci\u00f3 que neix el setembre del 2014 al municipi de Reus, dins del Barri Gaud\u00ed, per donar resposta a la demanda de places d&#8217;educaci\u00f3 especial de la zona.<\/p>\n<p>L&#8217;escola at\u00e9n alumnes d&#8217;entre els 3 i els 21 anys,\u00a0del municipi de Reus i la comarca del Baix Camp, amb alguna necessitat espec\u00edfica de suport educatiu derivades d\u2019una discapacitat intel\u00b7lectual i\/o un trastorn de l\u2019espectre autista, en diferents graus d\u2019afectaci\u00f3.<\/p>\n<p>El centre d\u00f3na resposta educativa a un total de 50 alumnes que poden estar escolaritzats en el centre en la totalitat de l\u2019horari escolar o poden estar escolaritzats en modalitat de compartida amb un centre ordinari.<\/p>\n","protected":false},"excerpt":{"rendered":"<p>El Centre d&#8217;Educaci\u00f3 Especial Font del Lle\u00f3 \u00e9s una escola p\u00fablica del Departament d&#8217;Educaci\u00f3 que neix el setembre del 2014 al municipi de Reus, dins del Barri Gaud\u00ed, per donar resposta a la demanda de places d&#8217;educaci\u00f3 especial de la zona.<br \/>\nL&#8217;escola at\u00e9n alumnes d&#8217;entre els&hellip;  <a href=\"https:\/\/agora.xtec.cat\/ceefontdellleo\/lescola\/\" title=\"Read L&#8217;escola\">Llegeix m\u00e9s\u00bb<\/a><\/p>\n","protected":false},"author":1,"featured_media":0,"parent":0,"menu_order":0,"comment_status":"closed","ping_status":"closed","template":"page-templates\/side-menu.php","meta":{"_bbp_topic_count":0,"_bbp_reply_count":0,"_bbp_total_topic_count":0,"_bbp_total_reply_count":0,"_bbp_voice_count":0,"_bbp_anonymous_reply_count":0,"_bbp_topic_count_hidden":0,"_bbp_reply_count_hidden":0,"_bbp_forum_subforum_count":0,"footnotes":""},"class_list":["post-22","page","type-page","status-publish","hentry"],"post_mailing_queue_ids":[],"_links":{"self":[{"href":"https:\/\/agora.xtec.cat\/ceefontdellleo\/wp-json\/wp\/v2\/pages\/22","targetHints":{"allow":["GET"]}}],"collection":[{"href":"https:\/\/agora.xtec.cat\/ceefontdellleo\/wp-json\/wp\/v2\/pages"}],"about":[{"href":"https:\/\/agora.xtec.cat\/ceefontdellleo\/wp-json\/wp\/v2\/types\/page"}],"author":[{"embeddable":true,"href":"https:\/\/agora.xtec.cat\/ceefontdellleo\/wp-json\/wp\/v2\/users\/1"}],"replies":[{"embeddable":true,"href":"https:\/\/agora.xtec.cat\/ceefontdellleo\/wp-json\/wp\/v2\/comments?post=22"}],"version-history":[{"count":3,"href":"https:\/\/agora.xtec.cat\/ceefontdellleo\/wp-json\/wp\/v2\/pages\/22\/revisions"}],"predecessor-version":[{"id":622,"href":"https:\/\/agora.xtec.cat\/ceefontdellleo\/wp-json\/wp\/v2\/pages\/22\/revisions\/622"}],"wp:attachment":[{"href":"https:\/\/agora.xtec.cat\/ceefontdellleo\/wp-json\/wp\/v2\/media?parent=22"}],"curies":[{"name":"wp","href":"https:\/\/api.w.org\/{rel}","templated":true}]}}