{"id":1437,"date":"2022-11-18T15:42:12","date_gmt":"2022-11-18T14:42:12","guid":{"rendered":"https:\/\/agora.xtec.cat\/ceefontdellleo\/?page_id=1437"},"modified":"2026-02-18T09:32:29","modified_gmt":"2026-02-18T08:32:29","slug":"avaluacio","status":"publish","type":"page","link":"https:\/\/agora.xtec.cat\/ceefontdellleo\/avaluacio\/","title":{"rendered":"Avaluaci\u00f3"},"content":{"rendered":"<p dir=\"ltr\">L&#8217;EDC s&#8217;avaluar\u00e0 de forma peri\u00f2dica, revisant objectius i activitats planificades per tal tal de determinar el grau d&#8217;assoliment, i si \u00e9s necessari modificar els objectius, les actuacions o la temporalitzaci\u00f3. Aquesta revisi\u00f3 es far\u00e0 mitjan\u00e7ant els indicadors de criteri d&#8217;\u00e8xit de les activitats proposades.<\/p>\n<p dir=\"ltr\">Cada curs escolar es far\u00e0 la valoraci\u00f3 dels resultats, i s&#8217;aniran fent les adaptacions que es considerin adients per garantir que la nostra escola va construint i consolidant l&#8217;estrat\u00e8gia digital. Per tant, a partir del curs 2022-23 anirem incorporant en aquesta p\u00e0gina les dades que es vagin recollint, i les valoracions fetes per tota la comunitat educativa.<\/p>\n<p dir=\"ltr\">Quan l&#8217;EDC arribi al final de la planificaci\u00f3, caldr\u00e0 realitzar una nova diagnosi per actualitzar-la i\u00a0 actualitzar els objectius, actuacions en funci\u00f3 de les noves necessitats.<\/p>\n","protected":false},"excerpt":{"rendered":"<p>L&#8217;EDC s&#8217;avaluar\u00e0 de forma peri\u00f2dica, revisant objectius i activitats planificades per tal tal de determinar el grau d&#8217;assoliment, i si \u00e9s necessari modificar els objectius, les actuacions o la temporalitzaci\u00f3. Aquesta revisi\u00f3 es far\u00e0 mitjan\u00e7ant els indicadors de criteri d&#8217;\u00e8xit de les activitats proposades.<br \/>\nCada curs&hellip;  <a href=\"https:\/\/agora.xtec.cat\/ceefontdellleo\/avaluacio\/\" title=\"Read Avaluaci\u00f3\">Llegeix m\u00e9s\u00bb<\/a><\/p>\n","protected":false},"author":4,"featured_media":0,"parent":0,"menu_order":0,"comment_status":"closed","ping_status":"closed","template":"","meta":{"_bbp_topic_count":0,"_bbp_reply_count":0,"_bbp_total_topic_count":0,"_bbp_total_reply_count":0,"_bbp_voice_count":0,"_bbp_anonymous_reply_count":0,"_bbp_topic_count_hidden":0,"_bbp_reply_count_hidden":0,"_bbp_forum_subforum_count":0,"footnotes":""},"class_list":["post-1437","page","type-page","status-publish","hentry"],"post_mailing_queue_ids":[],"_links":{"self":[{"href":"https:\/\/agora.xtec.cat\/ceefontdellleo\/wp-json\/wp\/v2\/pages\/1437","targetHints":{"allow":["GET"]}}],"collection":[{"href":"https:\/\/agora.xtec.cat\/ceefontdellleo\/wp-json\/wp\/v2\/pages"}],"about":[{"href":"https:\/\/agora.xtec.cat\/ceefontdellleo\/wp-json\/wp\/v2\/types\/page"}],"author":[{"embeddable":true,"href":"https:\/\/agora.xtec.cat\/ceefontdellleo\/wp-json\/wp\/v2\/users\/4"}],"replies":[{"embeddable":true,"href":"https:\/\/agora.xtec.cat\/ceefontdellleo\/wp-json\/wp\/v2\/comments?post=1437"}],"version-history":[{"count":2,"href":"https:\/\/agora.xtec.cat\/ceefontdellleo\/wp-json\/wp\/v2\/pages\/1437\/revisions"}],"predecessor-version":[{"id":1646,"href":"https:\/\/agora.xtec.cat\/ceefontdellleo\/wp-json\/wp\/v2\/pages\/1437\/revisions\/1646"}],"wp:attachment":[{"href":"https:\/\/agora.xtec.cat\/ceefontdellleo\/wp-json\/wp\/v2\/media?parent=1437"}],"curies":[{"name":"wp","href":"https:\/\/api.w.org\/{rel}","templated":true}]}}