{"id":1428,"date":"2022-11-18T15:40:09","date_gmt":"2022-11-18T14:40:09","guid":{"rendered":"https:\/\/agora.xtec.cat\/ceefontdellleo\/?page_id=1428"},"modified":"2022-11-18T15:40:09","modified_gmt":"2022-11-18T14:40:09","slug":"diagnosi","status":"publish","type":"page","link":"https:\/\/agora.xtec.cat\/ceefontdellleo\/diagnosi\/","title":{"rendered":"Diagnosi"},"content":{"rendered":"<p>Del febrer al maig del 2021 des del centre educatiu vam passar un seguit de q\u00fcestionaris a les fam\u00edlies i als professionals del centre per realitzar la diagnosi de la nostra comunitat educativa en relaci\u00f3 al nivell de compet\u00e8ncia digital dels diferents membres.<\/p>\n<p>Els q\u00fcestionaris utilitzats van ser els SELFIE creats per la Comissi\u00f3 Europea.<\/p>\n<p><a href=\"https:\/\/drive.google.com\/file\/d\/1MCuee37lLlsiRsNRGV3e1Ym3PLuWak9f\/view?usp=sharing\"><img loading=\"lazy\" decoding=\"async\" class=\"aligncenter\" src=\"https:\/\/static.wixstatic.com\/media\/41b7e5_ff00e05145e4423b9381af7b4d4b8686~mv2.png\/v1\/fit\/w_973%2Ch_245%2Cal_c\/file.png\" alt=\"Qu\u00e9 es SELFIE? La herramienta de auto-evaluaci\u00f3n digital para tu centro educativo\" width=\"412\" height=\"104\" \/><\/a><\/p>\n","protected":false},"excerpt":{"rendered":"<p>Del febrer al maig del 2021 des del centre educatiu vam passar un seguit de q\u00fcestionaris a les fam\u00edlies i als professionals del centre per realitzar la diagnosi de la nostra comunitat educativa en relaci\u00f3 al nivell de compet\u00e8ncia digital dels diferents membres.<br \/>\nEls q\u00fcestionaris utilitzats&hellip;  <a href=\"https:\/\/agora.xtec.cat\/ceefontdellleo\/diagnosi\/\" title=\"Read Diagnosi\">Llegeix m\u00e9s\u00bb<\/a><\/p>\n","protected":false},"author":4,"featured_media":0,"parent":0,"menu_order":0,"comment_status":"closed","ping_status":"closed","template":"","meta":{"_bbp_topic_count":0,"_bbp_reply_count":0,"_bbp_total_topic_count":0,"_bbp_total_reply_count":0,"_bbp_voice_count":0,"_bbp_anonymous_reply_count":0,"_bbp_topic_count_hidden":0,"_bbp_reply_count_hidden":0,"_bbp_forum_subforum_count":0,"footnotes":""},"class_list":["post-1428","page","type-page","status-publish","hentry"],"post_mailing_queue_ids":[],"_links":{"self":[{"href":"https:\/\/agora.xtec.cat\/ceefontdellleo\/wp-json\/wp\/v2\/pages\/1428","targetHints":{"allow":["GET"]}}],"collection":[{"href":"https:\/\/agora.xtec.cat\/ceefontdellleo\/wp-json\/wp\/v2\/pages"}],"about":[{"href":"https:\/\/agora.xtec.cat\/ceefontdellleo\/wp-json\/wp\/v2\/types\/page"}],"author":[{"embeddable":true,"href":"https:\/\/agora.xtec.cat\/ceefontdellleo\/wp-json\/wp\/v2\/users\/4"}],"replies":[{"embeddable":true,"href":"https:\/\/agora.xtec.cat\/ceefontdellleo\/wp-json\/wp\/v2\/comments?post=1428"}],"version-history":[{"count":1,"href":"https:\/\/agora.xtec.cat\/ceefontdellleo\/wp-json\/wp\/v2\/pages\/1428\/revisions"}],"predecessor-version":[{"id":1430,"href":"https:\/\/agora.xtec.cat\/ceefontdellleo\/wp-json\/wp\/v2\/pages\/1428\/revisions\/1430"}],"wp:attachment":[{"href":"https:\/\/agora.xtec.cat\/ceefontdellleo\/wp-json\/wp\/v2\/media?parent=1428"}],"curies":[{"name":"wp","href":"https:\/\/api.w.org\/{rel}","templated":true}]}}