{"id":1321,"date":"2022-09-30T15:43:54","date_gmt":"2022-09-30T13:43:54","guid":{"rendered":"https:\/\/agora.xtec.cat\/ceefontdellleo\/?page_id=1321"},"modified":"2022-09-30T15:43:54","modified_gmt":"2022-09-30T13:43:54","slug":"maleta-viatgera","status":"publish","type":"page","link":"https:\/\/agora.xtec.cat\/ceefontdellleo\/projecte-educatiu\/projectes-de-centre\/maleta-viatgera\/","title":{"rendered":"Maleta viatgera"},"content":{"rendered":"<p>El projecte de &#8220;La maleta viatgera&#8221; est\u00e0 pensat per facilitar estones de lectura compartida amb els fills\/es.<\/p>\n<p>El desig d&#8217;escoltar que sent l&#8217;infant, de con\u00e8ixer hist\u00f2ries sorprenents, fant\u00e0stiques, fascinants i de compartir el millor moment amb el pare, la mare, l&#8217;\u00e0via, &#8230; \u00e9s sens dubte el punt de partida per fomentar en el nen\/a l&#8217;h\u00e0bit lector.<\/p>\n<p>Cada maleta cont\u00e9 un recull de llibres seleccionats per a cada classe segons les seves caracter\u00edstiques, necessitats i interessos.<\/p>\n<p>A m\u00e9s, dins de la maleta tamb\u00e9 trobareu una llibreta. Us proposem que feu una activitat relacionada amb la lectura juntament amb els vostres fills\/es, podeu dir idees, suggeriments, fer valoracions, dibuixar, enganxar fotos o creacions que us hagi motivat la lectura.<\/p>\n<p>Cada divendres un alumne de l&#8217;aula prendr\u00e0 a casa la maleta i l&#8217;haur\u00e0 de retornar el dijous seg\u00fcent.<\/p>\n<p>Desitgem que gaudiu amb els vostres fills\/es d&#8217;aquesta experi\u00e8ncia!<\/p>\n","protected":false},"excerpt":{"rendered":"<p>El projecte de &#8220;La maleta viatgera&#8221; est\u00e0 pensat per facilitar estones de lectura compartida amb els fills\/es.<br \/>\nEl desig d&#8217;escoltar que sent l&#8217;infant, de con\u00e8ixer hist\u00f2ries sorprenents, fant\u00e0stiques, fascinants i de compartir el millor moment amb el pare, la mare, l&#8217;\u00e0via, &#8230; \u00e9s sens dubte el&hellip;  <a href=\"https:\/\/agora.xtec.cat\/ceefontdellleo\/projecte-educatiu\/projectes-de-centre\/maleta-viatgera\/\" title=\"Read Maleta viatgera\">Llegeix m\u00e9s\u00bb<\/a><\/p>\n","protected":false},"author":4,"featured_media":0,"parent":638,"menu_order":0,"comment_status":"closed","ping_status":"closed","template":"","meta":{"_bbp_topic_count":0,"_bbp_reply_count":0,"_bbp_total_topic_count":0,"_bbp_total_reply_count":0,"_bbp_voice_count":0,"_bbp_anonymous_reply_count":0,"_bbp_topic_count_hidden":0,"_bbp_reply_count_hidden":0,"_bbp_forum_subforum_count":0,"footnotes":""},"class_list":["post-1321","page","type-page","status-publish","hentry"],"post_mailing_queue_ids":[],"_links":{"self":[{"href":"https:\/\/agora.xtec.cat\/ceefontdellleo\/wp-json\/wp\/v2\/pages\/1321","targetHints":{"allow":["GET"]}}],"collection":[{"href":"https:\/\/agora.xtec.cat\/ceefontdellleo\/wp-json\/wp\/v2\/pages"}],"about":[{"href":"https:\/\/agora.xtec.cat\/ceefontdellleo\/wp-json\/wp\/v2\/types\/page"}],"author":[{"embeddable":true,"href":"https:\/\/agora.xtec.cat\/ceefontdellleo\/wp-json\/wp\/v2\/users\/4"}],"replies":[{"embeddable":true,"href":"https:\/\/agora.xtec.cat\/ceefontdellleo\/wp-json\/wp\/v2\/comments?post=1321"}],"version-history":[{"count":1,"href":"https:\/\/agora.xtec.cat\/ceefontdellleo\/wp-json\/wp\/v2\/pages\/1321\/revisions"}],"predecessor-version":[{"id":1322,"href":"https:\/\/agora.xtec.cat\/ceefontdellleo\/wp-json\/wp\/v2\/pages\/1321\/revisions\/1322"}],"up":[{"embeddable":true,"href":"https:\/\/agora.xtec.cat\/ceefontdellleo\/wp-json\/wp\/v2\/pages\/638"}],"wp:attachment":[{"href":"https:\/\/agora.xtec.cat\/ceefontdellleo\/wp-json\/wp\/v2\/media?parent=1321"}],"curies":[{"name":"wp","href":"https:\/\/api.w.org\/{rel}","templated":true}]}}