{"id":893,"date":"2016-07-11T19:51:22","date_gmt":"2016-07-11T17:51:22","guid":{"rendered":"http:\/\/agora.xtec.cat\/ceefontdelabella\/?page_id=893"},"modified":"2025-11-27T12:37:07","modified_gmt":"2025-11-27T11:37:07","slug":"biblioteques-puntedu","status":"publish","type":"page","link":"https:\/\/agora.xtec.cat\/ceefontdelabella\/biblioteques-puntedu\/","title":{"rendered":"Biblioteques PuntEdu"},"content":{"rendered":"<p><a href=\"http:\/\/agora.xtec.cat\/ceefontdelabella\/wp-content\/uploads\/usu1397\/2016\/07\/biblioteca.jpg\"><img loading=\"lazy\" decoding=\"async\" class=\"size-full wp-image-934 alignleft\" src=\"http:\/\/agora.xtec.cat\/ceefontdelabella\/wp-content\/uploads\/usu1397\/2016\/07\/biblioteca.jpg\" alt=\"biblioteca\" width=\"237\" height=\"178\" srcset=\"https:\/\/agora.xtec.cat\/ceefontdelabella\/wp-content\/uploads\/usu1397\/2016\/07\/biblioteca.jpg 237w, https:\/\/agora.xtec.cat\/ceefontdelabella\/wp-content\/uploads\/usu1397\/2016\/07\/biblioteca-200x150.jpg 200w\" sizes=\"auto, (max-width: 237px) 100vw, 237px\" \/><\/a>Des de la inauguraci\u00f3 de l&#8217;escola als anys 70, ha existit un espai dedicat a biblioteca general (de consulta de llibres varis) on els principals usuaris han estat els docents. A m\u00e9s a m\u00e9s, cada aula disposava de materials variats segons les necessitats dels alumnes.<\/p>\n<p>Fa quatre cursos que el Departament d&#8217;Educaci\u00f3 va instal\u00b7lar un m\u00f2dul al Centre que ens va permetre crear nous espais: aula de m\u00fasica, aula de pl\u00e0stica, aula d&#8217;audiovisuals, aula llar, ludoteca i&#8230; finalment un espai ampli per a la <em>Biblioteca d&#8217;alumnes.<\/em><\/p>\n<p>Els primers cursos s&#8217;han dedicat per una banda a &#8216;posar en marxa&#8217; aquest nou espai dedicat a la biblioteca d&#8217;alumnes i per altra a reestructurar la que hi havia fins aleshores per tal de annexionar-les, tot i tenir ubicacions diferents al Centre. A m\u00e9s, el curs passat es va habilitar un nou espai anomenat &#8220;El rac\u00f3 m\u00e0gic&#8221;. Amb aquest nou espai disposem d&#8217;una aula per poder explicar, escoltar i\/o escenificar contes, ambientats per una ornamentaci\u00f3 m\u00e0gica i fant\u00e0stica.<\/p>\n<p><a href=\"https:\/\/agora.xtec.cat\/ceefontdelabella\/wp-content\/uploads\/usu1397\/2021\/03\/La-biblioteca-escolar-com-a-recurs-educatiu-de-tota-la-comunitat-educativa.odt.pdf\">Acc\u00e9s al document sencer<\/a><\/p>\n<div id=\"gtx-trans\" style=\"position: absolute; left: 7px; top: 301.922px;\">\n<div class=\"gtx-trans-icon\"><\/div>\n<\/div>\n","protected":false},"excerpt":{"rendered":"<p>Des de la inauguraci\u00f3 de l&#8217;escola als anys 70, ha existit un espai dedicat a biblioteca general (de consulta de llibres varis) on els principals usuaris han estat els docents. A m\u00e9s a m\u00e9s, cada aula disposava de materials variats segons les necessitats dels alumnes. Fa quatre cursos que el Departament d&#8217;Educaci\u00f3 va instal\u00b7lar un [&hellip;]<\/p>\n","protected":false},"author":1,"featured_media":0,"parent":0,"menu_order":3,"comment_status":"closed","ping_status":"closed","template":"","meta":{"_bbp_topic_count":0,"_bbp_reply_count":0,"_bbp_total_topic_count":0,"_bbp_total_reply_count":0,"_bbp_voice_count":0,"_bbp_anonymous_reply_count":0,"_bbp_topic_count_hidden":0,"_bbp_reply_count_hidden":0,"_bbp_forum_subforum_count":0,"site-sidebar-layout":"default","site-content-layout":"","ast-site-content-layout":"default","site-content-style":"default","site-sidebar-style":"default","ast-global-header-display":"","ast-banner-title-visibility":"","ast-main-header-display":"","ast-hfb-above-header-display":"","ast-hfb-below-header-display":"","ast-hfb-mobile-header-display":"","site-post-title":"","ast-breadcrumbs-content":"","ast-featured-img":"","footer-sml-layout":"","theme-transparent-header-meta":"default","adv-header-id-meta":"","stick-header-meta":"","header-above-stick-meta":"","header-main-stick-meta":"","header-below-stick-meta":"","astra-migrate-meta-layouts":"set","ast-page-background-enabled":"default","ast-page-background-meta":{"desktop":{"background-color":"var(--ast-global-color-4)","background-image":"","background-repeat":"repeat","background-position":"center center","background-size":"auto","background-attachment":"scroll","background-type":"","background-media":"","overlay-type":"","overlay-color":"","overlay-opacity":"","overlay-gradient":""},"tablet":{"background-color":"","background-image":"","background-repeat":"repeat","background-position":"center center","background-size":"auto","background-attachment":"scroll","background-type":"","background-media":"","overlay-type":"","overlay-color":"","overlay-opacity":"","overlay-gradient":""},"mobile":{"background-color":"","background-image":"","background-repeat":"repeat","background-position":"center center","background-size":"auto","background-attachment":"scroll","background-type":"","background-media":"","overlay-type":"","overlay-color":"","overlay-opacity":"","overlay-gradient":""}},"ast-content-background-meta":{"desktop":{"background-color":"var(--ast-global-color-5)","background-image":"","background-repeat":"repeat","background-position":"center center","background-size":"auto","background-attachment":"scroll","background-type":"","background-media":"","overlay-type":"","overlay-color":"","overlay-opacity":"","overlay-gradient":""},"tablet":{"background-color":"var(--ast-global-color-5)","background-image":"","background-repeat":"repeat","background-position":"center center","background-size":"auto","background-attachment":"scroll","background-type":"","background-media":"","overlay-type":"","overlay-color":"","overlay-opacity":"","overlay-gradient":""},"mobile":{"background-color":"var(--ast-global-color-5)","background-image":"","background-repeat":"repeat","background-position":"center center","background-size":"auto","background-attachment":"scroll","background-type":"","background-media":"","overlay-type":"","overlay-color":"","overlay-opacity":"","overlay-gradient":""}},"footnotes":""},"class_list":["post-893","page","type-page","status-publish","hentry"],"post_mailing_queue_ids":[],"_links":{"self":[{"href":"https:\/\/agora.xtec.cat\/ceefontdelabella\/wp-json\/wp\/v2\/pages\/893","targetHints":{"allow":["GET"]}}],"collection":[{"href":"https:\/\/agora.xtec.cat\/ceefontdelabella\/wp-json\/wp\/v2\/pages"}],"about":[{"href":"https:\/\/agora.xtec.cat\/ceefontdelabella\/wp-json\/wp\/v2\/types\/page"}],"author":[{"embeddable":true,"href":"https:\/\/agora.xtec.cat\/ceefontdelabella\/wp-json\/wp\/v2\/users\/1"}],"replies":[{"embeddable":true,"href":"https:\/\/agora.xtec.cat\/ceefontdelabella\/wp-json\/wp\/v2\/comments?post=893"}],"version-history":[{"count":5,"href":"https:\/\/agora.xtec.cat\/ceefontdelabella\/wp-json\/wp\/v2\/pages\/893\/revisions"}],"predecessor-version":[{"id":37614,"href":"https:\/\/agora.xtec.cat\/ceefontdelabella\/wp-json\/wp\/v2\/pages\/893\/revisions\/37614"}],"wp:attachment":[{"href":"https:\/\/agora.xtec.cat\/ceefontdelabella\/wp-json\/wp\/v2\/media?parent=893"}],"curies":[{"name":"wp","href":"https:\/\/api.w.org\/{rel}","templated":true}]}}