{"id":80,"date":"2014-09-18T14:09:48","date_gmt":"2014-09-18T13:09:48","guid":{"rendered":"http:\/\/agora.xtec.cat\/ceefontdelabella\/?page_id=80"},"modified":"2025-09-12T10:31:34","modified_gmt":"2025-09-12T08:31:34","slug":"transport-escolar","status":"publish","type":"page","link":"https:\/\/agora.xtec.cat\/ceefontdelabella\/serveis\/transport-escolar\/","title":{"rendered":"Transport Escolar"},"content":{"rendered":"<p><strong>NORMES GENERALS<\/strong><\/p>\n<p>El transport del centre \u00e9s gestionat pel Consell Comarcal del Giron\u00e8s, dona servei a la totalitat dels i les alumnes.<\/p>\n<p>Per l\u2019alumnat de fora la ciutat de Girona el transport \u00e9s subvencionat. Els i les alumnes de la ciutat de Girona paguen el transport escolar, per\u00f2 tenen l\u2019oportunitat de demanar beca a l\u2019administraci\u00f3 central.<\/p>\n<p>Aquest curs escolar per fer arribar l\u2019alumnat al centre, s\u2019han planificat 8 rutes de transport repartides en les diferents direccions que cobreix la nostra zona.<\/p>\n<p>La r\u00e0tio de monitor\/a de transport per alumne\/a \u00e9s de 15 alumnes\/ 1 monitor\/a de transport llevat de casos excepcionals en els quals la r\u00e0tio \u00e9s m\u00e9s baixa.<\/p>\n<p>Tant l\u2019acollida del mat\u00ed a l\u2019escola com el comiat, aquest curs 2025-26, van a c\u00e0rrec de tots els\/les professionals del Centre.<\/p>\n<p style=\"font-weight: 400;\">Si cal fer un canvi de parada o ruta cal notificar-lo mitjan\u00e7ant correu-e a <a href=\"mailto:secretaria@fontdelabella.cat\">secretaria@fontdelabella.cat<\/a> indicant:<\/p>\n<ul>\n<li style=\"list-style-type: none;\">\n<ul>\n<li style=\"list-style-type: none;\">\n<ul>\n<li style=\"list-style-type: none;\">\n<ul>\n<li style=\"list-style-type: none;\">\n<ul>\n<li style=\"list-style-type: none;\">\n<ul>\n<li style=\"list-style-type: none;\">\n<ul>\n<li style=\"list-style-type: none;\">\n<ul>\n<li style=\"list-style-type: none;\">\n<ul>\n<li style=\"list-style-type: none;\">\n<ul>\n<li style=\"list-style-type: none;\">\n<ul>\n<li style=\"list-style-type: none;\">\n<ul>\n<li style=\"font-weight: 400;\">en l&#8217;assumpte <strong>CANVI TRANSPORT<\/strong><\/li>\n<li style=\"font-weight: 400;\">i en el cos del missatge:\n<ul>\n<li style=\"list-style-type: none;\">\n<ul>\n<li style=\"list-style-type: none;\">\n<ul>\n<li style=\"list-style-type: none;\">\n<ul>\n<li style=\"list-style-type: none;\">\n<ul>\n<li style=\"font-weight: 400;\">nom i cognoms de l&#8217;alumne,<\/li>\n<li style=\"font-weight: 400;\">nova adre\u00e7a,<\/li>\n<li style=\"font-weight: 400;\">quina parada tenia<\/li>\n<li style=\"font-weight: 400;\">i quina vol tenir.<\/li>\n<\/ul>\n<\/li>\n<\/ul>\n<\/li>\n<\/ul>\n<\/li>\n<\/ul>\n<\/li>\n<\/ul>\n<\/li>\n<\/ul>\n<\/li>\n<\/ul>\n<\/li>\n<\/ul>\n<\/li>\n<\/ul>\n<\/li>\n<\/ul>\n<\/li>\n<\/ul>\n<\/li>\n<\/ul>\n<\/li>\n<\/ul>\n<\/li>\n<\/ul>\n<\/li>\n<\/ul>\n<\/li>\n<\/ul>\n<\/li>\n<\/ul>\n<p style=\"font-weight: 400;\">Cal recordar que en els canvis d\u2019adre\u00e7a \u00e9s important tenir present que si de Girona van a viure a fora de Girona, <strong>passen a ser gratu\u00efts<\/strong> de transport i menjador, i al rev\u00e9s, si de fora de Girona passen a viure a Girona<strong> perden la gratu\u00eftat<\/strong> dels dos serveis.<\/p>\n<p><span style=\"font-family: inherit; font-size: 1em;\">Cal recordar que:<\/span><\/p>\n<ul>\n<li>\u00c9s important la puntualitat de l\u2019alumnat a la parada al mat\u00ed de cam\u00ed a l\u2019escola i a la tarda el pare, mare o persona que vagi a buscar l\u2019alumne\/a cal que estigui a la parada ja uns minuts abans de l\u2019hora concertada, per afavorir una ruta de transport el m\u00e9s \u00e0gil possible.<\/li>\n<li>Cal una autoritzaci\u00f3 signada per la fam\u00edlia en cas que l\u2019alumne\/a vaig sol cap a casa.<\/li>\n<li>Si es demana canvi de ruta o parada cal avisar amb antelaci\u00f3 d\u2019una setmana (abans de dijous) perqu\u00e8 sigui efectiu el canvi.<\/li>\n<li>Si a l\u2019alumne\/a el va a buscar a la parada un familiar o persona aliena a la fam\u00edlia, cal informar a l\u2019escola i als acompanyants.<\/li>\n<\/ul>\n<h4 style=\"text-align: center;\"><strong>Rutes 2025-2026 (<a href=\"https:\/\/extra.girones.cat\/girones\/doc\/arees\/Ensenyament\/TEC\/Rutes\/Rutes%20CEE%20Font%20de%20l'Abella.pdf\">rutes<\/a>)<\/strong><\/h4>\n<h4 style=\"text-align: center;\"><a href=\"https:\/\/extra.girones.cat\/girones\/doc\/arees\/Ensenyament\/TEC\/INSTRUCCIONS%20%C3%9AS%20SERVEI%20TRANSPORT%20ESCOLAR%202425.pdf\" target=\"_blank\" rel=\"noopener\">Instruccions d\u2019\u00das del Servei del<br \/>\nTransport 2025-2026<\/a><\/h4>\n<p>&nbsp;<\/p>\n<table style=\"border-collapse: collapse; width: 100%;\">\n<tbody>\n<tr>\n<td style=\"width: 100%;\">\n<h4><a href=\"https:\/\/www.girones.cat\/arees\/ensenyament-cultura-turisme-catala-joventut-i-esports\/ensenyament\/\" target=\"_blank\" rel=\"noopener\">DEMANDA TRANSPORT CONSELL COMARCAL<\/a><\/h4>\n<p style=\"font-weight: 400;\">Els codis d\u2019expedient nom\u00e9s recuperen dades de renovaci\u00f3 de gent que ja \u00e9s a la base de dades, si no \u00e9s a la base de dades no hi ha cap expedient a recuperar.<\/p>\n<p style=\"font-weight: 400;\">Tota nova alta sempre ha de ser amb certificat digital.<\/p>\n<p style=\"font-weight: 400;\">Des d\u2019aquesta web ho poden fer f\u00e0cilment<\/p>\n<p style=\"font-weight: 400;\"><a href=\"https:\/\/web.gencat.cat\/ca\/tramits\/com-tramitar-en-linia\/identificacio-digital\/id-cat-mobil\/\" data-saferedirecturl=\"https:\/\/www.google.com\/url?q=https:\/\/web.gencat.cat\/ca\/tramits\/com-tramitar-en-linia\/identificacio-digital\/id-cat-mobil\/&amp;source=gmail&amp;ust=1662538861257000&amp;usg=AOvVaw03e1_oqeRMmItJtUIUfggJ\">https:\/\/web.gencat.cat\/ca\/tramits\/com-tramitar-en-linia\/identificacio-digital\/id-cat-mobil\/<\/a><\/p>\n<\/td>\n<\/tr>\n<\/tbody>\n<\/table>\n<p>&nbsp;<\/p>\n","protected":false},"excerpt":{"rendered":"<p>NORMES GENERALS El transport del centre \u00e9s gestionat pel Consell Comarcal del Giron\u00e8s, dona servei a la totalitat dels i les alumnes. Per l\u2019alumnat de fora la ciutat de Girona el transport \u00e9s subvencionat. Els i les alumnes de la ciutat de Girona paguen el transport escolar, per\u00f2 tenen l\u2019oportunitat de demanar beca a l\u2019administraci\u00f3 [&hellip;]<\/p>\n","protected":false},"author":1,"featured_media":0,"parent":66,"menu_order":40,"comment_status":"closed","ping_status":"closed","template":"","meta":{"_bbp_topic_count":0,"_bbp_reply_count":0,"_bbp_total_topic_count":0,"_bbp_total_reply_count":0,"_bbp_voice_count":0,"_bbp_anonymous_reply_count":0,"_bbp_topic_count_hidden":0,"_bbp_reply_count_hidden":0,"_bbp_forum_subforum_count":0,"site-sidebar-layout":"default","site-content-layout":"","ast-site-content-layout":"default","site-content-style":"default","site-sidebar-style":"default","ast-global-header-display":"","ast-banner-title-visibility":"","ast-main-header-display":"","ast-hfb-above-header-display":"","ast-hfb-below-header-display":"","ast-hfb-mobile-header-display":"","site-post-title":"","ast-breadcrumbs-content":"","ast-featured-img":"","footer-sml-layout":"","theme-transparent-header-meta":"default","adv-header-id-meta":"","stick-header-meta":"","header-above-stick-meta":"","header-main-stick-meta":"","header-below-stick-meta":"","astra-migrate-meta-layouts":"set","ast-page-background-enabled":"default","ast-page-background-meta":{"desktop":{"background-color":"var(--ast-global-color-4)","background-image":"","background-repeat":"repeat","background-position":"center center","background-size":"auto","background-attachment":"scroll","background-type":"","background-media":"","overlay-type":"","overlay-color":"","overlay-opacity":"","overlay-gradient":""},"tablet":{"background-color":"","background-image":"","background-repeat":"repeat","background-position":"center center","background-size":"auto","background-attachment":"scroll","background-type":"","background-media":"","overlay-type":"","overlay-color":"","overlay-opacity":"","overlay-gradient":""},"mobile":{"background-color":"","background-image":"","background-repeat":"repeat","background-position":"center center","background-size":"auto","background-attachment":"scroll","background-type":"","background-media":"","overlay-type":"","overlay-color":"","overlay-opacity":"","overlay-gradient":""}},"ast-content-background-meta":{"desktop":{"background-color":"var(--ast-global-color-5)","background-image":"","background-repeat":"repeat","background-position":"center center","background-size":"auto","background-attachment":"scroll","background-type":"","background-media":"","overlay-type":"","overlay-color":"","overlay-opacity":"","overlay-gradient":""},"tablet":{"background-color":"var(--ast-global-color-5)","background-image":"","background-repeat":"repeat","background-position":"center center","background-size":"auto","background-attachment":"scroll","background-type":"","background-media":"","overlay-type":"","overlay-color":"","overlay-opacity":"","overlay-gradient":""},"mobile":{"background-color":"var(--ast-global-color-5)","background-image":"","background-repeat":"repeat","background-position":"center center","background-size":"auto","background-attachment":"scroll","background-type":"","background-media":"","overlay-type":"","overlay-color":"","overlay-opacity":"","overlay-gradient":""}},"footnotes":""},"class_list":["post-80","page","type-page","status-publish","hentry"],"post_mailing_queue_ids":[],"_links":{"self":[{"href":"https:\/\/agora.xtec.cat\/ceefontdelabella\/wp-json\/wp\/v2\/pages\/80","targetHints":{"allow":["GET"]}}],"collection":[{"href":"https:\/\/agora.xtec.cat\/ceefontdelabella\/wp-json\/wp\/v2\/pages"}],"about":[{"href":"https:\/\/agora.xtec.cat\/ceefontdelabella\/wp-json\/wp\/v2\/types\/page"}],"author":[{"embeddable":true,"href":"https:\/\/agora.xtec.cat\/ceefontdelabella\/wp-json\/wp\/v2\/users\/1"}],"replies":[{"embeddable":true,"href":"https:\/\/agora.xtec.cat\/ceefontdelabella\/wp-json\/wp\/v2\/comments?post=80"}],"version-history":[{"count":7,"href":"https:\/\/agora.xtec.cat\/ceefontdelabella\/wp-json\/wp\/v2\/pages\/80\/revisions"}],"predecessor-version":[{"id":36111,"href":"https:\/\/agora.xtec.cat\/ceefontdelabella\/wp-json\/wp\/v2\/pages\/80\/revisions\/36111"}],"up":[{"embeddable":true,"href":"https:\/\/agora.xtec.cat\/ceefontdelabella\/wp-json\/wp\/v2\/pages\/66"}],"wp:attachment":[{"href":"https:\/\/agora.xtec.cat\/ceefontdelabella\/wp-json\/wp\/v2\/media?parent=80"}],"curies":[{"name":"wp","href":"https:\/\/api.w.org\/{rel}","templated":true}]}}