{"id":77,"date":"2014-09-18T14:05:08","date_gmt":"2014-09-18T13:05:08","guid":{"rendered":"http:\/\/agora.xtec.cat\/ceefontdelabella\/?page_id=77"},"modified":"2021-01-23T17:22:09","modified_gmt":"2021-01-23T16:22:09","slug":"acollida","status":"publish","type":"page","link":"https:\/\/agora.xtec.cat\/ceefontdelabella\/serveis\/acollida\/","title":{"rendered":"Proc\u00e9s d\u2019acollida d\u2019alumnat de nova incorporaci\u00f3 al Centre"},"content":{"rendered":"<table width=\"1027\">\n<tbody>\n<tr>\n<td style=\"vertical-align: top;\" width=\"152\"><\/td>\n<td style=\"vertical-align: top;\" width=\"227\"><strong>ESCOLA<\/strong><\/td>\n<td style=\"vertical-align: top;\" width=\"180\"><strong>T. SOCIAL<\/strong><\/td>\n<td style=\"vertical-align: top;\" width=\"236\"><strong>E.A.P del Centre Font de l\u2019Abella<\/strong><\/td>\n<td style=\"vertical-align: top;\" width=\"233\"><strong>CSMIJ,\u00a0<\/strong>programa de col\u00b7laboraci\u00f3 amb el CEE \u201cFont de l\u2019Abella\u201d<\/td>\n<\/tr>\n<tr>\n<td style=\"vertical-align: top;\" width=\"152\">Mar\u00e7\/Abril<\/td>\n<td style=\"vertical-align: top;\" width=\"227\">Coordinaci\u00f3\u00a0amb Inspecci\u00f3 i EAP en relaci\u00f3 a les noves propostes d\u2019escolaritzaci\u00f3<\/td>\n<td style=\"vertical-align: top;\" width=\"180\"><\/td>\n<td style=\"vertical-align: top;\" width=\"236\">Proporciona llistat amb les propostes de noves escolaritzacions.<\/td>\n<td style=\"vertical-align: top;\" width=\"233\"><\/td>\n<\/tr>\n<tr>\n<td style=\"vertical-align: top;\" width=\"152\">A partir del mar\u00e7, tot i que en algunes ocasions s\u2019avancen les visites.<\/td>\n<td style=\"vertical-align: top;\" width=\"227\">Calendari de visites al Centre de les fam\u00edlies de l\u2019alumnat proposat per nova escolaritzaci\u00f3.<\/p>\n<p>Les fam\u00edlies venen al Centre acompanyades per l\u2019EAP de proced\u00e8ncia. S\u2019explica el funcionament i organitzaci\u00f3 del Centre i es visiten alguns espais.<\/td>\n<td style=\"vertical-align: top;\" width=\"180\"><\/td>\n<td style=\"vertical-align: top;\" width=\"236\">Fa de pont entre la direcci\u00f3 del Centre i els EAPs de les escoles on estan matriculats els i les alumnes\u00a0 proposats per escolaritzar-se al Centre<\/td>\n<td style=\"vertical-align: top;\" width=\"233\">Informar al CSMIJ de la previsi\u00f3 d\u2019alumnes que entraran al CEE el proper curs. ( nom\u00e9s alumant at\u00e8s pel CSMIJ) Aix\u00f2 es far\u00e0 en el marc de les reunions de coordinaci\u00f3.<\/td>\n<\/tr>\n<tr>\n<td style=\"vertical-align: top;\" width=\"152\">Juny<\/td>\n<td style=\"vertical-align: top;\" width=\"227\">Matriculaci\u00f3 alumnes nous<\/p>\n<p>Gestions diverses (transport, menjador)<\/td>\n<td style=\"vertical-align: top;\" width=\"180\">Entrevista fam\u00edlies:<\/p>\n<p>informa d\u2019ajuts i beques i qualsevol tema que pugui plantejar la fam\u00edlia.<\/td>\n<td style=\"vertical-align: top;\" width=\"236\">Un cop es rep el vistiplau per part del director dels serveis territorials de l\u2019alumnat que ser\u00e0 nova matr\u00edcula al Centre, es programen els traspassos d\u2019informaci\u00f3 per part dels EAPs de proced\u00e8ncia de l\u2019alumnat.<\/p>\n<p>L\u2019EAP del Centre coordina i assisteix al trasp\u00e0s oral dels EAPs que presenten els nous alumnes als equips docents del CEE.<\/td>\n<td style=\"vertical-align: top;\" width=\"233\">La psic\u00f2loga del programa assisteix a les reunions de presentaci\u00f3 dels nous alumnes, i far\u00e0 el trasp\u00e0s al seu equip.<\/td>\n<\/tr>\n<tr>\n<td style=\"vertical-align: top;\" width=\"152\">Juliol<\/td>\n<td style=\"vertical-align: top;\" width=\"227\"><\/td>\n<td style=\"vertical-align: top;\" width=\"180\"><\/td>\n<td style=\"vertical-align: top;\" width=\"236\"><\/td>\n<td style=\"vertical-align: top;\" width=\"233\">Possibilitat d\u2019entrevistar a les fam\u00edlies dels alumnes nous, si estan seguits al CSMIJ.<\/td>\n<\/tr>\n<tr>\n<td style=\"vertical-align: top;\" width=\"152\">Setembre \/ Octubre del curs seg\u00fcent.<\/td>\n<td style=\"vertical-align: top;\" width=\"227\">Gestions tutor\/a<\/p>\n<p>Acollida dels nous alumnes tant a l\u2019aula com a l\u2019escola.<\/p>\n<p>Els\/les tutors\/es faran entrevistes a les fam\u00edlies dels alumnes nous al Centre.<\/p>\n<p>Cal vetllar perqu\u00e8 s\u2019hagin tramitat tots el dict\u00e0mens<\/p>\n<p>Reuni\u00f3 general amb totes les fam\u00edlies dels alumnes del centre<\/td>\n<td style=\"vertical-align: top;\" width=\"180\">Continuar la tramitaci\u00f3 d\u2019ajuts<\/td>\n<td style=\"vertical-align: top;\" width=\"236\">Recollida de dict\u00e0mens i expedients<\/td>\n<td style=\"vertical-align: top;\" width=\"233\">Entrevistes a les fam\u00edlies dels alumnes nous.<\/p>\n<p>Coordinaci\u00f3 amb els equip docent dels i les alumnes. En el calendari de reunions, primer es prioritzaran els equips docents que tenen alumnes nous al Centre.<\/td>\n<\/tr>\n<\/tbody>\n<\/table>\n","protected":false},"excerpt":{"rendered":"<p>ESCOLA T. SOCIAL E.A.P del Centre Font de l\u2019Abella CSMIJ,\u00a0programa de col\u00b7laboraci\u00f3 amb el CEE \u201cFont de l\u2019Abella\u201d Mar\u00e7\/Abril Coordinaci\u00f3\u00a0amb Inspecci\u00f3 i EAP en relaci\u00f3 a les noves propostes d\u2019escolaritzaci\u00f3 Proporciona llistat amb les propostes de noves escolaritzacions. A partir del mar\u00e7, tot i que en algunes ocasions s\u2019avancen les visites. Calendari de visites al [&hellip;]<\/p>\n","protected":false},"author":1,"featured_media":0,"parent":66,"menu_order":20,"comment_status":"closed","ping_status":"closed","template":"page-templates\/side-menu.php","meta":{"_bbp_topic_count":0,"_bbp_reply_count":0,"_bbp_total_topic_count":0,"_bbp_total_reply_count":0,"_bbp_voice_count":0,"_bbp_anonymous_reply_count":0,"_bbp_topic_count_hidden":0,"_bbp_reply_count_hidden":0,"_bbp_forum_subforum_count":0,"site-sidebar-layout":"default","site-content-layout":"","ast-site-content-layout":"","site-content-style":"default","site-sidebar-style":"default","ast-global-header-display":"","ast-banner-title-visibility":"","ast-main-header-display":"","ast-hfb-above-header-display":"","ast-hfb-below-header-display":"","ast-hfb-mobile-header-display":"","site-post-title":"","ast-breadcrumbs-content":"","ast-featured-img":"","footer-sml-layout":"","theme-transparent-header-meta":"","adv-header-id-meta":"","stick-header-meta":"","header-above-stick-meta":"","header-main-stick-meta":"","header-below-stick-meta":"","astra-migrate-meta-layouts":"default","ast-page-background-enabled":"default","ast-page-background-meta":{"desktop":{"background-color":"var(--ast-global-color-4)","background-image":"","background-repeat":"repeat","background-position":"center center","background-size":"auto","background-attachment":"scroll","background-type":"","background-media":"","overlay-type":"","overlay-color":"","overlay-opacity":"","overlay-gradient":""},"tablet":{"background-color":"","background-image":"","background-repeat":"repeat","background-position":"center center","background-size":"auto","background-attachment":"scroll","background-type":"","background-media":"","overlay-type":"","overlay-color":"","overlay-opacity":"","overlay-gradient":""},"mobile":{"background-color":"","background-image":"","background-repeat":"repeat","background-position":"center center","background-size":"auto","background-attachment":"scroll","background-type":"","background-media":"","overlay-type":"","overlay-color":"","overlay-opacity":"","overlay-gradient":""}},"ast-content-background-meta":{"desktop":{"background-color":"var(--ast-global-color-5)","background-image":"","background-repeat":"repeat","background-position":"center center","background-size":"auto","background-attachment":"scroll","background-type":"","background-media":"","overlay-type":"","overlay-color":"","overlay-opacity":"","overlay-gradient":""},"tablet":{"background-color":"var(--ast-global-color-5)","background-image":"","background-repeat":"repeat","background-position":"center center","background-size":"auto","background-attachment":"scroll","background-type":"","background-media":"","overlay-type":"","overlay-color":"","overlay-opacity":"","overlay-gradient":""},"mobile":{"background-color":"var(--ast-global-color-5)","background-image":"","background-repeat":"repeat","background-position":"center center","background-size":"auto","background-attachment":"scroll","background-type":"","background-media":"","overlay-type":"","overlay-color":"","overlay-opacity":"","overlay-gradient":""}},"footnotes":""},"class_list":["post-77","page","type-page","status-publish","hentry"],"post_mailing_queue_ids":[],"_links":{"self":[{"href":"https:\/\/agora.xtec.cat\/ceefontdelabella\/wp-json\/wp\/v2\/pages\/77","targetHints":{"allow":["GET"]}}],"collection":[{"href":"https:\/\/agora.xtec.cat\/ceefontdelabella\/wp-json\/wp\/v2\/pages"}],"about":[{"href":"https:\/\/agora.xtec.cat\/ceefontdelabella\/wp-json\/wp\/v2\/types\/page"}],"author":[{"embeddable":true,"href":"https:\/\/agora.xtec.cat\/ceefontdelabella\/wp-json\/wp\/v2\/users\/1"}],"replies":[{"embeddable":true,"href":"https:\/\/agora.xtec.cat\/ceefontdelabella\/wp-json\/wp\/v2\/comments?post=77"}],"version-history":[{"count":3,"href":"https:\/\/agora.xtec.cat\/ceefontdelabella\/wp-json\/wp\/v2\/pages\/77\/revisions"}],"predecessor-version":[{"id":21717,"href":"https:\/\/agora.xtec.cat\/ceefontdelabella\/wp-json\/wp\/v2\/pages\/77\/revisions\/21717"}],"up":[{"embeddable":true,"href":"https:\/\/agora.xtec.cat\/ceefontdelabella\/wp-json\/wp\/v2\/pages\/66"}],"wp:attachment":[{"href":"https:\/\/agora.xtec.cat\/ceefontdelabella\/wp-json\/wp\/v2\/media?parent=77"}],"curies":[{"name":"wp","href":"https:\/\/api.w.org\/{rel}","templated":true}]}}