{"id":73,"date":"2014-09-18T14:01:51","date_gmt":"2014-09-18T13:01:51","guid":{"rendered":"http:\/\/agora.xtec.cat\/ceefontdelabella\/?page_id=73"},"modified":"2026-02-24T12:57:17","modified_gmt":"2026-02-24T11:57:17","slug":"menjador-escolar","status":"publish","type":"page","link":"https:\/\/agora.xtec.cat\/ceefontdelabella\/serveis\/menjador-escolar\/","title":{"rendered":"Menjador escolar"},"content":{"rendered":"<h2 style=\"text-align: center;\"><a href=\"https:\/\/agora.xtec.cat\/ceefontdelabella\/menu-menjador\/\"><strong>MEN\u00da MENJADOR FEBRER 2026<\/strong><\/a><\/h2>\n<p><a href=\"https:\/\/agora.xtec.cat\/ceefontdelabella\/serveis\/menjador-escolar\/attachment\/nensverdures\/\" rel=\"attachment wp-att-36104\"><img loading=\"lazy\" decoding=\"async\" class=\"aligncenter size-large wp-image-36104\" src=\"https:\/\/agora.xtec.cat\/ceefontdelabella\/wp-content\/uploads\/usu1397\/2025\/09\/nensverdures-1024x311.png\" alt=\"\" width=\"1024\" height=\"311\" srcset=\"https:\/\/agora.xtec.cat\/ceefontdelabella\/wp-content\/uploads\/usu1397\/2025\/09\/nensverdures-1024x311.png 1024w, https:\/\/agora.xtec.cat\/ceefontdelabella\/wp-content\/uploads\/usu1397\/2025\/09\/nensverdures-300x91.png 300w, https:\/\/agora.xtec.cat\/ceefontdelabella\/wp-content\/uploads\/usu1397\/2025\/09\/nensverdures-768x233.png 768w, https:\/\/agora.xtec.cat\/ceefontdelabella\/wp-content\/uploads\/usu1397\/2025\/09\/nensverdures-1536x466.png 1536w, https:\/\/agora.xtec.cat\/ceefontdelabella\/wp-content\/uploads\/usu1397\/2025\/09\/nensverdures-2048x622.png 2048w\" sizes=\"auto, (max-width: 1024px) 100vw, 1024px\" \/><\/a><\/p>\n<p>&nbsp;<\/p>\n<h2><strong>Menjador escolar<\/strong><\/h2>\n<p>Benvolgudes fam\u00edlies,<\/p>\n<p><strong>Us informem que el termini de presentaci\u00f3 de les sol\u00b7licituds d\u2019ajut individual de menjador escolar per al curs 2025-2026 s\u2019estableix\u00a0<u>entre el 8 i el 23 de maig de 2025<\/u>.<\/strong><\/p>\n<p>Bases i sol\u00b7licituds: El tr\u00e0mit de presentaci\u00f3 es far\u00e0 en l\u00ednia (es pot fer amb ordinador, tablet i m\u00f2bil) a trav\u00e9s de la <strong>web: <\/strong><strong><a href=\"https:\/\/ja.cat\/HzXDZ\">https:\/\/ja.cat\/HzXDZ<\/a><\/strong><strong>.<\/strong><\/p>\n<p>Adjuntem carta amb tota la informaci\u00f3: <a href=\"https:\/\/agora.xtec.cat\/ceefontdelabella\/wp-content\/uploads\/usu1397\/2025\/05\/20250505_ajuts-de-menjador_Girona.pdf\">ajuts de menjador_Girona_curs_2025_2026<\/a><\/p>\n<p>&nbsp;<\/p>\n<p>Aquest any l&#8217;empresa que donar\u00e0 el servei de menjador \u00e9s <a href=\"https:\/\/recreagastronomia.com\/\" target=\"_blank\" rel=\"noopener\">RECREA.<\/a><\/p>\n<table style=\"border-collapse: collapse; width: 100%;\">\n<tbody>\n<tr>\n<td style=\"width: 100%;\">\n<h4><a href=\"https:\/\/www.girones.cat\/arees\/ensenyament-cultura-turisme-catala-joventut-i-esports\/ensenyament\/\" target=\"_blank\" rel=\"noopener\">DEMANDA AJUTS AL CONSELL COMARCAL<\/a><\/h4>\n<p style=\"font-weight: 400;\">Els codis d\u2019expedient nom\u00e9s recuperen dades de renovaci\u00f3 de gent que ja \u00e9s a la base de dades, si no \u00e9s a la base de dades no hi ha cap expedient a recuperar.<\/p>\n<p style=\"font-weight: 400;\">Tota nova alta sempre ha de ser amb certificat digital.<\/p>\n<p style=\"font-weight: 400;\">Des d\u2019aquesta web ho poden fer f\u00e0cilment<\/p>\n<p style=\"font-weight: 400;\"><a href=\"https:\/\/web.gencat.cat\/ca\/tramits\/com-tramitar-en-linia\/identificacio-digital\/id-cat-mobil\/\" data-saferedirecturl=\"https:\/\/www.google.com\/url?q=https:\/\/web.gencat.cat\/ca\/tramits\/com-tramitar-en-linia\/identificacio-digital\/id-cat-mobil\/&amp;source=gmail&amp;ust=1662538861257000&amp;usg=AOvVaw03e1_oqeRMmItJtUIUfggJ\">https:\/\/web.gencat.cat\/ca\/tramits\/com-tramitar-en-linia\/identificacio-digital\/id-cat-mobil\/<\/a><\/p>\n<\/td>\n<\/tr>\n<\/tbody>\n<\/table>\n<p>&nbsp;<\/p>\n<h6><b style=\"font-family: inherit;\">PLA DE FUNCIONAMENT DEL MENJADOR ESCOLAR. Curs 2025-26<\/b><\/h6>\n<p style=\"text-align: left;\">Enlla\u00e7 al document (en tr\u00e0mit)<\/p>\n<div id=\"gtx-trans\" style=\"position: absolute; left: 943px; top: 58.6563px;\">\n<div class=\"gtx-trans-icon\"><\/div>\n<\/div>\n","protected":false},"excerpt":{"rendered":"<p>MEN\u00da MENJADOR FEBRER 2026 &nbsp; Menjador escolar Benvolgudes fam\u00edlies, Us informem que el termini de presentaci\u00f3 de les sol\u00b7licituds d\u2019ajut individual de menjador escolar per al curs 2025-2026 s\u2019estableix\u00a0entre el 8 i el 23 de maig de 2025. Bases i sol\u00b7licituds: El tr\u00e0mit de presentaci\u00f3 es far\u00e0 en l\u00ednia (es pot fer amb ordinador, tablet [&hellip;]<\/p>\n","protected":false},"author":1,"featured_media":0,"parent":66,"menu_order":30,"comment_status":"closed","ping_status":"closed","template":"","meta":{"_bbp_topic_count":0,"_bbp_reply_count":0,"_bbp_total_topic_count":0,"_bbp_total_reply_count":0,"_bbp_voice_count":0,"_bbp_anonymous_reply_count":0,"_bbp_topic_count_hidden":0,"_bbp_reply_count_hidden":0,"_bbp_forum_subforum_count":0,"site-sidebar-layout":"default","site-content-layout":"","ast-site-content-layout":"default","site-content-style":"default","site-sidebar-style":"default","ast-global-header-display":"","ast-banner-title-visibility":"","ast-main-header-display":"","ast-hfb-above-header-display":"","ast-hfb-below-header-display":"","ast-hfb-mobile-header-display":"","site-post-title":"","ast-breadcrumbs-content":"","ast-featured-img":"","footer-sml-layout":"","theme-transparent-header-meta":"default","adv-header-id-meta":"","stick-header-meta":"","header-above-stick-meta":"","header-main-stick-meta":"","header-below-stick-meta":"","astra-migrate-meta-layouts":"set","ast-page-background-enabled":"default","ast-page-background-meta":{"desktop":{"background-color":"var(--ast-global-color-4)","background-image":"","background-repeat":"repeat","background-position":"center center","background-size":"auto","background-attachment":"scroll","background-type":"","background-media":"","overlay-type":"","overlay-color":"","overlay-opacity":"","overlay-gradient":""},"tablet":{"background-color":"","background-image":"","background-repeat":"repeat","background-position":"center center","background-size":"auto","background-attachment":"scroll","background-type":"","background-media":"","overlay-type":"","overlay-color":"","overlay-opacity":"","overlay-gradient":""},"mobile":{"background-color":"","background-image":"","background-repeat":"repeat","background-position":"center center","background-size":"auto","background-attachment":"scroll","background-type":"","background-media":"","overlay-type":"","overlay-color":"","overlay-opacity":"","overlay-gradient":""}},"ast-content-background-meta":{"desktop":{"background-color":"var(--ast-global-color-5)","background-image":"","background-repeat":"repeat","background-position":"center center","background-size":"auto","background-attachment":"scroll","background-type":"","background-media":"","overlay-type":"","overlay-color":"","overlay-opacity":"","overlay-gradient":""},"tablet":{"background-color":"var(--ast-global-color-5)","background-image":"","background-repeat":"repeat","background-position":"center center","background-size":"auto","background-attachment":"scroll","background-type":"","background-media":"","overlay-type":"","overlay-color":"","overlay-opacity":"","overlay-gradient":""},"mobile":{"background-color":"var(--ast-global-color-5)","background-image":"","background-repeat":"repeat","background-position":"center center","background-size":"auto","background-attachment":"scroll","background-type":"","background-media":"","overlay-type":"","overlay-color":"","overlay-opacity":"","overlay-gradient":""}},"footnotes":""},"class_list":["post-73","page","type-page","status-publish","hentry"],"post_mailing_queue_ids":[],"_links":{"self":[{"href":"https:\/\/agora.xtec.cat\/ceefontdelabella\/wp-json\/wp\/v2\/pages\/73","targetHints":{"allow":["GET"]}}],"collection":[{"href":"https:\/\/agora.xtec.cat\/ceefontdelabella\/wp-json\/wp\/v2\/pages"}],"about":[{"href":"https:\/\/agora.xtec.cat\/ceefontdelabella\/wp-json\/wp\/v2\/types\/page"}],"author":[{"embeddable":true,"href":"https:\/\/agora.xtec.cat\/ceefontdelabella\/wp-json\/wp\/v2\/users\/1"}],"replies":[{"embeddable":true,"href":"https:\/\/agora.xtec.cat\/ceefontdelabella\/wp-json\/wp\/v2\/comments?post=73"}],"version-history":[{"count":9,"href":"https:\/\/agora.xtec.cat\/ceefontdelabella\/wp-json\/wp\/v2\/pages\/73\/revisions"}],"predecessor-version":[{"id":38521,"href":"https:\/\/agora.xtec.cat\/ceefontdelabella\/wp-json\/wp\/v2\/pages\/73\/revisions\/38521"}],"up":[{"embeddable":true,"href":"https:\/\/agora.xtec.cat\/ceefontdelabella\/wp-json\/wp\/v2\/pages\/66"}],"wp:attachment":[{"href":"https:\/\/agora.xtec.cat\/ceefontdelabella\/wp-json\/wp\/v2\/media?parent=73"}],"curies":[{"name":"wp","href":"https:\/\/api.w.org\/{rel}","templated":true}]}}