{"id":36056,"date":"2025-09-04T13:21:46","date_gmt":"2025-09-04T11:21:46","guid":{"rendered":"https:\/\/agora.xtec.cat\/ceefontdelabella\/?page_id=36056"},"modified":"2026-04-13T15:36:39","modified_gmt":"2026-04-13T13:36:39","slug":"menu-menjador","status":"publish","type":"page","link":"https:\/\/agora.xtec.cat\/ceefontdelabella\/menu-menjador\/","title":{"rendered":"Men\u00fa menjador"},"content":{"rendered":"<p>Aqu\u00ed trobareu el men\u00fa del menjador d&#8217;aquest mes:<\/p>\n<p><strong>\u00a0 \u00a0 ABRIL 2026<\/strong><\/p>\n<ul>\n<li><a href=\"https:\/\/agora.xtec.cat\/ceefontdelabella\/wp-content\/uploads\/usu1397\/2026\/04\/MN-BASAL-Abril-26-ReCrea-CEE-FONT-DE-LABELLA-MAJUSCULES-1-2.pdf\">Men\u00fa Basal (principal)<\/a><\/li>\n<li><a style=\"font-size: 16px; background-color: #ffffff;\" href=\"https:\/\/agora.xtec.cat\/ceefontdelabella\/wp-content\/uploads\/usu1397\/2026\/04\/MN-ASTRINGENT-Abril-26-ReCrea-CEE-FONT-DE-LABELLA.pdf\">Men\u00fa Astringent<\/a><\/li>\n<li><a href=\"https:\/\/agora.xtec.cat\/ceefontdelabella\/wp-content\/uploads\/usu1397\/2026\/04\/MN-HIPERCALORIC-Abril-26-ReCrea-CEE-FONT-DE-LABELLA.pdf\">Men\u00fa Hipercal\u00f2ric<\/a><\/li>\n<li><a href=\"https:\/\/agora.xtec.cat\/ceefontdelabella\/wp-content\/uploads\/usu1397\/2026\/04\/MN-SENSE-MELO-PRESSEC-NI-MADUIXES-Abril-26-ReCrea-CEE-FONT-DE-LABELLA.pdf\">Men\u00fa S.Mel\u00f3, Pr\u00e9ssec ni maduixes.<\/a><\/li>\n<li><a href=\"https:\/\/agora.xtec.cat\/ceefontdelabella\/wp-content\/uploads\/usu1397\/2026\/04\/MN-SENSE-CARN-Abril-26-ReCrea-CEE-FONT-DE-LABELLA.pdf\">Men\u00fa Sense Carn.<\/a><\/li>\n<li><a href=\"https:\/\/agora.xtec.cat\/ceefontdelabella\/wp-content\/uploads\/usu1397\/2026\/04\/MN-SENSE-GLUTEN-Abril-26-ReCrea-CEE-FONT-DE-LABELLA.pdf\">Men\u00fa Sense Gluten<\/a><\/li>\n<li><a href=\"https:\/\/agora.xtec.cat\/ceefontdelabella\/wp-content\/uploads\/usu1397\/2026\/04\/MN-SENSE-LACTOSA-Abril-26-ReCrea-CEE-FONT-DE-LABELLA.pdf\">Men\u00fa Sense Lactosa<\/a><\/li>\n<li><a href=\"https:\/\/agora.xtec.cat\/ceefontdelabella\/wp-content\/uploads\/usu1397\/2026\/04\/MN-SENSE-LLEGUM-Abril-26-ReCrea-CEE-FONT-DE-LABELLA.pdf\">Men\u00fa Sense Llegum<\/a><\/li>\n<li><a href=\"https:\/\/agora.xtec.cat\/ceefontdelabella\/wp-content\/uploads\/usu1397\/2026\/04\/MN-SENSE-OU-Abril-26-ReCrea-CEE-FONT-DE-LABELLA.pdf\">Men\u00fa Sense Ou<\/a><\/li>\n<li><a href=\"https:\/\/agora.xtec.cat\/ceefontdelabella\/wp-content\/uploads\/usu1397\/2026\/04\/MN-HALAL-Abril-26-ReCrea-CEE-FONT-DE-LABELLA.pdf\">Men\u00fa Halal.<\/a><\/li>\n<li><a href=\"https:\/\/agora.xtec.cat\/ceefontdelabella\/wp-content\/uploads\/usu1397\/2026\/04\/MN-PERSONALITZAT-PO-BU-Abril-26-ReCrea-CEE-FONT-DE-LABELLA.pdf\">Men\u00fa personalitzat<\/a><\/li>\n<li><a href=\"https:\/\/agora.xtec.cat\/ceefontdelabella\/wp-content\/uploads\/usu1397\/2026\/04\/MN-OVOLACTOVEGETARIA-Abril-26-ReCrea-CEE-FONT-DE-LABELLA.pdf\">Men\u00fa ovolacteovegetari\u00e0<\/a><\/li>\n<li><a href=\"https:\/\/agora.xtec.cat\/ceefontdelabella\/wp-content\/uploads\/usu1397\/2026\/04\/MN-BAIX-EN-FODMAPS-Abril-26-ReCrea-CEE-FONT-DE-LABELLA-1.pdf\">Men\u00fa baix en Fodmaps<\/a><\/li>\n<\/ul>\n<p>&nbsp;<\/p>\n<p><a href=\"https:\/\/agora.xtec.cat\/ceefontdelabella\/serveis\/menjador-escolar\/attachment\/nensverdures\/\" rel=\"attachment wp-att-36104\"><img loading=\"lazy\" decoding=\"async\" class=\"aligncenter size-large wp-image-36104\" src=\"https:\/\/agora.xtec.cat\/ceefontdelabella\/wp-content\/uploads\/usu1397\/2025\/09\/nensverdures-1024x311.png\" alt=\"\" width=\"1024\" height=\"311\" srcset=\"https:\/\/agora.xtec.cat\/ceefontdelabella\/wp-content\/uploads\/usu1397\/2025\/09\/nensverdures-1024x311.png 1024w, https:\/\/agora.xtec.cat\/ceefontdelabella\/wp-content\/uploads\/usu1397\/2025\/09\/nensverdures-300x91.png 300w, https:\/\/agora.xtec.cat\/ceefontdelabella\/wp-content\/uploads\/usu1397\/2025\/09\/nensverdures-768x233.png 768w, https:\/\/agora.xtec.cat\/ceefontdelabella\/wp-content\/uploads\/usu1397\/2025\/09\/nensverdures-1536x466.png 1536w, https:\/\/agora.xtec.cat\/ceefontdelabella\/wp-content\/uploads\/usu1397\/2025\/09\/nensverdures-2048x622.png 2048w\" sizes=\"auto, (max-width: 1024px) 100vw, 1024px\" \/><\/a><\/p>\n<p>&nbsp;<\/p>\n","protected":false},"excerpt":{"rendered":"<p>Aqu\u00ed trobareu el men\u00fa del menjador d&#8217;aquest mes: \u00a0 \u00a0 ABRIL 2026 Men\u00fa Basal (principal) Men\u00fa Astringent Men\u00fa Hipercal\u00f2ric Men\u00fa S.Mel\u00f3, Pr\u00e9ssec ni maduixes. Men\u00fa Sense Carn. Men\u00fa Sense Gluten Men\u00fa Sense Lactosa Men\u00fa Sense Llegum Men\u00fa Sense Ou Men\u00fa Halal. Men\u00fa personalitzat Men\u00fa ovolacteovegetari\u00e0 Men\u00fa baix en Fodmaps &nbsp; &nbsp;<\/p>\n","protected":false},"author":1,"featured_media":0,"parent":0,"menu_order":0,"comment_status":"closed","ping_status":"closed","template":"","meta":{"_bbp_topic_count":0,"_bbp_reply_count":0,"_bbp_total_topic_count":0,"_bbp_total_reply_count":0,"_bbp_voice_count":0,"_bbp_anonymous_reply_count":0,"_bbp_topic_count_hidden":0,"_bbp_reply_count_hidden":0,"_bbp_forum_subforum_count":0,"site-sidebar-layout":"default","site-content-layout":"","ast-site-content-layout":"default","site-content-style":"default","site-sidebar-style":"default","ast-global-header-display":"","ast-banner-title-visibility":"","ast-main-header-display":"","ast-hfb-above-header-display":"","ast-hfb-below-header-display":"","ast-hfb-mobile-header-display":"","site-post-title":"","ast-breadcrumbs-content":"","ast-featured-img":"","footer-sml-layout":"","theme-transparent-header-meta":"default","adv-header-id-meta":"","stick-header-meta":"","header-above-stick-meta":"","header-main-stick-meta":"","header-below-stick-meta":"","astra-migrate-meta-layouts":"set","ast-page-background-enabled":"default","ast-page-background-meta":{"desktop":{"background-color":"var(--ast-global-color-4)","background-image":"","background-repeat":"repeat","background-position":"center center","background-size":"auto","background-attachment":"scroll","background-type":"","background-media":"","overlay-type":"","overlay-color":"","overlay-opacity":"","overlay-gradient":""},"tablet":{"background-color":"","background-image":"","background-repeat":"repeat","background-position":"center center","background-size":"auto","background-attachment":"scroll","background-type":"","background-media":"","overlay-type":"","overlay-color":"","overlay-opacity":"","overlay-gradient":""},"mobile":{"background-color":"","background-image":"","background-repeat":"repeat","background-position":"center center","background-size":"auto","background-attachment":"scroll","background-type":"","background-media":"","overlay-type":"","overlay-color":"","overlay-opacity":"","overlay-gradient":""}},"ast-content-background-meta":{"desktop":{"background-color":"var(--ast-global-color-5)","background-image":"","background-repeat":"repeat","background-position":"center center","background-size":"auto","background-attachment":"scroll","background-type":"","background-media":"","overlay-type":"","overlay-color":"","overlay-opacity":"","overlay-gradient":""},"tablet":{"background-color":"var(--ast-global-color-5)","background-image":"","background-repeat":"repeat","background-position":"center center","background-size":"auto","background-attachment":"scroll","background-type":"","background-media":"","overlay-type":"","overlay-color":"","overlay-opacity":"","overlay-gradient":""},"mobile":{"background-color":"var(--ast-global-color-5)","background-image":"","background-repeat":"repeat","background-position":"center center","background-size":"auto","background-attachment":"scroll","background-type":"","background-media":"","overlay-type":"","overlay-color":"","overlay-opacity":"","overlay-gradient":""}},"footnotes":""},"class_list":["post-36056","page","type-page","status-publish","hentry"],"post_mailing_queue_ids":[],"_links":{"self":[{"href":"https:\/\/agora.xtec.cat\/ceefontdelabella\/wp-json\/wp\/v2\/pages\/36056","targetHints":{"allow":["GET"]}}],"collection":[{"href":"https:\/\/agora.xtec.cat\/ceefontdelabella\/wp-json\/wp\/v2\/pages"}],"about":[{"href":"https:\/\/agora.xtec.cat\/ceefontdelabella\/wp-json\/wp\/v2\/types\/page"}],"author":[{"embeddable":true,"href":"https:\/\/agora.xtec.cat\/ceefontdelabella\/wp-json\/wp\/v2\/users\/1"}],"replies":[{"embeddable":true,"href":"https:\/\/agora.xtec.cat\/ceefontdelabella\/wp-json\/wp\/v2\/comments?post=36056"}],"version-history":[{"count":6,"href":"https:\/\/agora.xtec.cat\/ceefontdelabella\/wp-json\/wp\/v2\/pages\/36056\/revisions"}],"predecessor-version":[{"id":39087,"href":"https:\/\/agora.xtec.cat\/ceefontdelabella\/wp-json\/wp\/v2\/pages\/36056\/revisions\/39087"}],"wp:attachment":[{"href":"https:\/\/agora.xtec.cat\/ceefontdelabella\/wp-json\/wp\/v2\/media?parent=36056"}],"curies":[{"name":"wp","href":"https:\/\/api.w.org\/{rel}","templated":true}]}}