{"id":32,"date":"2014-09-18T12:31:33","date_gmt":"2014-09-18T11:31:33","guid":{"rendered":"http:\/\/agora.xtec.cat\/ceefontdelabella\/?page_id=32"},"modified":"2026-03-25T10:06:34","modified_gmt":"2026-03-25T09:06:34","slug":"calendari-del-curs","status":"publish","type":"page","link":"https:\/\/agora.xtec.cat\/ceefontdelabella\/lescola\/calendari-del-curs\/","title":{"rendered":"Calendari del curs"},"content":{"rendered":"<h6><\/h6>\n<table style=\"width: 100%; height: 957px;\" width=\"633\">\n<tbody>\n<tr style=\"height: 51px;\">\n<td style=\"height: 51px;\" width=\"633\">\n<h6><strong>Calendari Escolar<\/strong><\/h6>\n<\/td>\n<\/tr>\n<tr style=\"height: 53px;\">\n<td style=\"height: 53px;\" width=\"633\">El curs escolar comen\u00e7a el 8 de setembre de 2025 i acaba el 19 de juny de 2026 ambd\u00f3s inclosos.<\/td>\n<\/tr>\n<tr style=\"height: 51px;\">\n<td style=\"height: 51px;\" width=\"633\">\n<h6><strong>Trimestres<\/strong><\/h6>\n<\/td>\n<\/tr>\n<tr style=\"height: 160px;\">\n<td style=\"height: 160px;\" width=\"633\"><strong>Primer :<\/strong> Del 8 de setembre al 19 de desembre de 2025<\/p>\n<p><strong>Segon :<\/strong> Del 8 de gener al 27 de mar\u00e7 de 2026<\/p>\n<p><strong>Tercer :<\/strong> Del 7 d\u2019abril al 19 de juny de 2026<\/td>\n<\/tr>\n<tr style=\"height: 51px;\">\n<td style=\"height: 51px;\" width=\"633\">\n<h6><strong>\u00a0Horari Escolar<\/strong><\/h6>\n<\/td>\n<\/tr>\n<tr style=\"height: 114px;\">\n<td style=\"height: 114px;\" width=\"633\">Horari Lectiu:\u00a0 9:30h a 13h\u00a0 i de 15h a 16:30h<\/p>\n<p>Horari de Menjador: 13h a 15h<\/td>\n<\/tr>\n<tr style=\"height: 51px;\">\n<td style=\"height: 51px;\" width=\"633\">\n<h6><strong>Jornada continuada<\/strong><\/h6>\n<\/td>\n<\/tr>\n<tr style=\"height: 53px;\">\n<td style=\"height: 53px;\" width=\"633\">Del 8 al 19 de juny de 2026<\/td>\n<\/tr>\n<tr style=\"height: 51px;\">\n<td style=\"height: 51px;\" width=\"633\">\n<h6><strong>Vacances<\/strong><\/h6>\n<\/td>\n<\/tr>\n<tr style=\"height: 114px;\">\n<td style=\"height: 114px;\" width=\"633\">Nadal: del 20 de desembre de 2025 al 7 de gener de 2026<\/p>\n<p>Setmana Santa: del 28 de mar\u00e7 6 d&#8217;abril de 2026<\/td>\n<\/tr>\n<tr style=\"height: 51px;\">\n<td style=\"height: 51px;\" width=\"633\">\n<h6><strong>Festes locals a Girona ciutat:<\/strong><\/h6>\n<\/td>\n<\/tr>\n<tr style=\"height: 53px;\">\n<td style=\"height: 53px;\" width=\"633\">29 de d&#8217;octubre de 2025<\/td>\n<\/tr>\n<tr style=\"height: 51px;\">\n<td style=\"height: 51px;\" width=\"633\">\n<h6><strong>Dies de Lliure disposici\u00f3:<\/strong><\/h6>\n<\/td>\n<\/tr>\n<tr style=\"height: 53px;\">\n<td style=\"height: 53px;\" width=\"633\">30 d&#8217;octubre de 2025, 31 d\u2019octubre de 2025 , 13 i 16 de febrer de 2026 i 4 de maig de 2026<\/td>\n<\/tr>\n<\/tbody>\n<\/table>\n<h6><strong>\u00a0<\/strong><\/h6>\n<h5><strong>Calendari:<\/strong><\/h5>\n<p><a href=\"https:\/\/agora.xtec.cat\/ceefontdelabella\/lescola\/calendari-del-curs\/attachment\/calendari-2025-26\/\" rel=\"attachment wp-att-36080\">CALENDARI 2025-26.<\/a><\/p>\n<p><a href=\"https:\/\/agora.xtec.cat\/ceefontdelabella\/lescola\/calendari-del-curs\/attachment\/calendari-amb-foto\/\" rel=\"attachment wp-att-36082\"><img loading=\"lazy\" decoding=\"async\" class=\"aligncenter size-full wp-image-36082\" src=\"https:\/\/agora.xtec.cat\/ceefontdelabella\/wp-content\/uploads\/usu1397\/2025\/09\/calendari-amb-foto.jpg\" alt=\"\" width=\"533\" height=\"710\" srcset=\"https:\/\/agora.xtec.cat\/ceefontdelabella\/wp-content\/uploads\/usu1397\/2025\/09\/calendari-amb-foto.jpg 533w, https:\/\/agora.xtec.cat\/ceefontdelabella\/wp-content\/uploads\/usu1397\/2025\/09\/calendari-amb-foto-225x300.jpg 225w\" sizes=\"auto, (max-width: 533px) 100vw, 533px\" \/><\/a><\/p>\n<p>&nbsp;<\/p>\n","protected":false},"excerpt":{"rendered":"<p>Calendari Escolar El curs escolar comen\u00e7a el 8 de setembre de 2025 i acaba el 19 de juny de 2026 ambd\u00f3s inclosos. Trimestres Primer : Del 8 de setembre al 19 de desembre de 2025 Segon : Del 8 de gener al 27 de mar\u00e7 de 2026 Tercer : Del 7 d\u2019abril al 19 de [&hellip;]<\/p>\n","protected":false},"author":1,"featured_media":0,"parent":22,"menu_order":4,"comment_status":"closed","ping_status":"closed","template":"","meta":{"_bbp_topic_count":0,"_bbp_reply_count":0,"_bbp_total_topic_count":0,"_bbp_total_reply_count":0,"_bbp_voice_count":0,"_bbp_anonymous_reply_count":0,"_bbp_topic_count_hidden":0,"_bbp_reply_count_hidden":0,"_bbp_forum_subforum_count":0,"site-sidebar-layout":"default","site-content-layout":"","ast-site-content-layout":"default","site-content-style":"default","site-sidebar-style":"default","ast-global-header-display":"","ast-banner-title-visibility":"","ast-main-header-display":"","ast-hfb-above-header-display":"","ast-hfb-below-header-display":"","ast-hfb-mobile-header-display":"","site-post-title":"","ast-breadcrumbs-content":"","ast-featured-img":"","footer-sml-layout":"","theme-transparent-header-meta":"default","adv-header-id-meta":"","stick-header-meta":"","header-above-stick-meta":"","header-main-stick-meta":"","header-below-stick-meta":"","astra-migrate-meta-layouts":"set","ast-page-background-enabled":"default","ast-page-background-meta":{"desktop":{"background-color":"var(--ast-global-color-4)","background-image":"","background-repeat":"repeat","background-position":"center center","background-size":"auto","background-attachment":"scroll","background-type":"","background-media":"","overlay-type":"","overlay-color":"","overlay-opacity":"","overlay-gradient":""},"tablet":{"background-color":"","background-image":"","background-repeat":"repeat","background-position":"center center","background-size":"auto","background-attachment":"scroll","background-type":"","background-media":"","overlay-type":"","overlay-color":"","overlay-opacity":"","overlay-gradient":""},"mobile":{"background-color":"","background-image":"","background-repeat":"repeat","background-position":"center center","background-size":"auto","background-attachment":"scroll","background-type":"","background-media":"","overlay-type":"","overlay-color":"","overlay-opacity":"","overlay-gradient":""}},"ast-content-background-meta":{"desktop":{"background-color":"var(--ast-global-color-5)","background-image":"","background-repeat":"repeat","background-position":"center center","background-size":"auto","background-attachment":"scroll","background-type":"","background-media":"","overlay-type":"","overlay-color":"","overlay-opacity":"","overlay-gradient":""},"tablet":{"background-color":"var(--ast-global-color-5)","background-image":"","background-repeat":"repeat","background-position":"center center","background-size":"auto","background-attachment":"scroll","background-type":"","background-media":"","overlay-type":"","overlay-color":"","overlay-opacity":"","overlay-gradient":""},"mobile":{"background-color":"var(--ast-global-color-5)","background-image":"","background-repeat":"repeat","background-position":"center center","background-size":"auto","background-attachment":"scroll","background-type":"","background-media":"","overlay-type":"","overlay-color":"","overlay-opacity":"","overlay-gradient":""}},"footnotes":""},"class_list":["post-32","page","type-page","status-publish","hentry"],"post_mailing_queue_ids":[],"_links":{"self":[{"href":"https:\/\/agora.xtec.cat\/ceefontdelabella\/wp-json\/wp\/v2\/pages\/32","targetHints":{"allow":["GET"]}}],"collection":[{"href":"https:\/\/agora.xtec.cat\/ceefontdelabella\/wp-json\/wp\/v2\/pages"}],"about":[{"href":"https:\/\/agora.xtec.cat\/ceefontdelabella\/wp-json\/wp\/v2\/types\/page"}],"author":[{"embeddable":true,"href":"https:\/\/agora.xtec.cat\/ceefontdelabella\/wp-json\/wp\/v2\/users\/1"}],"replies":[{"embeddable":true,"href":"https:\/\/agora.xtec.cat\/ceefontdelabella\/wp-json\/wp\/v2\/comments?post=32"}],"version-history":[{"count":9,"href":"https:\/\/agora.xtec.cat\/ceefontdelabella\/wp-json\/wp\/v2\/pages\/32\/revisions"}],"predecessor-version":[{"id":38869,"href":"https:\/\/agora.xtec.cat\/ceefontdelabella\/wp-json\/wp\/v2\/pages\/32\/revisions\/38869"}],"up":[{"embeddable":true,"href":"https:\/\/agora.xtec.cat\/ceefontdelabella\/wp-json\/wp\/v2\/pages\/22"}],"wp:attachment":[{"href":"https:\/\/agora.xtec.cat\/ceefontdelabella\/wp-json\/wp\/v2\/media?parent=32"}],"curies":[{"name":"wp","href":"https:\/\/api.w.org\/{rel}","templated":true}]}}