{"id":30,"date":"2014-09-18T12:30:23","date_gmt":"2014-09-18T11:30:23","guid":{"rendered":"http:\/\/agora.xtec.cat\/ceefontdelabella\/?page_id=30"},"modified":"2025-09-12T13:54:43","modified_gmt":"2025-09-12T11:54:43","slug":"instal%c2%b7lacions","status":"publish","type":"page","link":"https:\/\/agora.xtec.cat\/ceefontdelabella\/lescola\/instal%c2%b7lacions\/","title":{"rendered":"Instal\u00b7lacions"},"content":{"rendered":"<ul>\n<li>Aules de classe.<\/li>\n<li>Aula d\u2019inform\u00e0tica.<\/li>\n<li>2 aules de pl\u00e0stica.<\/li>\n<li>2 aules de m\u00fasica.<\/li>\n<li>Ludoteca.<\/li>\n<li>Biblioteca d\u2019alumnes i biblioteca de professionals.<\/li>\n<li>Aula d\u2019experimentaci\u00f3.<\/li>\n<li>Aula d&#8217;estimulaci\u00f3.<\/li>\n<li>Tallers (llar-perruqueria, fusteria, marqueteria, jardineria)<\/li>\n<li>Servei de logop\u00e8dia.<\/li>\n<li>Aula de psicomotricitat.<\/li>\n<li>Gimn\u00e0s.<\/li>\n<\/ul>\n<p><a href=\"https:\/\/agora.xtec.cat\/ceefontdelabella\/wp-content\/uploads\/usu1397\/2024\/10\/escola-2.png\"><img loading=\"lazy\" decoding=\"async\" class=\"aligncenter size-large wp-image-29939\" src=\"https:\/\/agora.xtec.cat\/ceefontdelabella\/wp-content\/uploads\/usu1397\/2024\/10\/escola-2-1024x397.png\" alt=\"\" width=\"1024\" height=\"397\" srcset=\"https:\/\/agora.xtec.cat\/ceefontdelabella\/wp-content\/uploads\/usu1397\/2024\/10\/escola-2-1024x397.png 1024w, https:\/\/agora.xtec.cat\/ceefontdelabella\/wp-content\/uploads\/usu1397\/2024\/10\/escola-2-300x116.png 300w, https:\/\/agora.xtec.cat\/ceefontdelabella\/wp-content\/uploads\/usu1397\/2024\/10\/escola-2-768x298.png 768w, https:\/\/agora.xtec.cat\/ceefontdelabella\/wp-content\/uploads\/usu1397\/2024\/10\/escola-2.png 1407w\" sizes=\"auto, (max-width: 1024px) 100vw, 1024px\" \/><\/a><\/p>\n<p>&nbsp;<\/p>\n<p>&nbsp;<\/p>\n","protected":false},"excerpt":{"rendered":"<p>Aules de classe. Aula d\u2019inform\u00e0tica. 2 aules de pl\u00e0stica. 2 aules de m\u00fasica. Ludoteca. Biblioteca d\u2019alumnes i biblioteca de professionals. Aula d\u2019experimentaci\u00f3. Aula d&#8217;estimulaci\u00f3. Tallers (llar-perruqueria, fusteria, marqueteria, jardineria) Servei de logop\u00e8dia. Aula de psicomotricitat. Gimn\u00e0s. &nbsp; &nbsp;<\/p>\n","protected":false},"author":1,"featured_media":0,"parent":22,"menu_order":40,"comment_status":"closed","ping_status":"closed","template":"","meta":{"_bbp_topic_count":0,"_bbp_reply_count":0,"_bbp_total_topic_count":0,"_bbp_total_reply_count":0,"_bbp_voice_count":0,"_bbp_anonymous_reply_count":0,"_bbp_topic_count_hidden":0,"_bbp_reply_count_hidden":0,"_bbp_forum_subforum_count":0,"site-sidebar-layout":"default","site-content-layout":"","ast-site-content-layout":"default","site-content-style":"default","site-sidebar-style":"default","ast-global-header-display":"","ast-banner-title-visibility":"","ast-main-header-display":"","ast-hfb-above-header-display":"","ast-hfb-below-header-display":"","ast-hfb-mobile-header-display":"","site-post-title":"","ast-breadcrumbs-content":"","ast-featured-img":"","footer-sml-layout":"","theme-transparent-header-meta":"default","adv-header-id-meta":"","stick-header-meta":"","header-above-stick-meta":"","header-main-stick-meta":"","header-below-stick-meta":"","astra-migrate-meta-layouts":"set","ast-page-background-enabled":"default","ast-page-background-meta":{"desktop":{"background-color":"var(--ast-global-color-4)","background-image":"","background-repeat":"repeat","background-position":"center center","background-size":"auto","background-attachment":"scroll","background-type":"","background-media":"","overlay-type":"","overlay-color":"","overlay-opacity":"","overlay-gradient":""},"tablet":{"background-color":"","background-image":"","background-repeat":"repeat","background-position":"center center","background-size":"auto","background-attachment":"scroll","background-type":"","background-media":"","overlay-type":"","overlay-color":"","overlay-opacity":"","overlay-gradient":""},"mobile":{"background-color":"","background-image":"","background-repeat":"repeat","background-position":"center center","background-size":"auto","background-attachment":"scroll","background-type":"","background-media":"","overlay-type":"","overlay-color":"","overlay-opacity":"","overlay-gradient":""}},"ast-content-background-meta":{"desktop":{"background-color":"var(--ast-global-color-5)","background-image":"","background-repeat":"repeat","background-position":"center center","background-size":"auto","background-attachment":"scroll","background-type":"","background-media":"","overlay-type":"","overlay-color":"","overlay-opacity":"","overlay-gradient":""},"tablet":{"background-color":"var(--ast-global-color-5)","background-image":"","background-repeat":"repeat","background-position":"center center","background-size":"auto","background-attachment":"scroll","background-type":"","background-media":"","overlay-type":"","overlay-color":"","overlay-opacity":"","overlay-gradient":""},"mobile":{"background-color":"var(--ast-global-color-5)","background-image":"","background-repeat":"repeat","background-position":"center center","background-size":"auto","background-attachment":"scroll","background-type":"","background-media":"","overlay-type":"","overlay-color":"","overlay-opacity":"","overlay-gradient":""}},"footnotes":""},"class_list":["post-30","page","type-page","status-publish","hentry"],"post_mailing_queue_ids":[],"_links":{"self":[{"href":"https:\/\/agora.xtec.cat\/ceefontdelabella\/wp-json\/wp\/v2\/pages\/30","targetHints":{"allow":["GET"]}}],"collection":[{"href":"https:\/\/agora.xtec.cat\/ceefontdelabella\/wp-json\/wp\/v2\/pages"}],"about":[{"href":"https:\/\/agora.xtec.cat\/ceefontdelabella\/wp-json\/wp\/v2\/types\/page"}],"author":[{"embeddable":true,"href":"https:\/\/agora.xtec.cat\/ceefontdelabella\/wp-json\/wp\/v2\/users\/1"}],"replies":[{"embeddable":true,"href":"https:\/\/agora.xtec.cat\/ceefontdelabella\/wp-json\/wp\/v2\/comments?post=30"}],"version-history":[{"count":6,"href":"https:\/\/agora.xtec.cat\/ceefontdelabella\/wp-json\/wp\/v2\/pages\/30\/revisions"}],"predecessor-version":[{"id":36120,"href":"https:\/\/agora.xtec.cat\/ceefontdelabella\/wp-json\/wp\/v2\/pages\/30\/revisions\/36120"}],"up":[{"embeddable":true,"href":"https:\/\/agora.xtec.cat\/ceefontdelabella\/wp-json\/wp\/v2\/pages\/22"}],"wp:attachment":[{"href":"https:\/\/agora.xtec.cat\/ceefontdelabella\/wp-json\/wp\/v2\/media?parent=30"}],"curies":[{"name":"wp","href":"https:\/\/api.w.org\/{rel}","templated":true}]}}