{"id":28,"date":"2014-09-18T12:29:35","date_gmt":"2014-09-18T11:29:35","guid":{"rendered":"http:\/\/agora.xtec.cat\/ceefontdelabella\/?page_id=28"},"modified":"2025-12-16T13:59:34","modified_gmt":"2025-12-16T12:59:34","slug":"consell-escolar","status":"publish","type":"page","link":"https:\/\/agora.xtec.cat\/ceefontdelabella\/lescola\/consell-escolar\/","title":{"rendered":"Consell escolar"},"content":{"rendered":"<table class=\" alignleft\" style=\"height: 843px; width: 73.468%;\" width=\"704\">\n<tbody>\n<tr style=\"height: 32px;\">\n<td style=\"width: 52.3397%; height: 32px;\" width=\"426\"><strong>DIRECTORA PRESIDENTA:<\/strong><\/td>\n<td style=\"width: 46.2738%; height: 32px;\" width=\"402\">Ma. \u00c0ngels Verdaguer<\/td>\n<\/tr>\n<tr style=\"height: 32px;\">\n<td style=\"width: 52.3397%; height: 32px;\" width=\"426\"><strong>CAP D\u2019ESTUDIS:<\/strong><\/td>\n<td style=\"width: 46.2738%; height: 32px;\" width=\"402\">Marta Gasull<\/td>\n<\/tr>\n<tr style=\"height: 32px;\">\n<td style=\"width: 52.3397%; height: 32px;\" width=\"426\"><strong>SECRETARI:\u00a0\u00a0\u00a0\u00a0\u00a0\u00a0\u00a0\u00a0 <\/strong><\/td>\n<td style=\"width: 46.2738%; height: 32px;\" width=\"402\">Diego Prats<\/td>\n<\/tr>\n<tr style=\"height: 32px;\">\n<td style=\"width: 52.3397%; height: 32px;\" width=\"426\"><strong>REPRESENTANT DE L\u2019AJUNTAMENT:<\/strong><\/td>\n<td style=\"width: 46.2738%; height: 32px;\" width=\"402\">Queralt Vila<\/td>\n<\/tr>\n<tr style=\"height: 108px;\">\n<td style=\"width: 52.3397%; height: 108px;\" width=\"426\"><strong>REPRESENTANTS DEL PROFESSORAT:<\/strong><\/td>\n<td style=\"width: 46.2738%; height: 108px;\" width=\"402\">Maria del Mar Barba<br \/>\nEster Trafach<br \/>\nPilar Font\u00e0s<br \/>\nMarc Vilanova<br \/>\nNeus Hern\u00e1ndez<br \/>\nN\u00faria Curto<\/td>\n<\/tr>\n<tr style=\"height: 93px;\">\n<td style=\"width: 52.3397%; height: 93px;\" width=\"426\"><strong>REPRESENTANTS DE MARES I PARES:<\/strong><\/td>\n<td style=\"width: 46.2738%; height: 93px;\" width=\"402\">Gemma Povill<br \/>\nAnna Dalm\u00e0s<br \/>\nMontse Angelats<br \/>\nGanna Platukhina<br \/>\nDavid de las Heras Mu\u00f1oz<\/td>\n<\/tr>\n<tr style=\"height: 32px;\">\n<td style=\"width: 52.3397%; height: 32px;\" width=\"426\"><strong>REPRESENTANT DE L\u2019AMPA:<\/strong><\/td>\n<td style=\"width: 46.2738%; height: 32px;\" width=\"402\">Marta Feliu<\/td>\n<\/tr>\n<tr style=\"height: 32px;\">\n<td style=\"width: 52.3397%; height: 32px;\" width=\"426\"><strong>REPRESENTANT DEL PAEC:<\/strong><\/td>\n<td style=\"width: 46.2738%; height: 32px;\" width=\"402\">Sussi Torrent<\/td>\n<\/tr>\n<tr style=\"height: 32px;\">\n<td style=\"width: 52.3397%; height: 31px;\" width=\"426\"><strong>REPRESENTANT DEL PAS:<\/strong><\/td>\n<td style=\"width: 46.2738%; height: 31px;\" width=\"402\">Rosa Maria LLapart<\/td>\n<\/tr>\n<\/tbody>\n<\/table>\n<p>&nbsp;<\/p>\n","protected":false},"excerpt":{"rendered":"<p>DIRECTORA PRESIDENTA: Ma. \u00c0ngels Verdaguer CAP D\u2019ESTUDIS: Marta Gasull SECRETARI:\u00a0\u00a0\u00a0\u00a0\u00a0\u00a0\u00a0\u00a0 Diego Prats REPRESENTANT DE L\u2019AJUNTAMENT: Queralt Vila REPRESENTANTS DEL PROFESSORAT: Maria del Mar Barba Ester Trafach Pilar Font\u00e0s Marc Vilanova Neus Hern\u00e1ndez N\u00faria Curto REPRESENTANTS DE MARES I PARES: Gemma Povill Anna Dalm\u00e0s Montse Angelats Ganna Platukhina David de las Heras Mu\u00f1oz REPRESENTANT DE L\u2019AMPA: [&hellip;]<\/p>\n","protected":false},"author":1,"featured_media":0,"parent":22,"menu_order":30,"comment_status":"closed","ping_status":"closed","template":"","meta":{"_bbp_topic_count":0,"_bbp_reply_count":0,"_bbp_total_topic_count":0,"_bbp_total_reply_count":0,"_bbp_voice_count":0,"_bbp_anonymous_reply_count":0,"_bbp_topic_count_hidden":0,"_bbp_reply_count_hidden":0,"_bbp_forum_subforum_count":0,"site-sidebar-layout":"default","site-content-layout":"","ast-site-content-layout":"default","site-content-style":"default","site-sidebar-style":"default","ast-global-header-display":"","ast-banner-title-visibility":"","ast-main-header-display":"","ast-hfb-above-header-display":"","ast-hfb-below-header-display":"","ast-hfb-mobile-header-display":"","site-post-title":"","ast-breadcrumbs-content":"","ast-featured-img":"","footer-sml-layout":"","theme-transparent-header-meta":"default","adv-header-id-meta":"","stick-header-meta":"","header-above-stick-meta":"","header-main-stick-meta":"","header-below-stick-meta":"","astra-migrate-meta-layouts":"set","ast-page-background-enabled":"default","ast-page-background-meta":{"desktop":{"background-color":"var(--ast-global-color-4)","background-image":"","background-repeat":"repeat","background-position":"center center","background-size":"auto","background-attachment":"scroll","background-type":"","background-media":"","overlay-type":"","overlay-color":"","overlay-opacity":"","overlay-gradient":""},"tablet":{"background-color":"","background-image":"","background-repeat":"repeat","background-position":"center center","background-size":"auto","background-attachment":"scroll","background-type":"","background-media":"","overlay-type":"","overlay-color":"","overlay-opacity":"","overlay-gradient":""},"mobile":{"background-color":"","background-image":"","background-repeat":"repeat","background-position":"center center","background-size":"auto","background-attachment":"scroll","background-type":"","background-media":"","overlay-type":"","overlay-color":"","overlay-opacity":"","overlay-gradient":""}},"ast-content-background-meta":{"desktop":{"background-color":"var(--ast-global-color-5)","background-image":"","background-repeat":"repeat","background-position":"center center","background-size":"auto","background-attachment":"scroll","background-type":"","background-media":"","overlay-type":"","overlay-color":"","overlay-opacity":"","overlay-gradient":""},"tablet":{"background-color":"var(--ast-global-color-5)","background-image":"","background-repeat":"repeat","background-position":"center center","background-size":"auto","background-attachment":"scroll","background-type":"","background-media":"","overlay-type":"","overlay-color":"","overlay-opacity":"","overlay-gradient":""},"mobile":{"background-color":"var(--ast-global-color-5)","background-image":"","background-repeat":"repeat","background-position":"center center","background-size":"auto","background-attachment":"scroll","background-type":"","background-media":"","overlay-type":"","overlay-color":"","overlay-opacity":"","overlay-gradient":""}},"footnotes":""},"class_list":["post-28","page","type-page","status-publish","hentry"],"post_mailing_queue_ids":[],"_links":{"self":[{"href":"https:\/\/agora.xtec.cat\/ceefontdelabella\/wp-json\/wp\/v2\/pages\/28","targetHints":{"allow":["GET"]}}],"collection":[{"href":"https:\/\/agora.xtec.cat\/ceefontdelabella\/wp-json\/wp\/v2\/pages"}],"about":[{"href":"https:\/\/agora.xtec.cat\/ceefontdelabella\/wp-json\/wp\/v2\/types\/page"}],"author":[{"embeddable":true,"href":"https:\/\/agora.xtec.cat\/ceefontdelabella\/wp-json\/wp\/v2\/users\/1"}],"replies":[{"embeddable":true,"href":"https:\/\/agora.xtec.cat\/ceefontdelabella\/wp-json\/wp\/v2\/comments?post=28"}],"version-history":[{"count":8,"href":"https:\/\/agora.xtec.cat\/ceefontdelabella\/wp-json\/wp\/v2\/pages\/28\/revisions"}],"predecessor-version":[{"id":37865,"href":"https:\/\/agora.xtec.cat\/ceefontdelabella\/wp-json\/wp\/v2\/pages\/28\/revisions\/37865"}],"up":[{"embeddable":true,"href":"https:\/\/agora.xtec.cat\/ceefontdelabella\/wp-json\/wp\/v2\/pages\/22"}],"wp:attachment":[{"href":"https:\/\/agora.xtec.cat\/ceefontdelabella\/wp-json\/wp\/v2\/media?parent=28"}],"curies":[{"name":"wp","href":"https:\/\/api.w.org\/{rel}","templated":true}]}}