{"id":18063,"date":"2019-11-28T12:17:59","date_gmt":"2019-11-28T11:17:59","guid":{"rendered":"http:\/\/agora.xtec.cat\/ceefontdelabella\/?page_id=18063"},"modified":"2025-12-02T13:51:18","modified_gmt":"2025-12-02T12:51:18","slug":"projectes","status":"publish","type":"page","link":"https:\/\/agora.xtec.cat\/ceefontdelabella\/projectes\/","title":{"rendered":"Projectes Escola"},"content":{"rendered":"<p><img loading=\"lazy\" decoding=\"async\" class=\"wp-image-18235 alignright\" src=\"https:\/\/agora.xtec.cat\/ceefontdelabella\/wp-content\/uploads\/usu1397\/2019\/12\/Comunitat_educativa.jpg\" alt=\"\" width=\"286\" height=\"286\" srcset=\"https:\/\/agora.xtec.cat\/ceefontdelabella\/wp-content\/uploads\/usu1397\/2019\/12\/Comunitat_educativa.jpg 600w, https:\/\/agora.xtec.cat\/ceefontdelabella\/wp-content\/uploads\/usu1397\/2019\/12\/Comunitat_educativa-150x150.jpg 150w, https:\/\/agora.xtec.cat\/ceefontdelabella\/wp-content\/uploads\/usu1397\/2019\/12\/Comunitat_educativa-300x300.jpg 300w\" sizes=\"auto, (max-width: 286px) 100vw, 286px\" \/><\/p>\n<ul>\n<li><a href=\"https:\/\/agora.xtec.cat\/ceefontdelabella\/wp-content\/uploads\/usu1397\/2025\/07\/Projecte-Sexo-afectivitat.pdf\">Projecte Sexo Afectivitat<\/a><\/li>\n<li><a href=\"https:\/\/agora.xtec.cat\/ceefontdelabella\/wp-content\/uploads\/usu1397\/bp-attachments\/715\/RESUM-PROJECTE-COMUNICACIO-AUGMENTATIVA-COM-A-METODOLOGIA-DE-TREBALL.pdf\" target=\"_blank\" rel=\"noopener noreferrer\">Projecte de Comunicaci\u00f3 Augmentativa<\/a><\/li>\n<li><a href=\"https:\/\/agora.xtec.cat\/ceefontdelabella\/projecte-educatiu__trashed\/biblioteques-puntedu\/\" target=\"_blank\" rel=\"noopener noreferrer\">Projecte biblioteca escolar<\/a><\/li>\n<li><a href=\"https:\/\/agora.xtec.cat\/ceefontdelabella\/projecte-educatiu__trashed\/projecte-destimulacio-sensorial\/\" target=\"_blank\" rel=\"noopener noreferrer\">Projecte d&#8217;estimulaci\u00f3 sensorial<\/a><\/li>\n<li><a href=\"https:\/\/agora.xtec.cat\/ceefontdelabella\/wp-content\/uploads\/usu1397\/2021\/03\/Ter%C3%A0pia-amb-gossos.pdf\" target=\"_blank\" rel=\"noopener noreferrer\">Projecte CTAC<\/a><\/li>\n<li><a href=\"https:\/\/agora.xtec.cat\/ceefontdelabella\/wp-content\/uploads\/usu1397\/2021\/06\/PROJECTE-DEDUCACIO-FISICA-I-PSICOMOTRICITAT.-Resum.pdf\" target=\"_blank\" rel=\"noopener noreferrer\">Projecte de Psicomotricitat<\/a><\/li>\n<li><a href=\"https:\/\/agora.xtec.cat\/ceefontdelabella\/wp-content\/uploads\/usu1397\/2024\/07\/La-importancia-de-la-musica-en-lE.Especial.pdf\" target=\"_blank\" rel=\"noopener noreferrer\">Projecte de M\u00fasica<\/a><\/li>\n<li><a href=\"https:\/\/agora.xtec.cat\/ceefontdelabella\/wp-content\/uploads\/usu1397\/2021\/04\/Projecte-dalumnat-en-pr\u00e0ctiques-al-Centre.pdf\" target=\"_blank\" rel=\"noopener noreferrer\">Projecte alumnes en pr\u00e0ctiques<\/a><\/li>\n<li><a href=\"https:\/\/agora.xtec.cat\/ceefontdelabella\/wp-content\/uploads\/usu1397\/2021\/06\/20210408_-Presentaci%C3%B3_Programa-Formaci%C3%B3-Empresa.pdf\" target=\"_blank\" rel=\"noopener noreferrer\">Projecte Empresa<\/a><\/li>\n<\/ul>\n","protected":false},"excerpt":{"rendered":"<p>Projecte Sexo Afectivitat Projecte de Comunicaci\u00f3 Augmentativa Projecte biblioteca escolar Projecte d&#8217;estimulaci\u00f3 sensorial Projecte CTAC Projecte de Psicomotricitat Projecte de M\u00fasica Projecte alumnes en pr\u00e0ctiques Projecte Empresa<\/p>\n","protected":false},"author":1,"featured_media":0,"parent":0,"menu_order":0,"comment_status":"closed","ping_status":"closed","template":"","meta":{"_bbp_topic_count":0,"_bbp_reply_count":0,"_bbp_total_topic_count":0,"_bbp_total_reply_count":0,"_bbp_voice_count":0,"_bbp_anonymous_reply_count":0,"_bbp_topic_count_hidden":0,"_bbp_reply_count_hidden":0,"_bbp_forum_subforum_count":0,"site-sidebar-layout":"default","site-content-layout":"","ast-site-content-layout":"default","site-content-style":"default","site-sidebar-style":"default","ast-global-header-display":"","ast-banner-title-visibility":"","ast-main-header-display":"","ast-hfb-above-header-display":"","ast-hfb-below-header-display":"","ast-hfb-mobile-header-display":"","site-post-title":"","ast-breadcrumbs-content":"","ast-featured-img":"","footer-sml-layout":"","theme-transparent-header-meta":"default","adv-header-id-meta":"","stick-header-meta":"","header-above-stick-meta":"","header-main-stick-meta":"","header-below-stick-meta":"","astra-migrate-meta-layouts":"set","ast-page-background-enabled":"default","ast-page-background-meta":{"desktop":{"background-color":"var(--ast-global-color-4)","background-image":"","background-repeat":"repeat","background-position":"center center","background-size":"auto","background-attachment":"scroll","background-type":"","background-media":"","overlay-type":"","overlay-color":"","overlay-opacity":"","overlay-gradient":""},"tablet":{"background-color":"","background-image":"","background-repeat":"repeat","background-position":"center center","background-size":"auto","background-attachment":"scroll","background-type":"","background-media":"","overlay-type":"","overlay-color":"","overlay-opacity":"","overlay-gradient":""},"mobile":{"background-color":"","background-image":"","background-repeat":"repeat","background-position":"center center","background-size":"auto","background-attachment":"scroll","background-type":"","background-media":"","overlay-type":"","overlay-color":"","overlay-opacity":"","overlay-gradient":""}},"ast-content-background-meta":{"desktop":{"background-color":"var(--ast-global-color-5)","background-image":"","background-repeat":"repeat","background-position":"center center","background-size":"auto","background-attachment":"scroll","background-type":"","background-media":"","overlay-type":"","overlay-color":"","overlay-opacity":"","overlay-gradient":""},"tablet":{"background-color":"var(--ast-global-color-5)","background-image":"","background-repeat":"repeat","background-position":"center center","background-size":"auto","background-attachment":"scroll","background-type":"","background-media":"","overlay-type":"","overlay-color":"","overlay-opacity":"","overlay-gradient":""},"mobile":{"background-color":"var(--ast-global-color-5)","background-image":"","background-repeat":"repeat","background-position":"center center","background-size":"auto","background-attachment":"scroll","background-type":"","background-media":"","overlay-type":"","overlay-color":"","overlay-opacity":"","overlay-gradient":""}},"footnotes":""},"class_list":["post-18063","page","type-page","status-publish","hentry"],"post_mailing_queue_ids":[],"_links":{"self":[{"href":"https:\/\/agora.xtec.cat\/ceefontdelabella\/wp-json\/wp\/v2\/pages\/18063","targetHints":{"allow":["GET"]}}],"collection":[{"href":"https:\/\/agora.xtec.cat\/ceefontdelabella\/wp-json\/wp\/v2\/pages"}],"about":[{"href":"https:\/\/agora.xtec.cat\/ceefontdelabella\/wp-json\/wp\/v2\/types\/page"}],"author":[{"embeddable":true,"href":"https:\/\/agora.xtec.cat\/ceefontdelabella\/wp-json\/wp\/v2\/users\/1"}],"replies":[{"embeddable":true,"href":"https:\/\/agora.xtec.cat\/ceefontdelabella\/wp-json\/wp\/v2\/comments?post=18063"}],"version-history":[{"count":7,"href":"https:\/\/agora.xtec.cat\/ceefontdelabella\/wp-json\/wp\/v2\/pages\/18063\/revisions"}],"predecessor-version":[{"id":37712,"href":"https:\/\/agora.xtec.cat\/ceefontdelabella\/wp-json\/wp\/v2\/pages\/18063\/revisions\/37712"}],"wp:attachment":[{"href":"https:\/\/agora.xtec.cat\/ceefontdelabella\/wp-json\/wp\/v2\/media?parent=18063"}],"curies":[{"name":"wp","href":"https:\/\/api.w.org\/{rel}","templated":true}]}}