{"id":313,"date":"2015-04-29T13:31:39","date_gmt":"2015-04-29T12:31:39","guid":{"rendered":"http:\/\/agora.xtec.cat\/ceefolchicamarasa\/?page_id=313"},"modified":"2026-03-19T15:56:40","modified_gmt":"2026-03-19T14:56:40","slug":"activitats","status":"publish","type":"page","link":"https:\/\/agora.xtec.cat\/ceefolchicamarasa\/que-fem\/activitats\/","title":{"rendered":"Activitats"},"content":{"rendered":"<ul style=\"list-style-type: square;\">\n<li style=\"text-align: justify;\"><span style=\"text-decoration: underline;\"><strong>Activitat de piscina (hidroter\u00e0pia):<\/strong><\/span><\/li>\n<\/ul>\n<p style=\"text-align: justify;\">Es realitza durant tot el curs escolar, amb monitors especialitzats de Joc Viu (IBE-esports inclou). El mitj\u00e0 aqu\u00e0tic ofereix unes caracter\u00edstiques f\u00edsiques que faciliten els moviments aut\u00f2noms i la relaxaci\u00f3.<\/p>\n<p style=\"text-align: justify;\">A l&#8217;activitat de piscina es treballen diferents continguts pedag\u00f2gics:<\/p>\n<ul style=\"list-style-type: disc; text-align: justify;\">\n<li style=\"text-align: left;\">Adaptaci\u00f3 i ubicaci\u00f3 a un espai diferent al de l&#8217;escola.<\/li>\n<li style=\"text-align: left;\">Acceptaci\u00f3 i coneixement d&#8217;altres adults diferents als referents d&#8217;aula.<\/li>\n<li style=\"text-align: left;\">Treball corporal de mobilitat i d&#8217;esfor\u00e7 f\u00edsic.<\/li>\n<li style=\"text-align: left;\">L&#8217;equilibri, la flotaci\u00f3 i el despla\u00e7ament dins l&#8217;aigua.<\/li>\n<li style=\"text-align: left;\">Gaudir d&#8217;una activitat l\u00fadica.<\/li>\n<\/ul>\n<ul style=\"list-style-type: square;\">\n<li style=\"text-align: left;\"><span style=\"text-decoration: underline;\"><strong>Activitat de cavalls (hipoter\u00e0pia):<\/strong><\/span><\/li>\n<\/ul>\n<p style=\"text-align: justify;\">L&#8217;activitat de cavalls \u00e9s una activitat molt motivadora per als nostres alumnes. Est\u00e0 coordinada pel fisioterapeuta i requereix de la implicaci\u00f3 de tot l&#8217;equip professionals de l&#8217;escola per dur-la a terme amb la seguretat necess\u00e0ria.\u00a0 Els cavalls que v\u00e9nen a l&#8217;escola provenen de la H\u00edpica Les Tanques.<\/p>\n<p style=\"text-align: justify;\">Els continguts pedag\u00f2gics\u00a0que es treballen, principalment, s\u00f3n:<\/p>\n<ul style=\"text-align: justify;\">\n<li>Generalitzaci\u00f3 de l\u2019activitat fora de l\u2019escola, per part de les fam\u00edlies. Oferint alternatives d&#8217;oci motivadores.<\/li>\n<li>Gaudir de l\u2019activitat i de la relaci\u00f3 amb el cavall.<\/li>\n<li>Comunicaci\u00f3 amb les fam\u00edlies.<\/li>\n<li>Treball d\u2019acceptaci\u00f3 de l\u2019activitat.<\/li>\n<li style=\"text-align: justify;\">Contingut pedag\u00f2gic sensorial i cognitiu: experimentaci\u00f3 t\u00e0ctil del p\u00e8l del cavall i de la seva temperatura corporal. Aix\u00ed com est\u00edmuls propioceptius, auditius i olfactius. Treball d\u2019espera quan el cavall s\u2019atura i de relaxaci\u00f3. Treball de comunicaci\u00f3 expressant les demandes al cavall (al trot, so, etc.)<\/li>\n<li>Treball corporal i vestibular, acoplant-se als moviments del cavall. Aix\u00ed com d\u2019equilibri i de control postural en l\u2019execuci\u00f3 de diferents posicions (les voltes al m\u00f3n, alumnes que es posen de genolls o incl\u00fas de peu d\u2019alt del cavall).<\/li>\n<\/ul>\n<ul style=\"list-style-type: square;\">\n<li><strong><span style=\"text-decoration: underline;\">Activitat amb gossos<\/span>:<\/strong><\/li>\n<\/ul>\n<p>Des de fa alguns anys a l&#8217;escola realitzem diverses sessions amb gossos a c\u00e0rrec de l&#8217;Associaci\u00f3 DOGCAMP, associaci\u00f3 sense \u00e0nim de lucre que realitza diferents activitats amb gossos de caire terap\u00e8utic.<\/p>\n<p>Els continguts pedag\u00f2gics que es treballen inclouen aspectes a nivell sensorial, de relaci\u00f3 i de comunicaci\u00f3:<\/p>\n<ul style=\"list-style-type: circle;\">\n<li>Gaudir tots junts de l\u2019activitat, de l\u2019experi\u00e8ncia sensorial, del contacte i relaci\u00f3 amb el gos.<\/li>\n<li>Contingut pedag\u00f2gic sensorial i cognitiu: Experimentaci\u00f3 t\u00e0ctil del p\u00e8l, la pell, el ritme de la respiraci\u00f3 i la temperatura corporal de l\u2019animal.<\/li>\n<li>Acceptaci\u00f3 del contacte des de tocar amb les mans fins a poder estirar-se al damunt.<\/li>\n<li>Experimentaci\u00f3 olfactiva de l\u2019animal.<\/li>\n<li>Relaci\u00f3 amb el gos tant a nivell de contacte corporal com fent \u00fas d\u2019estris i materials (raspallar-lo, passejar, posar la corretja, etc.)<\/li>\n<\/ul>\n","protected":false},"excerpt":{"rendered":"<ul style=\"list-style-type: square;\">\n<li style=\"text-align: justify;\">Activitat de piscina (hidroter\u00e0pia):<\/li>\n<\/ul>\n<p>Es realitza durant tot el curs escolar, amb monitors especialitzats de Joc Viu (IBE-esports inclou). El mitj\u00e0 aqu\u00e0tic ofereix unes caracter\u00edstiques f\u00edsiques que faciliten els moviments aut\u00f2noms i la relaxaci\u00f3.<br \/>\nA l&#8217;activitat de piscina es treballen diferents continguts pedag\u00f2gics:\n<ul&hellip;  <a href=\"https:\/\/agora.xtec.cat\/ceefolchicamarasa\/que-fem\/activitats\/\" title=\"Read Activitats\">Llegeix m\u00e9s\u00bb<\/a><\/p>\n","protected":false},"author":1,"featured_media":0,"parent":256,"menu_order":0,"comment_status":"closed","ping_status":"closed","template":"page-templates\/side-menu.php","meta":{"_bbp_topic_count":0,"_bbp_reply_count":0,"_bbp_total_topic_count":0,"_bbp_total_reply_count":0,"_bbp_voice_count":0,"_bbp_anonymous_reply_count":0,"_bbp_topic_count_hidden":0,"_bbp_reply_count_hidden":0,"_bbp_forum_subforum_count":0,"footnotes":""},"class_list":["post-313","page","type-page","status-publish","hentry"],"post_mailing_queue_ids":[],"_links":{"self":[{"href":"https:\/\/agora.xtec.cat\/ceefolchicamarasa\/wp-json\/wp\/v2\/pages\/313","targetHints":{"allow":["GET"]}}],"collection":[{"href":"https:\/\/agora.xtec.cat\/ceefolchicamarasa\/wp-json\/wp\/v2\/pages"}],"about":[{"href":"https:\/\/agora.xtec.cat\/ceefolchicamarasa\/wp-json\/wp\/v2\/types\/page"}],"author":[{"embeddable":true,"href":"https:\/\/agora.xtec.cat\/ceefolchicamarasa\/wp-json\/wp\/v2\/users\/1"}],"replies":[{"embeddable":true,"href":"https:\/\/agora.xtec.cat\/ceefolchicamarasa\/wp-json\/wp\/v2\/comments?post=313"}],"version-history":[{"count":7,"href":"https:\/\/agora.xtec.cat\/ceefolchicamarasa\/wp-json\/wp\/v2\/pages\/313\/revisions"}],"predecessor-version":[{"id":1340,"href":"https:\/\/agora.xtec.cat\/ceefolchicamarasa\/wp-json\/wp\/v2\/pages\/313\/revisions\/1340"}],"up":[{"embeddable":true,"href":"https:\/\/agora.xtec.cat\/ceefolchicamarasa\/wp-json\/wp\/v2\/pages\/256"}],"wp:attachment":[{"href":"https:\/\/agora.xtec.cat\/ceefolchicamarasa\/wp-json\/wp\/v2\/media?parent=313"}],"curies":[{"name":"wp","href":"https:\/\/api.w.org\/{rel}","templated":true}]}}