{"id":1043,"date":"2023-06-27T10:33:29","date_gmt":"2023-06-27T08:33:29","guid":{"rendered":"https:\/\/agora.xtec.cat\/ceefolchicamarasa\/?page_id=1043"},"modified":"2023-06-27T12:48:25","modified_gmt":"2023-06-27T10:48:25","slug":"objectius","status":"publish","type":"page","link":"https:\/\/agora.xtec.cat\/ceefolchicamarasa\/estrategia-digital-de-centre\/part-estrategica\/objectius\/","title":{"rendered":"Objectius"},"content":{"rendered":"<p><span class=\"WdYUQQ text-decoration-none text-strikethrough-none\">A partir de la informaci\u00f3 recollida en la diagnosi aix\u00ed com de la valoraci\u00f3 dels punts forts i febles del centre, s\u2019han concretat un conjunt d\u2019objectius que busquen donar resposta a les necessitats detectades.<\/span><\/p>\n<p><a href=\"https:\/\/agora.xtec.cat\/ceefolchicamarasa\/wp-content\/uploads\/usu347\/2023\/06\/objectius-1.jpg\"><img loading=\"lazy\" decoding=\"async\" class=\"alignnone  wp-image-1101\" src=\"https:\/\/agora.xtec.cat\/ceefolchicamarasa\/wp-content\/uploads\/usu347\/2023\/06\/objectius-1.jpg\" alt=\"\" width=\"681\" height=\"627\" srcset=\"https:\/\/agora.xtec.cat\/ceefolchicamarasa\/wp-content\/uploads\/usu347\/2023\/06\/objectius-1.jpg 754w, https:\/\/agora.xtec.cat\/ceefolchicamarasa\/wp-content\/uploads\/usu347\/2023\/06\/objectius-1-300x276.jpg 300w\" sizes=\"auto, (max-width: 681px) 100vw, 681px\" \/><\/a><\/p>\n","protected":false},"excerpt":{"rendered":"<p>A partir de la informaci\u00f3 recollida en la diagnosi aix\u00ed com de la valoraci\u00f3 dels punts forts i febles del centre, s\u2019han concretat un conjunt d\u2019objectius que busquen donar resposta a les necessitats detectades.<br \/>\n<a href=\"https:\/\/agora.xtec.cat\/ceefolchicamarasa\/wp-content\/uploads\/usu347\/2023\/06\/objectius-1.jpg\"><\/a><\/p>\n","protected":false},"author":1,"featured_media":0,"parent":1026,"menu_order":2,"comment_status":"closed","ping_status":"closed","template":"page-templates\/side-menu.php","meta":{"_bbp_topic_count":0,"_bbp_reply_count":0,"_bbp_total_topic_count":0,"_bbp_total_reply_count":0,"_bbp_voice_count":0,"_bbp_anonymous_reply_count":0,"_bbp_topic_count_hidden":0,"_bbp_reply_count_hidden":0,"_bbp_forum_subforum_count":0,"footnotes":""},"class_list":["post-1043","page","type-page","status-publish","hentry"],"post_mailing_queue_ids":[],"_links":{"self":[{"href":"https:\/\/agora.xtec.cat\/ceefolchicamarasa\/wp-json\/wp\/v2\/pages\/1043","targetHints":{"allow":["GET"]}}],"collection":[{"href":"https:\/\/agora.xtec.cat\/ceefolchicamarasa\/wp-json\/wp\/v2\/pages"}],"about":[{"href":"https:\/\/agora.xtec.cat\/ceefolchicamarasa\/wp-json\/wp\/v2\/types\/page"}],"author":[{"embeddable":true,"href":"https:\/\/agora.xtec.cat\/ceefolchicamarasa\/wp-json\/wp\/v2\/users\/1"}],"replies":[{"embeddable":true,"href":"https:\/\/agora.xtec.cat\/ceefolchicamarasa\/wp-json\/wp\/v2\/comments?post=1043"}],"version-history":[{"count":3,"href":"https:\/\/agora.xtec.cat\/ceefolchicamarasa\/wp-json\/wp\/v2\/pages\/1043\/revisions"}],"predecessor-version":[{"id":1102,"href":"https:\/\/agora.xtec.cat\/ceefolchicamarasa\/wp-json\/wp\/v2\/pages\/1043\/revisions\/1102"}],"up":[{"embeddable":true,"href":"https:\/\/agora.xtec.cat\/ceefolchicamarasa\/wp-json\/wp\/v2\/pages\/1026"}],"wp:attachment":[{"href":"https:\/\/agora.xtec.cat\/ceefolchicamarasa\/wp-json\/wp\/v2\/media?parent=1043"}],"curies":[{"name":"wp","href":"https:\/\/api.w.org\/{rel}","templated":true}]}}