{"id":1038,"date":"2023-06-27T10:31:23","date_gmt":"2023-06-27T08:31:23","guid":{"rendered":"https:\/\/agora.xtec.cat\/ceefolchicamarasa\/?page_id=1038"},"modified":"2024-06-26T13:04:21","modified_gmt":"2024-06-26T11:04:21","slug":"cultura-digital","status":"publish","type":"page","link":"https:\/\/agora.xtec.cat\/ceefolchicamarasa\/estrategia-digital-de-centre\/cultura-digital\/","title":{"rendered":"Cultura digital"},"content":{"rendered":"<p>&nbsp;<\/p>\n<p><a href=\"https:\/\/agora.xtec.cat\/ceefolchicamarasa\/wp-content\/uploads\/usu347\/2024\/06\/2_Que-es-la-Cultura-digital-dun-centre_v3.png\"><img loading=\"lazy\" decoding=\"async\" class=\"alignnone size-full wp-image-1161\" src=\"https:\/\/agora.xtec.cat\/ceefolchicamarasa\/wp-content\/uploads\/usu347\/2024\/06\/2_Que-es-la-Cultura-digital-dun-centre_v3.png\" alt=\"\" width=\"1293\" height=\"913\" srcset=\"https:\/\/agora.xtec.cat\/ceefolchicamarasa\/wp-content\/uploads\/usu347\/2024\/06\/2_Que-es-la-Cultura-digital-dun-centre_v3.png 1293w, https:\/\/agora.xtec.cat\/ceefolchicamarasa\/wp-content\/uploads\/usu347\/2024\/06\/2_Que-es-la-Cultura-digital-dun-centre_v3-300x212.png 300w, https:\/\/agora.xtec.cat\/ceefolchicamarasa\/wp-content\/uploads\/usu347\/2024\/06\/2_Que-es-la-Cultura-digital-dun-centre_v3-1024x723.png 1024w, https:\/\/agora.xtec.cat\/ceefolchicamarasa\/wp-content\/uploads\/usu347\/2024\/06\/2_Que-es-la-Cultura-digital-dun-centre_v3-768x542.png 768w\" sizes=\"auto, (max-width: 1293px) 100vw, 1293px\" \/><\/a><\/p>\n<p>Podeu accedir mitjan\u00e7ant el seg\u00fcent enlla\u00e7:\u00a0<a href=\"https:\/\/sites.google.com\/xtec.cat\/prueba2\/portada\">https:\/\/sites.google.com\/xtec.cat\/prueba2\/portada<\/a><\/p>\n<p>&nbsp;<\/p>\n","protected":false},"excerpt":{"rendered":"<p>&nbsp;<br \/>\n<a href=\"https:\/\/agora.xtec.cat\/ceefolchicamarasa\/wp-content\/uploads\/usu347\/2024\/06\/2_Que-es-la-Cultura-digital-dun-centre_v3.png\"><\/a><br \/>\nPodeu accedir mitjan\u00e7ant el seg\u00fcent enlla\u00e7:\u00a0<a href=\"https:\/\/sites.google.com\/xtec.cat\/prueba2\/portada\">https:\/\/sites.google.com\/xtec.cat\/prueba2\/portada<\/a><br \/>\n&nbsp;<\/p>\n","protected":false},"author":1,"featured_media":0,"parent":1015,"menu_order":0,"comment_status":"closed","ping_status":"closed","template":"page-templates\/side-menu.php","meta":{"_bbp_topic_count":0,"_bbp_reply_count":0,"_bbp_total_topic_count":0,"_bbp_total_reply_count":0,"_bbp_voice_count":0,"_bbp_anonymous_reply_count":0,"_bbp_topic_count_hidden":0,"_bbp_reply_count_hidden":0,"_bbp_forum_subforum_count":0,"footnotes":""},"class_list":["post-1038","page","type-page","status-publish","hentry"],"post_mailing_queue_ids":[],"_links":{"self":[{"href":"https:\/\/agora.xtec.cat\/ceefolchicamarasa\/wp-json\/wp\/v2\/pages\/1038","targetHints":{"allow":["GET"]}}],"collection":[{"href":"https:\/\/agora.xtec.cat\/ceefolchicamarasa\/wp-json\/wp\/v2\/pages"}],"about":[{"href":"https:\/\/agora.xtec.cat\/ceefolchicamarasa\/wp-json\/wp\/v2\/types\/page"}],"author":[{"embeddable":true,"href":"https:\/\/agora.xtec.cat\/ceefolchicamarasa\/wp-json\/wp\/v2\/users\/1"}],"replies":[{"embeddable":true,"href":"https:\/\/agora.xtec.cat\/ceefolchicamarasa\/wp-json\/wp\/v2\/comments?post=1038"}],"version-history":[{"count":5,"href":"https:\/\/agora.xtec.cat\/ceefolchicamarasa\/wp-json\/wp\/v2\/pages\/1038\/revisions"}],"predecessor-version":[{"id":1165,"href":"https:\/\/agora.xtec.cat\/ceefolchicamarasa\/wp-json\/wp\/v2\/pages\/1038\/revisions\/1165"}],"up":[{"embeddable":true,"href":"https:\/\/agora.xtec.cat\/ceefolchicamarasa\/wp-json\/wp\/v2\/pages\/1015"}],"wp:attachment":[{"href":"https:\/\/agora.xtec.cat\/ceefolchicamarasa\/wp-json\/wp\/v2\/media?parent=1038"}],"curies":[{"name":"wp","href":"https:\/\/api.w.org\/{rel}","templated":true}]}}