{"id":923,"date":"2020-01-21T21:15:44","date_gmt":"2020-01-21T20:15:44","guid":{"rendered":"http:\/\/agora.xtec.cat\/ceeconchaespina\/?page_id=923"},"modified":"2025-07-07T17:08:51","modified_gmt":"2025-07-07T15:08:51","slug":"calendari","status":"publish","type":"page","link":"https:\/\/agora.xtec.cat\/ceeconchaespina\/escola\/calendari\/","title":{"rendered":"Calendari"},"content":{"rendered":"<p><img loading=\"lazy\" decoding=\"async\" class=\"alignnone wp-image-1988 size-thumbnail\" src=\"https:\/\/agora.xtec.cat\/ceeconchaespina\/wp-content\/uploads\/usu1920\/2020\/03\/SPC_Calendari-150x150.jpg\" alt=\"\" width=\"150\" height=\"150\" srcset=\"https:\/\/agora.xtec.cat\/ceeconchaespina\/wp-content\/uploads\/usu1920\/2020\/03\/SPC_Calendari-150x150.jpg 150w, https:\/\/agora.xtec.cat\/ceeconchaespina\/wp-content\/uploads\/usu1920\/2020\/03\/SPC_Calendari.jpg 283w\" sizes=\"auto, (max-width: 150px) 100vw, 150px\" \/><\/p>\n<p>Podeu consultar el calendari escolar 2025-26 <a href=\"https:\/\/agora.xtec.cat\/ceeconchaespina\/wp-content\/uploads\/usu1920\/2025\/07\/CALENDARI-ESCOLAR-2025-26-3.pdf\">aqu\u00ed<\/a>.<\/p>\n<div>\n<p>L\u2019escola comen\u00e7ar\u00e0 el dia 8 de setembre de 2025 i l\u2019acabar\u00e0 el 19 de juny de 2026.<\/p>\n<p><strong>1r trimestre:<\/strong><\/p>\n<ul>\n<li>Dijous 11- 09- 25 La Diada.<\/li>\n<li>Dimecres 24-09-25 La Merc\u00e8.<\/li>\n<li>Divendres 10-10-25 <strong>Lliure disposici\u00f3. <\/strong><\/li>\n<li>Dilluns 3-11-25 <strong>Lliure disposici\u00f3.<\/strong><\/li>\n<li>Dilluns 8-12-25 La Constituci\u00f3.<\/li>\n<li>Del 22 de desembre al 7 de gener (ambd\u00f3s inclosos) Vacances de Nadal.<\/li>\n<\/ul>\n<p>___________________________________________________________________________<\/p>\n<p><strong>2n trimestre:<\/strong><\/p>\n<ul>\n<li>Dilluns 16-2-26 <strong>Lliure disposici\u00f3<\/strong>.<\/li>\n<li>Del 30 de mar\u00e7 al 6 d\u2019abril (ambd\u00f3s inclosos) Vacances de Setmana Santa.<\/li>\n<\/ul>\n<p>___________________________________________________________________________<\/p>\n<p><strong>3r trimestre:<\/strong><\/p>\n<ul>\n<li>Divendres 22-5-26 <strong>Lliure disposici\u00f3.<\/strong><\/li>\n<li>Dilluns 25-6-26 segona Pasqua.<\/li>\n<li>De l&#8217;1 al 19 de juny Jornada intensiva.<\/li>\n<\/ul>\n<\/div>\n","protected":false},"excerpt":{"rendered":"<p>Podeu consultar el calendari escolar 2025-26 aqu\u00ed. L\u2019escola comen\u00e7ar\u00e0 el dia 8 de setembre de 2025 i l\u2019acabar\u00e0 el 19 de juny de 2026. 1r trimestre: Dijous 11- 09- 25 La Diada. Dimecres 24-09-25 La Merc\u00e8. Divendres 10-10-25 Lliure disposici\u00f3. Dilluns 3-11-25 Lliure disposici\u00f3. Dilluns 8-12-25 La Constituci\u00f3. Del 22 de desembre al 7 de [&hellip;]<\/p>\n","protected":false},"author":1,"featured_media":0,"parent":868,"menu_order":8,"comment_status":"closed","ping_status":"closed","template":"page-templates\/side-menu.php","meta":{"_bbp_topic_count":0,"_bbp_reply_count":0,"_bbp_total_topic_count":0,"_bbp_total_reply_count":0,"_bbp_voice_count":0,"_bbp_anonymous_reply_count":0,"_bbp_topic_count_hidden":0,"_bbp_reply_count_hidden":0,"_bbp_forum_subforum_count":0,"site-sidebar-layout":"default","site-content-layout":"","ast-site-content-layout":"","site-content-style":"default","site-sidebar-style":"default","ast-global-header-display":"","ast-banner-title-visibility":"","ast-main-header-display":"","ast-hfb-above-header-display":"","ast-hfb-below-header-display":"","ast-hfb-mobile-header-display":"","site-post-title":"","ast-breadcrumbs-content":"","ast-featured-img":"","footer-sml-layout":"","theme-transparent-header-meta":"","adv-header-id-meta":"","stick-header-meta":"","header-above-stick-meta":"","header-main-stick-meta":"","header-below-stick-meta":"","astra-migrate-meta-layouts":"default","ast-page-background-enabled":"default","ast-page-background-meta":{"desktop":{"background-color":"var(--ast-global-color-4)","background-image":"","background-repeat":"repeat","background-position":"center center","background-size":"auto","background-attachment":"scroll","background-type":"","background-media":"","overlay-type":"","overlay-color":"","overlay-opacity":"","overlay-gradient":""},"tablet":{"background-color":"","background-image":"","background-repeat":"repeat","background-position":"center center","background-size":"auto","background-attachment":"scroll","background-type":"","background-media":"","overlay-type":"","overlay-color":"","overlay-opacity":"","overlay-gradient":""},"mobile":{"background-color":"","background-image":"","background-repeat":"repeat","background-position":"center center","background-size":"auto","background-attachment":"scroll","background-type":"","background-media":"","overlay-type":"","overlay-color":"","overlay-opacity":"","overlay-gradient":""}},"ast-content-background-meta":{"desktop":{"background-color":"var(--ast-global-color-5)","background-image":"","background-repeat":"repeat","background-position":"center center","background-size":"auto","background-attachment":"scroll","background-type":"","background-media":"","overlay-type":"","overlay-color":"","overlay-opacity":"","overlay-gradient":""},"tablet":{"background-color":"var(--ast-global-color-5)","background-image":"","background-repeat":"repeat","background-position":"center center","background-size":"auto","background-attachment":"scroll","background-type":"","background-media":"","overlay-type":"","overlay-color":"","overlay-opacity":"","overlay-gradient":""},"mobile":{"background-color":"var(--ast-global-color-5)","background-image":"","background-repeat":"repeat","background-position":"center center","background-size":"auto","background-attachment":"scroll","background-type":"","background-media":"","overlay-type":"","overlay-color":"","overlay-opacity":"","overlay-gradient":""}},"footnotes":""},"class_list":["post-923","page","type-page","status-publish","hentry"],"post_mailing_queue_ids":[],"_links":{"self":[{"href":"https:\/\/agora.xtec.cat\/ceeconchaespina\/wp-json\/wp\/v2\/pages\/923","targetHints":{"allow":["GET"]}}],"collection":[{"href":"https:\/\/agora.xtec.cat\/ceeconchaespina\/wp-json\/wp\/v2\/pages"}],"about":[{"href":"https:\/\/agora.xtec.cat\/ceeconchaespina\/wp-json\/wp\/v2\/types\/page"}],"author":[{"embeddable":true,"href":"https:\/\/agora.xtec.cat\/ceeconchaespina\/wp-json\/wp\/v2\/users\/1"}],"replies":[{"embeddable":true,"href":"https:\/\/agora.xtec.cat\/ceeconchaespina\/wp-json\/wp\/v2\/comments?post=923"}],"version-history":[{"count":6,"href":"https:\/\/agora.xtec.cat\/ceeconchaespina\/wp-json\/wp\/v2\/pages\/923\/revisions"}],"predecessor-version":[{"id":15037,"href":"https:\/\/agora.xtec.cat\/ceeconchaespina\/wp-json\/wp\/v2\/pages\/923\/revisions\/15037"}],"up":[{"embeddable":true,"href":"https:\/\/agora.xtec.cat\/ceeconchaespina\/wp-json\/wp\/v2\/pages\/868"}],"wp:attachment":[{"href":"https:\/\/agora.xtec.cat\/ceeconchaespina\/wp-json\/wp\/v2\/media?parent=923"}],"curies":[{"name":"wp","href":"https:\/\/api.w.org\/{rel}","templated":true}]}}