{"id":855,"date":"2020-02-12T17:13:49","date_gmt":"2020-02-12T16:13:49","guid":{"rendered":"http:\/\/agora.xtec.cat\/ceeconchaespina\/?page_id=855"},"modified":"2020-11-19T09:43:58","modified_gmt":"2020-11-19T08:43:58","slug":"menjador","status":"publish","type":"page","link":"https:\/\/agora.xtec.cat\/ceeconchaespina\/serveis\/menjador\/","title":{"rendered":"Menjador"},"content":{"rendered":"<p><img loading=\"lazy\" decoding=\"async\" class=\"alignnone size-thumbnail wp-image-2074\" src=\"https:\/\/agora.xtec.cat\/ceeconchaespina\/wp-content\/uploads\/usu1920\/2020\/03\/SPC_Menjador-150x150.jpg\" alt=\"\" width=\"150\" height=\"150\" srcset=\"https:\/\/agora.xtec.cat\/ceeconchaespina\/wp-content\/uploads\/usu1920\/2020\/03\/SPC_Menjador-150x150.jpg 150w, https:\/\/agora.xtec.cat\/ceeconchaespina\/wp-content\/uploads\/usu1920\/2020\/03\/SPC_Menjador.jpg 283w\" sizes=\"auto, (max-width: 150px) 100vw, 150px\" \/><\/p>\n<p>Gran part dels alumnes fan \u00fas del servei de menjador de l&#8217;escola, ja que log\u00edsticament la majoria venen amb transport des de diferents barris de la ciutat. Amb aix\u00f2, el <a href=\"https:\/\/www.edubcn.cat\/ca\/\" target=\"_blank\" rel=\"noopener noreferrer\">Consorci d&#8217;Educaci\u00f3 de Barcelona<\/a> subvenciona als alumnes amb una beca que cobreix la major part de cost del menjador. L&#8217;empresa de menjador que treballa amb l&#8217;escola \u00e9s <a href=\"https:\/\/comacasamenjadors.cat\/\" target=\"_blank\" rel=\"noopener noreferrer\">Com a casa<\/a>.<\/p>\n<p>L&#8217;escola t\u00e9 cuina pr\u00f2pia, fet que permet gaudir de menjars fets per a consumir al moment. Tamb\u00e9 facilita de manera notable l&#8217;adaptaci\u00f3 dels \u00e0pats a les caracter\u00edstiques dels alumnes que, per diversos motius, han de menjar diferent.<\/p>\n<p>L&#8217;horari del menjador \u00e9s de 13:30h a 14:30h. Est\u00e0 dintre de l&#8217;horari lectiu, fet que permet als tutors continuar la seva tasca docent, en aquest cas, contribuint a treballar l&#8217;adquisici\u00f3 de bons h\u00e0bits alimentaris, higi\u00e8nics i socials amb els seus alumnes.<\/p>\n<p>Quan s&#8217;acaba l&#8217;estona de dinar, els alumnes desenvolupen diferents activitats lliures i organitzades a mode d&#8217;esbarjo, a c\u00e0rrec de l&#8217;equip de monitoratge de l&#8217;empresa de menjador.<\/p>\n<p>Fes clic <a href=\"http:\/\/agora.xtec.cat\/ceeconchaespina\/serveis\/menjador\/menu\/\" target=\"_blank\" rel=\"noopener noreferrer\">aqu\u00ed<\/a> per consultar el men\u00fa basal del mes actual.<\/p>\n","protected":false},"excerpt":{"rendered":"<p>Gran part dels alumnes fan \u00fas del servei de menjador de l&#8217;escola, ja que log\u00edsticament la majoria venen amb transport des de diferents barris de la ciutat. Amb aix\u00f2, el Consorci d&#8217;Educaci\u00f3 de Barcelona subvenciona als alumnes amb una beca que cobreix la major part de cost del menjador. L&#8217;empresa de menjador que treballa amb [&hellip;]<\/p>\n","protected":false},"author":1,"featured_media":0,"parent":1045,"menu_order":1,"comment_status":"closed","ping_status":"closed","template":"page-templates\/side-menu.php","meta":{"_bbp_topic_count":0,"_bbp_reply_count":0,"_bbp_total_topic_count":0,"_bbp_total_reply_count":0,"_bbp_voice_count":0,"_bbp_anonymous_reply_count":0,"_bbp_topic_count_hidden":0,"_bbp_reply_count_hidden":0,"_bbp_forum_subforum_count":0,"site-sidebar-layout":"default","site-content-layout":"","ast-site-content-layout":"","site-content-style":"default","site-sidebar-style":"default","ast-global-header-display":"","ast-banner-title-visibility":"","ast-main-header-display":"","ast-hfb-above-header-display":"","ast-hfb-below-header-display":"","ast-hfb-mobile-header-display":"","site-post-title":"","ast-breadcrumbs-content":"","ast-featured-img":"","footer-sml-layout":"","theme-transparent-header-meta":"","adv-header-id-meta":"","stick-header-meta":"","header-above-stick-meta":"","header-main-stick-meta":"","header-below-stick-meta":"","astra-migrate-meta-layouts":"default","ast-page-background-enabled":"default","ast-page-background-meta":{"desktop":{"background-color":"var(--ast-global-color-4)","background-image":"","background-repeat":"repeat","background-position":"center center","background-size":"auto","background-attachment":"scroll","background-type":"","background-media":"","overlay-type":"","overlay-color":"","overlay-opacity":"","overlay-gradient":""},"tablet":{"background-color":"","background-image":"","background-repeat":"repeat","background-position":"center center","background-size":"auto","background-attachment":"scroll","background-type":"","background-media":"","overlay-type":"","overlay-color":"","overlay-opacity":"","overlay-gradient":""},"mobile":{"background-color":"","background-image":"","background-repeat":"repeat","background-position":"center center","background-size":"auto","background-attachment":"scroll","background-type":"","background-media":"","overlay-type":"","overlay-color":"","overlay-opacity":"","overlay-gradient":""}},"ast-content-background-meta":{"desktop":{"background-color":"var(--ast-global-color-5)","background-image":"","background-repeat":"repeat","background-position":"center center","background-size":"auto","background-attachment":"scroll","background-type":"","background-media":"","overlay-type":"","overlay-color":"","overlay-opacity":"","overlay-gradient":""},"tablet":{"background-color":"var(--ast-global-color-5)","background-image":"","background-repeat":"repeat","background-position":"center center","background-size":"auto","background-attachment":"scroll","background-type":"","background-media":"","overlay-type":"","overlay-color":"","overlay-opacity":"","overlay-gradient":""},"mobile":{"background-color":"var(--ast-global-color-5)","background-image":"","background-repeat":"repeat","background-position":"center center","background-size":"auto","background-attachment":"scroll","background-type":"","background-media":"","overlay-type":"","overlay-color":"","overlay-opacity":"","overlay-gradient":""}},"footnotes":""},"class_list":["post-855","page","type-page","status-publish","hentry"],"post_mailing_queue_ids":[],"_links":{"self":[{"href":"https:\/\/agora.xtec.cat\/ceeconchaespina\/wp-json\/wp\/v2\/pages\/855","targetHints":{"allow":["GET"]}}],"collection":[{"href":"https:\/\/agora.xtec.cat\/ceeconchaespina\/wp-json\/wp\/v2\/pages"}],"about":[{"href":"https:\/\/agora.xtec.cat\/ceeconchaespina\/wp-json\/wp\/v2\/types\/page"}],"author":[{"embeddable":true,"href":"https:\/\/agora.xtec.cat\/ceeconchaespina\/wp-json\/wp\/v2\/users\/1"}],"replies":[{"embeddable":true,"href":"https:\/\/agora.xtec.cat\/ceeconchaespina\/wp-json\/wp\/v2\/comments?post=855"}],"version-history":[{"count":4,"href":"https:\/\/agora.xtec.cat\/ceeconchaespina\/wp-json\/wp\/v2\/pages\/855\/revisions"}],"predecessor-version":[{"id":2655,"href":"https:\/\/agora.xtec.cat\/ceeconchaespina\/wp-json\/wp\/v2\/pages\/855\/revisions\/2655"}],"up":[{"embeddable":true,"href":"https:\/\/agora.xtec.cat\/ceeconchaespina\/wp-json\/wp\/v2\/pages\/1045"}],"wp:attachment":[{"href":"https:\/\/agora.xtec.cat\/ceeconchaespina\/wp-json\/wp\/v2\/media?parent=855"}],"curies":[{"name":"wp","href":"https:\/\/api.w.org\/{rel}","templated":true}]}}