{"id":681,"date":"2020-02-04T10:10:29","date_gmt":"2020-02-04T09:10:29","guid":{"rendered":"http:\/\/agora.xtec.cat\/ceeconchaespina\/?page_id=681"},"modified":"2020-10-16T20:45:11","modified_gmt":"2020-10-16T18:45:11","slug":"que-fem","status":"publish","type":"page","link":"https:\/\/agora.xtec.cat\/ceeconchaespina\/que-fem\/","title":{"rendered":"Qu\u00e8 fem?"},"content":{"rendered":"<p><img loading=\"lazy\" decoding=\"async\" class=\"alignnone wp-image-2338 size-thumbnail\" src=\"https:\/\/agora.xtec.cat\/ceeconchaespina\/wp-content\/uploads\/usu1920\/2020\/06\/SPC_Que\u0300-fem-150x150.jpg\" alt=\"\" width=\"150\" height=\"150\" srcset=\"https:\/\/agora.xtec.cat\/ceeconchaespina\/wp-content\/uploads\/usu1920\/2020\/06\/SPC_Que\u0300-fem-150x150.jpg 150w, https:\/\/agora.xtec.cat\/ceeconchaespina\/wp-content\/uploads\/usu1920\/2020\/06\/SPC_Que\u0300-fem.jpg 283w\" sizes=\"auto, (max-width: 150px) 100vw, 150px\" \/><\/p>\n<p><span style=\"font-family: 'Arial','sans-serif';\">El treball diari amb els alumnes es du a terme a trav\u00e9s de la figura del seu tutor\/a, per\u00f2 les seves necessitats espec\u00edfiques requereixen, en molts casos, de l&#8217;ajut de diversos especialistes que complementen i reforcen el treball de les tutories.<\/span><\/p>\n<p><span style=\"font-family: 'Arial','sans-serif';\">Aquesta atenci\u00f3 complement\u00e0ria es brinda a trav\u00e9s de diversos departaments que atenen als alumnes, ja sigui en grup o de forma individual. Amb aix\u00f2 \u00e9s essencial la coordinaci\u00f3 dels tutors entre els diferents departaments i les fam\u00edlies.<\/span><\/p>\n","protected":false},"excerpt":{"rendered":"<p>El treball diari amb els alumnes es du a terme a trav\u00e9s de la figura del seu tutor\/a, per\u00f2 les seves necessitats espec\u00edfiques requereixen, en molts casos, de l&#8217;ajut de diversos especialistes que complementen i reforcen el treball de les tutories. Aquesta atenci\u00f3 complement\u00e0ria es brinda a trav\u00e9s de diversos departaments que atenen als alumnes, [&hellip;]<\/p>\n","protected":false},"author":1,"featured_media":0,"parent":0,"menu_order":0,"comment_status":"closed","ping_status":"closed","template":"page-templates\/side-menu.php","meta":{"_bbp_topic_count":0,"_bbp_reply_count":0,"_bbp_total_topic_count":0,"_bbp_total_reply_count":0,"_bbp_voice_count":0,"_bbp_anonymous_reply_count":0,"_bbp_topic_count_hidden":0,"_bbp_reply_count_hidden":0,"_bbp_forum_subforum_count":0,"site-sidebar-layout":"default","site-content-layout":"","ast-site-content-layout":"","site-content-style":"default","site-sidebar-style":"default","ast-global-header-display":"","ast-banner-title-visibility":"","ast-main-header-display":"","ast-hfb-above-header-display":"","ast-hfb-below-header-display":"","ast-hfb-mobile-header-display":"","site-post-title":"","ast-breadcrumbs-content":"","ast-featured-img":"","footer-sml-layout":"","theme-transparent-header-meta":"","adv-header-id-meta":"","stick-header-meta":"","header-above-stick-meta":"","header-main-stick-meta":"","header-below-stick-meta":"","astra-migrate-meta-layouts":"default","ast-page-background-enabled":"default","ast-page-background-meta":{"desktop":{"background-color":"var(--ast-global-color-4)","background-image":"","background-repeat":"repeat","background-position":"center center","background-size":"auto","background-attachment":"scroll","background-type":"","background-media":"","overlay-type":"","overlay-color":"","overlay-opacity":"","overlay-gradient":""},"tablet":{"background-color":"","background-image":"","background-repeat":"repeat","background-position":"center center","background-size":"auto","background-attachment":"scroll","background-type":"","background-media":"","overlay-type":"","overlay-color":"","overlay-opacity":"","overlay-gradient":""},"mobile":{"background-color":"","background-image":"","background-repeat":"repeat","background-position":"center center","background-size":"auto","background-attachment":"scroll","background-type":"","background-media":"","overlay-type":"","overlay-color":"","overlay-opacity":"","overlay-gradient":""}},"ast-content-background-meta":{"desktop":{"background-color":"var(--ast-global-color-5)","background-image":"","background-repeat":"repeat","background-position":"center center","background-size":"auto","background-attachment":"scroll","background-type":"","background-media":"","overlay-type":"","overlay-color":"","overlay-opacity":"","overlay-gradient":""},"tablet":{"background-color":"var(--ast-global-color-5)","background-image":"","background-repeat":"repeat","background-position":"center center","background-size":"auto","background-attachment":"scroll","background-type":"","background-media":"","overlay-type":"","overlay-color":"","overlay-opacity":"","overlay-gradient":""},"mobile":{"background-color":"var(--ast-global-color-5)","background-image":"","background-repeat":"repeat","background-position":"center center","background-size":"auto","background-attachment":"scroll","background-type":"","background-media":"","overlay-type":"","overlay-color":"","overlay-opacity":"","overlay-gradient":""}},"footnotes":""},"class_list":["post-681","page","type-page","status-publish","hentry"],"post_mailing_queue_ids":[],"_links":{"self":[{"href":"https:\/\/agora.xtec.cat\/ceeconchaespina\/wp-json\/wp\/v2\/pages\/681","targetHints":{"allow":["GET"]}}],"collection":[{"href":"https:\/\/agora.xtec.cat\/ceeconchaespina\/wp-json\/wp\/v2\/pages"}],"about":[{"href":"https:\/\/agora.xtec.cat\/ceeconchaespina\/wp-json\/wp\/v2\/types\/page"}],"author":[{"embeddable":true,"href":"https:\/\/agora.xtec.cat\/ceeconchaespina\/wp-json\/wp\/v2\/users\/1"}],"replies":[{"embeddable":true,"href":"https:\/\/agora.xtec.cat\/ceeconchaespina\/wp-json\/wp\/v2\/comments?post=681"}],"version-history":[{"count":3,"href":"https:\/\/agora.xtec.cat\/ceeconchaespina\/wp-json\/wp\/v2\/pages\/681\/revisions"}],"predecessor-version":[{"id":2501,"href":"https:\/\/agora.xtec.cat\/ceeconchaespina\/wp-json\/wp\/v2\/pages\/681\/revisions\/2501"}],"wp:attachment":[{"href":"https:\/\/agora.xtec.cat\/ceeconchaespina\/wp-json\/wp\/v2\/media?parent=681"}],"curies":[{"name":"wp","href":"https:\/\/api.w.org\/{rel}","templated":true}]}}