{"id":643,"date":"2020-01-30T09:54:14","date_gmt":"2020-01-30T08:54:14","guid":{"rendered":"http:\/\/agora.xtec.cat\/ceeconchaespina\/?page_id=643"},"modified":"2024-06-20T14:20:48","modified_gmt":"2024-06-20T12:20:48","slug":"orientacio-professional","status":"publish","type":"page","link":"https:\/\/agora.xtec.cat\/ceeconchaespina\/comunitat\/serveis-externs\/orientacio-professional\/","title":{"rendered":"Orientaci\u00f3 Professional"},"content":{"rendered":"<p>Aquest departament s&#8217;encarrega de fer les gestions d&#8217;orientaci\u00f3 professional o d&#8217;estudis post-obligatoris de l&#8217;alumnat que ha arribat al final de l&#8217;etapa d&#8217;educaci\u00f3 obligat\u00f2ria. Aquest proc\u00e9s t\u00e9 com objectiu principal assessorar i donar suport\u00a0als alumnes i\u00a0a les seves fam\u00edlies\u00a0en un moment tant important com \u00e9s la presa de decisions sobre el seu futur professional.<\/p>\n<p>Les actuacions educatives d&#8217;aquest proc\u00e9s pretenen aconseguir el m\u00e0xim desenvolupament personal de cada alumne\/a, potenciant la seva maduresa, autonomia i la presa de decisions coherents i responsables, amb la finalitat d&#8217;afavorir la seva\u00a0participaci\u00f3 en la societat\u00a0i la futura incorporaci\u00f3 al m\u00f3n laboral.<\/p>\n<p>Les alternatives de formaci\u00f3 post-obligat\u00f2ria s\u00f3n:<\/p>\n<ul>\n<li>El programa de Transici\u00f3 a la Vida Adulta (TVA).<\/li>\n<li>En centres ordinaris, els Programes de Formaci\u00f3 i Inserci\u00f3 (PFI), i en centres\u00a0d&#8217;educaci\u00f3 especial, els Itineraris Formatius Espec\u00edfics (IFE).<\/li>\n<li>Les escoles d&#8217;adults.<\/li>\n<li>La formaci\u00f3 ocupacional.<\/li>\n<\/ul>\n<p>Les alternatives laborals i ocupacionals s\u00f3n:<\/p>\n<ul>\n<li>El Centre Especial de Treball (CET).<\/li>\n<li>El Centre Ocupacional (CO).<\/li>\n<li>El treball ordinari amb suport.<\/li>\n<\/ul>\n","protected":false},"excerpt":{"rendered":"<p>Aquest departament s&#8217;encarrega de fer les gestions d&#8217;orientaci\u00f3 professional o d&#8217;estudis post-obligatoris de l&#8217;alumnat que ha arribat al final de l&#8217;etapa d&#8217;educaci\u00f3 obligat\u00f2ria. Aquest proc\u00e9s t\u00e9 com objectiu principal assessorar i donar suport\u00a0als alumnes i\u00a0a les seves fam\u00edlies\u00a0en un moment tant important com \u00e9s la presa de decisions sobre el seu futur professional. Les actuacions [&hellip;]<\/p>\n","protected":false},"author":1,"featured_media":0,"parent":538,"menu_order":8,"comment_status":"closed","ping_status":"closed","template":"page-templates\/side-menu.php","meta":{"_bbp_topic_count":0,"_bbp_reply_count":0,"_bbp_total_topic_count":0,"_bbp_total_reply_count":0,"_bbp_voice_count":0,"_bbp_anonymous_reply_count":0,"_bbp_topic_count_hidden":0,"_bbp_reply_count_hidden":0,"_bbp_forum_subforum_count":0,"site-sidebar-layout":"default","site-content-layout":"","ast-site-content-layout":"","site-content-style":"default","site-sidebar-style":"default","ast-global-header-display":"","ast-banner-title-visibility":"","ast-main-header-display":"","ast-hfb-above-header-display":"","ast-hfb-below-header-display":"","ast-hfb-mobile-header-display":"","site-post-title":"","ast-breadcrumbs-content":"","ast-featured-img":"","footer-sml-layout":"","theme-transparent-header-meta":"","adv-header-id-meta":"","stick-header-meta":"","header-above-stick-meta":"","header-main-stick-meta":"","header-below-stick-meta":"","astra-migrate-meta-layouts":"default","ast-page-background-enabled":"default","ast-page-background-meta":{"desktop":{"background-color":"var(--ast-global-color-4)","background-image":"","background-repeat":"repeat","background-position":"center center","background-size":"auto","background-attachment":"scroll","background-type":"","background-media":"","overlay-type":"","overlay-color":"","overlay-opacity":"","overlay-gradient":""},"tablet":{"background-color":"","background-image":"","background-repeat":"repeat","background-position":"center center","background-size":"auto","background-attachment":"scroll","background-type":"","background-media":"","overlay-type":"","overlay-color":"","overlay-opacity":"","overlay-gradient":""},"mobile":{"background-color":"","background-image":"","background-repeat":"repeat","background-position":"center center","background-size":"auto","background-attachment":"scroll","background-type":"","background-media":"","overlay-type":"","overlay-color":"","overlay-opacity":"","overlay-gradient":""}},"ast-content-background-meta":{"desktop":{"background-color":"var(--ast-global-color-5)","background-image":"","background-repeat":"repeat","background-position":"center center","background-size":"auto","background-attachment":"scroll","background-type":"","background-media":"","overlay-type":"","overlay-color":"","overlay-opacity":"","overlay-gradient":""},"tablet":{"background-color":"var(--ast-global-color-5)","background-image":"","background-repeat":"repeat","background-position":"center center","background-size":"auto","background-attachment":"scroll","background-type":"","background-media":"","overlay-type":"","overlay-color":"","overlay-opacity":"","overlay-gradient":""},"mobile":{"background-color":"var(--ast-global-color-5)","background-image":"","background-repeat":"repeat","background-position":"center center","background-size":"auto","background-attachment":"scroll","background-type":"","background-media":"","overlay-type":"","overlay-color":"","overlay-opacity":"","overlay-gradient":""}},"footnotes":""},"class_list":["post-643","page","type-page","status-publish","hentry"],"post_mailing_queue_ids":[],"_links":{"self":[{"href":"https:\/\/agora.xtec.cat\/ceeconchaespina\/wp-json\/wp\/v2\/pages\/643","targetHints":{"allow":["GET"]}}],"collection":[{"href":"https:\/\/agora.xtec.cat\/ceeconchaespina\/wp-json\/wp\/v2\/pages"}],"about":[{"href":"https:\/\/agora.xtec.cat\/ceeconchaespina\/wp-json\/wp\/v2\/types\/page"}],"author":[{"embeddable":true,"href":"https:\/\/agora.xtec.cat\/ceeconchaespina\/wp-json\/wp\/v2\/users\/1"}],"replies":[{"embeddable":true,"href":"https:\/\/agora.xtec.cat\/ceeconchaespina\/wp-json\/wp\/v2\/comments?post=643"}],"version-history":[{"count":3,"href":"https:\/\/agora.xtec.cat\/ceeconchaespina\/wp-json\/wp\/v2\/pages\/643\/revisions"}],"predecessor-version":[{"id":2562,"href":"https:\/\/agora.xtec.cat\/ceeconchaespina\/wp-json\/wp\/v2\/pages\/643\/revisions\/2562"}],"up":[{"embeddable":true,"href":"https:\/\/agora.xtec.cat\/ceeconchaespina\/wp-json\/wp\/v2\/pages\/538"}],"wp:attachment":[{"href":"https:\/\/agora.xtec.cat\/ceeconchaespina\/wp-json\/wp\/v2\/media?parent=643"}],"curies":[{"name":"wp","href":"https:\/\/api.w.org\/{rel}","templated":true}]}}