{"id":580,"date":"2020-01-27T00:19:15","date_gmt":"2020-01-26T23:19:15","guid":{"rendered":"http:\/\/agora.xtec.cat\/ceeconchaespina\/?page_id=580"},"modified":"2026-04-29T17:03:00","modified_gmt":"2026-04-29T15:03:00","slug":"equip-professional","status":"publish","type":"page","link":"https:\/\/agora.xtec.cat\/ceeconchaespina\/comunitat\/equip-professional\/","title":{"rendered":"Equip professional"},"content":{"rendered":"<p><img loading=\"lazy\" decoding=\"async\" class=\"alignnone size-thumbnail wp-image-1992\" src=\"https:\/\/agora.xtec.cat\/ceeconchaespina\/wp-content\/uploads\/usu1920\/2020\/03\/SPC_Equip-professional-150x150.jpg\" alt=\"\" width=\"150\" height=\"150\" srcset=\"https:\/\/agora.xtec.cat\/ceeconchaespina\/wp-content\/uploads\/usu1920\/2020\/03\/SPC_Equip-professional-150x150.jpg 150w, https:\/\/agora.xtec.cat\/ceeconchaespina\/wp-content\/uploads\/usu1920\/2020\/03\/SPC_Equip-professional.jpg 283w\" sizes=\"auto, (max-width: 150px) 100vw, 150px\" \/><\/p>\n<p><img loading=\"lazy\" decoding=\"async\" class=\"alignnone wp-image-14291\" src=\"https:\/\/agora.xtec.cat\/ceeconchaespina\/wp-content\/uploads\/usu1920\/2024\/06\/EQUIP-DIRECTIU-FEMENI-150x150.jpg\" alt=\"\" width=\"76\" height=\"76\" srcset=\"https:\/\/agora.xtec.cat\/ceeconchaespina\/wp-content\/uploads\/usu1920\/2024\/06\/EQUIP-DIRECTIU-FEMENI-150x150.jpg 150w, https:\/\/agora.xtec.cat\/ceeconchaespina\/wp-content\/uploads\/usu1920\/2024\/06\/EQUIP-DIRECTIU-FEMENI-300x300.jpg 300w, https:\/\/agora.xtec.cat\/ceeconchaespina\/wp-content\/uploads\/usu1920\/2024\/06\/EQUIP-DIRECTIU-FEMENI.jpg 613w\" sizes=\"auto, (max-width: 76px) 100vw, 76px\" \/><\/p>\n<p><strong>EQUIP DIRECTIU<\/strong>:<\/p>\n<ul>\n<li><strong>Direcci\u00f3<\/strong>: Rosalia Alonso.<\/li>\n<li><strong>Cap d\u2019estudis<\/strong>: Cristina Saila.<\/li>\n<li><strong>Secret\u00e0ria<\/strong>: Marta Palau.<\/li>\n<\/ul>\n<p><img loading=\"lazy\" decoding=\"async\" class=\"alignnone wp-image-14294\" src=\"https:\/\/agora.xtec.cat\/ceeconchaespina\/wp-content\/uploads\/usu1920\/2024\/06\/EQUIP-DE-MESTRES-150x150.png\" alt=\"\" width=\"50\" height=\"50\" srcset=\"https:\/\/agora.xtec.cat\/ceeconchaespina\/wp-content\/uploads\/usu1920\/2024\/06\/EQUIP-DE-MESTRES-150x150.png 150w, https:\/\/agora.xtec.cat\/ceeconchaespina\/wp-content\/uploads\/usu1920\/2024\/06\/EQUIP-DE-MESTRES-300x300.png 300w, https:\/\/agora.xtec.cat\/ceeconchaespina\/wp-content\/uploads\/usu1920\/2024\/06\/EQUIP-DE-MESTRES.png 316w\" sizes=\"auto, (max-width: 50px) 100vw, 50px\" \/><\/p>\n<p><strong>TUTORIES<\/strong>:<\/p>\n<ul>\n<li><strong>Grup <a href=\"https:\/\/agora.xtec.cat\/ceeconchaespina\/categoria\/grup1\/\" target=\"_blank\" rel=\"noopener\">Verd<\/a><\/strong>: Anna Obradors i Miriam Masmitj\u00e0.<\/li>\n<li><strong>Grup <a href=\"https:\/\/agora.xtec.cat\/ceeconchaespina\/categoria\/grup2\/\" target=\"_blank\" rel=\"noopener\">Groc<\/a><\/strong>: Olga Caballero i Gloria Neira.<\/li>\n<li><strong>Grup <a href=\"https:\/\/agora.xtec.cat\/ceeconchaespina\/categoria\/grup3\/\" target=\"_blank\" rel=\"noopener\">Blau<\/a><\/strong>: Blanca Begue i Laura Francin .<\/li>\n<li><strong>Grup <a href=\"https:\/\/agora.xtec.cat\/ceeconchaespina\/categoria\/grup4\/\" target=\"_blank\" rel=\"noopener\">Rosa<\/a><\/strong>: Nadia Martin i Walter Puziello.<\/li>\n<li><strong>Grup <a href=\"https:\/\/agora.xtec.cat\/ceeconchaespina\/categoria\/grup5\/\" target=\"_blank\" rel=\"noopener\">Vermell<\/a><\/strong>: Maribel Pueyo\u00a0 i Paula Bocanegra.<\/li>\n<li><strong>Grup <a href=\"https:\/\/agora.xtec.cat\/ceeconchaespina\/categoria\/grup6\/\" target=\"_blank\" rel=\"noopener\">Morat<\/a><\/strong>: Raquel Miguel i Tamara Fern\u00e1ndez.<\/li>\n<li><strong>Grup <a href=\"https:\/\/agora.xtec.cat\/ceeconchaespina\/categoria\/grup7\/\" target=\"_blank\" rel=\"noopener\">Verd clar<\/a><\/strong>: N\u00faria Juan i N\u00faria Su\u00e1rez.<\/li>\n<li><strong>Grup <a href=\"https:\/\/agora.xtec.cat\/ceeconchaespina\/categoria\/grup8\/\" target=\"_blank\" rel=\"noopener\">Lila<\/a><\/strong>: Yaiza Pous i Borja Larios.<\/li>\n<li><strong>Grup <a href=\"https:\/\/agora.xtec.cat\/ceeconchaespina\/categoria\/grup9\/\" target=\"_blank\" rel=\"noopener\">Blau cel<\/a><\/strong>: Sandra Mu\u00f1oz i M\u00aa Asunci\u00f3n Planas.<\/li>\n<li><strong>Grup <a href=\"https:\/\/agora.xtec.cat\/ceeconchaespina\/categoria\/grup10\/\" target=\"_blank\" rel=\"noopener\">Taronja<\/a><\/strong>: Jorgina Dalmau, Cristina Saila i Marta Palau.<\/li>\n<\/ul>\n<p><img loading=\"lazy\" decoding=\"async\" class=\"alignnone wp-image-2442\" src=\"https:\/\/agora.xtec.cat\/ceeconchaespina\/wp-content\/uploads\/usu1920\/2020\/10\/20_CEEPSIR.jpg\" alt=\"\" width=\"65\" height=\"49\" srcset=\"https:\/\/agora.xtec.cat\/ceeconchaespina\/wp-content\/uploads\/usu1920\/2020\/10\/20_CEEPSIR.jpg 1125w, https:\/\/agora.xtec.cat\/ceeconchaespina\/wp-content\/uploads\/usu1920\/2020\/10\/20_CEEPSIR-300x225.jpg 300w, https:\/\/agora.xtec.cat\/ceeconchaespina\/wp-content\/uploads\/usu1920\/2020\/10\/20_CEEPSIR-768x575.jpg 768w, https:\/\/agora.xtec.cat\/ceeconchaespina\/wp-content\/uploads\/usu1920\/2020\/10\/20_CEEPSIR-1024x767.jpg 1024w, https:\/\/agora.xtec.cat\/ceeconchaespina\/wp-content\/uploads\/usu1920\/2020\/10\/20_CEEPSIR-200x150.jpg 200w\" sizes=\"auto, (max-width: 65px) 100vw, 65px\" \/><\/p>\n<p><strong>CEEPSIR<\/strong>:<\/p>\n<p>Cristina Toro, Llu\u00eds.S i Sandra Cabrerizo.<\/p>\n<p><img loading=\"lazy\" decoding=\"async\" class=\"alignnone wp-image-14295\" src=\"https:\/\/agora.xtec.cat\/ceeconchaespina\/wp-content\/uploads\/usu1920\/2024\/06\/LOGO-MALL-150x150.jpg\" alt=\"\" width=\"55\" height=\"55\" srcset=\"https:\/\/agora.xtec.cat\/ceeconchaespina\/wp-content\/uploads\/usu1920\/2024\/06\/LOGO-MALL-150x150.jpg 150w, https:\/\/agora.xtec.cat\/ceeconchaespina\/wp-content\/uploads\/usu1920\/2024\/06\/LOGO-MALL-300x300.jpg 300w, https:\/\/agora.xtec.cat\/ceeconchaespina\/wp-content\/uploads\/usu1920\/2024\/06\/LOGO-MALL.jpg 500w\" sizes=\"auto, (max-width: 55px) 100vw, 55px\" \/> \u00a0<img loading=\"lazy\" decoding=\"async\" class=\"alignnone wp-image-2472 size-full\" src=\"https:\/\/agora.xtec.cat\/ceeconchaespina\/wp-content\/uploads\/usu1920\/2020\/10\/Icona_Mestre-EF-e1602868571407.jpg\" alt=\"\" width=\"51\" height=\"50\" \/>\u00a0 \u00a0<img loading=\"lazy\" decoding=\"async\" class=\"alignnone wp-image-2471 size-full\" src=\"https:\/\/agora.xtec.cat\/ceeconchaespina\/wp-content\/uploads\/usu1920\/2020\/10\/Icona_Mestra-de-reforc\u0327-e1602868598804.jpg\" alt=\"\" width=\"52\" height=\"50\" \/><\/p>\n<p><strong>ESPECIALISTES<\/strong>:<\/p>\n<ul>\n<li><strong>MALL<\/strong>: Sara Valiente i Lidia Paulina.<\/li>\n<li><strong>Educaci\u00f3 f\u00edsica<\/strong>: Jordi Paloma.<\/li>\n<li><strong>Mestre de religi\u00f3<\/strong>: Maria Cama.<\/li>\n<\/ul>\n<p><img loading=\"lazy\" decoding=\"async\" class=\"alignnone wp-image-14297\" src=\"https:\/\/agora.xtec.cat\/ceeconchaespina\/wp-content\/uploads\/usu1920\/2024\/06\/TREBALLADORA_social-150x150.jpg\" alt=\"\" width=\"58\" height=\"58\" srcset=\"https:\/\/agora.xtec.cat\/ceeconchaespina\/wp-content\/uploads\/usu1920\/2024\/06\/TREBALLADORA_social-150x150.jpg 150w, https:\/\/agora.xtec.cat\/ceeconchaespina\/wp-content\/uploads\/usu1920\/2024\/06\/TREBALLADORA_social-300x300.jpg 300w, https:\/\/agora.xtec.cat\/ceeconchaespina\/wp-content\/uploads\/usu1920\/2024\/06\/TREBALLADORA_social.jpg 500w\" sizes=\"auto, (max-width: 58px) 100vw, 58px\" \/> \u00a0 <img loading=\"lazy\" decoding=\"async\" class=\"alignnone wp-image-14296\" src=\"https:\/\/agora.xtec.cat\/ceeconchaespina\/wp-content\/uploads\/usu1920\/2024\/06\/FISIO-150x150.png\" alt=\"\" width=\"54\" height=\"54\" srcset=\"https:\/\/agora.xtec.cat\/ceeconchaespina\/wp-content\/uploads\/usu1920\/2024\/06\/FISIO-150x150.png 150w, https:\/\/agora.xtec.cat\/ceeconchaespina\/wp-content\/uploads\/usu1920\/2024\/06\/FISIO-300x300.png 300w, https:\/\/agora.xtec.cat\/ceeconchaespina\/wp-content\/uploads\/usu1920\/2024\/06\/FISIO.png 500w\" sizes=\"auto, (max-width: 54px) 100vw, 54px\" \/>\u00a0 \u00a0<img loading=\"lazy\" decoding=\"async\" class=\"alignnone wp-image-2474 size-full\" src=\"https:\/\/agora.xtec.cat\/ceeconchaespina\/wp-content\/uploads\/usu1920\/2020\/10\/Icona_Psico\u0300loga-e1602868692121.jpg\" alt=\"\" width=\"64\" height=\"50\" \/> <img loading=\"lazy\" decoding=\"async\" class=\"alignnone wp-image-14292\" src=\"https:\/\/agora.xtec.cat\/ceeconchaespina\/wp-content\/uploads\/usu1920\/2024\/06\/INFERMER-CONCHA-150x150.jpg\" alt=\"\" width=\"48\" height=\"48\" srcset=\"https:\/\/agora.xtec.cat\/ceeconchaespina\/wp-content\/uploads\/usu1920\/2024\/06\/INFERMER-CONCHA-150x150.jpg 150w, https:\/\/agora.xtec.cat\/ceeconchaespina\/wp-content\/uploads\/usu1920\/2024\/06\/INFERMER-CONCHA-300x300.jpg 300w, https:\/\/agora.xtec.cat\/ceeconchaespina\/wp-content\/uploads\/usu1920\/2024\/06\/INFERMER-CONCHA.jpg 500w\" sizes=\"auto, (max-width: 48px) 100vw, 48px\" \/><\/p>\n<p><strong>PERSONAL EXTERN<\/strong>:<\/p>\n<ul>\n<li><strong>Treballadora social<\/strong>: Iris.<\/li>\n<li><strong>Psicopedagog de l&#8217;EAP<\/strong>: Ana Nu\u00f1ez.<\/li>\n<li><strong>Fisioterapeuta<\/strong>: Anna V.<\/li>\n<li><strong>Psic\u00f2loga itinerant de Vil\u00b7la Joana<\/strong>: In\u00e9s.<\/li>\n<li><strong>ONCE<\/strong>: Ram\u00f3n Coma.<\/li>\n<li><strong>Infermer:<\/strong> Dani Veiga.<\/li>\n<\/ul>\n<p><img loading=\"lazy\" decoding=\"async\" class=\"alignnone wp-image-2464 size-full\" src=\"https:\/\/agora.xtec.cat\/ceeconchaespina\/wp-content\/uploads\/usu1920\/2020\/10\/Icona_Conserge-e1602868716723.jpg\" alt=\"\" width=\"42\" height=\"50\" \/>\u00a0 \u00a0<img loading=\"lazy\" decoding=\"async\" class=\"alignnone wp-image-2462\" src=\"https:\/\/agora.xtec.cat\/ceeconchaespina\/wp-content\/uploads\/usu1920\/2020\/10\/Icona_Administrativa.jpg\" alt=\"\" width=\"50\" height=\"50\" \/>\u00a0 \u00a0<img loading=\"lazy\" decoding=\"async\" class=\"alignnone wp-image-2465 size-full\" src=\"https:\/\/agora.xtec.cat\/ceeconchaespina\/wp-content\/uploads\/usu1920\/2020\/10\/Icona_Cuinera-e1602868773109.jpg\" alt=\"\" width=\"34\" height=\"50\" \/>\u00a0 <img loading=\"lazy\" decoding=\"async\" class=\"alignnone wp-image-14510 \" src=\"https:\/\/agora.xtec.cat\/ceeconchaespina\/wp-content\/uploads\/usu1920\/2024\/08\/familia-150x150.png\" alt=\"\" width=\"53\" height=\"53\" srcset=\"https:\/\/agora.xtec.cat\/ceeconchaespina\/wp-content\/uploads\/usu1920\/2024\/08\/familia-150x150.png 150w, https:\/\/agora.xtec.cat\/ceeconchaespina\/wp-content\/uploads\/usu1920\/2024\/08\/familia-300x300.png 300w, https:\/\/agora.xtec.cat\/ceeconchaespina\/wp-content\/uploads\/usu1920\/2024\/08\/familia.png 500w\" sizes=\"auto, (max-width: 53px) 100vw, 53px\" \/><\/p>\n<p><strong>ALTRES PROFESSIONALS DEL CENTRE<\/strong>:<\/p>\n<ul>\n<li><strong>Conserge<\/strong>: Rut Samper.<\/li>\n<li><strong>Administratiu<\/strong>: Alberto Marin.<\/li>\n<li><strong>Cuinera<\/strong>: Ana M. Maestre.<\/li>\n<li><strong>Representants de la AFI<\/strong>: Melodia Varo.<\/li>\n<\/ul>\n","protected":false},"excerpt":{"rendered":"<p>EQUIP DIRECTIU: Direcci\u00f3: Rosalia Alonso. Cap d\u2019estudis: Cristina Saila. Secret\u00e0ria: Marta Palau. TUTORIES: Grup Verd: Anna Obradors i Miriam Masmitj\u00e0. Grup Groc: Olga Caballero i Gloria Neira. Grup Blau: Blanca Begue i Laura Francin . Grup Rosa: Nadia Martin i Walter Puziello. Grup Vermell: Maribel Pueyo\u00a0 i Paula Bocanegra. Grup Morat: Raquel Miguel i Tamara [&hellip;]<\/p>\n","protected":false},"author":1,"featured_media":0,"parent":916,"menu_order":4,"comment_status":"closed","ping_status":"closed","template":"","meta":{"_bbp_topic_count":0,"_bbp_reply_count":0,"_bbp_total_topic_count":0,"_bbp_total_reply_count":0,"_bbp_voice_count":0,"_bbp_anonymous_reply_count":0,"_bbp_topic_count_hidden":0,"_bbp_reply_count_hidden":0,"_bbp_forum_subforum_count":0,"site-sidebar-layout":"default","site-content-layout":"","ast-site-content-layout":"default","site-content-style":"default","site-sidebar-style":"default","ast-global-header-display":"","ast-banner-title-visibility":"","ast-main-header-display":"","ast-hfb-above-header-display":"","ast-hfb-below-header-display":"","ast-hfb-mobile-header-display":"","site-post-title":"","ast-breadcrumbs-content":"","ast-featured-img":"","footer-sml-layout":"","theme-transparent-header-meta":"","adv-header-id-meta":"","stick-header-meta":"","header-above-stick-meta":"","header-main-stick-meta":"","header-below-stick-meta":"","astra-migrate-meta-layouts":"set","ast-page-background-enabled":"default","ast-page-background-meta":{"desktop":{"background-color":"var(--ast-global-color-4)","background-image":"","background-repeat":"repeat","background-position":"center center","background-size":"auto","background-attachment":"scroll","background-type":"","background-media":"","overlay-type":"","overlay-color":"","overlay-opacity":"","overlay-gradient":""},"tablet":{"background-color":"","background-image":"","background-repeat":"repeat","background-position":"center center","background-size":"auto","background-attachment":"scroll","background-type":"","background-media":"","overlay-type":"","overlay-color":"","overlay-opacity":"","overlay-gradient":""},"mobile":{"background-color":"","background-image":"","background-repeat":"repeat","background-position":"center center","background-size":"auto","background-attachment":"scroll","background-type":"","background-media":"","overlay-type":"","overlay-color":"","overlay-opacity":"","overlay-gradient":""}},"ast-content-background-meta":{"desktop":{"background-color":"var(--ast-global-color-5)","background-image":"","background-repeat":"repeat","background-position":"center center","background-size":"auto","background-attachment":"scroll","background-type":"","background-media":"","overlay-type":"","overlay-color":"","overlay-opacity":"","overlay-gradient":""},"tablet":{"background-color":"var(--ast-global-color-5)","background-image":"","background-repeat":"repeat","background-position":"center center","background-size":"auto","background-attachment":"scroll","background-type":"","background-media":"","overlay-type":"","overlay-color":"","overlay-opacity":"","overlay-gradient":""},"mobile":{"background-color":"var(--ast-global-color-5)","background-image":"","background-repeat":"repeat","background-position":"center center","background-size":"auto","background-attachment":"scroll","background-type":"","background-media":"","overlay-type":"","overlay-color":"","overlay-opacity":"","overlay-gradient":""}},"footnotes":""},"class_list":["post-580","page","type-page","status-publish","hentry"],"post_mailing_queue_ids":[],"_links":{"self":[{"href":"https:\/\/agora.xtec.cat\/ceeconchaespina\/wp-json\/wp\/v2\/pages\/580","targetHints":{"allow":["GET"]}}],"collection":[{"href":"https:\/\/agora.xtec.cat\/ceeconchaespina\/wp-json\/wp\/v2\/pages"}],"about":[{"href":"https:\/\/agora.xtec.cat\/ceeconchaespina\/wp-json\/wp\/v2\/types\/page"}],"author":[{"embeddable":true,"href":"https:\/\/agora.xtec.cat\/ceeconchaespina\/wp-json\/wp\/v2\/users\/1"}],"replies":[{"embeddable":true,"href":"https:\/\/agora.xtec.cat\/ceeconchaespina\/wp-json\/wp\/v2\/comments?post=580"}],"version-history":[{"count":6,"href":"https:\/\/agora.xtec.cat\/ceeconchaespina\/wp-json\/wp\/v2\/pages\/580\/revisions"}],"predecessor-version":[{"id":15409,"href":"https:\/\/agora.xtec.cat\/ceeconchaespina\/wp-json\/wp\/v2\/pages\/580\/revisions\/15409"}],"up":[{"embeddable":true,"href":"https:\/\/agora.xtec.cat\/ceeconchaespina\/wp-json\/wp\/v2\/pages\/916"}],"wp:attachment":[{"href":"https:\/\/agora.xtec.cat\/ceeconchaespina\/wp-json\/wp\/v2\/media?parent=580"}],"curies":[{"name":"wp","href":"https:\/\/api.w.org\/{rel}","templated":true}]}}