{"id":538,"date":"2020-01-28T00:12:39","date_gmt":"2020-01-27T23:12:39","guid":{"rendered":"http:\/\/agora.xtec.cat\/ceeconchaespina\/?page_id=538"},"modified":"2024-06-20T14:20:17","modified_gmt":"2024-06-20T12:20:17","slug":"serveis-externs","status":"publish","type":"page","link":"https:\/\/agora.xtec.cat\/ceeconchaespina\/comunitat\/serveis-externs\/","title":{"rendered":"Serveis externs"},"content":{"rendered":"<p>L&#8217;activitat di\u00e0ria de l&#8217;escola \u00e9s recolzada per diversos professionals externs que poden assessorar al professorat del centre o b\u00e9 treballar directament amb les fam\u00edlies i\/o els alumnes. De manera ordin\u00e0ria col\u00b7laboren amb el centre:<\/p>\n<ul>\n<li>L&#8217;<strong>Equip<\/strong> d&#8217;<strong>Assessorament Psicopedag\u00f2gic<\/strong> (EAP): El psicopedagog, la treballadora social i la fisioterapeuta ofereixen la seva atenci\u00f3 a concretar.<\/li>\n<li>La <strong>psicologia cl\u00ednica itinerant <\/strong>del <a href=\"https:\/\/agora.xtec.cat\/ceevillajoana\/\" target=\"_blank\" rel=\"noopener noreferrer\">CEE Vil\u00b7la Joana<\/a>, ofereix la seva atenci\u00f3 els dimarts i divendres.<\/li>\n<li>Un referent de la <a href=\"https:\/\/www.fundaciononce.es\/\" target=\"_blank\" rel=\"noopener noreferrer\"><strong>Fundaci\u00f3 ONCE<\/strong><\/a> at\u00e9n alumnes de l\u2019escola amb discapacitat visual de manera espor\u00e0dica.<\/li>\n<li>El personal intern i els serveis externs de l&#8217;escola es coordinen amb els <strong>serveis socials<\/strong> de diferents barris de Barcelona.<\/li>\n<li>Rebem suport, recursos i formaci\u00f3 des del <strong>Centre<\/strong> de <strong>Recursos Pedag\u00f2gics<\/strong> (<a href=\"https:\/\/www.edubcn.cat\/ca\/centres_serveis_educatius\/serveis_educatius\/serveis_educatius_de_zona\/crp\" target=\"_blank\" rel=\"noopener noreferrer\">CRP<\/a>).<\/li>\n<\/ul>\n","protected":false},"excerpt":{"rendered":"<p>L&#8217;activitat di\u00e0ria de l&#8217;escola \u00e9s recolzada per diversos professionals externs que poden assessorar al professorat del centre o b\u00e9 treballar directament amb les fam\u00edlies i\/o els alumnes. De manera ordin\u00e0ria col\u00b7laboren amb el centre: L&#8217;Equip d&#8217;Assessorament Psicopedag\u00f2gic (EAP): El psicopedagog, la treballadora social i la fisioterapeuta ofereixen la seva atenci\u00f3 a concretar. La psicologia cl\u00ednica [&hellip;]<\/p>\n","protected":false},"author":1,"featured_media":0,"parent":916,"menu_order":6,"comment_status":"closed","ping_status":"closed","template":"page-templates\/side-menu.php","meta":{"_bbp_topic_count":0,"_bbp_reply_count":0,"_bbp_total_topic_count":0,"_bbp_total_reply_count":0,"_bbp_voice_count":0,"_bbp_anonymous_reply_count":0,"_bbp_topic_count_hidden":0,"_bbp_reply_count_hidden":0,"_bbp_forum_subforum_count":0,"site-sidebar-layout":"default","site-content-layout":"","ast-site-content-layout":"","site-content-style":"default","site-sidebar-style":"default","ast-global-header-display":"","ast-banner-title-visibility":"","ast-main-header-display":"","ast-hfb-above-header-display":"","ast-hfb-below-header-display":"","ast-hfb-mobile-header-display":"","site-post-title":"","ast-breadcrumbs-content":"","ast-featured-img":"","footer-sml-layout":"","theme-transparent-header-meta":"","adv-header-id-meta":"","stick-header-meta":"","header-above-stick-meta":"","header-main-stick-meta":"","header-below-stick-meta":"","astra-migrate-meta-layouts":"default","ast-page-background-enabled":"default","ast-page-background-meta":{"desktop":{"background-color":"var(--ast-global-color-4)","background-image":"","background-repeat":"repeat","background-position":"center center","background-size":"auto","background-attachment":"scroll","background-type":"","background-media":"","overlay-type":"","overlay-color":"","overlay-opacity":"","overlay-gradient":""},"tablet":{"background-color":"","background-image":"","background-repeat":"repeat","background-position":"center center","background-size":"auto","background-attachment":"scroll","background-type":"","background-media":"","overlay-type":"","overlay-color":"","overlay-opacity":"","overlay-gradient":""},"mobile":{"background-color":"","background-image":"","background-repeat":"repeat","background-position":"center center","background-size":"auto","background-attachment":"scroll","background-type":"","background-media":"","overlay-type":"","overlay-color":"","overlay-opacity":"","overlay-gradient":""}},"ast-content-background-meta":{"desktop":{"background-color":"var(--ast-global-color-5)","background-image":"","background-repeat":"repeat","background-position":"center center","background-size":"auto","background-attachment":"scroll","background-type":"","background-media":"","overlay-type":"","overlay-color":"","overlay-opacity":"","overlay-gradient":""},"tablet":{"background-color":"var(--ast-global-color-5)","background-image":"","background-repeat":"repeat","background-position":"center center","background-size":"auto","background-attachment":"scroll","background-type":"","background-media":"","overlay-type":"","overlay-color":"","overlay-opacity":"","overlay-gradient":""},"mobile":{"background-color":"var(--ast-global-color-5)","background-image":"","background-repeat":"repeat","background-position":"center center","background-size":"auto","background-attachment":"scroll","background-type":"","background-media":"","overlay-type":"","overlay-color":"","overlay-opacity":"","overlay-gradient":""}},"footnotes":""},"class_list":["post-538","page","type-page","status-publish","hentry"],"post_mailing_queue_ids":[],"_links":{"self":[{"href":"https:\/\/agora.xtec.cat\/ceeconchaespina\/wp-json\/wp\/v2\/pages\/538","targetHints":{"allow":["GET"]}}],"collection":[{"href":"https:\/\/agora.xtec.cat\/ceeconchaespina\/wp-json\/wp\/v2\/pages"}],"about":[{"href":"https:\/\/agora.xtec.cat\/ceeconchaespina\/wp-json\/wp\/v2\/types\/page"}],"author":[{"embeddable":true,"href":"https:\/\/agora.xtec.cat\/ceeconchaespina\/wp-json\/wp\/v2\/users\/1"}],"replies":[{"embeddable":true,"href":"https:\/\/agora.xtec.cat\/ceeconchaespina\/wp-json\/wp\/v2\/comments?post=538"}],"version-history":[{"count":5,"href":"https:\/\/agora.xtec.cat\/ceeconchaespina\/wp-json\/wp\/v2\/pages\/538\/revisions"}],"predecessor-version":[{"id":14302,"href":"https:\/\/agora.xtec.cat\/ceeconchaespina\/wp-json\/wp\/v2\/pages\/538\/revisions\/14302"}],"up":[{"embeddable":true,"href":"https:\/\/agora.xtec.cat\/ceeconchaespina\/wp-json\/wp\/v2\/pages\/916"}],"wp:attachment":[{"href":"https:\/\/agora.xtec.cat\/ceeconchaespina\/wp-json\/wp\/v2\/media?parent=538"}],"curies":[{"name":"wp","href":"https:\/\/api.w.org\/{rel}","templated":true}]}}