{"id":2544,"date":"2020-10-17T11:20:37","date_gmt":"2020-10-17T09:20:37","guid":{"rendered":"http:\/\/agora.xtec.cat\/ceeconchaespina\/?page_id=2544"},"modified":"2024-07-01T10:48:24","modified_gmt":"2024-07-01T08:48:24","slug":"xarxa-social","status":"publish","type":"page","link":"https:\/\/agora.xtec.cat\/ceeconchaespina\/que-fem\/xarxa-social\/","title":{"rendered":"Xarxa social"},"content":{"rendered":"<p><img loading=\"lazy\" decoding=\"async\" class=\"alignnone size-thumbnail wp-image-14449\" src=\"https:\/\/agora.xtec.cat\/ceeconchaespina\/wp-content\/uploads\/usu1920\/2024\/07\/XARXES-SOCIALS-150x150.png\" alt=\"\" width=\"150\" height=\"150\" srcset=\"https:\/\/agora.xtec.cat\/ceeconchaespina\/wp-content\/uploads\/usu1920\/2024\/07\/XARXES-SOCIALS-150x150.png 150w, https:\/\/agora.xtec.cat\/ceeconchaespina\/wp-content\/uploads\/usu1920\/2024\/07\/XARXES-SOCIALS-300x300.png 300w, https:\/\/agora.xtec.cat\/ceeconchaespina\/wp-content\/uploads\/usu1920\/2024\/07\/XARXES-SOCIALS.png 308w\" sizes=\"auto, (max-width: 150px) 100vw, 150px\" \/><\/p>\n<p>La xarxa social facilita l\u2019intercanvi de diferent tipus de contingut, tant entre els membres de la comunitat educativa de l\u2019escola, com entre altres professionals externs o persones amb inquietuds envers la tasca docent del centre. Aquest fet, incentiva una millora en la qualitat comunicativa ajudant a qu\u00e8 la relaci\u00f3 entre tots els membres sigui cada cop m\u00e9s estreta, tot trencant barreres i fent que la mirada s&#8217;enriqueixi cap a altres horitzons.<\/p>\n<p>Estem connectats a trav\u00e9s de:<\/p>\n<ul>\n<li>La comunicaci\u00f3 amb les fam\u00edlies a trav\u00e9s del WhatsApp de l\u2019escola.<\/li>\n<li>La <a href=\"https:\/\/agora.xtec.cat\/ceeconchaespina\/\" target=\"_blank\" rel=\"noopener noreferrer\">p\u00e0gina web<\/a>.<\/li>\n<li>El compte d\u2019<a href=\"https:\/\/www.instagram.com\/ceeconchaespina\/\" target=\"_blank\" rel=\"noopener noreferrer\">Instagram<\/a>.<\/li>\n<li>El canal de <a href=\"https:\/\/www.youtube.com\/user\/ceeconchaespina\/videos\" target=\"_blank\" rel=\"noopener noreferrer\">Youtube<\/a>.<\/li>\n<li>La plataforma de <a href=\"https:\/\/edu.google.com\/intl\/es\/k-12-solutions\/classroom\/\" target=\"_blank\" rel=\"noopener noreferrer\">Google Classroom<\/a>.<\/li>\n<\/ul>\n","protected":false},"excerpt":{"rendered":"<p>La xarxa social facilita l\u2019intercanvi de diferent tipus de contingut, tant entre els membres de la comunitat educativa de l\u2019escola, com entre altres professionals externs o persones amb inquietuds envers la tasca docent del centre. Aquest fet, incentiva una millora en la qualitat comunicativa ajudant a qu\u00e8 la relaci\u00f3 entre tots els membres sigui cada [&hellip;]<\/p>\n","protected":false},"author":1,"featured_media":0,"parent":681,"menu_order":7,"comment_status":"closed","ping_status":"closed","template":"page-templates\/side-menu.php","meta":{"_bbp_topic_count":0,"_bbp_reply_count":0,"_bbp_total_topic_count":0,"_bbp_total_reply_count":0,"_bbp_voice_count":0,"_bbp_anonymous_reply_count":0,"_bbp_topic_count_hidden":0,"_bbp_reply_count_hidden":0,"_bbp_forum_subforum_count":0,"site-sidebar-layout":"default","site-content-layout":"","ast-site-content-layout":"","site-content-style":"default","site-sidebar-style":"default","ast-global-header-display":"","ast-banner-title-visibility":"","ast-main-header-display":"","ast-hfb-above-header-display":"","ast-hfb-below-header-display":"","ast-hfb-mobile-header-display":"","site-post-title":"","ast-breadcrumbs-content":"","ast-featured-img":"","footer-sml-layout":"","theme-transparent-header-meta":"","adv-header-id-meta":"","stick-header-meta":"","header-above-stick-meta":"","header-main-stick-meta":"","header-below-stick-meta":"","astra-migrate-meta-layouts":"default","ast-page-background-enabled":"default","ast-page-background-meta":{"desktop":{"background-color":"var(--ast-global-color-4)","background-image":"","background-repeat":"repeat","background-position":"center center","background-size":"auto","background-attachment":"scroll","background-type":"","background-media":"","overlay-type":"","overlay-color":"","overlay-opacity":"","overlay-gradient":""},"tablet":{"background-color":"","background-image":"","background-repeat":"repeat","background-position":"center center","background-size":"auto","background-attachment":"scroll","background-type":"","background-media":"","overlay-type":"","overlay-color":"","overlay-opacity":"","overlay-gradient":""},"mobile":{"background-color":"","background-image":"","background-repeat":"repeat","background-position":"center center","background-size":"auto","background-attachment":"scroll","background-type":"","background-media":"","overlay-type":"","overlay-color":"","overlay-opacity":"","overlay-gradient":""}},"ast-content-background-meta":{"desktop":{"background-color":"var(--ast-global-color-5)","background-image":"","background-repeat":"repeat","background-position":"center center","background-size":"auto","background-attachment":"scroll","background-type":"","background-media":"","overlay-type":"","overlay-color":"","overlay-opacity":"","overlay-gradient":""},"tablet":{"background-color":"var(--ast-global-color-5)","background-image":"","background-repeat":"repeat","background-position":"center center","background-size":"auto","background-attachment":"scroll","background-type":"","background-media":"","overlay-type":"","overlay-color":"","overlay-opacity":"","overlay-gradient":""},"mobile":{"background-color":"var(--ast-global-color-5)","background-image":"","background-repeat":"repeat","background-position":"center center","background-size":"auto","background-attachment":"scroll","background-type":"","background-media":"","overlay-type":"","overlay-color":"","overlay-opacity":"","overlay-gradient":""}},"footnotes":""},"class_list":["post-2544","page","type-page","status-publish","hentry"],"post_mailing_queue_ids":[],"_links":{"self":[{"href":"https:\/\/agora.xtec.cat\/ceeconchaespina\/wp-json\/wp\/v2\/pages\/2544","targetHints":{"allow":["GET"]}}],"collection":[{"href":"https:\/\/agora.xtec.cat\/ceeconchaespina\/wp-json\/wp\/v2\/pages"}],"about":[{"href":"https:\/\/agora.xtec.cat\/ceeconchaespina\/wp-json\/wp\/v2\/types\/page"}],"author":[{"embeddable":true,"href":"https:\/\/agora.xtec.cat\/ceeconchaespina\/wp-json\/wp\/v2\/users\/1"}],"replies":[{"embeddable":true,"href":"https:\/\/agora.xtec.cat\/ceeconchaespina\/wp-json\/wp\/v2\/comments?post=2544"}],"version-history":[{"count":5,"href":"https:\/\/agora.xtec.cat\/ceeconchaespina\/wp-json\/wp\/v2\/pages\/2544\/revisions"}],"predecessor-version":[{"id":14455,"href":"https:\/\/agora.xtec.cat\/ceeconchaespina\/wp-json\/wp\/v2\/pages\/2544\/revisions\/14455"}],"up":[{"embeddable":true,"href":"https:\/\/agora.xtec.cat\/ceeconchaespina\/wp-json\/wp\/v2\/pages\/681"}],"wp:attachment":[{"href":"https:\/\/agora.xtec.cat\/ceeconchaespina\/wp-json\/wp\/v2\/media?parent=2544"}],"curies":[{"name":"wp","href":"https:\/\/api.w.org\/{rel}","templated":true}]}}