{"id":14432,"date":"2024-06-27T17:14:02","date_gmt":"2024-06-27T15:14:02","guid":{"rendered":"https:\/\/agora.xtec.cat\/ceeconchaespina\/?page_id=14432"},"modified":"2024-07-10T10:18:16","modified_gmt":"2024-07-10T08:18:16","slug":"autoritzacions","status":"publish","type":"page","link":"https:\/\/agora.xtec.cat\/ceeconchaespina\/escola\/autoritzacions\/","title":{"rendered":"Autoritzacions"},"content":{"rendered":"<ul>\n<li><a href=\"https:\/\/drive.google.com\/file\/d\/1LBYm0R24OIN2QlsPKOzh0D5hloglLrXk\/view?usp=drive_link\">Autoritzaci\u00f3 per a la sol\u00b7licitud o lliurament de documentaci\u00f3 (Beques).<\/a><\/li>\n<li><a href=\"https:\/\/drive.google.com\/file\/d\/1eIZK56ZrvNv2g8kr0i2oK4UStzTTYCyU\/view?usp=drive_link\">Autoritzaci\u00f3 Drets d&#8217;imatge.<\/a><\/li>\n<li><a href=\"https:\/\/drive.google.com\/file\/d\/1QsLy9LnYRpzQ2Pi9Iy2bVNmgLxG57DFF\/view?usp=drive_link\">Autoritzaci\u00f3 administraci\u00f3 Paracetamol.<\/a><\/li>\n<li><a href=\"https:\/\/drive.google.com\/file\/d\/1a1PkhRI_eJv2DftS2-ao4JeAmeAcXp6W\/view?usp=drive_link\">Autoritzaci\u00f3 administraci\u00f3 altres medicaments.<\/a><\/li>\n<li><a href=\"https:\/\/drive.google.com\/file\/d\/1vV5R3fnoRobhlH12HNzrUReozDjF_8Ma\/view?usp=drive_link\">Autoritzaci\u00f3 de recollida de l&#8217;alumne al centre o transport.<\/a><\/li>\n<li><a href=\"https:\/\/drive.google.com\/file\/d\/1DfHqKuEuJfliSEfdlbIOwadN44W4gpGi\/view?usp=drive_link\">Autoritzaci\u00f3 Religi\u00f3.<\/a><\/li>\n<li><a href=\"https:\/\/drive.google.com\/file\/d\/1VfsgkB2M22_kz_9HdgkERcDLlGm4GhZU\/view?usp=drive_link\">Autoritzaci\u00f3 Serveis externs.<\/a><\/li>\n<li><a href=\"https:\/\/drive.google.com\/file\/d\/1BFcfReDL-5XRg_wthJ2w8cAVImNlKuce\/view?usp=drive_link\">Autoritzaci\u00f3 Sortides.<\/a><\/li>\n<\/ul>\n","protected":false},"excerpt":{"rendered":"<p>Autoritzaci\u00f3 per a la sol\u00b7licitud o lliurament de documentaci\u00f3 (Beques). Autoritzaci\u00f3 Drets d&#8217;imatge. Autoritzaci\u00f3 administraci\u00f3 Paracetamol. Autoritzaci\u00f3 administraci\u00f3 altres medicaments. Autoritzaci\u00f3 de recollida de l&#8217;alumne al centre o transport. Autoritzaci\u00f3 Religi\u00f3. Autoritzaci\u00f3 Serveis externs. Autoritzaci\u00f3 Sortides.<\/p>\n","protected":false},"author":1,"featured_media":0,"parent":868,"menu_order":0,"comment_status":"closed","ping_status":"closed","template":"page-templates\/side-menu.php","meta":{"_bbp_topic_count":0,"_bbp_reply_count":0,"_bbp_total_topic_count":0,"_bbp_total_reply_count":0,"_bbp_voice_count":0,"_bbp_anonymous_reply_count":0,"_bbp_topic_count_hidden":0,"_bbp_reply_count_hidden":0,"_bbp_forum_subforum_count":0,"site-sidebar-layout":"default","site-content-layout":"","ast-site-content-layout":"","site-content-style":"default","site-sidebar-style":"default","ast-global-header-display":"","ast-banner-title-visibility":"","ast-main-header-display":"","ast-hfb-above-header-display":"","ast-hfb-below-header-display":"","ast-hfb-mobile-header-display":"","site-post-title":"","ast-breadcrumbs-content":"","ast-featured-img":"","footer-sml-layout":"","theme-transparent-header-meta":"","adv-header-id-meta":"","stick-header-meta":"","header-above-stick-meta":"","header-main-stick-meta":"","header-below-stick-meta":"","astra-migrate-meta-layouts":"default","ast-page-background-enabled":"default","ast-page-background-meta":{"desktop":{"background-color":"var(--ast-global-color-4)","background-image":"","background-repeat":"repeat","background-position":"center center","background-size":"auto","background-attachment":"scroll","background-type":"","background-media":"","overlay-type":"","overlay-color":"","overlay-opacity":"","overlay-gradient":""},"tablet":{"background-color":"","background-image":"","background-repeat":"repeat","background-position":"center center","background-size":"auto","background-attachment":"scroll","background-type":"","background-media":"","overlay-type":"","overlay-color":"","overlay-opacity":"","overlay-gradient":""},"mobile":{"background-color":"","background-image":"","background-repeat":"repeat","background-position":"center center","background-size":"auto","background-attachment":"scroll","background-type":"","background-media":"","overlay-type":"","overlay-color":"","overlay-opacity":"","overlay-gradient":""}},"ast-content-background-meta":{"desktop":{"background-color":"var(--ast-global-color-5)","background-image":"","background-repeat":"repeat","background-position":"center center","background-size":"auto","background-attachment":"scroll","background-type":"","background-media":"","overlay-type":"","overlay-color":"","overlay-opacity":"","overlay-gradient":""},"tablet":{"background-color":"var(--ast-global-color-5)","background-image":"","background-repeat":"repeat","background-position":"center center","background-size":"auto","background-attachment":"scroll","background-type":"","background-media":"","overlay-type":"","overlay-color":"","overlay-opacity":"","overlay-gradient":""},"mobile":{"background-color":"var(--ast-global-color-5)","background-image":"","background-repeat":"repeat","background-position":"center center","background-size":"auto","background-attachment":"scroll","background-type":"","background-media":"","overlay-type":"","overlay-color":"","overlay-opacity":"","overlay-gradient":""}},"footnotes":""},"class_list":["post-14432","page","type-page","status-publish","hentry"],"post_mailing_queue_ids":[],"_links":{"self":[{"href":"https:\/\/agora.xtec.cat\/ceeconchaespina\/wp-json\/wp\/v2\/pages\/14432","targetHints":{"allow":["GET"]}}],"collection":[{"href":"https:\/\/agora.xtec.cat\/ceeconchaespina\/wp-json\/wp\/v2\/pages"}],"about":[{"href":"https:\/\/agora.xtec.cat\/ceeconchaespina\/wp-json\/wp\/v2\/types\/page"}],"author":[{"embeddable":true,"href":"https:\/\/agora.xtec.cat\/ceeconchaespina\/wp-json\/wp\/v2\/users\/1"}],"replies":[{"embeddable":true,"href":"https:\/\/agora.xtec.cat\/ceeconchaespina\/wp-json\/wp\/v2\/comments?post=14432"}],"version-history":[{"count":5,"href":"https:\/\/agora.xtec.cat\/ceeconchaespina\/wp-json\/wp\/v2\/pages\/14432\/revisions"}],"predecessor-version":[{"id":14507,"href":"https:\/\/agora.xtec.cat\/ceeconchaespina\/wp-json\/wp\/v2\/pages\/14432\/revisions\/14507"}],"up":[{"embeddable":true,"href":"https:\/\/agora.xtec.cat\/ceeconchaespina\/wp-json\/wp\/v2\/pages\/868"}],"wp:attachment":[{"href":"https:\/\/agora.xtec.cat\/ceeconchaespina\/wp-json\/wp\/v2\/media?parent=14432"}],"curies":[{"name":"wp","href":"https:\/\/api.w.org\/{rel}","templated":true}]}}